{"id":74865,"date":"2026-03-19T14:17:23","date_gmt":"2026-03-19T14:17:23","guid":{"rendered":"https:\/\/soydeaqui.ddns.net\/pachuca\/index.php\/producto\/adaptador-voip-grandstream-de-32-fxs-2-puertos-telco-50-pins-p-montaje-en-rack\/"},"modified":"2026-03-19T14:17:37","modified_gmt":"2026-03-19T14:17:37","slug":"adaptador-voip-grandstream-de-32-fxs-2-puertos-telco-50-pins-p-montaje-en-rack","status":"publish","type":"product","link":"https:\/\/soydeaqui.ddns.net\/pachuca\/index.php\/producto\/adaptador-voip-grandstream-de-32-fxs-2-puertos-telco-50-pins-p-montaje-en-rack\/","title":{"rendered":"Adaptador VoIP GrandStream de 32 FXS 2 puertos telco 50 pins p\/montaje en rack"},"content":{"rendered":"<div style='width: 100%; max-width: 1200px; margin: 0 auto; font-family: sans-serif; line-height: 1.6; color: inherit; background-color: transparent;'> <!-- Secci\u00f3n de descripci\u00f3n general --> <\/p>\n<div style='display: flex; flex-wrap: wrap; gap: 30px; margin-bottom: 30px;'>\n<div style='flex: 1 1 300px; min-width: 280px;'>\n<h3 style='font-size: 22px; border-bottom: 2px solid currentColor; padding-bottom: 5px; margin-top: 0; color: inherit; opacity: 0.8;'>Descripci\u00f3n General<\/h3>\n<p style='font-size: 15px; color: inherit;'> Gateway VoIP anal\u00f3gico FXS de alta densidad con 32 puertos RJ11 FXS y 2 conectores Telco de 50-pin. Totalmente compatible con est\u00e1ndares SIP y ampliamente interoperable con diversos sistemas de VoIP&comma; PBX anal\u00f3gica y tel\u00e9fonos en el mercado. Ofrece calidad de voz extraordinaria&comma; ricas funciones de telefon\u00eda&comma; aprovisionamiento f\u00e1cil&comma; planes de marcaci\u00f3n flexibles&comma; protecci\u00f3n de seguridad avanzada y excelente rendimiento en el manejo de altos vol\u00famenes de llamadas de voz. <\/p>\n<\/p><\/div>\n<\/p><\/div>\n<p> <!-- Secci\u00f3n de caracter\u00edsticas clave --> <\/p>\n<div style='display: flex; flex-wrap: wrap; gap: 20px; margin-bottom: 30px;'>\n<div style='flex: 1 1 250px; border: 1px solid rgba(150&comma; 150&comma; 150&comma; 0.4); border-radius: 8px; overflow: hidden; display: flex; flex-direction: column;'>\n<div style='padding: 15px; border-bottom: 1px solid rgba(150&comma; 150&comma; 150&comma; 0.2); font-weight: bold; font-size: 18px; color: inherit;'>Caracter\u00edsticas Principales<\/div>\n<div style='padding: 15px; color: inherit;'>\n<ul style='padding-left: 20px; margin: 0; font-size: 14px; list-style-type: disc;'>\n<li style='margin-bottom: 5px;'>32 puertos FXS anal\u00f3gicos<\/li>\n<li style='margin-bottom: 5px;'>2 conectores Telco de 50-pin<\/li>\n<li style='margin-bottom: 5px;'>Calidad de voz extraordinaria<\/li>\n<li style='margin-bottom: 5px;'>Ricas funciones de telefon\u00eda<\/li>\n<li style='margin-bottom: 5px;'>Aprovisionamiento f\u00e1cil<\/li>\n<li style='margin-bottom: 5px;'>Planes de marcaci\u00f3n flexibles<\/li>\n<li style='margin-bottom: 5px;'>Protecci\u00f3n de seguridad avanzada<\/li>\n<li style='margin-bottom: 5px;'>Rendimiento excelente en manejo de altos vol\u00famenes de llamadas<\/li>\n<\/ul><\/div>\n<\/p><\/div>\n<div style='flex: 1 1 250px; border: 1px solid rgba(150&comma; 150&comma; 150&comma; 0.4); border-radius: 8px; overflow: hidden; display: flex; flex-direction: column;'>\n<div style='padding: 15px; border-bottom: 1px solid rgba(150&comma; 150&comma; 150&comma; 0.2); font-weight: bold; font-size: 18px; color: inherit;'>Aplicaciones<\/div>\n<div style='padding: 15px; color: inherit;'>\n<ul style='padding-left: 20px; margin: 0; font-size: 14px; list-style-type: disc;'>\n<li style='margin-bottom: 5px;'>Soluci\u00f3n para peque\u00f1as y medianas empresas<\/li>\n<li style='margin-bottom: 5px;'>Preservaci\u00f3n de inversi\u00f3n en tel\u00e9fonos anal\u00f3gicos<\/li>\n<li style='margin-bottom: 5px;'>Sistemas de telefon\u00eda h\u00edbrida IP<\/li>\n<li style='margin-bottom: 5px;'>Comunicaciones VoIP asequibles<\/li>\n<\/ul><\/div>\n<\/p><\/div>\n<\/p><\/div>\n<p> <!-- Secci\u00f3n de especificaciones --> <\/p>\n<div style='display: flex; flex-wrap: wrap; gap: 20px; margin-bottom: 30px;'>\n<div style='flex: 1 1 250px; border: 1px solid rgba(150&comma; 150&comma; 150&comma; 0.4); border-radius: 8px; overflow: hidden; display: flex; flex-direction: column;'>\n<div style='padding: 15px; border-bottom: 1px solid rgba(150&comma; 150&comma; 150&comma; 0.2); font-weight: bold; font-size: 18px; color: inherit;'>Especificaciones de Interfaz<\/div>\n<div style='padding: 15px; color: inherit;'>\n<ul style='padding-left: 20px; margin: 0; font-size: 14px; list-style-type: disc;'>\n<li style='margin-bottom: 5px;'><strong>Interfaces telef\u00f3nicas:<\/strong> 32 x RJ11 puertos FXS y 2 conectores Telco de 50-pin<\/li>\n<li style='margin-bottom: 5px;'><strong>Interfaces de red:<\/strong> 1 puerto 10\/100\/1000Mbps con detecci\u00f3n autom\u00e1tica (RJ45)<\/li>\n<li style='margin-bottom: 5px;'><strong>Identificador de llamada:<\/strong> Tipo Bellcore 1&#038;2&comma; ETSI&comma; BT&comma; NTT y DTMF-basado en CID<\/li>\n<li style='margin-bottom: 5px;'><strong>M\u00e9todos de desconexi\u00f3n:<\/strong> Tono de ocupado&comma; Inversi\u00f3n de polaridad \/ Wink&comma; Loop Current<\/li>\n<\/ul><\/div>\n<\/p><\/div>\n<div style='flex: 1 1 250px; border: 1px solid rgba(150&comma; 150&comma; 150&comma; 0.4); border-radius: 8px; overflow: hidden; display: flex; flex-direction: column;'>\n<div style='padding: 15px; border-bottom: 1px solid rgba(150&comma; 150&comma; 150&comma; 0.2); font-weight: bold; font-size: 18px; color: inherit;'>Especificaciones de Voz<\/div>\n<div style='padding: 15px; color: inherit;'>\n<ul style='padding-left: 20px; margin: 0; font-size: 14px; list-style-type: disc;'>\n<li style='margin-bottom: 5px;'><strong>Compresi\u00f3n de voz:<\/strong> G.711&comma; G.723.1&comma; G.726 (40\/32\/24\/16)&comma; G.729 A\/B&comma; iLBC<\/li>\n<li style='margin-bottom: 5px;'><strong>Fax sobre IP:<\/strong> Rel\u00e9 de fax conforme a T.38&comma; grupo 3 hasta 14.4 kbps y auto conmutaci\u00f3n en G.711<\/li>\n<li style='margin-bottom: 5px;'><strong>Voz-sobre-paquetes:<\/strong> Cancelaci\u00f3n de eco en la l\u00ednea propuesta por ventanas&comma; b\u00fafer de fluctuaci\u00f3n din\u00e1mica&comma; detecci\u00f3n de modem &#038; auto conexi\u00f3n a G.711<\/li>\n<\/ul><\/div>\n<\/p><\/div>\n<div style='flex: 1 1 250px; border: 1px solid rgba(150&comma; 150&comma; 150&comma; 0.4); border-radius: 8px; overflow: hidden; display: flex; flex-direction: column;'>\n<div style='padding: 15px; border-bottom: 1px solid rgba(150&comma; 150&comma; 150&comma; 0.2); font-weight: bold; font-size: 18px; color: inherit;'>Especificaciones de Red<\/div>\n<div style='padding: 15px; color: inherit;'>\n<ul style='padding-left: 20px; margin: 0; font-size: 14px; list-style-type: disc;'>\n<li style='margin-bottom: 5px;'><strong>Protocolos de red:<\/strong> TCP\/UDP&comma; RTP\/RTCP&comma; HTTP\/HTTPS&comma; ARP&comma; ICMP&comma; DNS&comma; DHCP&comma; NTP&comma; TFTP&comma; PPPoE&comma; STUN&comma; LLDP (pendiente)<\/li>\n<li style='margin-bottom: 5px;'><strong>QoS:<\/strong> DiffServ&comma; TOS&comma; 802.1P\/Q VLAN tagging<\/li>\n<li style='margin-bottom: 5px;'><strong>M\u00e9todo DTMF:<\/strong> Audio de entrada&comma; RFC2833&comma; y\/o INFO SIP<\/li>\n<li style='margin-bottom: 5px;'><strong>Se\u00f1alizaci\u00f3n SIP:<\/strong> RFC 3261 sobre UDP\/TCP\/TLS<\/li>\n<\/ul><\/div>\n<\/p><\/div>\n<div style='flex: 1 1 250px; border: 1px solid rgba(150&comma; 150&comma; 150&comma; 0.4); border-radius: 8px; overflow: hidden; display: flex; flex-direction: column;'>\n<div style='padding: 15px; border-bottom: 1px solid rgba(150&comma; 150&comma; 150&comma; 0.2); font-weight: bold; font-size: 18px; color: inherit;'>Especificaciones F\u00edsicas<\/div>\n<div style='padding: 15px; color: inherit;'>\n<ul style='padding-left: 20px; margin: 0; font-size: 14px; list-style-type: disc;'>\n<li style='margin-bottom: 5px;'><strong>Dimensiones:<\/strong> 440mm (L) x 185mm (W) x 44mm (H) (1U)<\/li>\n<li style='margin-bottom: 5px;'><strong>Peso:<\/strong> 2.63KG (unitario); 3.68KG (paquete)<\/li>\n<li style='margin-bottom: 5px;'><strong>Montaje:<\/strong> Escritorio y rack con soportes delanteros<\/li>\n<li style='margin-bottom: 5px;'><strong>Indicadores LED:<\/strong> Enlace LAN&comma; actividad LAN&comma; conexi\u00f3n por puerto telef\u00f3nico<\/li>\n<\/ul><\/div>\n<\/p><\/div>\n<div style='flex: 1 1 250px; border: 1px solid rgba(150&comma; 150&comma; 150&comma; 0.4); border-radius: 8px; overflow: hidden; display: flex; flex-direction: column;'>\n<div style='padding: 15px; border-bottom: 1px solid rgba(150&comma; 150&comma; 150&comma; 0.2); font-weight: bold; font-size: 18px; color: inherit;'>Especificaciones Ambientales<\/div>\n<div style='padding: 15px; color: inherit;'>\n<ul style='padding-left: 20px; margin: 0; font-size: 14px; list-style-type: disc;'>\n<li style='margin-bottom: 5px;'><strong>Temperatura de operaci\u00f3n:<\/strong> 0\u00b0C ~ 40\u00b0C<\/li>\n<li style='margin-bottom: 5px;'><strong>Temperatura de almacenamiento:<\/strong> -20\u00b0C ~ 60\u00b0C<\/li>\n<li style='margin-bottom: 5px;'><strong>Humedad:<\/strong> 10% ~ 90% sin condensaci\u00f3n<\/li>\n<\/ul><\/div>\n<\/p><\/div>\n<div style='flex: 1 1 250px; border: 1px solid rgba(150&comma; 150&comma; 150&comma; 0.4); border-radius: 8px; overflow: hidden; display: flex; flex-direction: column;'>\n<div style='padding: 15px; border-bottom: 1px solid rgba(150&comma; 150&comma; 150&comma; 0.2); font-weight: bold; font-size: 18px; color: inherit;'>Especificaciones El\u00e9ctricas<\/div>\n<div style='padding: 15px; color: inherit;'>\n<ul style='padding-left: 20px; margin: 0; font-size: 14px; list-style-type: disc;'>\n<li style='margin-bottom: 5px;'><strong>Entrada:<\/strong> 12VDC&comma; 5A<\/li>\n<li style='margin-bottom: 5px;'><strong>Salida:<\/strong> 100 ~ 240VAC&comma; 50 ~ 60 Hz<\/li>\n<li style='margin-bottom: 5px;'><strong>Adaptador de corriente:<\/strong> Universal<\/li>\n<\/ul><\/div>\n<\/p><\/div>\n<div style='flex: 1 1 250px; border: 1px solid rgba(150&comma; 150&comma; 150&comma; 0.4); border-radius: 8px; overflow: hidden; display: flex; flex-direction: column;'>\n<div style='padding: 15px; border-bottom: 1px solid rgba(150&comma; 150&comma; 150&comma; 0.2); font-weight: bold; font-size: 18px; color: inherit;'>Seguridad<\/div>\n<div style='padding: 15px; color: inherit;'>\n<ul style='padding-left: 20px; margin: 0; font-size: 14px; list-style-type: disc;'>\n<li style='margin-bottom: 5px;'><strong>Seguridad:<\/strong> SRTP&comma; TLS\/SIPS&comma; HTTPS&comma; 802.1x (pendiente)<\/li>\n<li style='margin-bottom: 5px;'><strong>Protecci\u00f3n el\u00e9ctrica:<\/strong> Contra exceso de voltaje y tensi\u00f3n (ITU-T recomendaci\u00f3n K.21 prueba de nivel b\u00e1sico)<\/li>\n<\/ul><\/div>\n<\/p><\/div>\n<div style='flex: 1 1 250px; border: 1px solid rgba(150&comma; 150&comma; 150&comma; 0.4); border-radius: 8px; overflow: hidden; display: flex; flex-direction: column;'>\n<div style='padding: 15px; border-bottom: 1px solid rgba(150&comma; 150&comma; 150&comma; 0.2); font-weight: bold; font-size: 18px; color: inherit;'>Aprovisionamiento<\/div>\n<div style='padding: 15px; color: inherit;'>\n<ul style='padding-left: 20px; margin: 0; font-size: 14px; list-style-type: disc;'>\n<li style='margin-bottom: 5px;'><strong>Perfiles SIP:<\/strong> 4 perfiles de servidores SIP por sistema y cuenta independiente SIP por puerto<\/li>\n<li style='margin-bottom: 5px;'><strong>Aprovisionamiento:<\/strong> TFTP&comma; HTTP&comma; HTTPS&comma; TR069<\/li>\n<li style='margin-bottom: 5px;'><strong>Conferencia de audio:<\/strong> 3 v\u00edas con opciones de seguridad avanzada<\/li>\n<\/ul><\/div>\n<\/p><\/div>\n<div style='flex: 1 1 250px; border: 1px solid rgba(150&comma; 150&comma; 150&comma; 0.4); border-radius: 8px; overflow: hidden; display: flex; flex-direction: column;'>\n<div style='padding: 15px; border-bottom: 1px solid rgba(150&comma; 150&comma; 150&comma; 0.2); font-weight: bold; font-size: 18px; color: inherit;'>Funciones de Telefon\u00eda<\/div>\n<div style='padding: 15px; color: inherit;'>\n<ul style='padding-left: 20px; margin: 0; font-size: 14px; list-style-type: disc;'>\n<li style='margin-bottom: 5px;'><strong>Identificador de llamada:<\/strong> Visualizaci\u00f3n y bloqueo<\/li>\n<li style='margin-bottom: 5px;'><strong>Llamada en espera:<\/strong> Soporta transferencia a ciegas o asistida<\/li>\n<li style='margin-bottom: 5px;'><strong>Desv\u00edo de llamadas:<\/strong> Reenv\u00edo de llamada&comma; pausa&comma; no molestar<\/li>\n<li style='margin-bottom: 5px;'><strong>Conferencia:<\/strong> 3 v\u00edas<\/li>\n<li style='margin-bottom: 5px;'><strong>Otras funciones:<\/strong> Retorno de \u00faltima llamada&comma; paginaci\u00f3n&comma; indicador de mensaje en espera LED y tono intermitente&comma; marcaci\u00f3n autom\u00e1tica<\/li>\n<\/ul><\/div>\n<\/p><\/div>\n<\/p><\/div>\n<p> <!-- Separador --> <\/p>\n<hr style='border: 0; border-top: 1px solid rgba(150&comma; 150&comma; 150&comma; 0.3); margin: 30px 0;'> <\/div>\n","protected":false},"excerpt":{"rendered":"<p>Adaptador VoIP GrandStream de 32 FXS 2 puertos telco 50 pins p\/montaje en rack<\/p>\n","protected":false},"featured_media":74864,"comment_status":"open","ping_status":"closed","template":"","meta":[],"product_brand":[],"product_cat":[2070],"product_tag":[2071,909,2004],"class_list":{"0":"post-74865","1":"product","2":"type-product","3":"status-publish","4":"has-post-thumbnail","6":"product_cat-gateways-y-atas","7":"product_tag-gateways-y-atas","8":"product_tag-grandstream","9":"product_tag-voip-telefonia-ip-videoconferencia","11":"first","12":"outofstock","13":"sale","14":"shipping-taxable","15":"purchasable","16":"product-type-simple"},"_links":{"self":[{"href":"https:\/\/soydeaqui.ddns.net\/pachuca\/index.php\/wp-json\/wp\/v2\/product\/74865","targetHints":{"allow":["GET"]}}],"collection":[{"href":"https:\/\/soydeaqui.ddns.net\/pachuca\/index.php\/wp-json\/wp\/v2\/product"}],"about":[{"href":"https:\/\/soydeaqui.ddns.net\/pachuca\/index.php\/wp-json\/wp\/v2\/types\/product"}],"replies":[{"embeddable":true,"href":"https:\/\/soydeaqui.ddns.net\/pachuca\/index.php\/wp-json\/wp\/v2\/comments?post=74865"}],"wp:featuredmedia":[{"embeddable":true,"href":"https:\/\/soydeaqui.ddns.net\/pachuca\/index.php\/wp-json\/wp\/v2\/media\/74864"}],"wp:attachment":[{"href":"https:\/\/soydeaqui.ddns.net\/pachuca\/index.php\/wp-json\/wp\/v2\/media?parent=74865"}],"wp:term":[{"taxonomy":"product_brand","embeddable":true,"href":"https:\/\/soydeaqui.ddns.net\/pachuca\/index.php\/wp-json\/wp\/v2\/product_brand?post=74865"},{"taxonomy":"product_cat","embeddable":true,"href":"https:\/\/soydeaqui.ddns.net\/pachuca\/index.php\/wp-json\/wp\/v2\/product_cat?post=74865"},{"taxonomy":"product_tag","embeddable":true,"href":"https:\/\/soydeaqui.ddns.net\/pachuca\/index.php\/wp-json\/wp\/v2\/product_tag?post=74865"}],"curies":[{"name":"wp","href":"https:\/\/api.w.org\/{rel}","templated":true}]}}