{"id":74862,"date":"2026-03-19T14:17:16","date_gmt":"2026-03-19T14:17:16","guid":{"rendered":"https:\/\/soydeaqui.ddns.net\/pachuca\/index.php\/producto\/cnmedusa-access-point-multipunto-con-antena-90-grados-1-2-gbps-tecnologia-beamforming-mu-mimo-14x14-c050045a101a\/"},"modified":"2026-03-19T14:17:20","modified_gmt":"2026-03-19T14:17:20","slug":"cnmedusa-access-point-multipunto-con-antena-90-grados-1-2-gbps-tecnologia-beamforming-mu-mimo-14x14-c050045a101a","status":"publish","type":"product","link":"https:\/\/soydeaqui.ddns.net\/pachuca\/index.php\/producto\/cnmedusa-access-point-multipunto-con-antena-90-grados-1-2-gbps-tecnologia-beamforming-mu-mimo-14x14-c050045a101a\/","title":{"rendered":"cnMedusa- Access Point Multipunto  con antena 90 grados\/1.2 Gbps\/Tecnolog\u00eda Beamforming\/Mu-Mimo 14&#215;14 &#8211; C050045A101A"},"content":{"rendered":"<div style='width: 100%; max-width: 1200px; margin: 0 auto; font-family: sans-serif; line-height: 1.6; color: inherit; background-color: transparent;'> <!-- Logo --> <\/p>\n<div style='text-align: center; margin: 20px 0;'> <img style='width: 100%; max-width: 251px; height: auto; border: 1px solid rgba(150&comma;150&comma;150&comma;0.3); border-radius: 8px;' src='http:\/\/ftp3.syscom.mx\/usuarios\/hortega\/Cambium-networks-logo.png' alt='Logo Cambium Networks'> <\/div>\n<p> <!-- Especificaciones destacadas --> <\/p>\n<div style='display: flex; flex-wrap: wrap; gap: 15px; justify-content: center; margin: 30px 0;'>\n<div style='background: #ebebeb; border-radius: 8px; padding: 10px 15px; flex: 1 1 150px; min-width: 120px; text-align: center;'> <strong style='font-size: 16px; color: inherit;'>Smart<br \/>Beamforming<\/strong> <\/div>\n<div style='background: #ebebeb; border-radius: 8px; padding: 10px 15px; flex: 1 1 150px; min-width: 120px; text-align: center;'> <strong style='font-size: 16px; color: inherit;'>MU-MIMO<br \/>14 x 14<\/strong> <\/div>\n<div style='background: #ebebeb; border-radius: 8px; padding: 10px 15px; flex: 1 1 150px; min-width: 120px; text-align: center;'> <strong style='font-size: 16px; color: inherit;'>90\u00ba<br \/>Antena Integrada<\/strong> <\/div>\n<div style='background: #ebebeb; border-radius: 8px; padding: 10px 15px; flex: 1 1 150px; min-width: 120px; text-align: center;'> <strong style='font-size: 16px; color: inherit;'>Hasta<br \/>1.2 Gbps<\/strong> <\/div>\n<\/p><\/div>\n<p> <!-- Separador --> <\/p>\n<hr style='border: 0; border-top: 1px solid rgba(150&comma; 150&comma; 150&comma; 0.3); margin: 30px 0;'> <!-- Descripci\u00f3n general --> <\/p>\n<div style='margin: 30px 0;'>\n<p style='font-size: 15px; color: inherit; margin-bottom: 15px;'>Cambium Networks&comma; presenta la nueva soluci\u00f3n <strong>PMP 450m<\/strong>&comma; el punto de acceso cuyo despliegue cambia todo. El primer equipo en incorporar tecnolog\u00eda <strong>cnMedusa<sup>TM<\/sup><\/strong> Massive MU-MIMO&comma; logra <strong>eficiencia espectral ins\u00f3lita en un \u00fanico dispositivo integrado con gesti\u00f3n en la nube<\/strong> desde un \u00fanico panel de control.<\/p>\n<p style='font-size: 15px; color: inherit; margin-bottom: 15px;'>Llamado a revolucionar el mercado de los WISP&comma; el punto de acceso <strong>PMP 450m<\/strong> con cnMedusa permite que las operadoras proporcionen conexiones a internet de m\u00e1s velocidad de manera r\u00e1pida a m\u00faltiples usuarios&comma; ubicaciones y dispositivos.<\/p>\n<\/p><\/div>\n<p> <!-- Incluye --> <\/p>\n<div style='margin: 30px 0;'>\n<h3 style='font-size: 18px; border-bottom: 2px solid currentColor; padding-bottom: 5px; margin-top: 0; color: inherit; opacity: 0.8;'>Incluye<\/h3>\n<ul style='padding-left: 20px; font-size: 15px; color: inherit; margin: 15px 0;'>\n<li style='margin-bottom: 8px;'><strong>Un array de antenas sectoriales integradas<\/strong> de 90 grados con tecnolog\u00eda Beam-forming<\/li>\n<li style='margin-bottom: 8px;'><strong>Radio integrada<\/strong> con una \u00fanica conexi\u00f3n de cable<\/li>\n<\/ul><\/div>\n<p> <!-- Funcionalidades --> <\/p>\n<div style='margin: 30px 0;'>\n<h3 style='font-size: 18px; border-bottom: 2px solid currentColor; padding-bottom: 5px; margin-top: 0; color: inherit; opacity: 0.8;'>Funcionalidades<\/h3>\n<ul style='padding-left: 20px; font-size: 15px; color: inherit; margin: 15px 0;'>\n<li style='margin-bottom: 8px;'><strong>Mayor capacidad<\/strong>. PMP 450m puede proporcionar un throughput de m\u00e1s de 400Mbps reales utilizables en cada sector&comma; a la vez que comunica hasta siete m\u00f3dulos de suscriptores de manera simult\u00e1nea.<\/li>\n<li style='margin-bottom: 8px;'><strong>Eficiencia de gesti\u00f3n de espectro l\u00edder del mercado.<\/strong> Throughput de m\u00e1s de <strong>550<\/strong> Mbps reales en el canal de <strong>20 Mhz<\/strong> (20+ bps\/Hz&comma; y hasta 40 bps\/Hz cuando el despliegue se realiza con una configuraci\u00f3n de reutilizaci\u00f3n de frecuencia.<\/li>\n<li style='margin-bottom: 8px;'><strong>Funcionamiento en todas las bandas no licenciadas de 5 Ghz.<\/strong><\/li>\n<li style='margin-bottom: 8px;'><strong>Protecci\u00f3n de la inversi\u00f3n<\/strong>. PMP 450m tiene total compatibilidad con los m\u00f3dulos de suscriptores (SM) PMP 450 en la red existente.<\/li>\n<\/ul><\/div>\n<p> <!-- Especificaciones t\u00e9cnicas --> <\/p>\n<div style='display: flex; flex-wrap: wrap; gap: 20px; margin: 30px 0;'>\n<div style='flex: 1 1 400px; min-width: 300px; border: 1px solid rgba(150&comma; 150&comma; 150&comma; 0.4); border-radius: 8px; overflow: hidden; display: flex; flex-direction: column;'>\n<div style='padding: 15px; border-bottom: 1px solid rgba(150&comma; 150&comma; 150&comma; 0.2); font-weight: bold; font-size: 16px; color: inherit;'>Especificaciones T\u00e9cnicas<\/div>\n<div style='padding: 15px; color: inherit;'>\n<ul style='padding-left: 20px; margin: 0; font-size: 14px; list-style-type: disc;'>\n<li style='margin-bottom: 8px;'><strong>Rango de Frecuencia:<\/strong> 5150-5925 MHz<\/li>\n<li style='margin-bottom: 8px;'><strong>Ancho de canal:<\/strong> 10 MHz*&comma; 20 MHz&comma; and 40 MHz*<\/li>\n<li style='margin-bottom: 8px;'><strong>Puerto de red:<\/strong> 100\/1000BaseT&comma; full duplex&comma; auto negociado (802.3)<\/li>\n<li style='margin-bottom: 8px;'><strong>Protocolos usados:<\/strong> IPv4&comma; UDP&comma; TCP&comma; IP&comma; ICMP&comma; Telnet&comma; SNMP&comma; HTTP&comma; FTP<\/li>\n<li style='margin-bottom: 8px;'><strong>Network Management:<\/strong> HTTP&comma; HTTPS&comma; Telnet&comma; FTP&comma; SNMP v3<\/li>\n<li style='margin-bottom: 8px;'><strong>VLAN:<\/strong> 802.1ad (DVLAN Q-inQ)&comma; 802.1Q con 802.1p<\/li>\n<li style='margin-bottom: 8px;'><strong>Suscriptores por sector:<\/strong> Hasta 238<\/li>\n<li style='margin-bottom: 8px;'><strong>Latencia:<\/strong> 10 ms&comma; T\u00edpicos<\/li>\n<li style='margin-bottom: 8px;'><strong>Sincronizaci\u00f3n GPS:<\/strong> Si&comma; v\u00eda Autosync (CMM5 o UGPS)<\/li>\n<li style='margin-bottom: 8px;'><strong>Calidad de servicio (QoS):<\/strong> Diferentes niveles de QoS<\/li>\n<\/ul><\/div>\n<\/p><\/div>\n<div style='flex: 1 1 400px; min-width: 300px; border: 1px solid rgba(150&comma; 150&comma; 150&comma; 0.4); border-radius: 8px; overflow: hidden; display: flex; flex-direction: column;'>\n<div style='padding: 15px; border-bottom: 1px solid rgba(150&comma; 150&comma; 150&comma; 0.2); font-weight: bold; font-size: 16px; color: inherit;'>Especificaciones F\u00edsicas<\/div>\n<div style='padding: 15px; color: inherit;'>\n<ul style='padding-left: 20px; margin: 0; font-size: 14px; list-style-type: disc;'>\n<li style='margin-bottom: 8px;'><strong>Antena:<\/strong> 90\u00b0 Integrada sectorial (doble polaridad&comma; H+V)<\/li>\n<li style='margin-bottom: 8px;'><strong>Ganancia de antena:<\/strong> 17 dBi<\/li>\n<li style='margin-bottom: 8px;'><strong>Potencia de transmisi\u00f3n M\u00e1xima:<\/strong> 24 dBm combinados<\/li>\n<li style='margin-bottom: 8px;'><strong>MTBF:<\/strong> > 40 a\u00f1os<\/li>\n<li style='margin-bottom: 8px;'><strong>Entorno:<\/strong> IP67&comma; IP66<\/li>\n<li style='margin-bottom: 8px;'><strong>Temperatura \/ Humedad:<\/strong> -40\u00b0C to +60\u00b0C (-40\u00b0F to +140\u00b0F)&comma; 0-95%<\/li>\n<li style='margin-bottom: 8px;'><strong>Consumo:<\/strong> 70 W t\u00edpico&comma; 80 W pico (hasta 110 W m\u00e1ximo con puerto AUX + PoE Auxiliar activado)<\/li>\n<li style='margin-bottom: 8px;'><strong>Voltaje de entrada:<\/strong> 42.5-59 V DC<\/li>\n<li style='margin-bottom: 8px;'><strong>Montaje:<\/strong> Montaje incluido<\/li>\n<li style='margin-bottom: 8px;'><strong>Dimensiones (HxWxD):<\/strong> 2 x 65 x 11 cm (20.3&#8242; x 25.7&#8242; x 4.4&#8242;)<\/li>\n<li style='margin-bottom: 8px;'><strong>Peso:<\/strong> Aprox. 14.2 kg (31 bs)<\/li>\n<li style='margin-bottom: 8px;'><strong>Garant\u00eda:<\/strong> 1 a\u00f1o<\/li>\n<\/ul><\/div>\n<\/p><\/div>\n<\/p><\/div>\n<p> <!-- Requisitos --> <\/p>\n<div style='margin: 30px 0;'>\n<p style='font-size: 15px; color: inherit; margin-bottom: 15px;'><strong>Requiere Fuente de Alimentaci\u00f3n:<\/strong> CG52A<\/p>\n<\/p><\/div>\n<p> <!-- Separador --> <\/p>\n<hr style='border: 0; border-top: 1px solid rgba(150&comma; 150&comma; 150&comma; 0.3); margin: 30px 0;'> <!-- Beamforming --> <\/p>\n<div style='margin: 30px 0;'>\n<h3 style='font-size: 18px; border-bottom: 2px solid currentColor; padding-bottom: 5px; margin-top: 0; color: inherit; opacity: 0.8;'>Beamforming<\/h3>\n<p style='font-size: 15px; color: inherit; margin-bottom: 15px;'>Pueden ser creados m\u00faltiples beams simult\u00e1neamente (hasta 7) por slot de tiempo<\/p>\n<p style='font-size: 15px; color: inherit; margin-bottom: 15px;'>Beamforming soportado para DL y UL<\/p>\n<p> <img style='width: 100%; height: auto; border: 1px solid rgba(150&comma;150&comma;150&comma;0.3); border-radius: 8px; margin: 20px 0;' src='http:\/\/ftp3.syscom.mx\/usuarios\/hortega\/Cambium\/450\/Medusa\/BeamFormingMEDUSA.png' alt='Diagrama de Beamforming'> <\/div>\n<p> <!-- MuMIMO --> <\/p>\n<div style='margin: 30px 0;'>\n<h3 style='font-size: 18px; border-bottom: 2px solid currentColor; padding-bottom: 5px; margin-top: 0; color: inherit; opacity: 0.8;'>MuMIMO<\/h3>\n<ul style='padding-left: 20px; font-size: 15px; color: inherit; margin: 15px 0;'>\n<li style='margin-bottom: 8px;'><strong>MuMIMO:<\/strong> S\u00ed (hasta 7 SMs)<\/li>\n<li style='margin-bottom: 8px;'><strong>Massive MIMO:<\/strong> S\u00ed (14&#215;14)<\/li>\n<li style='margin-bottom: 8px;'><strong>MuMIMO soportado en DL y UL*<\/strong><\/li>\n<\/ul>\n<p> <img style='width: 100%; height: auto; border: 1px solid rgba(150&comma;150&comma;150&comma;0.3); border-radius: 8px; margin: 20px 0;' src='http:\/\/ftp3.syscom.mx\/usuarios\/hortega\/Cambium\/450\/Medusa\/MuMIMO-Medusa.png' alt='Diagrama de MuMIMO'> <\/div>\n<p> <!-- Video --> <\/p>\n<div style='position: relative; padding-bottom: 56.25%; height: 0; overflow: hidden; margin: 30px 0;'>   <\/div>\n<\/p><\/div>\n","protected":false},"excerpt":{"rendered":"<p>cnMedusa- Access Point Multipunto  con antena 90 grados\/1.2 Gbps\/Tecnolog\u00eda Beamforming\/Mu-Mimo 14&#215;14 &#8211; C050045A101A<\/p>\n","protected":false},"featured_media":74861,"comment_status":"open","ping_status":"closed","template":"","meta":[],"product_brand":[],"product_cat":[1998],"product_tag":[1999,1316,1980],"class_list":{"0":"post-74862","1":"product","2":"type-product","3":"status-publish","4":"has-post-thumbnail","6":"product_cat-5-y-6-ghz","7":"product_tag-5-y-6-ghz","8":"product_tag-cambium-networks","9":"product_tag-enlaces-ptp-y-ptmp","11":"first","12":"outofstock","13":"sale","14":"shipping-taxable","15":"purchasable","16":"product-type-simple"},"_links":{"self":[{"href":"https:\/\/soydeaqui.ddns.net\/pachuca\/index.php\/wp-json\/wp\/v2\/product\/74862","targetHints":{"allow":["GET"]}}],"collection":[{"href":"https:\/\/soydeaqui.ddns.net\/pachuca\/index.php\/wp-json\/wp\/v2\/product"}],"about":[{"href":"https:\/\/soydeaqui.ddns.net\/pachuca\/index.php\/wp-json\/wp\/v2\/types\/product"}],"replies":[{"embeddable":true,"href":"https:\/\/soydeaqui.ddns.net\/pachuca\/index.php\/wp-json\/wp\/v2\/comments?post=74862"}],"wp:featuredmedia":[{"embeddable":true,"href":"https:\/\/soydeaqui.ddns.net\/pachuca\/index.php\/wp-json\/wp\/v2\/media\/74861"}],"wp:attachment":[{"href":"https:\/\/soydeaqui.ddns.net\/pachuca\/index.php\/wp-json\/wp\/v2\/media?parent=74862"}],"wp:term":[{"taxonomy":"product_brand","embeddable":true,"href":"https:\/\/soydeaqui.ddns.net\/pachuca\/index.php\/wp-json\/wp\/v2\/product_brand?post=74862"},{"taxonomy":"product_cat","embeddable":true,"href":"https:\/\/soydeaqui.ddns.net\/pachuca\/index.php\/wp-json\/wp\/v2\/product_cat?post=74862"},{"taxonomy":"product_tag","embeddable":true,"href":"https:\/\/soydeaqui.ddns.net\/pachuca\/index.php\/wp-json\/wp\/v2\/product_tag?post=74862"}],"curies":[{"name":"wp","href":"https:\/\/api.w.org\/{rel}","templated":true}]}}