{"id":74845,"date":"2026-03-19T14:16:36","date_gmt":"2026-03-19T14:16:36","guid":{"rendered":"https:\/\/soydeaqui.ddns.net\/pachuca\/index.php\/producto\/estacion-base-voip-dect-de-largo-alcance-controla-hasta-5-telefonos-10-cuentas-sip-conferencia-de-audio-3-vias-audio-hd-poe\/"},"modified":"2026-03-19T14:16:46","modified_gmt":"2026-03-19T14:16:46","slug":"estacion-base-voip-dect-de-largo-alcance-controla-hasta-5-telefonos-10-cuentas-sip-conferencia-de-audio-3-vias-audio-hd-poe","status":"publish","type":"product","link":"https:\/\/soydeaqui.ddns.net\/pachuca\/index.php\/producto\/estacion-base-voip-dect-de-largo-alcance-controla-hasta-5-telefonos-10-cuentas-sip-conferencia-de-audio-3-vias-audio-hd-poe\/","title":{"rendered":"Estaci\u00f3n Base VoIP DECT de Largo Alcance controla hasta 5 tel\u00e9fonos \/ 10 Cuentas SIP \/ Conferencia de audio 3 v\u00edas \/ Audio HD \/ PoE"},"content":{"rendered":"<div style='width: 100%; max-width: 1200px; margin: 0 auto; font-family: sans-serif; line-height: 1.6; color: inherit; background-color: transparent;'>\n<div style='display: flex; flex-wrap: wrap; gap: 30px; margin-bottom: 30px;'>\n<div style='flex: 1 1 300px; min-width: 280px;'>\n<h3 style='font-size: 22px; border-bottom: 2px solid currentColor; padding-bottom: 5px; margin-top: 0; color: inherit; opacity: 0.8;'>Descripci\u00f3n<\/h3>\n<p style='text-align: justify; color: inherit; font-size: 15px; margin: 15px 0;'>La poderosa estaci\u00f3n base VoIP DECT DP750 se enlaza hasta con 5 tel\u00e9fonos DECT DP720 de Grandstream para ofrecer movilidad a los usuarios empresariales y residenciales. Soporta un alcance de 300 metros afuera y 50 metros adentro para dar a los usuarios la libertad de moverse por su espacio de oficina o casa&comma; brindando flexibilidad eficiente. Esta estaci\u00f3n base VoIP DECT soporta hasta 10 cuentas SIP y 5 llamadas simult\u00e1neas mientras ofrece tambi\u00e9n conferencia de voz de 3 participantes&comma; audio \u00abfull HD\u00bb y PoE integrado. Una cuenta SIP compartida en todos los auriculares agregar\u00e1 funciones unificadas perfectamente integradas que dan a los usuarios la capacidad de contestar todas las llamadas sin importar la ubicaci\u00f3n en tiempo real. La DP750 es compatible con una variedad de m\u00e9todos de aprovisionamiento autom\u00e1tico y seguridad de cifrado TLS\/SRTP\/HTTPS. Cuando se enlaza con el tel\u00e9fono DP720 de Grandstream&comma; la poderosa estaci\u00f3n base VoIP DECT DP750 permite a cualquier usuario empresarial o residencial crear una soluci\u00f3n VoIP inal\u00e1mbrica.<\/p>\n<\/p><\/div>\n<\/p><\/div>\n<div style='display: flex; flex-wrap: wrap; gap: 20px; margin-bottom: 30px;'>\n<div style='flex: 1 1 250px; border: 1px solid rgba(150&comma; 150&comma; 150&comma; 0.4); border-radius: 8px; overflow: hidden; display: flex; flex-direction: column;'>\n<div style='padding: 15px; border-bottom: 1px solid rgba(150&comma; 150&comma; 150&comma; 0.2); font-weight: bold; font-size: 18px; color: inherit;'>Protocolo\/Est\u00e1ndares<\/div>\n<div style='padding: 15px; color: inherit;'>\n<ul style='padding-left: 20px; margin: 0; font-size: 14px; list-style-type: disc;'>\n<li style='margin-bottom: 5px;'>SIP RFC3261&comma; TCP\/IP\/UDP&comma; RTP\/RTCP&comma; HTTP\/HTTPS&comma; ARP\/RARP&comma; ICMP&comma; DNS (A record&comma; SRV&comma; NAPTR)&comma; DHCP&comma; PPPoE&comma; SSH&comma; TFTP&comma; NTP&comma; STUN&comma; SIMPLE&comma; LLDP-MED&comma; LDAP&comma; TR-069&comma; 802.1x&comma; TLS&comma; SRTP&comma; IPv6 (En tr\u00e1mite)<\/li>\n<\/ul><\/div>\n<\/p><\/div>\n<div style='flex: 1 1 250px; border: 1px solid rgba(150&comma; 150&comma; 150&comma; 0.4); border-radius: 8px; overflow: hidden; display: flex; flex-direction: column;'>\n<div style='padding: 15px; border-bottom: 1px solid rgba(150&comma; 150&comma; 150&comma; 0.2); font-weight: bold; font-size: 18px; color: inherit;'>C\u00f3decs de Voz<\/div>\n<div style='padding: 15px; color: inherit;'>\n<ul style='padding-left: 20px; margin: 0; font-size: 14px; list-style-type: disc;'>\n<li style='margin-bottom: 5px;'>G.711\u03bc\/a-law&comma; G.723.1&comma; G.729A\/B&comma; G.726-32&comma; iLBC&comma; G.722&comma; OPUS&comma; G.722.2\/AMR-WB (pedido especial)&comma; DTMF en banda y fuera de banda (entrada de audio&comma; RFC2833&comma; SIP INFO)&comma; VAD&comma; CNG&comma; PLC&comma; AJB<\/li>\n<\/ul><\/div>\n<\/p><\/div>\n<div style='flex: 1 1 250px; border: 1px solid rgba(150&comma; 150&comma; 150&comma; 0.4); border-radius: 8px; overflow: hidden; display: flex; flex-direction: column;'>\n<div style='padding: 15px; border-bottom: 1px solid rgba(150&comma; 150&comma; 150&comma; 0.2); font-weight: bold; font-size: 18px; color: inherit;'>Funciones de Telefon\u00eda<\/div>\n<div style='padding: 15px; color: inherit;'>\n<ul style='padding-left: 20px; margin: 0; font-size: 14px; list-style-type: disc;'>\n<li style='margin-bottom: 5px;'>Retenci\u00f3n&comma; transferencia&comma; desv\u00edo&comma; conferencia de 3 v\u00edas<\/li>\n<li style='margin-bottom: 5px;'>Directorio descargable (XML&comma; LDAP&comma; hasta 3&comma;000 contactos)<\/li>\n<li style='margin-bottom: 5px;'>Llamada en espera&comma; registro de llamadas (hasta 750 registros)<\/li>\n<li style='margin-bottom: 5px;'>Contestaci\u00f3n autom\u00e1tica&comma; plan de marcaci\u00f3n flexible<\/li>\n<li style='margin-bottom: 5px;'>M\u00fasica en espera&comma; redundancia de servidores y conmutaci\u00f3n por error (fail-over)<\/li>\n<\/ul><\/div>\n<\/p><\/div>\n<div style='flex: 1 1 250px; border: 1px solid rgba(150&comma; 150&comma; 150&comma; 0.4); border-radius: 8px; overflow: hidden; display: flex; flex-direction: column;'>\n<div style='padding: 15px; border-bottom: 1px solid rgba(150&comma; 150&comma; 150&comma; 0.2); font-weight: bold; font-size: 18px; color: inherit;'>Seguridad<\/div>\n<div style='padding: 15px; color: inherit;'>\n<ul style='padding-left: 20px; margin: 0; font-size: 14px; list-style-type: disc;'>\n<li style='margin-bottom: 5px;'>Control de acceso a nivel de usuario y administrador<\/li>\n<li style='margin-bottom: 5px;'>Autenticaci\u00f3n basada en MD5 y MD5- sess<\/li>\n<li style='margin-bottom: 5px;'>Archivo de configuraci\u00f3n de 256 bits cifrado con AES<\/li>\n<li style='margin-bottom: 5px;'>TLS&comma; SRTP&comma; HTTPS<\/li>\n<li style='margin-bottom: 5px;'>802.1x Media Access Control<\/li>\n<li style='margin-bottom: 5px;'>Autenticaci\u00f3n y cifrado DECT<\/li>\n<\/ul><\/div>\n<\/p><\/div>\n<div style='flex: 1 1 250px; border: 1px solid rgba(150&comma; 150&comma; 150&comma; 0.4); border-radius: 8px; overflow: hidden; display: flex; flex-direction: column;'>\n<div style='padding: 15px; border-bottom: 1px solid rgba(150&comma; 150&comma; 150&comma; 0.2); font-weight: bold; font-size: 18px; color: inherit;'>Grupo de Extensiones<\/div>\n<div style='padding: 15px; color: inherit;'>\n<ul style='padding-left: 20px; margin: 0; font-size: 14px; list-style-type: disc;'>\n<li style='margin-bottom: 5px;'>Opciones flexibles cuando m\u00faltiples tel\u00e9fonos comparten la misma cuenta SIP<\/li>\n<li style='margin-bottom: 5px;'>Modo Circular: todos los tel\u00e9fonos timbran secuencialmente del tel\u00e9fono que est\u00e1 al lado del que se contest\u00f3 por \u00faltima vez<\/li>\n<li style='margin-bottom: 5px;'>Modo Lineal: todos los tel\u00e9fonos timbran secuencialmente en el orden pre-designado<\/li>\n<li style='margin-bottom: 5px;'>Modo Paralelo: todos los tel\u00e9fonos timbran al mismo tiempo y despu\u00e9s de que uno contesta&comma; los dem\u00e1s tel\u00e9fonos disponibles pueden hacer llamadas nuevas<\/li>\n<li style='margin-bottom: 5px;'>Modo DID: varios tel\u00e9fonos pueden llamar en una sola cuenta&comma; pero todas las llamadas entrantes se enrutan a un tel\u00e9fono<\/li>\n<\/ul><\/div>\n<\/p><\/div>\n<\/p><\/div>\n<div style='position: relative; padding-bottom: 56.25%; height: 0; overflow: hidden; margin-bottom: 30px;'>   <\/div>\n<\/p><\/div>\n","protected":false},"excerpt":{"rendered":"<p>Estaci\u00f3n Base VoIP DECT de Largo Alcance controla hasta 5 tel\u00e9fonos \/ 10 Cuentas SIP \/ Conferencia de audio 3 v\u00edas \/ Audio HD \/ PoE<\/p>\n","protected":false},"featured_media":74844,"comment_status":"open","ping_status":"closed","template":"","meta":[],"product_brand":[],"product_cat":[2003],"product_tag":[909,2005,2004],"class_list":{"0":"post-74845","1":"product","2":"type-product","3":"status-publish","4":"has-post-thumbnail","6":"product_cat-telefonos-ip","7":"product_tag-grandstream","8":"product_tag-telefonos-ip","9":"product_tag-voip-telefonia-ip-videoconferencia","11":"first","12":"instock","13":"sale","14":"shipping-taxable","15":"purchasable","16":"product-type-simple"},"_links":{"self":[{"href":"https:\/\/soydeaqui.ddns.net\/pachuca\/index.php\/wp-json\/wp\/v2\/product\/74845","targetHints":{"allow":["GET"]}}],"collection":[{"href":"https:\/\/soydeaqui.ddns.net\/pachuca\/index.php\/wp-json\/wp\/v2\/product"}],"about":[{"href":"https:\/\/soydeaqui.ddns.net\/pachuca\/index.php\/wp-json\/wp\/v2\/types\/product"}],"replies":[{"embeddable":true,"href":"https:\/\/soydeaqui.ddns.net\/pachuca\/index.php\/wp-json\/wp\/v2\/comments?post=74845"}],"wp:featuredmedia":[{"embeddable":true,"href":"https:\/\/soydeaqui.ddns.net\/pachuca\/index.php\/wp-json\/wp\/v2\/media\/74844"}],"wp:attachment":[{"href":"https:\/\/soydeaqui.ddns.net\/pachuca\/index.php\/wp-json\/wp\/v2\/media?parent=74845"}],"wp:term":[{"taxonomy":"product_brand","embeddable":true,"href":"https:\/\/soydeaqui.ddns.net\/pachuca\/index.php\/wp-json\/wp\/v2\/product_brand?post=74845"},{"taxonomy":"product_cat","embeddable":true,"href":"https:\/\/soydeaqui.ddns.net\/pachuca\/index.php\/wp-json\/wp\/v2\/product_cat?post=74845"},{"taxonomy":"product_tag","embeddable":true,"href":"https:\/\/soydeaqui.ddns.net\/pachuca\/index.php\/wp-json\/wp\/v2\/product_tag?post=74845"}],"curies":[{"name":"wp","href":"https:\/\/api.w.org\/{rel}","templated":true}]}}