{"id":7482,"date":"2026-03-18T06:56:58","date_gmt":"2026-03-18T06:56:58","guid":{"rendered":"https:\/\/soydeaqui.ddns.net\/pachuca\/index.php\/producto\/detector-de-movimiento-pasivo-perimetral-largo-alcance-40x-4m-funcion-antimascaramiento-y-antirotacion\/"},"modified":"2026-03-18T06:56:58","modified_gmt":"2026-03-18T06:56:58","slug":"detector-de-movimiento-pasivo-perimetral-largo-alcance-40x-4m-funcion-antimascaramiento-y-antirotacion","status":"publish","type":"product","link":"https:\/\/soydeaqui.ddns.net\/pachuca\/index.php\/producto\/detector-de-movimiento-pasivo-perimetral-largo-alcance-40x-4m-funcion-antimascaramiento-y-antirotacion\/","title":{"rendered":"Detector de Movimiento Pasivo \/ Perimetral \/ Largo alcance (40x 4m)\/ Funci\u00f3n Antimascaramiento y Antirotacion"},"content":{"rendered":"<div style='width: 100%; max-width: 1200px; margin: 0 auto; font-family: sans-serif; line-height: 1.6; color: inherit; background-color: transparent;'>\n<div style='margin-bottom: 30px;'>\n<h3 style='font-size: 22px; border-bottom: 2px solid currentColor; padding-bottom: 5px; margin-top: 0; color: inherit; opacity: 0.8;'>Descripci\u00f3n<\/h3>\n<p style='font-size: 15px; color: inherit; text-align: justify; margin-bottom: 15px;'> El SIP-404 forma parte de la serie Redwall de sensores de movimiento PIR de largo alcance dise\u00f1ados utilizarse en \u00e1reas exteriores de un tama\u00f1o de mediano a grande. El SIP-404 es un modelo con cableado que proporciona un alcance de detecci\u00f3n de 40 x 4 metros (largo x ancho) que resulta ideal para proteger \u00e1reas largas y estrechas. El SIP 404 cuenta con un sistema de detecci\u00f3n inteligente que utiliza datos del entorno ambiental&comma; como las condiciones de temperatura e iluminaci\u00f3n&comma; para ajustar de forma autom\u00e1tica la sensibilidad. Los mecanismos que ofrecen una f\u00e1cil instalaci\u00f3n permiten el ajuste preciso del \u00e1rea de detecci\u00f3n en la configuraci\u00f3n&comma; proporcionando as\u00ed un funcionamiento m\u00e1s fiable. <\/p>\n<p style='font-size: 15px; color: inherit; text-align: center; margin-bottom: 15px; font-weight: bold;'> ** AVF-1 y AWT-3 herramientas requeridas para una instalaci\u00f3n adecuada ** <\/p>\n<\/p><\/div>\n<div style='margin-bottom: 30px;'>\n<div style='position: relative; padding-bottom: 56.25%; height: 0; overflow: hidden; margin-bottom: 30px;'>   <\/div>\n<\/p><\/div>\n<div style='display: flex; flex-wrap: wrap; gap: 20px; margin-bottom: 30px;'>\n<div style='flex: 1 1 250px; border: 1px solid rgba(150&comma; 150&comma; 150&comma; 0.4); border-radius: 8px; overflow: hidden; display: flex; flex-direction: column;'>\n<div style='padding: 15px; border-bottom: 1px solid rgba(150&comma; 150&comma; 150&comma; 0.2); font-weight: bold; font-size: 18px; color: inherit;'>Dise\u00f1ado para activar los sistemas CCTV<\/div>\n<div style='padding: 15px; color: inherit;'>\n<ul style='padding-left: 20px; margin: 0; font-size: 14px; list-style-type: disc;'>\n<li style='margin-bottom: 5px;'>Los sensores de movimiento REDWALL SIP est\u00e1n dise\u00f1ados para conectarse a c\u00e1maras PTZ o fijas y activar el sistema CCTV cuando ocurre una intrusi\u00f3n. El SIP-3020\/4010\/404 tiene dos zonas de detecci\u00f3n independientes (zonas de lejos y cerca) con selecci\u00f3n de sensibilidad independiente que puede activar c\u00e1maras preestablecidas y proporcionar la mejor vista de la escena al personal de seguridad local o en las estaciones remotas de supervisi\u00f3n.<\/li>\n<\/ul><\/div>\n<\/p><\/div>\n<div style='flex: 1 1 250px; border: 1px solid rgba(150&comma; 150&comma; 150&comma; 0.4); border-radius: 8px; overflow: hidden; display: flex; flex-direction: column;'>\n<div style='padding: 15px; border-bottom: 1px solid rgba(150&comma; 150&comma; 150&comma; 0.2); font-weight: bold; font-size: 18px; color: inherit;'>Resistente a la intemperie y al vandalismo<\/div>\n<div style='padding: 15px; color: inherit;'>\n<ul style='padding-left: 20px; margin: 0; font-size: 14px; list-style-type: disc;'>\n<li style='margin-bottom: 5px;'>Los sensores de movimiento REDWALL SIP est\u00e1n dise\u00f1ados para utilizarse en entornos exteriores exigentes. La sensibilidad se puede ajustar autom\u00e1ticamente a la iluminaci\u00f3n y la temperatura ambientes&comma; y cuentan con clasificaci\u00f3n IP65 para la unidad principal. Los detectores de intrusiones de largo alcance SIP son resistentes al vandalismo ya que cuentan con una carcasa de policarbonato y funci\u00f3n de antienmascaramiento&comma; adem\u00e1s de tener un aceler\u00f3metro para detectar si se ha modificado o no la posici\u00f3n del sensor.<\/li>\n<\/ul><\/div>\n<\/p><\/div>\n<\/p><\/div>\n<div style='margin-bottom: 30px;'>\n<h3 style='font-size: 22px; border-bottom: 2px solid currentColor; padding-bottom: 5px; margin-top: 0; color: inherit; opacity: 0.8;'>Aplicaciones<\/h3>\n<ul style='padding-left: 20px; font-size: 15px; color: inherit;'>\n<li style='margin-bottom: 5px;'>Edificios<\/li>\n<li style='margin-bottom: 5px;'>Acceso<\/li>\n<\/ul><\/div>\n<div style='margin-bottom: 30px;'>\n<h3 style='font-size: 22px; border-bottom: 2px solid currentColor; padding-bottom: 5px; margin-top: 0; color: inherit; opacity: 0.8;'>Caracter\u00edsticas<\/h3>\n<ul style='padding-left: 20px; font-size: 15px; color: inherit;'>\n<li style='margin-bottom: 5px;'>PIR para exteriores inteligente de 40 x 4 m con algoritmo de detecci\u00f3n avanzado<\/li>\n<li style='margin-bottom: 5px;'>Dise\u00f1ado para activar sistemas CCTV<\/li>\n<li style='margin-bottom: 5px;'>2 zonas de detecci\u00f3n independientes con 2 salidas (lejos\/cerca)<\/li>\n<li style='margin-bottom: 5px;'>Antienmascaramiento de infrarrojos activos y resistencia antivandalismo<\/li>\n<\/ul><\/div>\n<\/p><\/div>\n","protected":false},"excerpt":{"rendered":"<p>Detector de Movimiento Pasivo \/ Perimetral \/ Largo alcance (40x 4m)\/ Funci\u00f3n Antimascaramiento y Antirotacion<\/p>\n","protected":false},"featured_media":7481,"comment_status":"open","ping_status":"closed","template":"","meta":[],"product_brand":[],"product_cat":[202],"product_tag":[19,203,106],"class_list":{"0":"post-7482","1":"product","2":"type-product","3":"status-publish","4":"has-post-thumbnail","6":"product_cat-movimiento-para-exterior","7":"product_tag-detectores-sensores","8":"product_tag-movimiento-para-exterior","9":"product_tag-optex","11":"first","12":"outofstock","13":"sale","14":"shipping-taxable","15":"purchasable","16":"product-type-simple"},"_links":{"self":[{"href":"https:\/\/soydeaqui.ddns.net\/pachuca\/index.php\/wp-json\/wp\/v2\/product\/7482","targetHints":{"allow":["GET"]}}],"collection":[{"href":"https:\/\/soydeaqui.ddns.net\/pachuca\/index.php\/wp-json\/wp\/v2\/product"}],"about":[{"href":"https:\/\/soydeaqui.ddns.net\/pachuca\/index.php\/wp-json\/wp\/v2\/types\/product"}],"replies":[{"embeddable":true,"href":"https:\/\/soydeaqui.ddns.net\/pachuca\/index.php\/wp-json\/wp\/v2\/comments?post=7482"}],"wp:featuredmedia":[{"embeddable":true,"href":"https:\/\/soydeaqui.ddns.net\/pachuca\/index.php\/wp-json\/wp\/v2\/media\/7481"}],"wp:attachment":[{"href":"https:\/\/soydeaqui.ddns.net\/pachuca\/index.php\/wp-json\/wp\/v2\/media?parent=7482"}],"wp:term":[{"taxonomy":"product_brand","embeddable":true,"href":"https:\/\/soydeaqui.ddns.net\/pachuca\/index.php\/wp-json\/wp\/v2\/product_brand?post=7482"},{"taxonomy":"product_cat","embeddable":true,"href":"https:\/\/soydeaqui.ddns.net\/pachuca\/index.php\/wp-json\/wp\/v2\/product_cat?post=7482"},{"taxonomy":"product_tag","embeddable":true,"href":"https:\/\/soydeaqui.ddns.net\/pachuca\/index.php\/wp-json\/wp\/v2\/product_tag?post=7482"}],"curies":[{"name":"wp","href":"https:\/\/api.w.org\/{rel}","templated":true}]}}