{"id":74785,"date":"2026-03-19T14:14:11","date_gmt":"2026-03-19T14:14:11","guid":{"rendered":"https:\/\/soydeaqui.ddns.net\/pachuca\/index.php\/producto\/switch-industrial-administrable-4-puertos-1000mbps-4-puertos-poe\/"},"modified":"2026-03-19T14:14:12","modified_gmt":"2026-03-19T14:14:12","slug":"switch-industrial-administrable-4-puertos-1000mbps-4-puertos-poe","status":"publish","type":"product","link":"https:\/\/soydeaqui.ddns.net\/pachuca\/index.php\/producto\/switch-industrial-administrable-4-puertos-1000mbps-4-puertos-poe\/","title":{"rendered":"Switch industrial Administrable 4 puertos 1000Mbps, 4 puertos PoE"},"content":{"rendered":"<div style='width: 100%; max-width: 1200px; margin: 0 auto; font-family: sans-serif; line-height: 1.6; color: inherit; background-color: transparent;'>\n<div style='display: flex; flex-wrap: wrap; gap: 30px; margin-bottom: 30px;'>\n<div style='flex: 1 1 300px; min-width: 280px;'>\n<h3 style='font-size: 22px; border-bottom: 2px solid currentColor; padding-bottom: 5px; margin-top: 0; color: inherit; opacity: 0.8;'>Caracter\u00edsticas<\/h3>\n<p style='font-size: 15px; color: inherit; text-align: justify;'> Switch PoE de grado industrial para automatizaci\u00f3n de edificios y seguridad. Adecuados para edificios en los que la seguridad es estrictamente para ser ejecutada&comma; el IGS-4215-4P4T&comma; con 4 PoE&comma; en la l\u00ednea de interfaces de potencia&comma; se pueden construir f\u00e1cilmente una potencia controlada de forma centralizada para un sistema de telefon\u00eda IP&comma; sistema de vigilancia IP&comma; y el grupo de punto de acceso inal\u00e1mbrico en el entorno industrial severo. Por ejemplo&comma; 4 c\u00e1maras PoE IP o los puntos de acceso inal\u00e1mbrico PoE se pueden instalar f\u00e1cilmente a las demandas de vigilancia o un entorno de itinerancia inal\u00e1mbrica en el \u00e1rea industrial se puede construir. Sin la limitaci\u00f3n de la potencia socket&comma; el IGS-4215-4P4T hace que la instalaci\u00f3n de c\u00e1maras IP o puntos de acceso inal\u00e1mbricos m\u00e1s f\u00e1cil y m\u00e1s eficiente. <\/p>\n<ul style='padding-left: 20px; font-size: 15px; color: inherit; margin-top: 20px;'>\n<li style='margin-bottom: 5px;'><strong>Alimentaci\u00f3n:<\/strong> 48-65Vcc&comma; 3.5A (max.) <strong>(No incluye fuente de alimentaci\u00f3n)<\/strong><\/li>\n<\/ul><\/div>\n<\/p><\/div>\n<div style='display: flex; flex-wrap: wrap; gap: 30px; margin-bottom: 30px; justify-content: center;'>\n<div style='flex: 1 1 300px; min-width: 280px;'> <img style='width: 100%; height: auto; border: 1px solid rgba(150&comma;150&comma;150&comma;0.3); border-radius: 8px;' src='http:\/\/www.planet.com.tw\/en\/product\/images\/48814\/IGS-4215-4P4T-3_L.png' alt=''> <\/div>\n<\/p><\/div>\n<\/p><\/div>\n","protected":false},"excerpt":{"rendered":"<p>Switch industrial Administrable 4 puertos 1000Mbps, 4 puertos PoE<\/p>\n","protected":false},"featured_media":74784,"comment_status":"open","ping_status":"closed","template":"","meta":[],"product_brand":[],"product_cat":[1984],"product_tag":[1985,664,2033],"class_list":{"0":"post-74785","1":"product","2":"type-product","3":"status-publish","4":"has-post-thumbnail","6":"product_cat-industrial","7":"product_tag-industrial","8":"product_tag-networking","9":"product_tag-planet","11":"first","12":"outofstock","13":"sale","14":"shipping-taxable","15":"purchasable","16":"product-type-simple"},"_links":{"self":[{"href":"https:\/\/soydeaqui.ddns.net\/pachuca\/index.php\/wp-json\/wp\/v2\/product\/74785","targetHints":{"allow":["GET"]}}],"collection":[{"href":"https:\/\/soydeaqui.ddns.net\/pachuca\/index.php\/wp-json\/wp\/v2\/product"}],"about":[{"href":"https:\/\/soydeaqui.ddns.net\/pachuca\/index.php\/wp-json\/wp\/v2\/types\/product"}],"replies":[{"embeddable":true,"href":"https:\/\/soydeaqui.ddns.net\/pachuca\/index.php\/wp-json\/wp\/v2\/comments?post=74785"}],"wp:featuredmedia":[{"embeddable":true,"href":"https:\/\/soydeaqui.ddns.net\/pachuca\/index.php\/wp-json\/wp\/v2\/media\/74784"}],"wp:attachment":[{"href":"https:\/\/soydeaqui.ddns.net\/pachuca\/index.php\/wp-json\/wp\/v2\/media?parent=74785"}],"wp:term":[{"taxonomy":"product_brand","embeddable":true,"href":"https:\/\/soydeaqui.ddns.net\/pachuca\/index.php\/wp-json\/wp\/v2\/product_brand?post=74785"},{"taxonomy":"product_cat","embeddable":true,"href":"https:\/\/soydeaqui.ddns.net\/pachuca\/index.php\/wp-json\/wp\/v2\/product_cat?post=74785"},{"taxonomy":"product_tag","embeddable":true,"href":"https:\/\/soydeaqui.ddns.net\/pachuca\/index.php\/wp-json\/wp\/v2\/product_tag?post=74785"}],"curies":[{"name":"wp","href":"https:\/\/api.w.org\/{rel}","templated":true}]}}