{"id":74776,"date":"2026-03-19T14:13:49","date_gmt":"2026-03-19T14:13:49","guid":{"rendered":"https:\/\/soydeaqui.ddns.net\/pachuca\/index.php\/producto\/telefono-ip-smb-poe-8-lineas-4-teclas-de-funcion-y-conferencia-de-4-vias-poe\/"},"modified":"2026-03-19T14:14:02","modified_gmt":"2026-03-19T14:14:02","slug":"telefono-ip-smb-poe-8-lineas-4-teclas-de-funcion-y-conferencia-de-4-vias-poe","status":"publish","type":"product","link":"https:\/\/soydeaqui.ddns.net\/pachuca\/index.php\/producto\/telefono-ip-smb-poe-8-lineas-4-teclas-de-funcion-y-conferencia-de-4-vias-poe\/","title":{"rendered":"Tel\u00e9fono IP SMB PoE 8 L\u00edneas 4 Teclas de Funci\u00f3n y conferencia de 4 v\u00edas. PoE"},"content":{"rendered":"<div style='width: 100%; max-width: 1200px; margin: 0 auto; font-family: sans-serif; line-height: 1.6; color: inherit; background-color: transparent;'>\n<div style='display: flex; flex-wrap: wrap; gap: 30px; margin-bottom: 30px;'>\n<div style='flex: 1 1 300px; min-width: 280px;'>\n<h3 style='font-size: 22px; border-bottom: 2px solid currentColor; padding-bottom: 5px; margin-top: 0; color: inherit; opacity: 0.8;'>Descripci\u00f3n general<\/h3>\n<p style='font-size: 15px; color: inherit;'>El GXP2135 es un tel\u00e9fono IP empresarial que soporta velocidades en Gigabits y hasta 32 teclas virtuales BLF\/de marcaci\u00f3n r\u00e1pida&comma; haci\u00e9ndolo ideal para empleados ocupados. Este Tel\u00e9fono IP Empresarial ofrece hasta 8 l\u00edneas\/ teclas de l\u00ednea y 4 cuentas SIP que usan una pantalla LCD a color de 2.8 pulgadas y audio full HD. El GXP2135 incluye hasta 32 teclas digitales de marcaci\u00f3n r\u00e1pida\/BLF en la pantalla para ayudar a los usuarios a ser m\u00e1s productivos y eficientes. Este Tel\u00e9fono IP Empresarial soporta las velocidades de conexi\u00f3n m\u00e1s r\u00e1pidas posibles con dos puertos de red Gigabit&comma; ofrece PoE integrado y Bluetooth incorporado para sincronizarse con dispositivos m\u00f3viles y aud\u00edfonos Bluetooth. El GXP2135 es la elecci\u00f3n perfecta para empresas que buscan un tel\u00e9fono IP poderoso y confiable con funciones avanzadas<\/p>\n<\/div>\n<\/div>\n<div style='display: flex; flex-wrap: wrap; gap: 20px; margin-bottom: 30px;'>\n<div style='flex: 1 1 250px; border: 1px solid rgba(150&comma; 150&comma; 150&comma; 0.4); border-radius: 8px; overflow: hidden; display: flex; flex-direction: column;'>\n<div style='padding: 15px; border-bottom: 1px solid rgba(150&comma; 150&comma; 150&comma; 0.2); font-weight: bold; font-size: 18px; color: inherit;'>Caracter\u00edsticas principales<\/div>\n<div style='padding: 15px; color: inherit;'>\n<ul style='padding-left: 20px; margin: 0; font-size: 14px; list-style-type: disc; color: inherit;'>\n<li style='margin-bottom: 5px;'>8 l\u00edneas&comma; 4 Cuentas SIP&comma; conferencia para 4 participantes&comma; 4 teclas programables XML<\/li>\n<li style='margin-bottom: 5px;'>Audio HD en altavoz y auricular<\/li>\n<li style='margin-bottom: 5px;'>Dos puertos Gigabit<\/li>\n<li style='margin-bottom: 5px;'>Bluetooth integrado para sincronizar aud\u00edfonos y dispositivos m\u00f3viles para libretas de contactos&comma; calendarios y transferencia de llamadas<\/li>\n<\/ul>\n<\/div>\n<\/div>\n<div style='flex: 1 1 250px; border: 1px solid rgba(150&comma; 150&comma; 150&comma; 0.4); border-radius: 8px; overflow: hidden; display: flex; flex-direction: column;'>\n<div style='padding: 15px; border-bottom: 1px solid rgba(150&comma; 150&comma; 150&comma; 0.2); font-weight: bold; font-size: 18px; color: inherit;'>Especificaciones t\u00e9cnicas<\/div>\n<div style='padding: 15px; color: inherit;'>\n<ul style='padding-left: 20px; margin: 0; font-size: 14px; list-style-type: disc; color: inherit;'>\n<li style='margin-bottom: 5px;'>Adaptador de corriente universal incluido: Entrada: 100-240V; Salida: +12V&comma; 0.5A; Power-over-Ethernet integrado (802.3af); Consumo m\u00e1ximo de energ\u00eda: 6.4W (adaptador de corriente) o 6.49W (PoE)<\/li>\n<li style='margin-bottom: 5px;'>Pantalla gr\u00e1fica LCD con luz de fondo de 132 x 48 pixeles<\/li>\n<li style='margin-bottom: 5px;'>Operaci\u00f3n: 0\u00b0C a 40\u00b0C&comma; Almacenamiento: -10\u00b0C a 60\u00b0C &comma; Humedad: 10% a 90% Sin condensaci\u00f3n<\/li>\n<li style='margin-bottom: 5px;'>Dimensi\u00f3n: 201 mm (Ancho) x 193 mm (Longitud) x 85 mm (Altura)<\/li>\n<li style='margin-bottom: 5px;'>Peso de unidad: 0.85 kg<\/li>\n<\/ul>\n<\/div>\n<\/div>\n<\/div>\n<\/div>\n","protected":false},"excerpt":{"rendered":"<p>Tel\u00e9fono IP SMB PoE 8 L\u00edneas 4 Teclas de Funci\u00f3n y conferencia de 4 v\u00edas. PoE<\/p>\n","protected":false},"featured_media":74775,"comment_status":"open","ping_status":"closed","template":"","meta":[],"product_brand":[],"product_cat":[2003],"product_tag":[909,2005,2004],"class_list":{"0":"post-74776","1":"product","2":"type-product","3":"status-publish","4":"has-post-thumbnail","6":"product_cat-telefonos-ip","7":"product_tag-grandstream","8":"product_tag-telefonos-ip","9":"product_tag-voip-telefonia-ip-videoconferencia","11":"first","12":"instock","13":"sale","14":"shipping-taxable","15":"purchasable","16":"product-type-simple"},"_links":{"self":[{"href":"https:\/\/soydeaqui.ddns.net\/pachuca\/index.php\/wp-json\/wp\/v2\/product\/74776","targetHints":{"allow":["GET"]}}],"collection":[{"href":"https:\/\/soydeaqui.ddns.net\/pachuca\/index.php\/wp-json\/wp\/v2\/product"}],"about":[{"href":"https:\/\/soydeaqui.ddns.net\/pachuca\/index.php\/wp-json\/wp\/v2\/types\/product"}],"replies":[{"embeddable":true,"href":"https:\/\/soydeaqui.ddns.net\/pachuca\/index.php\/wp-json\/wp\/v2\/comments?post=74776"}],"wp:featuredmedia":[{"embeddable":true,"href":"https:\/\/soydeaqui.ddns.net\/pachuca\/index.php\/wp-json\/wp\/v2\/media\/74775"}],"wp:attachment":[{"href":"https:\/\/soydeaqui.ddns.net\/pachuca\/index.php\/wp-json\/wp\/v2\/media?parent=74776"}],"wp:term":[{"taxonomy":"product_brand","embeddable":true,"href":"https:\/\/soydeaqui.ddns.net\/pachuca\/index.php\/wp-json\/wp\/v2\/product_brand?post=74776"},{"taxonomy":"product_cat","embeddable":true,"href":"https:\/\/soydeaqui.ddns.net\/pachuca\/index.php\/wp-json\/wp\/v2\/product_cat?post=74776"},{"taxonomy":"product_tag","embeddable":true,"href":"https:\/\/soydeaqui.ddns.net\/pachuca\/index.php\/wp-json\/wp\/v2\/product_tag?post=74776"}],"curies":[{"name":"wp","href":"https:\/\/api.w.org\/{rel}","templated":true}]}}