{"id":74760,"date":"2026-03-19T14:13:12","date_gmt":"2026-03-19T14:13:12","guid":{"rendered":"https:\/\/soydeaqui.ddns.net\/pachuca\/index.php\/producto\/unidad-de-expansion-synology-rx1217-rx1217rp-12-bahias-de-disco-compatible-con-sata-3-5-y-2-5-expansion-de-volumen-en-linea-fuentes-de-alimentacion-redundantes-rx1217rp-a\/"},"modified":"2026-03-19T14:13:30","modified_gmt":"2026-03-19T14:13:30","slug":"unidad-de-expansion-synology-rx1217-rx1217rp-12-bahias-de-disco-compatible-con-sata-3-5-y-2-5-expansion-de-volumen-en-linea-fuentes-de-alimentacion-redundantes-rx1217rp-a","status":"publish","type":"product","link":"https:\/\/soydeaqui.ddns.net\/pachuca\/index.php\/producto\/unidad-de-expansion-synology-rx1217-rx1217rp-12-bahias-de-disco-compatible-con-sata-3-5-y-2-5-expansion-de-volumen-en-linea-fuentes-de-alimentacion-redundantes-rx1217rp-a\/","title":{"rendered":"Unidad de Expansi\u00f3n Synology RX1217\/RX1217RP | 12 Bah\u00edas de Disco | Compatible con SATA 3.5\u201d y 2.5\u201d | Expansi\u00f3n de Volumen en L\u00ednea | Fuentes de Alimentaci\u00f3n Redundantes (RX1217RP) | Administraci\u00f3n con"},"content":{"rendered":"<div style='width: 100%; max-width: 1200px; margin: 0 auto; font-family: sans-serif; line-height: 1.6; color: inherit; background-color: transparent;'> <!-- Banner de Precios Especiales --> <\/p>\n<div style='width: 100%; margin-bottom: 30px; background-color: #0071c2; border-radius: 8px; overflow: hidden; box-shadow: 0 2px 8px rgba(0&comma;0&comma;0&comma;0.1);'>\n<div style='display: flex; flex-wrap: wrap; align-items: center; padding: 15px;'>\n<div style='flex: 1 1 auto; max-width: 120px; margin-right: 15px;'> <img style='height: 70px; width: auto; border: 1px solid rgba(150&comma;150&comma;150&comma;0.3); border-radius: 8px;' src='https:\/\/ftp3.syscom.mx\/usuarios\/hallende\/Videos\/Synology\/Logo%20Synology.png' alt='Synology Logo'> <\/div>\n<div style='flex: 1 1 auto; color: white;'>\n<h5 style='font-size: 18px; font-weight: bold; margin: 0 0 5px 0; color: inherit;'>Precios Especiales para tu Proyecto. \u00a1Solicita el tuyo!<\/h5>\n<p style='margin: 0; color: rgba(255&comma;255&comma;255&comma;0.8);'>Consigue tu cotizaci\u00f3n con descuento dando clic en Registrar mi Proyecto.<\/p>\n<\/p><\/div>\n<div style='flex: 0 0 auto;'> <a style='background-color: #ffcd00; color: black; font-weight: 600; border: none; padding: 0.75rem 1.75rem; text-decoration: none; display: inline-block; border-radius: 4px;' href='https:\/\/event.synology.com\/es-mx\/proyecto' target='_blank' rel='noopener'>Registrar mi Proyecto<\/a> <\/div>\n<\/p><\/div>\n<\/p><\/div>\n<p> <!-- Secci\u00f3n de Recursos --> <\/p>\n<div style='width: 100%; margin-bottom: 30px;'>\n<div style='display: flex; flex-wrap: wrap; gap: 20px;'>\n<div style='flex: 1 1 300px; min-width: 280px;'>\n<div style='padding: 15px; background-color: #f8f9fa; border: 1px solid rgba(150&comma;150&comma;150&comma;0.3); border-radius: 8px; display: flex; flex-direction: column; height: 100%;'>\n<h4 style='font-size: 18px; font-weight: bold; color: #f25c05; margin: 0 0 10px 0; text-align: center; border-bottom: 2px solid #f25c05; padding-bottom: 5px; color: inherit;'>HDD y SSD Compatibles<\/h4>\n<p style='flex-grow: 1; font-size: 14px; color: inherit; text-align: center; padding: 10px 0;'>Verifica f\u00e1cilmente qu\u00e9 unidades HDD y SSD son compatibles con tu modelo para un rendimiento y confiabilidad \u00f3ptimos.<\/p>\n<div style='display: flex; justify-content: center; gap: 10px; padding-top: 10px; border-top: 1px solid rgba(150&comma;150&comma;150&comma;0.3);'> <a style='background-color: #0d0d0d; color: white; padding: 8px 16px; border-radius: 4px; text-decoration: none;' href='https:\/\/www.synology.com\/es-mx\/compatibility' target='_blank'>Ver Compatibilidad<\/a> <a style='background-color: #bfbfbf; color: white; padding: 8px 16px; border-radius: 4px; text-decoration: none;' href='https:\/\/www.youtube.com\/watch?v=2SU-j5uCxUQ&#038;t=1s' target='_blank'>Gu\u00eda de Uso<\/a> <\/div>\n<\/p><\/div>\n<\/p><\/div>\n<div style='flex: 1 1 300px; min-width: 280px;'>\n<div style='padding: 15px; background-color: #f8f9fa; border: 1px solid rgba(150&comma;150&comma;150&comma;0.3); border-radius: 8px; display: flex; flex-direction: column; height: 100%;'>\n<h4 style='font-size: 18px; font-weight: bold; color: #f25c05; margin: 0 0 10px 0; text-align: center; border-bottom: 2px solid #f25c05; color: inherit;'>Accesorios Compatibles<\/h4>\n<p style='flex-grow: 1; font-size: 14px; color: inherit; text-align: center; padding: 10px 0;'>Descubre los accesorios oficiales dise\u00f1ados para optimizar el rendimiento y funcionalidad de tu NAS.<\/p>\n<div style='display: flex; justify-content: center; gap: 10px; padding-top: 10px; border-top: 1px solid rgba(150&comma;150&comma;150&comma;0.3);'> <a style='background-color: #0d0d0d; color: white; padding: 8px 16px; border-radius: 4px; text-decoration: none;' href='https:\/\/www.synology.com\/es-mx\/compatibility' target='_blank'>Ver Accesorios<\/a> <a style='background-color: #bfbfbf; color: white; padding: 8px 16px; border-radius: 4px; text-decoration: none;' href='https:\/\/www.youtube.com\/watch?v=btI3QR9oW3Q&#038;t=1s' target='_blank'>Gu\u00eda de Uso<\/a> <\/div>\n<\/p><\/div>\n<\/p><\/div>\n<div style='flex: 1 1 300px; min-width: 280px;'>\n<div style='padding: 15px; background-color: #f8f9fa; border: 1px solid rgba(150&comma;150&comma;150&comma;0.3); border-radius: 8px; display: flex; flex-direction: column; height: 100%;'>\n<h4 style='font-size: 18px; font-weight: bold; color: #f25c05; margin: 0 0 10px 0; text-align: center; border-bottom: 2px solid #f25c05; color: inherit;'>Calculadora RAID<\/h4>\n<p style='flex-grow: 1; font-size: 14px; color: inherit; text-align: center; padding: 10px 0;'>Calcula la capacidad \u00fatil y encuentra la configuraci\u00f3n RAID m\u00e1s eficiente y segura para tus necesidades.<\/p>\n<div style='display: flex; justify-content: center; gap: 10px; padding-top: 10px; border-top: 1px solid rgba(150&comma;150&comma;150&comma;0.3);'> <a style='background-color: #0d0d0d; color: white; padding: 8px 16px; border-radius: 4px; text-decoration: none;' href='https:\/\/www.synology.com\/es-mx\/support\/RAID_calculator' target='_blank'>Ver Calculadora<\/a> <a style='background-color: #bfbfbf; color: white; padding: 8px 16px; border-radius: 4px; text-decoration: none;' href='https:\/\/www.youtube.com\/watch?v=NnnlUfMRR2U' target='_blank'>Gu\u00eda de Uso<\/a> <\/div>\n<\/p><\/div>\n<\/p><\/div>\n<\/p><\/div>\n<\/p><\/div>\n<p> <!-- Descripci\u00f3n --> <\/p>\n<details style='width: 100%; border: 1px solid rgba(150&comma;150&comma;150&comma;0.3); border-radius: 8px; margin-bottom: 20px;'>\n<summary style='background-color: #0d0d0d; color: white; padding: 10px; font-weight: bold; border-radius: 8px; cursor: pointer;'> Descripci\u00f3n <\/summary>\n<div style='padding: 15px; background-color: #f8f9fa; border-top: 1px solid rgba(150&comma;150&comma;150&comma;0.3);'>\n<p style='font-size: 15px; color: inherit; line-height: 1.6;'>La unidad de expansi\u00f3n Synology RX1217\/RX1217RP ofrece una soluci\u00f3n sencilla y eficiente para ampliar la capacidad de almacenamiento de los Synology RackStation NAS de 2U. Con 12 bah\u00edas de disco adicionales&comma; permite la expansi\u00f3n del volumen en l\u00ednea sin necesidad de reformatear las unidades existentes&comma; garantizando un funcionamiento continuo. Adem\u00e1s&comma; puede utilizarse como una soluci\u00f3n de copia de seguridad independiente&comma; proporcionando una excelente protecci\u00f3n de datos en caso de fallos del sistema.<\/p>\n<\/p><\/div>\n<\/details>\n<p> <!-- Caracter\u00edsticas Principales --> <\/p>\n<details style='width: 100%; border: 1px solid rgba(150&comma;150&comma;150&comma;0.3); border-radius: 8px; margin-bottom: 20px;'>\n<summary style='background-color: #0d0d0d; color: white; padding: 10px; font-weight: bold; border-radius: 8px; cursor: pointer;'> Caracter\u00edsticas Principales <\/summary>\n<div style='padding: 15px; background-color: #f8f9fa; border-top: 1px solid rgba(150&comma;150&comma;150&comma;0.3);'>\n<ul style='padding-left: 20px; margin: 0; color: inherit; font-size: 14px;'>\n<li style='margin-bottom: 5px;'>Dise\u00f1o &#8216;conectar y usar&#8217; para ampliar el espacio de almacenamiento sin problemas.<\/li>\n<li style='margin-bottom: 5px;'>Expansi\u00f3n del volumen en l\u00ednea sobre la marcha.<\/li>\n<li style='margin-bottom: 5px;'>Fuentes de alimentaci\u00f3n redundantes que garantizan el tiempo de actividad (solo RX1217RP).<\/li>\n<li style='margin-bottom: 5px;'>Administrado desde Synology DiskStation Manager (DSM).<\/li>\n<li style='margin-bottom: 5px;'>Compatibilidad con discos 3.5\u201d y 2.5\u201d SATA.<\/li>\n<li style='margin-bottom: 5px;'>Recuperaci\u00f3n de energ\u00eda sincronizada con el Synology RackStation conectado.<\/li>\n<li style='margin-bottom: 5px;'>Garant\u00eda limitada de 5 a\u00f1os.<\/li>\n<\/ul><\/div>\n<\/details>\n<p> <!-- Detalles T\u00e9cnicos --> <\/p>\n<details style='width: 100%; border: 1px solid rgba(150&comma;150&comma;150&comma;0.3); border-radius: 8px; margin-bottom: 20px;'>\n<summary style='background-color: #0d0d0d; color: white; padding: 10px; font-weight: bold; border-radius: 8px; cursor: pointer;'> Detalles T\u00e9cnicos <\/summary>\n<div style='padding: 15px; background-color: #f8f9fa; border-top: 1px solid rgba(150&comma;150&comma;150&comma;0.3);'>\n<div style='display: flex; flex-wrap: wrap; gap: 20px;'>\n<div style='flex: 1 1 300px; min-width: 280px;'>\n<h3 style='font-size: 18px; font-weight: bold; margin-top: 0; margin-bottom: 10px; color: inherit;'>Especificaciones<\/h3>\n<ul style='padding-left: 20px; margin: 0; color: inherit; font-size: 14px;'>\n<li style='margin-bottom: 5px;'>Tipo de disco compatible: 12 x 3.5\u201d o 2.5\u201d SATA (discos no incluidos).<\/li>\n<li style='margin-bottom: 5px;'>Disco intercambiable en caliente: S\u00ed.<\/li>\n<li style='margin-bottom: 5px;'>Tama\u00f1o: RX1217: 88 x 430.5 x 644 mm \/ RX1217RP: 88 x 430.5 x 696 mm.<\/li>\n<li style='margin-bottom: 5px;'>Peso: RX1217: 12.7 kg \/ RX1217RP: 13.4 kg.<\/li>\n<li style='margin-bottom: 5px;'>Ventilador del sistema: 3 (80 x 80 x 32 mm).<\/li>\n<li style='margin-bottom: 5px;'>Tensi\u00f3n de alimentaci\u00f3n de entrada CA: 100 a 240 V.<\/li>\n<li style='margin-bottom: 5px;'>Temperatura de funcionamiento: 5\u00b0C a 35\u00b0C (40\u00b0F a 95\u00b0F).<\/li>\n<\/ul><\/div>\n<div style='flex: 1 1 300px; min-width: 280px;'>\n<h3 style='font-size: 18px; font-weight: bold; margin-top: 0; margin-bottom: 10px; color: inherit;'>Interfaces y Conectividad<\/h3>\n<ul style='padding-left: 20px; margin: 0; color: inherit; font-size: 14px;'>\n<li style='margin-bottom: 5px;'>Puerto de expansi\u00f3n: 1 x Infiniband.<\/li>\n<li style='margin-bottom: 5px;'>Conexi\u00f3n: Cable de expansi\u00f3n incluido.<\/li>\n<li style='margin-bottom: 5px;'>Fuentes de alimentaci\u00f3n: 1 (RX1217) o Redundante (RX1217RP).<\/li>\n<li style='margin-bottom: 5px;'>Indicador de estado del disco.<\/li>\n<\/ul><\/div>\n<\/p><\/div>\n<\/p><\/div>\n<\/details>\n<p> <!-- Casos de Uso --> <\/p>\n<details style='width: 100%; border: 1px solid rgba(150&comma;150&comma;150&comma;0.3); border-radius: 8px; margin-bottom: 20px;'>\n<summary style='background-color: #0d0d0d; color: white; padding: 10px; font-weight: bold; border-radius: 8px; cursor: pointer;'> Aplicaciones y Casos de Uso <\/summary>\n<div style='padding: 15px; background-color: #f8f9fa; border-top: 1px solid rgba(150&comma;150&comma;150&comma;0.3);'>\n<div style='display: flex; flex-wrap: wrap; gap: 20px;'>\n<div style='flex: 1 1 300px; min-width: 280px;'>\n<h4 style='font-size: 16px; font-weight: bold; margin: 0 0 10px 0; color: inherit;'>Expansi\u00f3n de Almacenamiento<\/h4>\n<p style='font-size: 14px; color: inherit; margin: 0;'>Ampl\u00eda la capacidad de almacenamiento de los Synology RackStation NAS de 2U de manera sencilla y sin interrupciones.<\/p>\n<\/p><\/div>\n<div style='flex: 1 1 300px; min-width: 280px;'>\n<h4 style='font-size: 16px; font-weight: bold; margin: 0 0 10px 0; color: inherit;'>Copia de Seguridad<\/h4>\n<p style='font-size: 14px; color: inherit; margin: 0;'>Proporciona una soluci\u00f3n de copia de seguridad independiente para proteger los datos en caso de fallos del sistema.<\/p>\n<\/p><\/div>\n<div style='flex: 1 1 300px; min-width: 280px;'>\n<h4 style='font-size: 16px; font-weight: bold; margin: 0 0 10px 0; color: inherit;'>Alta Disponibilidad<\/h4>\n<p style='font-size: 14px; color: inherit; margin: 0;'>La versi\u00f3n RX1217RP con fuentes de alimentaci\u00f3n redundantes es ideal para entornos que exigen el m\u00e1ximo tiempo de actividad.<\/p>\n<\/p><\/div>\n<\/p><\/div>\n<\/p><\/div>\n<\/details>\n<p> <!-- CTA Final --> <\/p>\n<div style='width: 100%; margin: 30px 0; padding: 30px; background-color: #f8f9fa; border: 1px solid rgba(150&comma;150&comma;150&comma;0.3); border-radius: 8px; text-align: center;'>\n<h2 style='font-size: 24px; font-weight: bold; margin: 0 0 15px 0; color: #0d0d0d; color: inherit;'>\u00bfListo para Optimizar tu Synology NAS?<\/h2>\n<p style='font-size: 16px; margin: 0 0 20px 0; color: #666; color: inherit;'>Conoce toda nuestra l\u00ednea de productos y accesorios compatibles para potenciar tu equipo<\/p>\n<p> <a style='background-color: #f25c05; color: white; font-weight: 600; border: none; padding: 0.75rem 2rem; text-decoration: none; border-radius: 4px; display: inline-block;' href='https:\/\/ftp3.syscom.mx\/usuarios\/hallende\/Videos\/Sitio%20en%20construccion.jpg' target='_blank'>Descubrir Productos<\/a> <\/div>\n<\/p><\/div>\n","protected":false},"excerpt":{"rendered":"<p>Unidad de Expansi\u00f3n Synology RX1217\/RX1217RP | 12 Bah\u00edas de Disco | Compatible con SATA 3.5\u201d y 2.5\u201d | Expansi\u00f3n de Volumen en L\u00ednea | Fuentes de Alimentaci\u00f3n Redundantes (RX1217RP) | Administraci\u00f3n con<\/p>\n","protected":false},"featured_media":74759,"comment_status":"open","ping_status":"closed","template":"","meta":[],"product_brand":[],"product_cat":[2067],"product_tag":[1974,2068,1976],"class_list":{"0":"post-74760","1":"product","2":"type-product","3":"status-publish","4":"has-post-thumbnail","6":"product_cat-servidores-nas","7":"product_tag-almacenamiento","8":"product_tag-servidores-nas","9":"product_tag-synology","11":"first","12":"instock","13":"sale","14":"shipping-taxable","15":"purchasable","16":"product-type-simple"},"_links":{"self":[{"href":"https:\/\/soydeaqui.ddns.net\/pachuca\/index.php\/wp-json\/wp\/v2\/product\/74760","targetHints":{"allow":["GET"]}}],"collection":[{"href":"https:\/\/soydeaqui.ddns.net\/pachuca\/index.php\/wp-json\/wp\/v2\/product"}],"about":[{"href":"https:\/\/soydeaqui.ddns.net\/pachuca\/index.php\/wp-json\/wp\/v2\/types\/product"}],"replies":[{"embeddable":true,"href":"https:\/\/soydeaqui.ddns.net\/pachuca\/index.php\/wp-json\/wp\/v2\/comments?post=74760"}],"wp:featuredmedia":[{"embeddable":true,"href":"https:\/\/soydeaqui.ddns.net\/pachuca\/index.php\/wp-json\/wp\/v2\/media\/74759"}],"wp:attachment":[{"href":"https:\/\/soydeaqui.ddns.net\/pachuca\/index.php\/wp-json\/wp\/v2\/media?parent=74760"}],"wp:term":[{"taxonomy":"product_brand","embeddable":true,"href":"https:\/\/soydeaqui.ddns.net\/pachuca\/index.php\/wp-json\/wp\/v2\/product_brand?post=74760"},{"taxonomy":"product_cat","embeddable":true,"href":"https:\/\/soydeaqui.ddns.net\/pachuca\/index.php\/wp-json\/wp\/v2\/product_cat?post=74760"},{"taxonomy":"product_tag","embeddable":true,"href":"https:\/\/soydeaqui.ddns.net\/pachuca\/index.php\/wp-json\/wp\/v2\/product_tag?post=74760"}],"curies":[{"name":"wp","href":"https:\/\/api.w.org\/{rel}","templated":true}]}}