{"id":74751,"date":"2026-03-19T14:12:48","date_gmt":"2026-03-19T14:12:48","guid":{"rendered":"https:\/\/soydeaqui.ddns.net\/pachuca\/index.php\/producto\/unidad-de-expansion-synology-rx1217-rx1217rp-12-bahias-de-disco-compatible-con-rackstation-2u-expansion-de-volumen-en-linea-fuentes-de-alimentacion-redundantes-rx1217rp-administracion-dsm\/"},"modified":"2026-03-19T14:13:06","modified_gmt":"2026-03-19T14:13:06","slug":"unidad-de-expansion-synology-rx1217-rx1217rp-12-bahias-de-disco-compatible-con-rackstation-2u-expansion-de-volumen-en-linea-fuentes-de-alimentacion-redundantes-rx1217rp-administracion-dsm","status":"publish","type":"product","link":"https:\/\/soydeaqui.ddns.net\/pachuca\/index.php\/producto\/unidad-de-expansion-synology-rx1217-rx1217rp-12-bahias-de-disco-compatible-con-rackstation-2u-expansion-de-volumen-en-linea-fuentes-de-alimentacion-redundantes-rx1217rp-administracion-dsm\/","title":{"rendered":"Unidad de Expansi\u00f3n Synology RX1217\/RX1217RP | 12 Bah\u00edas de Disco | Compatible con RackStation 2U | Expansi\u00f3n de Volumen en L\u00ednea | Fuentes de Alimentaci\u00f3n Redundantes (RX1217RP) | Administraci\u00f3n DSM."},"content":{"rendered":"<div style='width: 100%; max-width: 1200px; margin: 0 auto; font-family: sans-serif; line-height: 1.6; color: inherit; background-color: transparent;'> <!-- Banner principal --> <\/p>\n<div style='width: 100%; margin: 0 auto; margin-bottom: 30px;'>\n<div style='display: flex; flex-wrap: wrap; gap: 20px; align-items: center; background-color: #0d0d0d; border-radius: 8px; padding: 15px;'>\n<div style='flex: 0 0 auto;'> <img style='height: 70px; width: auto; border: 1px solid rgba(150&comma;150&comma;150&comma;0.3); border-radius: 8px;' src='https:\/\/ftp3.syscom.mx\/usuarios\/hallende\/Videos\/Synology\/Logo%20Synology.png' alt='Synology Logo'> <\/div>\n<div style='flex: 1 1 300px; min-width: 250px;'>\n<h5 style='font-weight: bold; margin: 0 0 5px 0; color: #ffcd00; font-size: 1.1em;'>Precios Especiales para tu Proyecto. \u00a1Solicita el tuyo!<\/h5>\n<p style='margin: 0; color: rgba(255&comma;255&comma;255&comma;0.7); font-size: 0.95em;'>Consigue tu cotizaci\u00f3n con descuento dando clic en Registrar mi Proyecto.<\/p>\n<\/p><\/div>\n<div style='flex: 0 0 auto;'> <a style='background-color: #ffcd00; color: #0d0d0d; font-weight: 600; border: none; padding: 0.75rem 1.75rem; border-radius: 4px; text-decoration: none; display: inline-block;' href='https:\/\/event.synology.com\/es-mx\/proyecto' target='_blank' rel='noopener'>Registrar mi Proyecto<\/a> <\/div>\n<\/p><\/div>\n<\/p><\/div>\n<p> <!-- Secci\u00f3n de cards con informaci\u00f3n --> <\/p>\n<div style='display: flex; flex-wrap: wrap; gap: 20px; margin-bottom: 30px;'>\n<div style='flex: 1 1 300px; min-width: 280px; border: 1px solid rgba(150&comma;150&comma;150&comma;0.3); border-radius: 8px; overflow: hidden; display: flex; flex-direction: column;'>\n<div style='padding: 15px; border-bottom: 1px solid rgba(150&comma;150&comma;150&comma;0.2); font-weight: bold; font-size: 18px; color: #f25c05; background-color: #1a1a1a;'>HDD y SSD Compatibles<\/div>\n<div style='padding: 15px; color: inherit; flex: 1 1 auto; display: flex; flex-direction: column;'>\n<p style='font-size: 15px; margin-bottom: 15px;'>Verifica f\u00e1cilmente qu\u00e9 unidades HDD y SSD son compatibles con tu modelo para un rendimiento y confiabilidad \u00f3ptimos.<\/p>\n<div style='margin-top: auto; display: flex; flex-wrap: wrap; gap: 10px; justify-content: center; padding-top: 15px; border-top: 1px solid rgba(150&comma;150&comma;150&comma;0.2);'> <a style='background-color: #0d0d0d; color: white; border: none; padding: 8px 16px; border-radius: 4px; text-decoration: none; display: inline-block;' href='https:\/\/www.synology.com\/es-mx\/compatibility' target='_blank'>Ver Compatibilidad<\/a> <a style='background-color: #bfbfbf; color: white; border: none; padding: 8px 16px; border-radius: 4px; text-decoration: none; display: inline-block;' href='https:\/\/www.youtube.com\/watch?v=2SU-j5uCxUQ&#038;t=1s' target='_blank'>Gu\u00eda de Uso<\/a> <\/div>\n<\/p><\/div>\n<\/p><\/div>\n<div style='flex: 1 1 300px; min-width: 280px; border: 1px solid rgba(150&comma;150&comma;150&comma;0.3); border-radius: 8px; overflow: hidden; display: flex; flex-direction: column;'>\n<div style='padding: 15px; border-bottom: 1px solid rgba(150&comma;150&comma;150&comma;0.2); font-weight: bold; font-size: 18px; color: #f25c05; background-color: #1a1a1a;'>Accesorios Compatibles<\/div>\n<div style='padding: 15px; color: inherit; flex: 1 1 auto; display: flex; flex-direction: column;'>\n<p style='font-size: 15px; margin-bottom: 15px;'>Descubre los accesorios oficiales dise\u00f1ados para optimizar el rendimiento y funcionalidad de tu NAS.<\/p>\n<div style='margin-top: auto; display: flex; flex-wrap: wrap; gap: 10px; justify-content: center; padding-top: 15px; border-top: 1px solid rgba(150&comma;150&comma;150&comma;0.2);'> <a style='background-color: #0d0d0d; color: white; border: none; padding: 8px 16px; border-radius: 4px; text-decoration: none; display: inline-block;' href='https:\/\/www.synology.com\/es-mx\/compatibility' target='_blank'>Ver Accesorios<\/a> <a style='background-color: #bfbfbf; color: white; border: none; padding: 8px 16px; border-radius: 4px; text-decoration: none; display: inline-block;' href='https:\/\/www.youtube.com\/watch?v=btI3QR9oW3Q&#038;t=1s' target='_blank'>Gu\u00eda de Uso<\/a> <\/div>\n<\/p><\/div>\n<\/p><\/div>\n<div style='flex: 1 1 300px; min-width: 280px; border: 1px solid rgba(150&comma;150&comma;150&comma;0.3); border-radius: 8px; overflow: hidden; display: flex; flex-direction: column;'>\n<div style='padding: 15px; border-bottom: 1px solid rgba(150&comma;150&comma;150&comma;0.2); font-weight: bold; font-size: 18px; color: #f25c05; background-color: #1a1a1a;'>Calculadora RAID<\/div>\n<div style='padding: 15px; color: inherit; flex: 1 1 auto; display: flex; flex-direction: column;'>\n<p style='font-size: 15px; margin-bottom: 15px;'>Calcula la capacidad \u00fatil y encuentra la configuraci\u00f3n RAID m\u00e1s eficiente y segura para tus necesidades.<\/p>\n<div style='margin-top: auto; display: flex; flex-wrap: wrap; gap: 10px; justify-content: center; padding-top: 15px; border-top: 1px solid rgba(150&comma;150&comma;150&comma;0.2);'> <a style='background-color: #0d0d0d; color: white; border: none; padding: 8px 16px; border-radius: 4px; text-decoration: none; display: inline-block;' href='https:\/\/www.synology.com\/es-mx\/support\/RAID_calculator' target='_blank'>Ver Calculadora<\/a> <a style='background-color: #bfbfbf; color: white; border: none; padding: 8px 16px; border-radius: 4px; text-decoration: none; display: inline-block;' href='https:\/\/www.youtube.com\/watch?v=NnnlUfMRR2U' target='_blank'>Gu\u00eda de Uso<\/a> <\/div>\n<\/p><\/div>\n<\/p><\/div>\n<\/p><\/div>\n<p> <!-- Secci\u00f3n de descripci\u00f3n --> <\/p>\n<details style='width: 100%; border: 1px solid rgba(150&comma;150&comma;150&comma;0.3); border-radius: 8px; margin-bottom: 20px;'>\n<summary style='background-color: #0d0d0d; color: white; padding: 10px; font-weight: bold; border-radius: 8px; cursor: pointer;'> <span style='display: inline-block; padding: 0 10px; font-weight: bold; font-size: 16px;'> Descripci\u00f3n <\/span> <\/summary>\n<div style='padding: 15px; background-color: rgba(255&comma;255&comma;255&comma;0.05); border-top: 1px solid rgba(150&comma;150&comma;150&comma;0.1);'>\n<p style='font-size: 15px; line-height: 1.6; margin: 0; color: inherit;'> La unidad de expansi\u00f3n Synology RX1217\/RX1217RP ofrece una soluci\u00f3n sencilla y eficiente para ampliar la capacidad de almacenamiento de los Synology RackStation NAS de 2U. Con 12 bah\u00edas de disco adicionales&comma; permite la expansi\u00f3n del volumen en l\u00ednea sin necesidad de reformatear las unidades existentes&comma; garantizando un funcionamiento continuo. Adem\u00e1s&comma; puede utilizarse como una soluci\u00f3n de copia de seguridad independiente&comma; proporcionando seguridad adicional en caso de fallos del sistema. Dise\u00f1ada para ser ecol\u00f3gica y f\u00e1cil de administrar&comma; esta unidad es ideal para entornos empresariales que requieren escalabilidad y fiabilidad. <\/p>\n<\/p><\/div>\n<\/details>\n<p> <!-- Secci\u00f3n de caracter\u00edsticas --> <\/p>\n<details style='width: 100%; border: 1px solid rgba(150&comma;150&comma;150&comma;0.3); border-radius: 8px; margin-bottom: 20px;'>\n<summary style='background-color: #0d0d0d; color: white; padding: 10px; font-weight: bold; border-radius: 8px; cursor: pointer;'> <span style='display: inline-block; padding: 0 10px; font-weight: bold; font-size: 16px;'> Caracter\u00edsticas Principales <\/span> <\/summary>\n<div style='padding: 15px; background-color: rgba(255&comma;255&comma;255&comma;0.05); border-top: 1px solid rgba(150&comma;150&comma;150&comma;0.1);'>\n<ul style='padding-left: 20px; font-size: 15px; color: inherit; list-style-type: disc; margin: 0;'>\n<li style='margin-bottom: 5px;'>Dise\u00f1o &#8216;conectar y usar&#8217; para ampliar el espacio de almacenamiento sin problemas.<\/li>\n<li style='margin-bottom: 5px;'>Expansi\u00f3n del volumen en l\u00ednea sobre la marcha.<\/li>\n<li style='margin-bottom: 5px;'>Fuentes de alimentaci\u00f3n redundantes que garantizan el tiempo de actividad (solo RX1217RP).<\/li>\n<li style='margin-bottom: 5px;'>Administrado desde Synology DiskStation Manager (DSM).<\/li>\n<li style='margin-bottom: 5px;'>Compatibilidad con 12 discos de 3&comma;5&#8242; y 2&comma;5&#8242; SATA.<\/li>\n<li style='margin-bottom: 5px;'>Recuperaci\u00f3n de energ\u00eda sincronizada con el Synology RackStation conectado.<\/li>\n<li style='margin-bottom: 5px;'>Garant\u00eda limitada de 3 a\u00f1os.<\/li>\n<\/ul><\/div>\n<\/details>\n<p> <!-- Secci\u00f3n de especificaciones t\u00e9cnicas --> <\/p>\n<details style='width: 100%; border: 1px solid rgba(150&comma;150&comma;150&comma;0.3); border-radius: 8px; margin-bottom: 20px;'>\n<summary style='background-color: #0d0d0d; color: white; padding: 10px; font-weight: bold; border-radius: 8px; cursor: pointer;'> <span style='display: inline-block; padding: 0 10px; font-weight: bold; font-size: 16px;'> Detalles T\u00e9cnicos <\/span> <\/summary>\n<div style='padding: 15px; background-color: rgba(255&comma;255&comma;255&comma;0.05); border-top: 1px solid rgba(150&comma;150&comma;150&comma;0.1);'>\n<div style='display: flex; flex-wrap: wrap; gap: 20px;'>\n<div style='flex: 1 1 250px; min-width: 220px;'>\n<h3 style='font-size: 18px; font-weight: 600; margin-top: 0; margin-bottom: 15px; color: inherit;'>Especificaciones<\/h3>\n<ul style='padding-left: 20px; font-size: 14px; color: inherit; list-style-type: disc; margin: 0;'>\n<li style='margin-bottom: 5px;'>Tipo de disco compatible: 12 x 3&comma;5&#8242; o 2&comma;5&#8242; SATA (no se incluyen los discos duros).<\/li>\n<li style='margin-bottom: 5px;'>Disco intercambiable en caliente: S\u00ed.<\/li>\n<li style='margin-bottom: 5px;'>Tama\u00f1o (RX1217\/RX1217RP): Var\u00eda de 644 mm a 696 mm de profundidad.<\/li>\n<li style='margin-bottom: 5px;'>Peso: 12&comma;7 kg (RX1217) \/ 13&comma;4 kg (RX1217RP).<\/li>\n<li style='margin-bottom: 5px;'>Ventilador del sistema: 3 (80 x 80 x 32 mm).<\/li>\n<li style='margin-bottom: 5px;'>Temperatura de funcionamiento: De 5\u00b0C a 35\u00b0C.<\/li>\n<\/ul><\/div>\n<div style='flex: 1 1 250px; min-width: 220px;'>\n<h3 style='font-size: 18px; font-weight: 600; margin-top: 0; margin-bottom: 15px; color: inherit;'>Interfaces y Conectividad<\/h3>\n<ul style='padding-left: 20px; font-size: 14px; color: inherit; list-style-type: disc; margin: 0;'>\n<li style='margin-bottom: 5px;'>Puerto de expansi\u00f3n: 1 x Infiniband.<\/li>\n<li style='margin-bottom: 5px;'>Recuperaci\u00f3n de energ\u00eda: Sincronizada con el RackStation conectado.<\/li>\n<li style='margin-bottom: 5px;'>Accesorios opcionales: Synology RKS1317 (Rail Kit deslizante).<\/li>\n<li style='margin-bottom: 5px;'>Contenido de la caja: Unidad principal&comma; cable de expansi\u00f3n&comma; cable(s) de alimentaci\u00f3n de CA.<\/li>\n<\/ul><\/div>\n<\/p><\/div>\n<\/p><\/div>\n<\/details>\n<p> <!-- Secci\u00f3n de aplicaciones y casos de uso --> <\/p>\n<details style='width: 100%; border: 1px solid rgba(150&comma;150&comma;150&comma;0.3); border-radius: 8px; margin-bottom: 20px;'>\n<summary style='background-color: #0d0d0d; color: white; padding: 10px; font-weight: bold; border-radius: 8px; cursor: pointer;'> <span style='display: inline-block; padding: 0 10px; font-weight: bold; font-size: 16px;'> Aplicaciones y Casos de Uso <\/span> <\/summary>\n<div style='padding: 15px; background-color: rgba(255&comma;255&comma;255&comma;0.05); border-top: 1px solid rgba(150&comma;150&comma;150&comma;0.1);'>\n<div style='display: flex; flex-wrap: wrap; gap: 20px;'>\n<div style='flex: 1 1 250px; min-width: 220px;'>\n<h3 style='font-size: 16px; font-weight: 600; margin-top: 0; margin-bottom: 10px; color: inherit;'>Expansi\u00f3n de Almacenamiento<\/h3>\n<p style='font-size: 14px; margin: 0; color: inherit;'>Ampl\u00eda la capacidad de almacenamiento de los Synology RackStation NAS de 2U de manera sencilla y sin interrupciones.<\/p>\n<\/p><\/div>\n<div style='flex: 1 1 250px; min-width: 220px;'>\n<h3 style='font-size: 16px; font-weight: 600; margin-top: 0; margin-bottom: 10px; color: inherit;'>Copia de Seguridad<\/h3>\n<p style='font-size: 14px; margin: 0; color: inherit;'>Proporciona una soluci\u00f3n de copia de seguridad independiente para proteger los datos en caso de fallos del sistema.<\/p>\n<\/p><\/div>\n<div style='flex: 1 1 250px; min-width: 220px;'>\n<h3 style='font-size: 16px; font-weight: 600; margin-top: 0; margin-bottom: 10px; color: inherit;'>Entornos Empresariales<\/h3>\n<p style='font-size: 14px; margin: 0; color: inherit;'>Ideal para empresas que requieren escalabilidad&comma; fiabilidad y un tiempo de actividad ininterrumpido (especialmente el modelo RX1217RP).<\/p>\n<\/p><\/div>\n<\/p><\/div>\n<\/p><\/div>\n<\/details>\n<p> <!-- CTA final --> <\/p>\n<div style='width: 100%; max-width: 800px; margin: 30px auto; padding: 30px; text-align: center; background-color: rgba(255&comma;255&comma;255&comma;0.05); border-radius: 8px;'>\n<h2 style='font-size: 24px; font-weight: 600; margin: 0 0 15px 0; color: #ffcd00;'>\u00bfListo para Optimizar tu Synology NAS?<\/h2>\n<p style='font-size: 16px; margin: 0 0 20px 0; color: rgba(255&comma;255&comma;255&comma;0.7);'>Conoce toda nuestra l\u00ednea de productos y accesorios compatibles para potenciar tu equipo<\/p>\n<p> <a style='background-color: #f25c05; color: #0d0d0d; font-weight: 600; border: none; padding: 10px 24px; border-radius: 4px; text-decoration: none; display: inline-block;' href='https:\/\/ftp3.syscom.mx\/usuarios\/hallende\/Videos\/Sitio%20en%20construccion.jpg' target='_blank' rel='noopener'> <strong>Descubrir Productos<\/strong> <\/a> <\/div>\n<\/p><\/div>\n","protected":false},"excerpt":{"rendered":"<p>Unidad de Expansi\u00f3n Synology RX1217\/RX1217RP | 12 Bah\u00edas de Disco | Compatible con RackStation 2U | Expansi\u00f3n de Volumen en L\u00ednea | Fuentes de Alimentaci\u00f3n Redundantes (RX1217RP) | Administraci\u00f3n DSM.<\/p>\n","protected":false},"featured_media":74750,"comment_status":"open","ping_status":"closed","template":"","meta":[],"product_brand":[],"product_cat":[2067],"product_tag":[1974,2068,1976],"class_list":{"0":"post-74751","1":"product","2":"type-product","3":"status-publish","4":"has-post-thumbnail","6":"product_cat-servidores-nas","7":"product_tag-almacenamiento","8":"product_tag-servidores-nas","9":"product_tag-synology","11":"first","12":"instock","13":"sale","14":"shipping-taxable","15":"purchasable","16":"product-type-simple"},"_links":{"self":[{"href":"https:\/\/soydeaqui.ddns.net\/pachuca\/index.php\/wp-json\/wp\/v2\/product\/74751","targetHints":{"allow":["GET"]}}],"collection":[{"href":"https:\/\/soydeaqui.ddns.net\/pachuca\/index.php\/wp-json\/wp\/v2\/product"}],"about":[{"href":"https:\/\/soydeaqui.ddns.net\/pachuca\/index.php\/wp-json\/wp\/v2\/types\/product"}],"replies":[{"embeddable":true,"href":"https:\/\/soydeaqui.ddns.net\/pachuca\/index.php\/wp-json\/wp\/v2\/comments?post=74751"}],"wp:featuredmedia":[{"embeddable":true,"href":"https:\/\/soydeaqui.ddns.net\/pachuca\/index.php\/wp-json\/wp\/v2\/media\/74750"}],"wp:attachment":[{"href":"https:\/\/soydeaqui.ddns.net\/pachuca\/index.php\/wp-json\/wp\/v2\/media?parent=74751"}],"wp:term":[{"taxonomy":"product_brand","embeddable":true,"href":"https:\/\/soydeaqui.ddns.net\/pachuca\/index.php\/wp-json\/wp\/v2\/product_brand?post=74751"},{"taxonomy":"product_cat","embeddable":true,"href":"https:\/\/soydeaqui.ddns.net\/pachuca\/index.php\/wp-json\/wp\/v2\/product_cat?post=74751"},{"taxonomy":"product_tag","embeddable":true,"href":"https:\/\/soydeaqui.ddns.net\/pachuca\/index.php\/wp-json\/wp\/v2\/product_tag?post=74751"}],"curies":[{"name":"wp","href":"https:\/\/api.w.org\/{rel}","templated":true}]}}