{"id":74740,"date":"2026-03-19T14:12:24","date_gmt":"2026-03-19T14:12:24","guid":{"rendered":"https:\/\/soydeaqui.ddns.net\/pachuca\/index.php\/producto\/switch-administrable-capa-3-16-puertos-10-100-1000-mbps-2-puertos-sfp-gigabit\/"},"modified":"2026-03-19T14:12:32","modified_gmt":"2026-03-19T14:12:32","slug":"switch-administrable-capa-3-16-puertos-10-100-1000-mbps-2-puertos-sfp-gigabit","status":"publish","type":"product","link":"https:\/\/soydeaqui.ddns.net\/pachuca\/index.php\/producto\/switch-administrable-capa-3-16-puertos-10-100-1000-mbps-2-puertos-sfp-gigabit\/","title":{"rendered":"Switch Administrable Capa 3, 16 puertos 10\/100\/1000 Mbps + 2 puertos SFP Gigabit"},"content":{"rendered":"<div style='width: 100%; max-width: 1200px; margin: 0 auto; font-family: sans-serif; line-height: 1.6; color: inherit; background-color: transparent;'>\n<div style='display: flex; flex-wrap: wrap; gap: 30px; margin-bottom: 30px;'>\n<div style='flex: 1 1 300px; min-width: 280px;'>\n<h3 style='font-size: 22px; border-bottom: 2px solid currentColor; padding-bottom: 5px; margin-top: 0; color: inherit; opacity: 0.8;'>Puertos<\/h3>\n<ul style='padding-left: 20px; font-size: 15px; color: inherit;'>\n<li style='margin-bottom: 5px;'>16 puertos 10\/100\/1000 Mbps<\/li>\n<li style='margin-bottom: 5px;'>2 puertos SFP Gigabit<\/li>\n<li style='margin-bottom: 5px;'>Throughput: 26.8 Mpps<\/li>\n<\/ul><\/div>\n<div style='flex: 1 1 300px; min-width: 280px;'>\n<h3 style='font-size: 22px; border-bottom: 2px solid currentColor; padding-bottom: 5px; margin-top: 0; color: inherit; opacity: 0.8;'>Sistema Operativo<\/h3>\n<ul style='padding-left: 20px; font-size: 15px; color: inherit;'>\n<li style='margin-bottom: 5px;'>AlliedWare Plus\u2122<\/li>\n<\/ul><\/div>\n<div style='flex: 1 1 300px; min-width: 280px;'>\n<h3 style='font-size: 22px; border-bottom: 2px solid currentColor; padding-bottom: 5px; margin-top: 0; color: inherit; opacity: 0.8;'>Administraci\u00f3n<\/h3>\n<ul style='padding-left: 20px; font-size: 15px; color: inherit;'>\n<li style='margin-bottom: 5px;'>Interfaz de l\u00ednea de comandos (CLI)<\/li>\n<li style='margin-bottom: 5px;'>Interfaz gr\u00e1fica de usuario (GUI)<\/li>\n<li style='margin-bottom: 5px;'>Telnet<\/li>\n<li style='margin-bottom: 5px;'>SSH<\/li>\n<li style='margin-bottom: 5px;'>Monitoreo SNMP v1&comma; v2c &#038; v3<\/li>\n<\/ul><\/div>\n<\/p><\/div>\n<div style='display: flex; flex-wrap: wrap; gap: 20px; margin-bottom: 30px;'>\n<div style='flex: 1 1 250px; border: 1px solid rgba(150&comma; 150&comma; 150&comma; 0.4); border-radius: 8px; overflow: hidden; display: flex; flex-direction: column;'>\n<div style='padding: 15px; border-bottom: 1px solid rgba(150&comma; 150&comma; 150&comma; 0.2); font-weight: bold; font-size: 18px; color: inherit;'>Caracter\u00edsticas<\/div>\n<div style='padding: 15px; color: inherit;'>\n<ul style='padding-left: 20px; margin: 0; font-size: 14px; list-style-type: disc;'>\n<li style='margin-bottom: 5px;'>Capa 3<\/li>\n<li style='margin-bottom: 5px;'>Ethernet Protection Switched Ring (EPSRing)<\/li>\n<li style='margin-bottom: 5px;'>Access Control Lists (ACLs)<\/li>\n<li style='margin-bottom: 5px;'>VLAN ACLs<\/li>\n<li style='margin-bottom: 5px;'>Storm protection<\/li>\n<li style='margin-bottom: 5px;'>Loop protection<\/li>\n<li style='margin-bottom: 5px;'>Spanning Tree Protocol (STP)<\/li>\n<li style='margin-bottom: 5px;'>Link Aggregation<\/li>\n<li style='margin-bottom: 5px;'>Bridge Protocol Data Unit (BPDU) protection<\/li>\n<li style='margin-bottom: 5px;'>Tri-authentication<\/li>\n<li style='margin-bottom: 5px;'>Ruteo est\u00e1tico<\/li>\n<li style='margin-bottom: 5px;'>RIP<\/li>\n<li style='margin-bottom: 5px;'>QoS (Quality of Service)<\/li>\n<\/ul><\/div>\n<\/p><\/div>\n<div style='flex: 1 1 250px; border: 1px solid rgba(150&comma; 150&comma; 150&comma; 0.4); border-radius: 8px; overflow: hidden; display: flex; flex-direction: column;'>\n<div style='padding: 15px; border-bottom: 1px solid rgba(150&comma; 150&comma; 150&comma; 0.2); font-weight: bold; font-size: 18px; color: inherit;'>Caracter\u00edsticas F\u00edsicas y El\u00e9ctricas<\/div>\n<div style='padding: 15px; color: inherit;'>\n<ul style='padding-left: 20px; margin: 0; font-size: 14px; list-style-type: disc;'>\n<li style='margin-bottom: 5px;'>Alimentaci\u00f3n: 100-240 VAC&comma; 50-60 Hz&comma; 2.4 A<\/li>\n<li style='margin-bottom: 5px;'>Dimensiones: 1 U Rack&comma; 44 x 341 x 231 mm<\/li>\n<li style='margin-bottom: 5px;'>Peso: 2.4 Kg<\/li>\n<li style='margin-bottom: 5px;'>Temperatura de Operaci\u00f3n: 0\u00b0C a 50\u00b0C<\/li>\n<\/ul><\/div>\n<\/p><\/div>\n<\/p><\/div>\n<div style='margin-bottom: 30px;'>\n<p style='font-size: 15px; color: inherit; margin: 0 0 15px 0;'><strong>Requiere AT-RKMT-J13 para montaje en Rack.<\/strong><\/p>\n<p style='font-size: 15px; color: inherit; margin: 0;'><strong>Allied Telesis garant\u00eda de por vida limitada<\/strong><\/p>\n<\/p><\/div>\n<hr style='border: 0; border-top: 1px solid rgba(150&comma; 150&comma; 150&comma; 0.3); margin: 30px 0;'> <\/div>\n","protected":false},"excerpt":{"rendered":"<p>Switch Administrable Capa 3, 16 puertos 10\/100\/1000 Mbps + 2 puertos SFP Gigabit<\/p>\n","protected":false},"featured_media":74739,"comment_status":"open","ping_status":"closed","template":"","meta":[],"product_brand":[],"product_cat":[1970],"product_tag":[1995,664,1971],"class_list":{"0":"post-74740","1":"product","2":"type-product","3":"status-publish","4":"has-post-thumbnail","6":"product_cat-switches","7":"product_tag-allied-telesis","8":"product_tag-networking","9":"product_tag-switches","11":"first","12":"instock","13":"sale","14":"shipping-taxable","15":"purchasable","16":"product-type-simple"},"_links":{"self":[{"href":"https:\/\/soydeaqui.ddns.net\/pachuca\/index.php\/wp-json\/wp\/v2\/product\/74740","targetHints":{"allow":["GET"]}}],"collection":[{"href":"https:\/\/soydeaqui.ddns.net\/pachuca\/index.php\/wp-json\/wp\/v2\/product"}],"about":[{"href":"https:\/\/soydeaqui.ddns.net\/pachuca\/index.php\/wp-json\/wp\/v2\/types\/product"}],"replies":[{"embeddable":true,"href":"https:\/\/soydeaqui.ddns.net\/pachuca\/index.php\/wp-json\/wp\/v2\/comments?post=74740"}],"wp:featuredmedia":[{"embeddable":true,"href":"https:\/\/soydeaqui.ddns.net\/pachuca\/index.php\/wp-json\/wp\/v2\/media\/74739"}],"wp:attachment":[{"href":"https:\/\/soydeaqui.ddns.net\/pachuca\/index.php\/wp-json\/wp\/v2\/media?parent=74740"}],"wp:term":[{"taxonomy":"product_brand","embeddable":true,"href":"https:\/\/soydeaqui.ddns.net\/pachuca\/index.php\/wp-json\/wp\/v2\/product_brand?post=74740"},{"taxonomy":"product_cat","embeddable":true,"href":"https:\/\/soydeaqui.ddns.net\/pachuca\/index.php\/wp-json\/wp\/v2\/product_cat?post=74740"},{"taxonomy":"product_tag","embeddable":true,"href":"https:\/\/soydeaqui.ddns.net\/pachuca\/index.php\/wp-json\/wp\/v2\/product_tag?post=74740"}],"curies":[{"name":"wp","href":"https:\/\/api.w.org\/{rel}","templated":true}]}}