{"id":74718,"date":"2026-03-19T14:11:34","date_gmt":"2026-03-19T14:11:34","guid":{"rendered":"https:\/\/soydeaqui.ddns.net\/pachuca\/index.php\/producto\/adaptador-para-telefono-analogico-ata-de-1-puerto-fxs-disenado-para-conectar-sus-dispositivos-analogicos-a-una-red-voip\/"},"modified":"2026-03-19T14:11:40","modified_gmt":"2026-03-19T14:11:40","slug":"adaptador-para-telefono-analogico-ata-de-1-puerto-fxs-disenado-para-conectar-sus-dispositivos-analogicos-a-una-red-voip","status":"publish","type":"product","link":"https:\/\/soydeaqui.ddns.net\/pachuca\/index.php\/producto\/adaptador-para-telefono-analogico-ata-de-1-puerto-fxs-disenado-para-conectar-sus-dispositivos-analogicos-a-una-red-voip\/","title":{"rendered":"Adaptador para tel\u00e9fono anal\u00f3gico (ATA) de 1 puerto FXS, dise\u00f1ado para conectar sus dispositivos anal\u00f3gicos a una red VoIP"},"content":{"rendered":"<div style='width: 100%; max-width: 1200px; margin: 0 auto; font-family: sans-serif; line-height: 1.6; color: inherit; background-color: transparent;'> <!-- Secci\u00f3n de descripci\u00f3n principal --> <\/p>\n<div style='margin-bottom: 30px; font-size: 15px; color: inherit;'>\n<p>El HT801 es un adaptador de tel\u00e9fono anal\u00f3gico (ATA) de un solo puerto que permite a los usuarios crear una soluci\u00f3n de telefon\u00eda IP manejable y de alta calidad para entornos residenciales y de oficinas. Su tama\u00f1o ultra compacto&comma; calidad de voz&comma; funcionalidad avanzada de VoIP&comma; protecci\u00f3n de seguridad y opciones de aprovisionamiento autom\u00e1tico permiten a los usuarios sacar provecho de VoIP en los tel\u00e9fonos anal\u00f3gicos.<\/p>\n<p>Tambi\u00e9n permite que los proveedores de servicios ofrezcan servicio IP de alta calidad a su mercado. El HT801 es un ATA ideal para uso individual&comma; as\u00ed como despliegues de voz IP comerciales en todo el mundo.<\/p>\n<\/p><\/div>\n<p> <!-- Secci\u00f3n de interfaces --> <\/p>\n<div style='display: flex; flex-wrap: wrap; gap: 30px; margin-bottom: 30px;'>\n<div style='flex: 1 1 300px; min-width: 280px;'>\n<h3 style='font-size: 22px; border-bottom: 2px solid currentColor; padding-bottom: 5px; margin-top: 0; color: inherit; opacity: 0.8;'>Interfaces<\/h3>\n<ul style='padding-left: 20px; font-size: 15px; color: inherit;'>\n<li style='margin-bottom: 5px;'>1 Puerto FXS (RJ-11) para la conexi\u00f3n de un tel\u00e9fono anal\u00f3gico convencional<\/li>\n<li style='margin-bottom: 5px;'>Puerto ethernet 10\/100 Mbps (RJ-45)<\/li>\n<li style='margin-bottom: 5px;'>LED\u2019s indicadores para Adaptador&comma; internet&comma; Tel\u00e9fono y Estado de la l\u00ednea<\/li>\n<li style='margin-bottom: 5px;'>Bot\u00f3n de reset posterior<\/li>\n<\/ul><\/div>\n<p> <!-- Secci\u00f3n de voz&comma; fax y m\u00f3dem --> <\/p>\n<div style='flex: 1 1 300px; min-width: 280px;'>\n<h3 style='font-size: 22px; border-bottom: 2px solid currentColor; padding-bottom: 5px; margin-top: 0; color: inherit; opacity: 0.8;'>Voz&comma; fax y m\u00f3dem<\/h3>\n<ul style='padding-left: 20px; font-size: 15px; color: inherit;'>\n<li style='margin-bottom: 5px;'>1 L\u00ednea&comma; 1 cuenta SIP y conferencia de 3 v\u00edas<\/li>\n<li style='margin-bottom: 5px;'>Funciones de telefon\u00eda: Identificador de llamadas con bloqueo&comma; llamada en espera&comma; doble l\u00ednea&comma; transferencia atendida o ciega (Blind)&comma; reenv\u00edo (Forward)&comma; espera (HOLD)&comma; no molestar<\/li>\n<li style='margin-bottom: 5px;'>Fax sobre IP: Compatible con protocolo T.38 para Fax hasta 14.4 kbps<\/li>\n<li style='margin-bottom: 5px;'>C\u00f3decs de voz: G.711 con Annex I (PLC) y Annex II (VAD\/CNG)&comma; G.723.1&comma; G.729A\/B&comma; G.726&comma; iLBC&comma; dynamic jitter buffer&comma; cancelaci\u00f3n de eco de l\u00ednea<\/li>\n<\/ul><\/div>\n<\/p><\/div>\n<p> <!-- Secci\u00f3n de administraci\u00f3n y seguridad --> <\/p>\n<div style='display: flex; flex-wrap: wrap; gap: 30px; margin-bottom: 30px;'>\n<div style='flex: 1 1 300px; min-width: 280px;'>\n<h3 style='font-size: 22px; border-bottom: 2px solid currentColor; padding-bottom: 5px; margin-top: 0; color: inherit; opacity: 0.8;'>Administraci\u00f3n y seguridad<\/h3>\n<ul style='padding-left: 20px; font-size: 15px; color: inherit;'>\n<li style='margin-bottom: 5px;'>Failover en caso de que Servidor SIP principal pierde conexi\u00f3n se cambia autom\u00e1ticamente a Servidor secundario<\/li>\n<li style='margin-bottom: 5px;'>Compatible con SYSLOG&comma; Telnet y administraci\u00f3n remota usando navegador web<\/li>\n<li style='margin-bottom: 5px;'>Seguridad SRTP&comma; TLS&comma; SIPS&comma; HTTPS<\/li>\n<li style='margin-bottom: 5px;'>QoS de Capa 3 (ToS&comma; Di Serv&comma; MPLS)<\/li>\n<\/ul><\/div>\n<p> <!-- Secci\u00f3n de conformidad --> <\/p>\n<div style='flex: 1 1 300px; min-width: 280px;'>\n<h3 style='font-size: 22px; border-bottom: 2px solid currentColor; padding-bottom: 5px; margin-top: 0; color: inherit; opacity: 0.8;'>Conformidad<\/h3>\n<ul style='padding-left: 20px; font-size: 15px; color: inherit;'>\n<li style='margin-bottom: 5px;'>FCC (Parte 15B)&comma; AS\/NZS CISPR22&comma; CISPR24&comma; CE&comma; EN55022&comma; EN55024&comma; EN60950&comma; EN61000-3-2&comma; EN61000-3-3&comma; UL (adaptador de corriente)<\/li>\n<\/ul><\/div>\n<\/p><\/div>\n<p> <!-- Secci\u00f3n de caracter\u00edsticas f\u00edsicas y el\u00e9ctricas --> <\/p>\n<div style='display: flex; flex-wrap: wrap; gap: 30px; margin-bottom: 30px;'>\n<div style='flex: 1 1 300px; min-width: 280px;'>\n<h3 style='font-size: 22px; border-bottom: 2px solid currentColor; padding-bottom: 5px; margin-top: 0; color: inherit; opacity: 0.8;'>Caracter\u00edsticas f\u00edsicas y el\u00e9ctricas<\/h3>\n<ul style='padding-left: 20px; font-size: 15px; color: inherit;'>\n<li style='margin-bottom: 5px;'>Rango de temperatura soportado: 0\u00b0C hasta 40\u00b0C<\/li>\n<li style='margin-bottom: 5px;'>Alimentaci\u00f3n: 5.0 Vcc&comma; 1.0 A<\/li>\n<li style='margin-bottom: 5px;'>Dimensiones: 100 x 100 x 29.5 mm<\/li>\n<li style='margin-bottom: 5px;'>Peso: 102 kg<\/li>\n<\/ul><\/div>\n<\/p><\/div>\n<p> <!-- Separador final --> <\/p>\n<hr style='border: 0; border-top: 1px solid rgba(150&comma; 150&comma; 150&comma; 0.3); margin: 30px 0;'> <\/div>\n","protected":false},"excerpt":{"rendered":"<p>Adaptador para tel\u00e9fono anal\u00f3gico (ATA) de 1 puerto FXS, dise\u00f1ado para conectar sus dispositivos anal\u00f3gicos a una red VoIP<\/p>\n","protected":false},"featured_media":74717,"comment_status":"open","ping_status":"closed","template":"","meta":[],"product_brand":[],"product_cat":[2070],"product_tag":[2071,909,2004],"class_list":{"0":"post-74718","1":"product","2":"type-product","3":"status-publish","4":"has-post-thumbnail","6":"product_cat-gateways-y-atas","7":"product_tag-gateways-y-atas","8":"product_tag-grandstream","9":"product_tag-voip-telefonia-ip-videoconferencia","11":"first","12":"outofstock","13":"sale","14":"shipping-taxable","15":"purchasable","16":"product-type-simple"},"_links":{"self":[{"href":"https:\/\/soydeaqui.ddns.net\/pachuca\/index.php\/wp-json\/wp\/v2\/product\/74718","targetHints":{"allow":["GET"]}}],"collection":[{"href":"https:\/\/soydeaqui.ddns.net\/pachuca\/index.php\/wp-json\/wp\/v2\/product"}],"about":[{"href":"https:\/\/soydeaqui.ddns.net\/pachuca\/index.php\/wp-json\/wp\/v2\/types\/product"}],"replies":[{"embeddable":true,"href":"https:\/\/soydeaqui.ddns.net\/pachuca\/index.php\/wp-json\/wp\/v2\/comments?post=74718"}],"wp:featuredmedia":[{"embeddable":true,"href":"https:\/\/soydeaqui.ddns.net\/pachuca\/index.php\/wp-json\/wp\/v2\/media\/74717"}],"wp:attachment":[{"href":"https:\/\/soydeaqui.ddns.net\/pachuca\/index.php\/wp-json\/wp\/v2\/media?parent=74718"}],"wp:term":[{"taxonomy":"product_brand","embeddable":true,"href":"https:\/\/soydeaqui.ddns.net\/pachuca\/index.php\/wp-json\/wp\/v2\/product_brand?post=74718"},{"taxonomy":"product_cat","embeddable":true,"href":"https:\/\/soydeaqui.ddns.net\/pachuca\/index.php\/wp-json\/wp\/v2\/product_cat?post=74718"},{"taxonomy":"product_tag","embeddable":true,"href":"https:\/\/soydeaqui.ddns.net\/pachuca\/index.php\/wp-json\/wp\/v2\/product_tag?post=74718"}],"curies":[{"name":"wp","href":"https:\/\/api.w.org\/{rel}","templated":true}]}}