{"id":74708,"date":"2026-03-19T14:11:07","date_gmt":"2026-03-19T14:11:07","guid":{"rendered":"https:\/\/soydeaqui.ddns.net\/pachuca\/index.php\/producto\/montaje-para-antenas-jrmb-900-6-mimo-jrc-32dd-duplexpre-jrma0-380-10-11\/"},"modified":"2026-03-19T14:11:29","modified_gmt":"2026-03-19T14:11:29","slug":"montaje-para-antenas-jrmb-900-6-mimo-jrc-32dd-duplexpre-jrma0-380-10-11","status":"publish","type":"product","link":"https:\/\/soydeaqui.ddns.net\/pachuca\/index.php\/producto\/montaje-para-antenas-jrmb-900-6-mimo-jrc-32dd-duplexpre-jrma0-380-10-11\/","title":{"rendered":"Montaje para antenas JRMB-900-6-MIMO \/ JRC-32DD-DUPLEXPRE \/ JRMA0-380-10\/11"},"content":{"rendered":"<div style='width: 100%; max-width: 1200px; margin: 0 auto; font-family: sans-serif; line-height: 1.6; color: inherit; background-color: transparent;'> <!-- Secci\u00f3n de caracter\u00edsticas --> <\/p>\n<div style='display: flex; flex-wrap: wrap; gap: 30px; margin-bottom: 30px;'>\n<div style='flex: 1 1 300px; min-width: 280px;'>\n<h3 style='font-size: 22px; border-bottom: 2px solid currentColor; padding-bottom: 5px; margin-top: 0; color: inherit; opacity: 0.8;'>Caracter\u00edsticas<\/h3>\n<ul style='padding-left: 20px; font-size: 15px; color: inherit; list-style-type: disc;'>\n<li style='margin-bottom: 5px;'>Compatible con antenas JRMA038010\/11 y JRMA068010\/11<\/li>\n<li style='margin-bottom: 5px;'>Soporte dise\u00f1ado para una f\u00e1cil manipulaci\u00f3n y estabilidad<\/li>\n<li style='margin-bottom: 5px;'>Ajuste fino en elevaci\u00f3n y azimuth<\/li>\n<li style='margin-bottom: 5px;'>Para la torniller\u00eda se necesita una llave inglesa No. 17<\/li>\n<li style='margin-bottom: 5px;'>Acero inoxidable<\/li>\n<li style='margin-bottom: 5px;'>Instalaci\u00f3n en m\u00e1stil de 40 a 120 mm<\/li>\n<li style='margin-bottom: 5px;'>Ajuste fino en azimuth \u00b1 20\u00b0<\/li>\n<li style='margin-bottom: 5px;'>Ajuste fino en elevaci\u00f3n \u00b1 20\u00b0<\/li>\n<\/ul><\/div>\n<\/p><\/div>\n<p> <!-- Separador --> <\/p>\n<hr style='border: 0; border-top: 1px solid rgba(150&comma; 150&comma; 150&comma; 0.3); margin: 30px 0;'> <\/div>\n","protected":false},"excerpt":{"rendered":"<p>Montaje para antenas JRMB-900-6-MIMO \/ JRC-32DD-DUPLEXPRE \/ JRMA0-380-10\/11<\/p>\n","protected":false},"featured_media":74707,"comment_status":"open","ping_status":"closed","template":"","meta":[],"product_brand":[],"product_cat":[1983],"product_tag":[93,1404,1936],"class_list":{"0":"post-74708","1":"product","2":"type-product","3":"status-publish","4":"has-post-thumbnail","6":"product_cat-accesorios-antenas-redes-e-it","7":"product_tag-accesorios","8":"product_tag-antenas","9":"product_tag-jirous","11":"first","12":"instock","13":"sale","14":"shipping-taxable","15":"purchasable","16":"product-type-simple"},"_links":{"self":[{"href":"https:\/\/soydeaqui.ddns.net\/pachuca\/index.php\/wp-json\/wp\/v2\/product\/74708","targetHints":{"allow":["GET"]}}],"collection":[{"href":"https:\/\/soydeaqui.ddns.net\/pachuca\/index.php\/wp-json\/wp\/v2\/product"}],"about":[{"href":"https:\/\/soydeaqui.ddns.net\/pachuca\/index.php\/wp-json\/wp\/v2\/types\/product"}],"replies":[{"embeddable":true,"href":"https:\/\/soydeaqui.ddns.net\/pachuca\/index.php\/wp-json\/wp\/v2\/comments?post=74708"}],"wp:featuredmedia":[{"embeddable":true,"href":"https:\/\/soydeaqui.ddns.net\/pachuca\/index.php\/wp-json\/wp\/v2\/media\/74707"}],"wp:attachment":[{"href":"https:\/\/soydeaqui.ddns.net\/pachuca\/index.php\/wp-json\/wp\/v2\/media?parent=74708"}],"wp:term":[{"taxonomy":"product_brand","embeddable":true,"href":"https:\/\/soydeaqui.ddns.net\/pachuca\/index.php\/wp-json\/wp\/v2\/product_brand?post=74708"},{"taxonomy":"product_cat","embeddable":true,"href":"https:\/\/soydeaqui.ddns.net\/pachuca\/index.php\/wp-json\/wp\/v2\/product_cat?post=74708"},{"taxonomy":"product_tag","embeddable":true,"href":"https:\/\/soydeaqui.ddns.net\/pachuca\/index.php\/wp-json\/wp\/v2\/product_tag?post=74708"}],"curies":[{"name":"wp","href":"https:\/\/api.w.org\/{rel}","templated":true}]}}