{"id":74682,"date":"2026-03-19T14:10:09","date_gmt":"2026-03-19T14:10:09","guid":{"rendered":"https:\/\/soydeaqui.ddns.net\/pachuca\/index.php\/producto\/switch-capa-3-stackeable-10-gigabit-12-puertos-100-1000-10g-base-t-rj-45-y-4-puertos-sfp-sfp-10g\/"},"modified":"2026-03-19T14:10:17","modified_gmt":"2026-03-19T14:10:17","slug":"switch-capa-3-stackeable-10-gigabit-12-puertos-100-1000-10g-base-t-rj-45-y-4-puertos-sfp-sfp-10g","status":"publish","type":"product","link":"https:\/\/soydeaqui.ddns.net\/pachuca\/index.php\/producto\/switch-capa-3-stackeable-10-gigabit-12-puertos-100-1000-10g-base-t-rj-45-y-4-puertos-sfp-sfp-10g\/","title":{"rendered":"Switch Capa 3 Stackeable 10 Gigabit , 12 puertos 100\/1000\/10G Base-T (RJ-45)  y 4 puertos SFP\/SFP+ 10G"},"content":{"rendered":"<div style='width: 100%; max-width: 1200px; margin: 0 auto; font-family: sans-serif; line-height: 1.6; color: inherit; background-color: transparent;'>\n<div style='display: flex; flex-wrap: wrap; gap: 30px; margin-bottom: 30px;'>\n<div style='flex: 1 1 300px; min-width: 280px;'>\n<h3 style='font-size: 22px; border-bottom: 2px solid currentColor; padding-bottom: 5px; margin-top: 0; color: inherit; opacity: 0.8;'>Descripci\u00f3n General<\/h3>\n<p style='font-size: 15px; color: inherit;'> Los switches XS916MXT y XS916MXS ofrecen un costo efectivo&comma; conectividad de alta velocidad 10G para servidores y almacenamiento y soporte 100\/1000 conexiones para redes existentes. La Serie XS900MX es ideal para una red altamente flexible y fiable&comma; que se puede escalar f\u00e1cilmente para satisfacer las crecientes demandas de tr\u00e1fico. <\/p>\n<\/p><\/div>\n<\/p><\/div>\n<div style='display: flex; flex-wrap: wrap; gap: 20px; margin-bottom: 30px;'>\n<div style='flex: 1 1 250px; border: 1px solid rgba(150&comma; 150&comma; 150&comma; 0.4); border-radius: 8px; overflow: hidden; display: flex; flex-direction: column;'>\n<div style='padding: 15px; border-bottom: 1px solid rgba(150&comma; 150&comma; 150&comma; 0.2); font-weight: bold; font-size: 18px; color: inherit;'>Puertos<\/div>\n<div style='padding: 15px; color: inherit;'>\n<ul style='padding-left: 20px; margin: 0; font-size: 14px; list-style-type: disc;'>\n<li style='margin-bottom: 5px;'>12 puertos 100\/1000\/10G Base-T (RJ-45)<\/li>\n<li style='margin-bottom: 5px;'>4 puertos 10G SFP\/SFP+<\/li>\n<li style='margin-bottom: 5px;'>Throughput: 238Mpps<\/li>\n<\/ul><\/div>\n<\/p><\/div>\n<div style='flex: 1 1 250px; border: 1px solid rgba(150&comma; 150&comma; 150&comma; 0.4); border-radius: 8px; overflow: hidden; display: flex; flex-direction: column;'>\n<div style='padding: 15px; border-bottom: 1px solid rgba(150&comma; 150&comma; 150&comma; 0.2); font-weight: bold; font-size: 18px; color: inherit;'>Sistema Operativo<\/div>\n<div style='padding: 15px; color: inherit;'>\n<ul style='padding-left: 20px; margin: 0; font-size: 14px; list-style-type: disc;'>\n<li style='margin-bottom: 5px;'>AlliedWare Plus\u2122<\/li>\n<\/ul><\/div>\n<\/p><\/div>\n<div style='flex: 1 1 250px; border: 1px solid rgba(150&comma; 150&comma; 150&comma; 0.4); border-radius: 8px; overflow: hidden; display: flex; flex-direction: column;'>\n<div style='padding: 15px; border-bottom: 1px solid rgba(150&comma; 150&comma; 150&comma; 0.2); font-weight: bold; font-size: 18px; color: inherit;'>Administraci\u00f3n<\/div>\n<div style='padding: 15px; color: inherit;'>\n<ul style='padding-left: 20px; margin: 0; font-size: 14px; list-style-type: disc;'>\n<li style='margin-bottom: 5px;'>Interfaz de l\u00ednea de comandos (CLI)<\/li>\n<li style='margin-bottom: 5px;'>Telnet<\/li>\n<li style='margin-bottom: 5px;'>SSH<\/li>\n<li style='margin-bottom: 5px;'>Monitoreo SNMP v1&comma; v2c &#038; v3<\/li>\n<\/ul><\/div>\n<\/p><\/div>\n<div style='flex: 1 1 250px; border: 1px solid rgba(150&comma; 150&comma; 150&comma; 0.4); border-radius: 8px; overflow: hidden; display: flex; flex-direction: column;'>\n<div style='padding: 15px; border-bottom: 1px solid rgba(150&comma; 150&comma; 150&comma; 0.2); font-weight: bold; font-size: 18px; color: inherit;'>Caracter\u00edsticas<\/div>\n<div style='padding: 15px; color: inherit;'>\n<ul style='padding-left: 20px; margin: 0; font-size: 14px; list-style-type: disc;'>\n<li style='margin-bottom: 5px;'>Allied Telesis Autonomous Management Framework<sup>TM<\/sup> supports auto-recovery&comma; zero-touch configuration&comma; and auto-backup<\/li>\n<li style='margin-bottom: 5px;'>Ethernet Protection Switched Ring (EPSRing)<\/li>\n<li style='margin-bottom: 5px;'>Industry-leading Quality of Service (QoS)<\/li>\n<li style='margin-bottom: 5px;'>Loop protection<\/li>\n<li style='margin-bottom: 5px;'>Access Control Lists (ACLs)<\/li>\n<li style='margin-bottom: 5px;'>VLAN ACLs<\/li>\n<li style='margin-bottom: 5px;'>Voice VLAN<\/li>\n<li style='margin-bottom: 5px;'>Active Fiber Monitoring<\/li>\n<li style='margin-bottom: 5px;'>Link Aggregation<\/li>\n<li style='margin-bottom: 5px;'>Tri-authentication<\/li>\n<li style='margin-bottom: 5px;'>VLAN Mirroring (RSPAN)<\/li>\n<li style='margin-bottom: 5px;'>RIP and static routing<\/li>\n<\/ul><\/div>\n<\/p><\/div>\n<div style='flex: 1 1 250px; border: 1px solid rgba(150&comma; 150&comma; 150&comma; 0.4); border-radius: 8px; overflow: hidden; display: flex; flex-direction: column;'>\n<div style='padding: 15px; border-bottom: 1px solid rgba(150&comma; 150&comma; 150&comma; 0.2); font-weight: bold; font-size: 18px; color: inherit;'>Caracter\u00edsticas F\u00edsicas y El\u00e9ctricas<\/div>\n<div style='padding: 15px; color: inherit;'>\n<ul style='padding-left: 20px; margin: 0; font-size: 14px; list-style-type: disc;'>\n<li style='margin-bottom: 5px;'>Alimentaci\u00f3n: 100-240 VAC&comma; 47-63Hz<\/li>\n<li style='margin-bottom: 5px;'>Dimensiones: 1 U Rack&comma; 43 x 323 x 210 mm<\/li>\n<li style='margin-bottom: 5px;'>Peso: 2.8 kg<\/li>\n<li style='margin-bottom: 5px;'>Temperatura de Operaci\u00f3n: 0\u00b0C a 50\u00b0C<\/li>\n<\/ul><\/div>\n<\/p><\/div>\n<div style='flex: 1 1 250px; border: 1px solid rgba(150&comma; 150&comma; 150&comma; 0.4); border-radius: 8px; overflow: hidden; display: flex; flex-direction: column;'>\n<div style='padding: 15px; border-bottom: 1px solid rgba(150&comma; 150&comma; 150&comma; 0.2); font-weight: bold; font-size: 18px; color: inherit;'>Garant\u00eda<\/div>\n<div style='padding: 15px; color: inherit;'>\n<p style='font-size: 14px; margin: 0; color: inherit;'> Garant\u00eda 1 a\u00f1o&comma; para un a\u00f1o adicional registra el producto en el siguiente link: <br \/> <a href='http:\/\/www.alliedtelesis.com\/support\/maintenance-and-warranty\/register' style='color: inherit; text-decoration: underline;' target='_blank' rel='noopener noreferrer'> http:\/\/www.alliedtelesis.com\/support\/maintenance-and-warranty\/register <\/a> <\/p>\n<\/p><\/div>\n<\/p><\/div>\n<\/p><\/div>\n<hr style='border: 0; border-top: 1px solid rgba(150&comma; 150&comma; 150&comma; 0.3); margin: 30px 0;'> <\/div>\n","protected":false},"excerpt":{"rendered":"<p>Switch Capa 3 Stackeable 10 Gigabit , 12 puertos 100\/1000\/10G Base-T (RJ-45)  y 4 puertos SFP\/SFP+ 10G<\/p>\n","protected":false},"featured_media":74681,"comment_status":"open","ping_status":"closed","template":"","meta":[],"product_brand":[],"product_cat":[1970],"product_tag":[1995,664,1971],"class_list":{"0":"post-74682","1":"product","2":"type-product","3":"status-publish","4":"has-post-thumbnail","6":"product_cat-switches","7":"product_tag-allied-telesis","8":"product_tag-networking","9":"product_tag-switches","11":"first","12":"instock","13":"sale","14":"shipping-taxable","15":"purchasable","16":"product-type-simple"},"_links":{"self":[{"href":"https:\/\/soydeaqui.ddns.net\/pachuca\/index.php\/wp-json\/wp\/v2\/product\/74682","targetHints":{"allow":["GET"]}}],"collection":[{"href":"https:\/\/soydeaqui.ddns.net\/pachuca\/index.php\/wp-json\/wp\/v2\/product"}],"about":[{"href":"https:\/\/soydeaqui.ddns.net\/pachuca\/index.php\/wp-json\/wp\/v2\/types\/product"}],"replies":[{"embeddable":true,"href":"https:\/\/soydeaqui.ddns.net\/pachuca\/index.php\/wp-json\/wp\/v2\/comments?post=74682"}],"wp:featuredmedia":[{"embeddable":true,"href":"https:\/\/soydeaqui.ddns.net\/pachuca\/index.php\/wp-json\/wp\/v2\/media\/74681"}],"wp:attachment":[{"href":"https:\/\/soydeaqui.ddns.net\/pachuca\/index.php\/wp-json\/wp\/v2\/media?parent=74682"}],"wp:term":[{"taxonomy":"product_brand","embeddable":true,"href":"https:\/\/soydeaqui.ddns.net\/pachuca\/index.php\/wp-json\/wp\/v2\/product_brand?post=74682"},{"taxonomy":"product_cat","embeddable":true,"href":"https:\/\/soydeaqui.ddns.net\/pachuca\/index.php\/wp-json\/wp\/v2\/product_cat?post=74682"},{"taxonomy":"product_tag","embeddable":true,"href":"https:\/\/soydeaqui.ddns.net\/pachuca\/index.php\/wp-json\/wp\/v2\/product_tag?post=74682"}],"curies":[{"name":"wp","href":"https:\/\/api.w.org\/{rel}","templated":true}]}}