{"id":7468,"date":"2026-03-18T06:56:46","date_gmt":"2026-03-18T06:56:46","guid":{"rendered":"https:\/\/soydeaqui.ddns.net\/pachuca\/index.php\/producto\/control-remoto-inalambrico-pico-con-escenas-predefinidas-para-espacio-en-cocina\/"},"modified":"2026-03-18T06:56:50","modified_gmt":"2026-03-18T06:56:50","slug":"control-remoto-inalambrico-pico-con-escenas-predefinidas-para-espacio-en-cocina","status":"publish","type":"product","link":"https:\/\/soydeaqui.ddns.net\/pachuca\/index.php\/producto\/control-remoto-inalambrico-pico-con-escenas-predefinidas-para-espacio-en-cocina\/","title":{"rendered":"Control remoto inalambrico PICO, con escenas predefinidas para espacio en cocina."},"content":{"rendered":"<div style='width: 100%; max-width: 1200px; margin: 0 auto; font-family: sans-serif; line-height: 1.6; color: inherit; background-color: transparent;'>\n<div style='display: flex; flex-wrap: wrap; gap: 30px; margin-bottom: 30px;'>\n<div style='flex: 1 1 300px; min-width: 280px;'>\n<h3 style='font-size: 22px; border-bottom: 2px solid currentColor; padding-bottom: 5px; margin-top: 0; color: inherit; opacity: 0.8;'>Descripci\u00f3n<\/h3>\n<ul style='padding-left: 20px; font-size: 15px; color: inherit;'>\n<li style='margin-bottom: 5px;'>Control inal\u00e1mbrico PICO con escenas predefinidas para espacio en cocina<\/li>\n<li style='margin-bottom: 5px;'>Compatible con sistemas Caseta Wireless&comma; RA2 Select y RadioRa2<\/li>\n<li style='margin-bottom: 5px;'>Control de iluminaci\u00f3n&comma; persianas&comma; cortinas y dispositivos de sombra<\/li>\n<li style='margin-bottom: 5px;'>Bater\u00eda CR2032 con vida \u00fatil de 10 a\u00f1os<\/li>\n<\/ul>\n<\/div>\n<div style='flex: 1 1 300px; min-width: 280px;'>\n<h3 style='font-size: 22px; border-bottom: 2px solid currentColor; padding-bottom: 5px; margin-top: 0; color: inherit; opacity: 0.8;'>Caracter\u00edsticas t\u00e9cnicas<\/h3>\n<ul style='padding-left: 20px; font-size: 15px; color: inherit;'>\n<li style='margin-bottom: 5px;'><strong>Tensi\u00f3n de operaci\u00f3n:<\/strong> 3V<\/li>\n<li style='margin-bottom: 5px;'><strong>Frecuencia:<\/strong> 431-437 MHz<\/li>\n<li style='margin-bottom: 5px;'><strong>Rango:<\/strong> 30 ft (9m) a trav\u00e9s de paredes&comma; 60 ft (18m) l\u00ednea de vista<\/li>\n<li style='margin-bottom: 5px;'><strong>Temperatura operaci\u00f3n:<\/strong> 32\u00b0F a 140\u00b0F (0\u00b0C a 60\u00b0C)<\/li>\n<li style='margin-bottom: 5px;'><strong>Humedad m\u00e1xima:<\/strong> 90% sin condensaci\u00f3n<\/li>\n<\/ul>\n<\/div>\n<\/div>\n<div style='display: flex; flex-wrap: wrap; gap: 20px; margin-bottom: 30px;'>\n<div style='flex: 1 1 250px; border: 1px solid rgba(150&comma; 150&comma; 150&comma; 0.4); border-radius: 8px; overflow: hidden; display: flex; flex-direction: column;'>\n<div style='padding: 15px; border-bottom: 1px solid rgba(150&comma; 150&comma; 150&comma; 0.2); font-weight: bold; font-size: 18px; color: inherit;'>Configuraci\u00f3n<\/div>\n<div style='padding: 15px; color: inherit;'>\n<ul style='padding-left: 20px; margin: 0; font-size: 14px; list-style-type: disc;'>\n<li style='margin-bottom: 5px;'>Configurable como control remoto&comma; montaje en pared&comma; visor de auto o control de escritorio<\/li>\n<li style='margin-bottom: 5px;'>Requiere adaptador para montaje en superficies met\u00e1licas<\/li>\n<li style='margin-bottom: 5px;'>Opciones de montaje disponibles por separado<\/li>\n<\/ul>\n<\/div>\n<\/div>\n<div style='flex: 1 1 250px; border: 1px solid rgba(150&comma; 150&comma; 150&comma; 0.4); border-radius: 8px; overflow: hidden; display: flex; flex-direction: column;'>\n<div style='padding: 15px; border-bottom: 1px solid rgba(150&comma; 150&comma; 150&comma; 0.2); font-weight: bold; font-size: 18px; color: inherit;'>Compatibilidad<\/div>\n<div style='padding: 15px; color: inherit;'>\n<ul style='padding-left: 20px; margin: 0; font-size: 14px; list-style-type: disc;'>\n<li style='margin-bottom: 5px;'>Caseta Wireless<\/li>\n<li style='margin-bottom: 5px;'>RA2 Select<\/li>\n<li style='margin-bottom: 5px;'>RadioRa2<\/li>\n<li style='margin-bottom: 5px;'>Serena RF<\/li>\n<li style='margin-bottom: 5px;'>Sivoia QS<\/li>\n<li style='margin-bottom: 5px;'>GRAFIK Eye QS<\/li>\n<li style='margin-bottom: 5px;'>HomeWorks QS<\/li>\n<\/ul>\n<\/div>\n<\/div>\n<div style='flex: 1 1 250px; border: 1px solid rgba(150&comma; 150&comma; 150&comma; 0.4); border-radius: 8px; overflow: hidden; display: flex; flex-direction: column;'>\n<div style='padding: 15px; border-bottom: 1px solid rgba(150&comma; 150&comma; 150&comma; 0.2); font-weight: bold; font-size: 18px; color: inherit;'>Modelo PJ24BGWHP02<\/div>\n<div style='padding: 15px; color: inherit;'>\n<ul style='padding-left: 20px; margin: 0; font-size: 14px; list-style-type: disc;'>\n<li style='margin-bottom: 5px;'><strong>Botones:<\/strong> 3 con Raise\/Lower<\/li>\n<li style='margin-bottom: 5px;'><strong>Color:<\/strong> Blanco<\/li>\n<li style='margin-bottom: 5px;'><strong>Marca de botones:<\/strong> Luz&comma; Sombra (iconos)<\/li>\n<li style='margin-bottom: 5px;'><strong>C\u00f3digo de frecuencia:<\/strong> J (431.0-437.0 MHz)<\/li>\n<\/ul>\n<\/div>\n<\/div>\n<\/div>\n<hr style='border: 0; border-top: 1px solid rgba(150&comma; 150&comma; 150&comma; 0.3); margin: 30px 0;'>\n<div style='display: flex; flex-wrap: wrap; gap: 20px; margin-bottom: 30px;'>\n<div style='flex: 1 1 250px; border: 1px solid rgba(150&comma; 150&comma; 150&comma; 0.4); border-radius: 8px; overflow: hidden; display: flex; flex-direction: column;'>\n<div style='padding: 15px; border-bottom: 1px solid rgba(150&comma; 150&comma; 150&comma; 0.2); font-weight: bold; font-size: 18px; color: inherit;'>Dimensiones<\/div>\n<div style='padding: 15px; color: inherit;'>\n<ul style='padding-left: 20px; margin: 0; font-size: 14px; list-style-type: disc;'>\n<li style='margin-bottom: 5px;'>2.6&#8242; (66mm) de alto<\/li>\n<li style='margin-bottom: 5px;'>0.31&#8242; (8mm) de grosor<\/li>\n<li style='margin-bottom: 5px;'>1.30&#8242; (33mm) de ancho<\/li>\n<\/ul>\n<\/div>\n<\/div>\n<div style='flex: 1 1 250px; border: 1px solid rgba(150&comma; 150&comma; 150&comma; 0.4); border-radius: 8px; overflow: hidden; display: flex; flex-direction: column;'>\n<div style='padding: 15px; border-bottom: 1px solid rgba(150&comma; 150&comma; 150&comma; 0.2); font-weight: bold; font-size: 18px; color: inherit;'>Certificaciones<\/div>\n<div style='padding: 15px; color: inherit;'>\n<ul style='padding-left: 20px; margin: 0; font-size: 14px; list-style-type: disc;'>\n<li style='margin-bottom: 5px;'>FCC Certified (U.S.A.)<\/li>\n<li style='margin-bottom: 5px;'>IC Certified (Canada)<\/li>\n<li style='margin-bottom: 5px;'>COFETEL Certified (Mexico)<\/li>\n<li style='margin-bottom: 5px;'>SUTEL Certified (Costa Rica)<\/li>\n<li style='margin-bottom: 5px;'>Anatel Certified (Brazil)<\/li>\n<\/ul>\n<\/div>\n<\/div>\n<div style='flex: 1 1 250px; border: 1px solid rgba(150&comma; 150&comma; 150&comma; 0.4); border-radius: 8px; overflow: hidden; display: flex; flex-direction: column;'>\n<div style='padding: 15px; border-bottom: 1px solid rgba(150&comma; 150&comma; 150&comma; 0.2); font-weight: bold; font-size: 18px; color: inherit;'>Garant\u00eda<\/div>\n<div style='padding: 15px; color: inherit;'>\n<ul style='padding-left: 20px; margin: 0; font-size: 14px; list-style-type: disc;'>\n<li style='margin-bottom: 5px;'>1 a\u00f1o de garant\u00eda limitada<\/li>\n<\/ul>\n<\/div>\n<\/div>\n<\/div>\n<hr style='border: 0; border-top: 1px solid rgba(150&comma; 150&comma; 150&comma; 0.3); margin: 30px 0;'>\n<div style='display: flex; flex-wrap: wrap; gap: 30px; margin-bottom: 30px;'>\n<div style='flex: 1 1 300px; min-width: 280px;'>\n<h3 style='font-size: 22px; border-bottom: 2px solid currentColor; padding-bottom: 5px; margin-top: 0; color: inherit; opacity: 0.8;'>Opciones de montaje<\/h3>\n<ul style='padding-left: 20px; font-size: 15px; color: inherit;'>\n<li style='margin-bottom: 5px;'>Montaje independiente con adhesivo (incluido)<\/li>\n<li style='margin-bottom: 5px;'>Montaje con tornillos (kit disponible por separado: PICO-SM-KIT)<\/li>\n<li style='margin-bottom: 5px;'>Adaptador de pared (PICO-WBX-ADAPT)<\/li>\n<li style='margin-bottom: 5px;'>Montaje en visor de auto (PICO-CARVISOR-CL)<\/li>\n<li style='margin-bottom: 5px;'>Montaje en superficies met\u00e1licas (PICO-MOUNT-1-XX-CPN5733)<\/li>\n<\/ul>\n<\/div>\n<div style='flex: 1 1 300px; min-width: 280px;'>\n<h3 style='font-size: 22px; border-bottom: 2px solid currentColor; padding-bottom: 5px; margin-top: 0; color: inherit; opacity: 0.8;'>Accesorios disponibles<\/h3>\n<ul style='padding-left: 20px; font-size: 15px; color: inherit;'>\n<li style='margin-bottom: 5px;'>Kit de montaje en pared (PJ2-WALL-WH-L01R)<\/li>\n<li style='margin-bottom: 5px;'>Pedestales disponibles por separado (L-PEDX-XX)<\/li>\n<li style='margin-bottom: 5px;'>Adaptadores de pared y tornillos especiales<\/li>\n<\/ul>\n<\/div>\n<\/div>\n<\/div>\n","protected":false},"excerpt":{"rendered":"<p>Control remoto inalambrico PICO, con escenas predefinidas para espacio en cocina.<\/p>\n","protected":false},"featured_media":7467,"comment_status":"open","ping_status":"closed","template":"","meta":[],"product_brand":[],"product_cat":[72],"product_tag":[30,73,36],"class_list":{"0":"post-7468","1":"product","2":"type-product","3":"status-publish","4":"has-post-thumbnail","6":"product_cat-lutron-caseta-wireless","7":"product_tag-automatizacion-casa-inteligente","8":"product_tag-lutron-caseta-wireless","9":"product_tag-lutron-electronics","11":"first","12":"outofstock","13":"sale","14":"shipping-taxable","15":"purchasable","16":"product-type-simple"},"_links":{"self":[{"href":"https:\/\/soydeaqui.ddns.net\/pachuca\/index.php\/wp-json\/wp\/v2\/product\/7468","targetHints":{"allow":["GET"]}}],"collection":[{"href":"https:\/\/soydeaqui.ddns.net\/pachuca\/index.php\/wp-json\/wp\/v2\/product"}],"about":[{"href":"https:\/\/soydeaqui.ddns.net\/pachuca\/index.php\/wp-json\/wp\/v2\/types\/product"}],"replies":[{"embeddable":true,"href":"https:\/\/soydeaqui.ddns.net\/pachuca\/index.php\/wp-json\/wp\/v2\/comments?post=7468"}],"wp:featuredmedia":[{"embeddable":true,"href":"https:\/\/soydeaqui.ddns.net\/pachuca\/index.php\/wp-json\/wp\/v2\/media\/7467"}],"wp:attachment":[{"href":"https:\/\/soydeaqui.ddns.net\/pachuca\/index.php\/wp-json\/wp\/v2\/media?parent=7468"}],"wp:term":[{"taxonomy":"product_brand","embeddable":true,"href":"https:\/\/soydeaqui.ddns.net\/pachuca\/index.php\/wp-json\/wp\/v2\/product_brand?post=7468"},{"taxonomy":"product_cat","embeddable":true,"href":"https:\/\/soydeaqui.ddns.net\/pachuca\/index.php\/wp-json\/wp\/v2\/product_cat?post=7468"},{"taxonomy":"product_tag","embeddable":true,"href":"https:\/\/soydeaqui.ddns.net\/pachuca\/index.php\/wp-json\/wp\/v2\/product_tag?post=7468"}],"curies":[{"name":"wp","href":"https:\/\/api.w.org\/{rel}","templated":true}]}}