{"id":74676,"date":"2026-03-19T14:09:55","date_gmt":"2026-03-19T14:09:55","guid":{"rendered":"https:\/\/soydeaqui.ddns.net\/pachuca\/index.php\/producto\/router-balanceador-de-carga-multi-wan-1-puerto-lan-10-100-mbps-1-puerto-wan-10-100-mbps-3-puertos-auto-configurables-lan-wan-sesiones-concurrentes-30000-para-negocios-pequenos-y-medianos\/"},"modified":"2026-03-19T14:10:05","modified_gmt":"2026-03-19T14:10:05","slug":"router-balanceador-de-carga-multi-wan-1-puerto-lan-10-100-mbps-1-puerto-wan-10-100-mbps-3-puertos-auto-configurables-lan-wan-sesiones-concurrentes-30000-para-negocios-pequenos-y-medianos","status":"publish","type":"product","link":"https:\/\/soydeaqui.ddns.net\/pachuca\/index.php\/producto\/router-balanceador-de-carga-multi-wan-1-puerto-lan-10-100-mbps-1-puerto-wan-10-100-mbps-3-puertos-auto-configurables-lan-wan-sesiones-concurrentes-30000-para-negocios-pequenos-y-medianos\/","title":{"rendered":"Router Balanceador de Carga Multi-Wan, 1 puerto LAN 10\/100 Mbps, 1 puerto WAN 10\/100 Mbps, 3 puertos Auto configurables LAN\/WAN, Sesiones Concurrentes 30,000 para Negocios Peque\u00f1os y Medianos"},"content":{"rendered":"<div style='width: 100%; max-width: 1200px; margin: 0 auto; font-family: sans-serif; line-height: 1.6; color: inherit; background-color: transparent;'> <!-- Secci\u00f3n de contenido con flex\/grid --> <\/p>\n<div style='display: flex; flex-wrap: wrap; gap: 30px; margin-bottom: 30px;'>\n<div style='flex: 1 1 300px; min-width: 280px;'>\n<h3 style='font-size: 22px; border-bottom: 2px solid currentColor; padding-bottom: 5px; margin-top: 0; color: inherit; opacity: 0.8;'>Router Balanceador de Carga de Banda Ancha<\/h3>\n<ul style='padding-left: 20px; font-size: 15px; color: inherit;'>\n<li style='margin-bottom: 5px;'>Hasta 4 puertos WAN equipados con balanceador de carga avanzado para garantizar capacidades m\u00e1ximas de respaldo y banda ancha<\/li>\n<li style='margin-bottom: 5px;'>Proporciona una administraci\u00f3n extensa de cuentas de usuarios y manejo de red para administradores con Servidor PPPoE soportado<\/li>\n<li style='margin-bottom: 5px;'>Recurso de banda ancha Marshals para usuarios espec\u00edficos basados en sus \u00fanicos entornos de aplicaci\u00f3n.<\/li>\n<\/ul><\/div>\n<\/p><\/div>\n<p> <!-- Secci\u00f3n de cards con especificaciones --> <\/p>\n<div style='display: flex; flex-wrap: wrap; gap: 20px; margin-bottom: 30px;'>\n<div style='flex: 1 1 250px; border: 1px solid rgba(150&comma; 150&comma; 150&comma; 0.4); border-radius: 8px; overflow: hidden; display: flex; flex-direction: column;'>\n<div style='padding: 15px; border-bottom: 1px solid rgba(150&comma; 150&comma; 150&comma; 0.2); font-weight: bold; font-size: 18px; color: inherit;'>Caracter\u00edsticas<\/div>\n<div style='padding: 15px; color: inherit;'>\n<ul style='padding-left: 20px; margin: 0; font-size: 14px; list-style-type: disc;'>\n<li style='margin-bottom: 5px;'><strong>Conectividad:<\/strong> Las opciones de IP Din\u00e1mico&comma; IP Est\u00e1tico&comma; PPPoE&comma; L2TP&comma; PPTP&comma; Acceso Dual y la conexi\u00f3n a Internet mediante el Cable BigPond hacen que se conecte f\u00e1cilmente a Internet<\/li>\n<li style='margin-bottom: 5px;'><strong>DHCP:<\/strong> El servidor DHCP integrado soporta la distribuci\u00f3n de direcciones IP est\u00e1ticas<\/li>\n<li style='margin-bottom: 5px;'><strong>Control de Acceso:<\/strong> El control de acceso basado en el tiempo permite que los padres o administradores establezcan pol\u00edticas de acceso restringido para los ni\u00f1os o el personal<\/li>\n<li style='margin-bottom: 5px;'><strong>Control de Banda Ancha:<\/strong> El control de banda ancha basada en IP permite que los administradores determinen cu\u00e1nta banda ancha es distribuida a cada PC lo cual garantiza el desempe\u00f1o de las aplicaciones de video o VoIP<\/li>\n<li style='margin-bottom: 5px;'><strong>Firewall:<\/strong> El firewall (cortafuegos) integrado soporta el filtrado de direcciones IP&comma; filtrado de direcciones MAC&comma; filtrado de URL y Filtrado de Contenido WEB (Java&comma; ActiveX&comma; Cookies)<\/li>\n<li style='margin-bottom: 5px;'><strong>Seguridad:<\/strong> El enlace de IP y MAC&comma; previene los ataques de virus ARP de manera efectiva<\/li>\n<li style='margin-bottom: 5px;'><strong>Protecci\u00f3n:<\/strong> La potente protecci\u00f3n contra ataques DoS protege a su red<\/li>\n<li style='margin-bottom: 5px;'><strong>Configuraci\u00f3n:<\/strong> El Servidor Virtual&comma; la Aplicaci\u00f3n Especial&comma; el host DMZ y el UPnP ayuda a los usuarios a crear sus propios servidores<\/li>\n<li style='margin-bottom: 5px;'><strong>Rendimiento:<\/strong> Sesiones Concurrentes 30&comma;000<\/li>\n<\/ul><\/div>\n<\/p><\/div>\n<\/p><\/div>\n<p> <!-- Separador --> <\/p>\n<hr style='border: 0; border-top: 1px solid rgba(150&comma; 150&comma; 150&comma; 0.3); margin: 30px 0;'> <\/div>\n","protected":false},"excerpt":{"rendered":"<p>Router Balanceador de Carga Multi-Wan, 1 puerto LAN 10\/100 Mbps, 1 puerto WAN 10\/100 Mbps, 3 puertos Auto configurables LAN\/WAN, Sesiones Concurrentes 30,000 para Negocios Peque\u00f1os y Medianos<\/p>\n","protected":false},"featured_media":74675,"comment_status":"open","ping_status":"closed","template":"","meta":[],"product_brand":[],"product_cat":[2036,2035,2034],"product_tag":[2039,2038,664,2037,71],"class_list":{"0":"post-74676","1":"product","2":"type-product","3":"status-publish","4":"has-post-thumbnail","6":"product_cat-balanceadores","7":"product_cat-firewalls","8":"product_cat-routers","9":"product_tag-balanceadores","10":"product_tag-firewalls","11":"product_tag-networking","12":"product_tag-routers","13":"product_tag-tp-link","15":"first","16":"instock","17":"sale","18":"shipping-taxable","19":"purchasable","20":"product-type-simple"},"_links":{"self":[{"href":"https:\/\/soydeaqui.ddns.net\/pachuca\/index.php\/wp-json\/wp\/v2\/product\/74676","targetHints":{"allow":["GET"]}}],"collection":[{"href":"https:\/\/soydeaqui.ddns.net\/pachuca\/index.php\/wp-json\/wp\/v2\/product"}],"about":[{"href":"https:\/\/soydeaqui.ddns.net\/pachuca\/index.php\/wp-json\/wp\/v2\/types\/product"}],"replies":[{"embeddable":true,"href":"https:\/\/soydeaqui.ddns.net\/pachuca\/index.php\/wp-json\/wp\/v2\/comments?post=74676"}],"wp:featuredmedia":[{"embeddable":true,"href":"https:\/\/soydeaqui.ddns.net\/pachuca\/index.php\/wp-json\/wp\/v2\/media\/74675"}],"wp:attachment":[{"href":"https:\/\/soydeaqui.ddns.net\/pachuca\/index.php\/wp-json\/wp\/v2\/media?parent=74676"}],"wp:term":[{"taxonomy":"product_brand","embeddable":true,"href":"https:\/\/soydeaqui.ddns.net\/pachuca\/index.php\/wp-json\/wp\/v2\/product_brand?post=74676"},{"taxonomy":"product_cat","embeddable":true,"href":"https:\/\/soydeaqui.ddns.net\/pachuca\/index.php\/wp-json\/wp\/v2\/product_cat?post=74676"},{"taxonomy":"product_tag","embeddable":true,"href":"https:\/\/soydeaqui.ddns.net\/pachuca\/index.php\/wp-json\/wp\/v2\/product_tag?post=74676"}],"curies":[{"name":"wp","href":"https:\/\/api.w.org\/{rel}","templated":true}]}}