{"id":74670,"date":"2026-03-19T14:09:42","date_gmt":"2026-03-19T14:09:42","guid":{"rendered":"https:\/\/soydeaqui.ddns.net\/pachuca\/index.php\/producto\/repetidor-extensor-de-cobertura-wifi-ac-750-mbps-doble-banda-2-4-ghz-y-5-ghz-con-1-puerto-10-100-mbps\/"},"modified":"2026-03-19T14:09:52","modified_gmt":"2026-03-19T14:09:52","slug":"repetidor-extensor-de-cobertura-wifi-ac-750-mbps-doble-banda-2-4-ghz-y-5-ghz-con-1-puerto-10-100-mbps","status":"publish","type":"product","link":"https:\/\/soydeaqui.ddns.net\/pachuca\/index.php\/producto\/repetidor-extensor-de-cobertura-wifi-ac-750-mbps-doble-banda-2-4-ghz-y-5-ghz-con-1-puerto-10-100-mbps\/","title":{"rendered":"Repetidor \/ Extensor de Cobertura WiFi AC, 750 Mbps, doble banda 2.4 GHz y 5 GHz, con 1 puerto 10\/100 Mbps"},"content":{"rendered":"<div style='width: 100%; max-width: 1200px; margin: 0 auto; font-family: sans-serif; line-height: 1.6; color: inherit; background-color: transparent;'>\n<div style='display: flex; flex-wrap: wrap; gap: 30px; margin-bottom: 30px;'>\n<div style='flex: 1 1 300px; min-width: 280px;'>\n<h3 style='font-size: 22px; border-bottom: 2px solid currentColor; padding-bottom: 5px; margin-top: 0; color: inherit; opacity: 0.8;'>Amplifique la cobertura del router a la banda dual<\/h3>\n<p style='font-size: 15px; color: inherit; margin-bottom: 15px;'>El RE200 expande su cobertura WiFi existente con la tecnolog\u00eda WiFi 11AC de pr\u00f3xima generaci\u00f3n. Funciona con cualquier router WiFi est\u00e1ndar y crea conexiones de banda dual en \u00e1reas dif\u00edciles de alcanzar&comma; lo que le permite disfrutar de cobertura inal\u00e1mbrica sin fisuras a trav\u00e9s de su hogar u oficina.<\/p>\n<ul style='padding-left: 20px; font-size: 15px; list-style-type: disc; color: inherit;'>\n<li style='margin-bottom: 5px;'>El modo Extensor de Cobertura amplifica la se\u00f1al inal\u00e1mbrica perfectamente hasta zonas donde antes no llegaba o que son dif\u00edciles de cablear.<\/li>\n<li style='margin-bottom: 5px;'>S\u00f3lo necesita pulsar el bot\u00f3n Range Extender para ampliar f\u00e1cilmente la cobertura inal\u00e1mbrica.<\/li>\n<li style='margin-bottom: 5px;'>Compatible con dispositivos inal\u00e1mbricos 802.11 b\/g\/n y 802.11ac<\/li>\n<li style='margin-bottom: 5px;'>Velocidad en Banda Dual de hasta 750 Mbps.<\/li>\n<li style='margin-bottom: 5px;'>Su dise\u00f1o de tama\u00f1o en miniatura para montaje en pared facilita la instalaci\u00f3n y permite un traslado flexible.<\/li>\n<li style='margin-bottom: 5px;'>El puerto Ethernet permite funcionar al Extensor como adaptador inal\u00e1mbrico para conectar dispositivos cableados.<\/li>\n<\/ul><\/div>\n<\/p><\/div>\n<div style='display: flex; flex-wrap: wrap; gap: 30px; margin-bottom: 30px;'>\n<div style='flex: 1 1 300px; min-width: 280px;'>\n<h3 style='font-size: 22px; border-bottom: 2px solid currentColor; padding-bottom: 5px; margin-top: 0; color: inherit; opacity: 0.8;'>Adaptador de Entretenimiento<\/h3>\n<p style='font-size: 15px; color: inherit; margin-bottom: 15px;'>El puerto Ethernet del RE200 permite al extensor para funcionar como un adaptador inal\u00e1mbrico para conectar dispositivos cableados&comma; tales como reproductores Blu-ray\u00ae&comma; consolas de videojuegos&comma; grabadoras de DVD y televisores. Al mismo tiempo&comma; el dispositivo puede compartir la red inal\u00e1mbrica tambi\u00e9n.<\/p>\n<\/p><\/div>\n<\/p><\/div>\n<div style='display: flex; flex-wrap: wrap; gap: 30px; margin-bottom: 30px;'>\n<div style='flex: 1 1 100%; min-width: 280px;'>\n<div style='position: relative; padding-bottom: 56.25%; height: 0; overflow: hidden; margin-bottom: 30px;'>   <\/div>\n<\/p><\/div>\n<\/p><\/div>\n<div style='display: flex; flex-wrap: wrap; gap: 30px; margin-bottom: 30px;'>\n<div style='flex: 1 1 100%; min-width: 280px;'> <img style='width: 100%; height: auto; border: 1px solid rgba(150&comma;150&comma;150&comma;0.3); border-radius: 8px;' src='https:\/\/ftp3.syscom.mx\/usuarios\/esanchez\/TPLINK\/RE200\/Captura3.JPG' alt=''> <\/div>\n<\/p><\/div>\n<hr style='border: 0; border-top: 1px solid rgba(150&comma; 150&comma; 150&comma; 0.3); margin: 30px 0;'> <\/div>\n","protected":false},"excerpt":{"rendered":"<p>Repetidor \/ Extensor de Cobertura WiFi AC, 750 Mbps, doble banda 2.4 GHz y 5 GHz, con 1 puerto 10\/100 Mbps<\/p>\n","protected":false},"featured_media":74669,"comment_status":"open","ping_status":"closed","template":"","meta":[],"product_brand":[],"product_cat":[2026],"product_tag":[1479,2027,71],"class_list":{"0":"post-74670","1":"product","2":"type-product","3":"status-publish","4":"has-post-thumbnail","6":"product_cat-repetidores-de-senal","7":"product_tag-redes-wifi","8":"product_tag-repetidores-de-senal","9":"product_tag-tp-link","11":"first","12":"instock","13":"sale","14":"shipping-taxable","15":"purchasable","16":"product-type-simple"},"_links":{"self":[{"href":"https:\/\/soydeaqui.ddns.net\/pachuca\/index.php\/wp-json\/wp\/v2\/product\/74670","targetHints":{"allow":["GET"]}}],"collection":[{"href":"https:\/\/soydeaqui.ddns.net\/pachuca\/index.php\/wp-json\/wp\/v2\/product"}],"about":[{"href":"https:\/\/soydeaqui.ddns.net\/pachuca\/index.php\/wp-json\/wp\/v2\/types\/product"}],"replies":[{"embeddable":true,"href":"https:\/\/soydeaqui.ddns.net\/pachuca\/index.php\/wp-json\/wp\/v2\/comments?post=74670"}],"wp:featuredmedia":[{"embeddable":true,"href":"https:\/\/soydeaqui.ddns.net\/pachuca\/index.php\/wp-json\/wp\/v2\/media\/74669"}],"wp:attachment":[{"href":"https:\/\/soydeaqui.ddns.net\/pachuca\/index.php\/wp-json\/wp\/v2\/media?parent=74670"}],"wp:term":[{"taxonomy":"product_brand","embeddable":true,"href":"https:\/\/soydeaqui.ddns.net\/pachuca\/index.php\/wp-json\/wp\/v2\/product_brand?post=74670"},{"taxonomy":"product_cat","embeddable":true,"href":"https:\/\/soydeaqui.ddns.net\/pachuca\/index.php\/wp-json\/wp\/v2\/product_cat?post=74670"},{"taxonomy":"product_tag","embeddable":true,"href":"https:\/\/soydeaqui.ddns.net\/pachuca\/index.php\/wp-json\/wp\/v2\/product_tag?post=74670"}],"curies":[{"name":"wp","href":"https:\/\/api.w.org\/{rel}","templated":true}]}}