{"id":74643,"date":"2026-03-19T14:08:36","date_gmt":"2026-03-19T14:08:36","guid":{"rendered":"https:\/\/soydeaqui.ddns.net\/pachuca\/index.php\/producto\/access-point-unifi-hd-802-11ac-wave-2-mu-mimo-4x4-para-alta-densidad-de-usuarios-hasta-500-usuarios-wifi\/"},"modified":"2026-03-19T14:08:43","modified_gmt":"2026-03-19T14:08:43","slug":"access-point-unifi-hd-802-11ac-wave-2-mu-mimo-4x4-para-alta-densidad-de-usuarios-hasta-500-usuarios-wifi","status":"publish","type":"product","link":"https:\/\/soydeaqui.ddns.net\/pachuca\/index.php\/producto\/access-point-unifi-hd-802-11ac-wave-2-mu-mimo-4x4-para-alta-densidad-de-usuarios-hasta-500-usuarios-wifi\/","title":{"rendered":"Access Point UniFi HD 802.11ac Wave 2 MU-MIMO 4X4 para alta densidad de usuarios, hasta 500 usuarios WiFi"},"content":{"rendered":"<div style='width: 100%; max-width: 1200px; margin: 0 auto; font-family: sans-serif; line-height: 1.6; color: inherit; background-color: transparent;'>\n<div style='margin-bottom: 30px;'>\n<div style='font-size: 18px; margin-bottom: 15px; color: inherit; font-weight: bold;'> Access Point UniFi para alta densidad de usuarios para interior. <\/div>\n<p> <!-- Secci\u00f3n de caracter\u00edsticas --> <\/p>\n<div style='display: flex; flex-wrap: wrap; gap: 20px; margin-bottom: 25px;'>\n<div style='flex: 1 1 300px; min-width: 280px;'>\n<h3 style='font-size: 20px; border-bottom: 2px solid currentColor; padding-bottom: 5px; margin-top: 0; color: inherit; opacity: 0.8;'>Especificaciones Generales<\/h3>\n<ul style='padding-left: 20px; font-size: 15px; color: inherit; list-style-type: disc;'>\n<li style='margin-bottom: 5px;'><strong>N\u00famero m\u00e1ximo de dispositivos conectados:<\/strong> 500 usuarios Wi-Fi<\/li>\n<li style='margin-bottom: 5px;'><strong>Modo de operaci\u00f3n:<\/strong> Acces Point y Repetidor Uplink (Repetidor inal\u00e1mbrico de UAP UniFi cableado&comma; se recomienda no m\u00e1s de 3 UAPACHD en modo &#8216;Repetidor Uplink&#8217;)<\/li>\n<li style='margin-bottom: 5px;'><strong>Caracter\u00edsticas generales:<\/strong><\/li>\n<li style='margin-bottom: 5px;'>Antena omnidireccional integrada<\/li>\n<li style='margin-bottom: 5px;'>1 puerto ethernet 10\/100\/1000<\/li>\n<li style='margin-bottom: 5px;'>1 puerto ethernet 10\/100\/1000 para datos<\/li>\n<li style='margin-bottom: 5px;'>1 bot\u00f3n de reset<\/li>\n<li style='margin-bottom: 5px;'>1 puerto USB 3C (Se utiliza solo para alimentar alg\u00fan dispositivo)<\/li>\n<\/ul><\/div>\n<div style='flex: 1 1 300px; min-width: 280px;'>\n<h3 style='font-size: 20px; border-bottom: 2px solid currentColor; padding-bottom: 5px; margin-top: 0; color: inherit; opacity: 0.8;'>Caracter\u00edsticas T\u00e9cnicas<\/h3>\n<ul style='padding-left: 20px; font-size: 15px; color: inherit; list-style-type: disc;'>\n<li style='margin-bottom: 5px;'><strong>Bandas:<\/strong> Doble banda; 2.4 GHz y 5 GHz<\/li>\n<li style='margin-bottom: 5px;'><strong>Tecnolog\u00eda:<\/strong> MU-MIMO 4&#215;4 Beamforming; Antena optimizada para 802.11ac Wave 2<\/li>\n<li style='margin-bottom: 5px;'><strong>SSID:<\/strong> Hasta 8&comma; 4 por banda<\/li>\n<li style='margin-bottom: 5px;'><strong>Potencia de salida:<\/strong> 316 mW por banda<\/li>\n<li style='margin-bottom: 5px;'><strong>Ganancia de antenas:<\/strong> 2.4 GHz 3 dBi y 5 GHz 4 dBi<\/li>\n<li style='margin-bottom: 5px;'><strong>Velocidad:<\/strong> Hasta 800 Mbps en banda 2.4Ghz y hasta 1733 Mbps en banda 5Ghz<\/li>\n<li style='margin-bottom: 5px;'><strong>Consumo m\u00e1ximo:<\/strong> 17W<\/li>\n<li style='margin-bottom: 5px;'><strong>Alimentaci\u00f3n:<\/strong> Soporta PoE pasivo 48 V 0.5 A y est\u00e1ndar 802.3at PoE+<\/li>\n<\/ul><\/div>\n<\/p><\/div>\n<p> <!-- Secci\u00f3n de controlador recomendado --> <\/p>\n<div style='margin-bottom: 25px; padding: 15px; border-left: 4px solid rgba(0&comma; 123&comma; 255&comma; 0.3); background-color: rgba(0&comma; 123&comma; 255&comma; 0.05);'>\n<div style='font-weight: bold; margin-bottom: 10px; color: inherit;'>Recomendaci\u00f3n de controlador<\/div>\n<div style='font-size: 14px; color: inherit;'>Se recomienda adquirir dispositivo controlador UniFi para administrar Access Point UniFi v\u00eda remota&comma; crear hotspot&comma; enviar alertas cr\u00edticas&comma; etc:<\/div>\n<div style='margin-top: 10px; font-size: 14px;'> <a style='color: inherit; text-decoration: underline;' href='https:\/\/www.syscom.mx\/producto\/UCK-G2-PLUS-UBIQUITI-NETWORKS-164051.html'>UCK-G2-PLUS<\/a> \/ <a style='color: inherit; text-decoration: underline;' href='https:\/\/www.syscom.mx\/producto\/UDM-PRO-UBIQUITI-NETWORKS-177842.html'>UDM-PRO<\/a> <\/div>\n<\/p><\/div>\n<p> <!-- Secci\u00f3n de contenido adicional --> <\/p>\n<div style='margin-bottom: 25px;'>\n<div style='margin-bottom: 15px;'><strong>Incluye inyector PoE.<\/strong><\/div>\n<div style='margin-bottom: 15px;'><strong>Reemplazo de Inyector PoE:<\/strong> <a style='color: inherit; text-decoration: underline;' href='https:\/\/www.syscom.mx\/producto\/U-POE+-UBIQUITI-237732.html'>U-POE+<\/a><\/div>\n<\/p><\/div>\n<p> <!-- Im\u00e1genes del paquete --> <\/p>\n<div style='margin-bottom: 30px;'>\n<div style='margin-bottom: 15px; font-weight: bold;'>Paquete incluye lo siguiente:<\/div>\n<p> <img style='width: 100%; height: auto; border: 1px solid rgba(150&comma;150&comma;150&comma;0.3); border-radius: 8px;' src='https:\/\/ftp3.syscom.mx\/usuarios\/fotos\/UAPACHD\/94874-uapachdpackage.png' alt='Paquete UAPACHD'> <\/div>\n<p> <!-- Tabla de im\u00e1genes y caracter\u00edsticas --> <\/p>\n<div style='display: flex; flex-wrap: wrap; gap: 30px; margin-bottom: 30px;'>\n<div style='flex: 1 1 300px; min-width: 280px;'> <img style='width: 100%; height: auto; border: 1px solid rgba(150&comma;150&comma;150&comma;0.3); border-radius: 8px;' src='https:\/\/cdn.shopify.com\/s\/files\/1\/1439\/1668\/files\/SW-UniFi-Network.png?v=1658934022' alt='Interfaz UniFi Network'> <\/div>\n<div style='flex: 1 1 300px; min-width: 280px;'>\n<h3 style='font-size: 20px; border-bottom: 2px solid currentColor; padding-bottom: 5px; margin-top: 0; color: inherit; opacity: 0.8;'>Funciones de la aplicaci\u00f3n UniFi Network<\/h3>\n<ul style='padding-left: 20px; font-size: 14px; color: inherit; list-style-type: disc;'>\n<li style='margin-bottom: 8px;'><strong>Administre de forma centralizada<\/strong> m\u00faltiples redes desde una interfaz intuitiva<\/li>\n<li style='margin-bottom: 8px;'><strong>Disfrute de informaci\u00f3n<\/strong> de dispositivos en tiempo real y opciones de configuraci\u00f3n profundas<\/li>\n<li style='margin-bottom: 8px;'><strong>Actualice el firmware<\/strong> del dispositivo de forma remota<\/li>\n<li style='margin-bottom: 8px;'><strong>Administre usuarios<\/strong> de red e invitados con facilidad<\/li>\n<li style='margin-bottom: 8px;'><strong>Personalice el dise\u00f1o<\/strong>&comma; la arquitectura y la privacidad de los puntos de acceso para invitados<\/li>\n<li style='margin-bottom: 8px;'><strong>Configure dispositivos r\u00e1pidamente<\/strong> y admin\u00edstrelos sobre la marcha con una potente aplicaci\u00f3n m\u00f3vil<\/li>\n<\/ul><\/div>\n<\/p><\/div>\n<p> <!-- Im\u00e1genes adicionales --> <\/p>\n<div style='display: flex; flex-wrap: wrap; gap: 20px; margin-bottom: 30px;'>\n<div style='flex: 1 1 400px; min-width: 300px;'>\n<div style='margin-bottom: 10px; font-weight: bold;'>Recomendaci\u00f3n de n\u00famero m\u00e1ximo de usuarios concurrentes:<\/div>\n<p> <a href='https:\/\/ftp3.syscom.mx\/usuarios\/dquezada\/Ubiquiti\/UniFi\/UAP-AC-HD\/USUARIOS%20MAXIMO.JPG'> <img style='width: 100%; height: auto; border: 1px solid rgba(150&comma;150&comma;150&comma;0.3); border-radius: 8px;' src='https:\/\/ftp3.syscom.mx\/usuarios\/dquezada\/Ubiquiti\/UniFi\/UAP-AC-HD\/USUARIOS%20MAXIMO.JPG' alt='Usuarios m\u00e1ximos concurrentes'> <\/a> <\/div>\n<div style='flex: 1 1 400px; min-width: 300px;'>\n<div style='margin-bottom: 10px; font-weight: bold;'>N\u00famero m\u00e1ximo de usuarios que soporta:<\/div>\n<p> <a href='https:\/\/ftp3.syscom.mx\/usuarios\/dquezada\/Ubiquiti\/UniFi\/UAP-AC-HD\/NUMERO%20MAXIMO%20SOPORTADO.JPG'> <img style='width: 100%; height: auto; border: 1px solid rgba(150&comma;150&comma;150&comma;0.3); border-radius: 8px;' src='https:\/\/ftp3.syscom.mx\/usuarios\/dquezada\/Ubiquiti\/UniFi\/UAP-AC-HD\/NUMERO%20MAXIMO%20SOPORTADO.JPG' alt='Usuarios m\u00e1ximos soportados'> <\/a> <\/div>\n<\/p><\/div>\n<p> <!-- Imagen MU-MIMO --> <\/p>\n<div style='margin-bottom: 30px;'>\n<div style='margin-bottom: 10px; font-weight: bold;'>Tecnolog\u00eda MU-MIMO<\/div>\n<p> <img style='width: 100%; height: auto; border: 1px solid rgba(150&comma;150&comma;150&comma;0.3); border-radius: 8px;' src='http:\/\/ftp3.syscom.mx\/usuarios\/raguilera\/AF11G35\/MUMIMO.gif' alt='Tecnolog\u00eda MU-MIMO'> <\/div>\n<\/p><\/div>\n<\/p><\/div>\n","protected":false},"excerpt":{"rendered":"<p>Access Point UniFi HD 802.11ac Wave 2 MU-MIMO 4X4 para alta densidad de usuarios, hasta 500 usuarios WiFi<\/p>\n","protected":false},"featured_media":74642,"comment_status":"open","ping_status":"closed","template":"","meta":[],"product_brand":[],"product_cat":[1794],"product_tag":[1795,1479,166],"class_list":{"0":"post-74643","1":"product","2":"type-product","3":"status-publish","4":"has-post-thumbnail","6":"product_cat-puntos-de-acceso","7":"product_tag-puntos-de-acceso","8":"product_tag-redes-wifi","9":"product_tag-ubiquiti","11":"first","12":"outofstock","13":"sale","14":"shipping-taxable","15":"purchasable","16":"product-type-simple"},"_links":{"self":[{"href":"https:\/\/soydeaqui.ddns.net\/pachuca\/index.php\/wp-json\/wp\/v2\/product\/74643","targetHints":{"allow":["GET"]}}],"collection":[{"href":"https:\/\/soydeaqui.ddns.net\/pachuca\/index.php\/wp-json\/wp\/v2\/product"}],"about":[{"href":"https:\/\/soydeaqui.ddns.net\/pachuca\/index.php\/wp-json\/wp\/v2\/types\/product"}],"replies":[{"embeddable":true,"href":"https:\/\/soydeaqui.ddns.net\/pachuca\/index.php\/wp-json\/wp\/v2\/comments?post=74643"}],"wp:featuredmedia":[{"embeddable":true,"href":"https:\/\/soydeaqui.ddns.net\/pachuca\/index.php\/wp-json\/wp\/v2\/media\/74642"}],"wp:attachment":[{"href":"https:\/\/soydeaqui.ddns.net\/pachuca\/index.php\/wp-json\/wp\/v2\/media?parent=74643"}],"wp:term":[{"taxonomy":"product_brand","embeddable":true,"href":"https:\/\/soydeaqui.ddns.net\/pachuca\/index.php\/wp-json\/wp\/v2\/product_brand?post=74643"},{"taxonomy":"product_cat","embeddable":true,"href":"https:\/\/soydeaqui.ddns.net\/pachuca\/index.php\/wp-json\/wp\/v2\/product_cat?post=74643"},{"taxonomy":"product_tag","embeddable":true,"href":"https:\/\/soydeaqui.ddns.net\/pachuca\/index.php\/wp-json\/wp\/v2\/product_tag?post=74643"}],"curies":[{"name":"wp","href":"https:\/\/api.w.org\/{rel}","templated":true}]}}