{"id":7464,"date":"2026-03-18T06:56:44","date_gmt":"2026-03-18T06:56:44","guid":{"rendered":"https:\/\/soydeaqui.ddns.net\/pachuca\/index.php\/producto\/ax-hub-teclado-inalambrico-panel-touch-ahorro-de-bateria\/"},"modified":"2026-03-18T06:56:44","modified_gmt":"2026-03-18T06:56:44","slug":"ax-hub-teclado-inalambrico-panel-touch-ahorro-de-bateria","status":"publish","type":"product","link":"https:\/\/soydeaqui.ddns.net\/pachuca\/index.php\/producto\/ax-hub-teclado-inalambrico-panel-touch-ahorro-de-bateria\/","title":{"rendered":"(AX HUB) Teclado Inal\u00e1mbrico \/ Panel Touch \/ Ahorro de Bater\u00eda"},"content":{"rendered":"<div style='width: 100%; max-width: 1200px; margin: 0 auto; font-family: sans-serif; line-height: 1.6; color: inherit; background-color: transparent;'> <!-- Logo --> <\/p>\n<div style='width: 100%; text-align: center; margin-bottom: 30px;'> <img style='width: 45%; max-width: 300px; height: auto; border: 1px solid rgba(150&comma;150&comma;150&comma;0.3); border-radius: 8px;' src='https:\/\/ftp3.syscom.mx\/usuarios\/jsosa\/HIKVISION\/imagenes\/logo\/hikvision%20see%20far.png' alt='Logo Hikvision'> <\/div>\n<p> <!-- Caracter\u00edsticas principales --> <\/p>\n<div style='display: flex; flex-wrap: wrap; gap: 30px; margin-bottom: 30px;'>\n<div style='flex: 1 1 300px; min-width: 280px;'>\n<h3 style='font-size: 22px; border-bottom: 2px solid currentColor; padding-bottom: 5px; margin-top: 0; color: inherit; opacity: 0.8;'>Caracter\u00edsticas principales<\/h3>\n<ul style='padding-left: 20px; font-size: 15px; color: inherit;'>\n<li style='margin-bottom: 5px;'>Tecnolog\u00eda inal\u00e1mbrica bidireccional.<\/li>\n<li style='margin-bottom: 5px;'>Permite realizar operaciones de armado&comma; desarmado&comma; limpiar alarma&comma; etc.<\/li>\n<li style='margin-bottom: 5px;'>Lector de tarjeta para armar y desarmar<\/li>\n<li style='margin-bottom: 5px;'>Los datos inal\u00e1mbricos est\u00e1n protegidos por el cifrado AES-128.<\/li>\n<li style='margin-bottom: 5px;'>Panel con touch screen para la manipulaci\u00f3n<\/li>\n<\/ul><\/div>\n<p> <!-- Caracter\u00edsticas F\u00edsicas y El\u00e9ctricas --> <\/p>\n<div style='flex: 1 1 300px; min-width: 280px;'>\n<h3 style='font-size: 22px; border-bottom: 2px solid currentColor; padding-bottom: 5px; margin-top: 0; color: inherit; opacity: 0.8;'>Caracter\u00edsticas F\u00edsicas y El\u00e9ctricas<\/h3>\n<ul style='padding-left: 20px; font-size: 15px; color: inherit;'>\n<li style='margin-bottom: 5px;'>Alimentaci\u00f3n: 4 bater\u00edas AA (no incluidas).<\/li>\n<li style='margin-bottom: 5px;'>Temperatura soportada: -10 a 55\u00b0C.<\/li>\n<li style='margin-bottom: 5px;'>Dimensiones: 131.5 x 23 mm<\/li>\n<\/ul><\/div>\n<p> <!-- Caracter\u00edsticas Destacadas --> <\/p>\n<div style='flex: 1 1 300px; min-width: 280px;'>\n<h3 style='font-size: 22px; border-bottom: 2px solid currentColor; padding-bottom: 5px; margin-top: 0; color: inherit; opacity: 0.8;'>Caracter\u00edsticas Destacadas<\/h3>\n<p style='font-size: 15px; color: inherit; margin-bottom: 15px;'> El dispositivo permite de manera local el control de los armados y desarmados del sistema&comma; por medio de un codigo de usuario previamente configurado o un tag&comma; facilitando el uso de manera local. <\/p>\n<p style='font-size: 15px; color: inherit; margin-bottom: 15px;'> Nota: No es compatible con el panel hibrido <a style='color: inherit; text-decoration: underline;' href='https:\/\/www.syscom.mx\/producto\/DS-PHA64-W4P-HIKVISION-176310.html' target='_blank' rel='noopener noreferrer'>DS-PHA64-W4P.<\/a> <\/p>\n<p style='font-size: 15px; color: inherit; margin-bottom: 0;'> <strong>Configuraciones b\u00e1sicas clic<\/strong> <a style='color: inherit; text-decoration: underline;' href='http:\/\/soporte.syscom.mx\/videovigilancia\/hikvision-configuraciones-del-panel-de-alarmas' target='_blank' rel='noopener noreferrer'>Aqu\u00ed<\/a> <\/p>\n<\/p><\/div>\n<\/p><\/div>\n<p> <!-- Imagen de diagrama --> <\/p>\n<div style='width: 100%; margin: 30px 0;'> <img style='width: 100%; height: auto; border: 1px solid rgba(150&comma;150&comma;150&comma;0.3); border-radius: 8px;' src='https:\/\/ftp3.syscom.mx\/usuarios\/jsosa\/HIKVISION\/alarmas\/imagenes\/panel%20ax%20hub%20diagrama%20hikvision.jpg' alt='Diagrama del panel AX HUB'> <\/div>\n<p> <!-- Banner de compatibilidad --> <\/p>\n<div style='width: 100%; margin: 30px 0;'> <a href='https:\/\/www.syscom.mx\/principal\/listadoproductosazul\/intrusion-hikvision-paneles-de-alarma-y-accesorios-ax-hub-series-66285.html?ordenar=Precio_de_Menor_a_Mayor&#038;pag=1' target='_blank' rel='noopener noreferrer'> <img style='width: 100%; height: auto; border: 1px solid rgba(150&comma;150&comma;150&comma;0.3); border-radius: 8px;' src='https:\/\/ftp3.syscom.mx\/usuarios\/jsosa\/banners\/hikvision-integracion.jpg' alt='Banner de compatibilidad Hikvision'> <\/a> <\/div>\n<p> <!-- Nota de compatibilidad --> <\/p>\n<div style='width: 100%; margin: 30px 0; text-align: center;'>\n<h3 style='font-size: 18px; color: inherit; margin: 0;'> <strong>Para verificar la compatibilidad de la serie de clic <a style='color: inherit; text-decoration: underline;' href='https:\/\/www.syscom.mx\/principal\/promociones\/paneles_y_accesorios_de_alarmas_de_hikvision-4053.html?ordenar=Relevancia&#038;pag=1' target='_blank' rel='noopener'>aqu\u00ed<\/a>.<\/strong> <\/h3>\n<\/p><\/div>\n<\/p><\/div>\n","protected":false},"excerpt":{"rendered":"<p>(AX HUB) Teclado Inal\u00e1mbrico \/ Panel Touch \/ Ahorro de Bater\u00eda<\/p>\n","protected":false},"featured_media":7463,"comment_status":"open","ping_status":"closed","template":"","meta":[],"product_brand":[],"product_cat":[134],"product_tag":[54,135,62],"class_list":{"0":"post-7464","1":"product","2":"type-product","3":"status-publish","4":"has-post-thumbnail","6":"product_cat-todos-teclados","7":"product_tag-hikvision","8":"product_tag-teclados","9":"product_tag-todos","11":"first","12":"outofstock","13":"sale","14":"shipping-taxable","15":"purchasable","16":"product-type-simple"},"_links":{"self":[{"href":"https:\/\/soydeaqui.ddns.net\/pachuca\/index.php\/wp-json\/wp\/v2\/product\/7464","targetHints":{"allow":["GET"]}}],"collection":[{"href":"https:\/\/soydeaqui.ddns.net\/pachuca\/index.php\/wp-json\/wp\/v2\/product"}],"about":[{"href":"https:\/\/soydeaqui.ddns.net\/pachuca\/index.php\/wp-json\/wp\/v2\/types\/product"}],"replies":[{"embeddable":true,"href":"https:\/\/soydeaqui.ddns.net\/pachuca\/index.php\/wp-json\/wp\/v2\/comments?post=7464"}],"wp:featuredmedia":[{"embeddable":true,"href":"https:\/\/soydeaqui.ddns.net\/pachuca\/index.php\/wp-json\/wp\/v2\/media\/7463"}],"wp:attachment":[{"href":"https:\/\/soydeaqui.ddns.net\/pachuca\/index.php\/wp-json\/wp\/v2\/media?parent=7464"}],"wp:term":[{"taxonomy":"product_brand","embeddable":true,"href":"https:\/\/soydeaqui.ddns.net\/pachuca\/index.php\/wp-json\/wp\/v2\/product_brand?post=7464"},{"taxonomy":"product_cat","embeddable":true,"href":"https:\/\/soydeaqui.ddns.net\/pachuca\/index.php\/wp-json\/wp\/v2\/product_cat?post=7464"},{"taxonomy":"product_tag","embeddable":true,"href":"https:\/\/soydeaqui.ddns.net\/pachuca\/index.php\/wp-json\/wp\/v2\/product_tag?post=7464"}],"curies":[{"name":"wp","href":"https:\/\/api.w.org\/{rel}","templated":true}]}}