{"id":74629,"date":"2026-03-19T14:08:06","date_gmt":"2026-03-19T14:08:06","guid":{"rendered":"https:\/\/soydeaqui.ddns.net\/pachuca\/index.php\/producto\/antena-direccional-dimensiones-3-ft-ganancia-39-dbi-10-7-11-7-ghz-2-conectores-n-hembra-radomo-y-montaje-incluido\/"},"modified":"2026-03-19T14:08:07","modified_gmt":"2026-03-19T14:08:07","slug":"antena-direccional-dimensiones-3-ft-ganancia-39-dbi-10-7-11-7-ghz-2-conectores-n-hembra-radomo-y-montaje-incluido","status":"publish","type":"product","link":"https:\/\/soydeaqui.ddns.net\/pachuca\/index.php\/producto\/antena-direccional-dimensiones-3-ft-ganancia-39-dbi-10-7-11-7-ghz-2-conectores-n-hembra-radomo-y-montaje-incluido\/","title":{"rendered":"Antena Direccional, Dimensiones (3 ft), Ganancia 39 dBi, 10.7-11.7 GHz, 2 Conectores N-hembra, Radomo y montaje incluido"},"content":{"rendered":"<div style='width: 100%; max-width: 1200px; margin: 0 auto; font-family: sans-serif; line-height: 1.6; color: inherit; background-color: transparent;'> <!-- Secci\u00f3n de descripci\u00f3n --> <\/p>\n<div style='margin-bottom: 30px;'>\n<p>La serie <strong>HPDx-11Fx<\/strong> de antenas parab\u00f3licas profesionales de Radiowaves&comma; le ofrece una l\u00ednea completa de antenas de alto desempe\u00f1o Carrier-Class para el radio AF11x de Ubiquiti Networks&comma; dise\u00f1ada para establecer enlaces altamente confiables y robustos. Disponibles en licenciadas&comma; con pre ensamblado en f\u00e1brica para optimizar los tiempos de instalaci\u00f3n&comma; materiales de alt\u00edsima calidad y con montajes s\u00faper robustos para ajustes en azimut y elevaci\u00f3n&comma; y minimiza los mantenimientos recurrentes al sitio proporcionando una garant\u00eda al m\u00e1ximo desempe\u00f1o por 7 a\u00f1os.<\/p>\n<\/p><\/div>\n<p> <!-- Secci\u00f3n de caracter\u00edsticas --> <\/p>\n<div style='display: flex; flex-wrap: wrap; gap: 30px; margin-bottom: 30px;'>\n<div style='flex: 1 1 300px; min-width: 280px;'>\n<h3 style='font-size: 22px; border-bottom: 2px solid currentColor; padding-bottom: 5px; margin-top: 0; color: inherit; opacity: 0.8;'>Caracter\u00edsticas<\/h3>\n<ul style='padding-left: 20px; font-size: 15px; color: inherit;'>\n<li style='margin-bottom: 5px;'>Antenas de alto desempe\u00f1o Carrier-Class<\/li>\n<li style='margin-bottom: 5px;'><strong>Radomo incluido<\/strong><\/li>\n<li style='margin-bottom: 5px;'>S\u00faper alta selectividad para mitigaci\u00f3n de interferencias<\/li>\n<li style='margin-bottom: 5px;'>S\u00faper alta atenuaci\u00f3n detr\u00e1s del plato para evitar p\u00e9rdida de se\u00f1al (Front-to-Back Ratio)<\/li>\n<li style='margin-bottom: 5px;'>Antenas pre-ensambladas para facilidad de instalaci\u00f3n<\/li>\n<li style='margin-bottom: 5px;'>Montaje s\u00faper robusto para alineaci\u00f3n precisa en azimut y elevaci\u00f3n<\/li>\n<li style='margin-bottom: 5px;'><strong>Garant\u00eda de 7 a\u00f1os con defecto de fabricaci\u00f3n<\/strong><\/li>\n<li style='margin-bottom: 5px;'>Soportan todo tipo de intemperie<\/li>\n<\/ul><\/div>\n<\/p><\/div>\n<p> <!-- Secci\u00f3n de especificaciones t\u00e9cnicas --> <\/p>\n<div style='display: flex; flex-wrap: wrap; gap: 20px; margin-bottom: 30px;'>\n<div style='flex: 1 1 250px; border: 1px solid rgba(150&comma; 150&comma; 150&comma; 0.4); border-radius: 8px; overflow: hidden; display: flex; flex-direction: column;'>\n<div style='padding: 15px; border-bottom: 1px solid rgba(150&comma; 150&comma; 150&comma; 0.2); font-weight: bold; font-size: 18px; color: inherit;'>Especificaciones T\u00e9cnicas<\/div>\n<div style='padding: 15px; color: inherit;'>\n<ul style='padding-left: 20px; margin: 0; font-size: 14px; list-style-type: disc;'>\n<li style='margin-bottom: 5px;'><strong>Medida:<\/strong> 0.9 m (3 ft)<\/li>\n<li style='margin-bottom: 5px;'><strong>Polarizaci\u00f3n:<\/strong> Doble<\/li>\n<li style='margin-bottom: 5px;'><strong>Conectores:<\/strong> N-Hembra (x2)<\/li>\n<li style='margin-bottom: 5px;'><strong>Frecuencia:<\/strong> 10.7 &#8211; 11.7 GHz<\/li>\n<li style='margin-bottom: 5px;'><strong>Ganancia en frecuencia media:<\/strong> 38.5 dBi<\/li>\n<li style='margin-bottom: 5px;'><strong>Ganancia en frecuencia alta:<\/strong> 39 dBi<\/li>\n<li style='margin-bottom: 5px;'>Ganancia en frecuencia baja: 38.1 dBi<\/li>\n<li style='margin-bottom: 5px;'>Ancho de haz horizontal\/vertical: 2.1 \u00b0<\/li>\n<li style='margin-bottom: 5px;'>Discriminaci\u00f3n en polarizaci\u00f3n cruzada: 30 dB<\/li>\n<li style='margin-bottom: 5px;'>Front to Back Ratio (F\/B): 62 dB<\/li>\n<li style='margin-bottom: 5px;'>VSWR: 1.37:1<\/li>\n<li style='margin-bottom: 5px;'>Perdida por retorno: -16.1 dB<\/li>\n<\/ul><\/div>\n<\/p><\/div>\n<p> <!-- Secci\u00f3n de especificaciones mec\u00e1nicas --> <\/p>\n<div style='flex: 1 1 250px; border: 1px solid rgba(150&comma; 150&comma; 150&comma; 0.4); border-radius: 8px; overflow: hidden; display: flex; flex-direction: column;'>\n<div style='padding: 15px; border-bottom: 1px solid rgba(150&comma; 150&comma; 150&comma; 0.2); font-weight: bold; font-size: 18px; color: inherit;'>Especificaciones Mec\u00e1nicas<\/div>\n<div style='padding: 15px; color: inherit;'>\n<ul style='padding-left: 20px; margin: 0; font-size: 14px; list-style-type: disc;'>\n<li style='margin-bottom: 5px;'>Ajuste fino de azimut: \u00b1 10 \u00b0<\/li>\n<li style='margin-bottom: 5px;'>Ajuste fino de elevaci\u00f3n: \u00b1 10 \u00b0<\/li>\n<li style='margin-bottom: 5px;'>Di\u00e1metro m\u00ednimo del tubo de montaje: 11.4 cm (4.5 in)<\/li>\n<li style='margin-bottom: 5px;'>Di\u00e1metro m\u00e1ximo del tubo de montaje: 11.4 cm (4.5 in)<\/li>\n<li style='margin-bottom: 5px;'>Peso neto: 12.3 kg (50 lbs)<\/li>\n<li style='margin-bottom: 5px;'>Velocidad de resistencia al viento operacional: 145 km\/h (90 mph)<\/li>\n<li style='margin-bottom: 5px;'>Rango de temperatura de operaci\u00f3n: -40 a 60 \u00b0C<\/li>\n<li style='margin-bottom: 5px;'><strong>Radomo incluido<\/strong><\/li>\n<li style='margin-bottom: 5px;'><strong>7 a\u00f1os de garant\u00eda<\/strong><\/li>\n<\/ul><\/div>\n<\/p><\/div>\n<p> <!-- Secci\u00f3n de informaci\u00f3n de env\u00edo --> <\/p>\n<div style='flex: 1 1 250px; border: 1px solid rgba(150&comma; 150&comma; 150&comma; 0.4); border-radius: 8px; overflow: hidden; display: flex; flex-direction: column;'>\n<div style='padding: 15px; border-bottom: 1px solid rgba(150&comma; 150&comma; 150&comma; 0.2); font-weight: bold; font-size: 18px; color: inherit;'>Informaci\u00f3n de Env\u00edo<\/div>\n<div style='padding: 15px; color: inherit;'>\n<ul style='padding-left: 20px; margin: 0; font-size: 14px; list-style-type: disc;'>\n<li style='margin-bottom: 5px;'>Dimensiones: 119 (largo) x 71 (ancho) x 122 (altura) cm<\/li>\n<li style='margin-bottom: 5px;'>Dimensiones: 47 (largo) x 28 (ancho) x 48 (altura) in<\/li>\n<li style='margin-bottom: 5px;'>Empaque: Caj\u00f3n de madera<\/li>\n<\/ul><\/div>\n<\/p><\/div>\n<\/p><\/div>\n<p> <!-- Separador --> <\/p>\n<hr style='border: 0; border-top: 1px solid rgba(150&comma; 150&comma; 150&comma; 0.3); margin: 30px 0;'> <!-- Secci\u00f3n de multimedia --> <\/p>\n<div style='display: flex; flex-wrap: wrap; gap: 30px; margin-bottom: 30px;'> <!-- Video --> <\/p>\n<div style='flex: 1 1 100%; min-width: 300px;'>\n<div style='position: relative; padding-bottom: 56.25%; height: 0; overflow: hidden; margin-bottom: 30px;'>   <\/div>\n<\/p><\/div>\n<p> <!-- Imagen --> <\/p>\n<div style='flex: 1 1 100%; min-width: 300px;'> <img style='width: 100%; height: auto; border: 1px solid rgba(150&comma;150&comma;150&comma;0.3); border-radius: 8px;' src='https:\/\/ftp3.syscom.mx\/usuarios\/fotos\/HPD2_5_2NS\/HPD2_5_2NS.jpg' alt=''> <\/div>\n<\/p><\/div>\n<\/p><\/div>\n","protected":false},"excerpt":{"rendered":"<p>Antena Direccional, Dimensiones (3 ft), Ganancia 39 dBi, 10.7-11.7 GHz, 2 Conectores N-hembra, Radomo y montaje incluido<\/p>\n","protected":false},"featured_media":74628,"comment_status":"open","ping_status":"closed","template":"","meta":[],"product_brand":[],"product_cat":[1918],"product_tag":[1404,1919,938],"class_list":{"0":"post-74629","1":"product","2":"type-product","3":"status-publish","4":"has-post-thumbnail","6":"product_cat-direccionales","7":"product_tag-antenas","8":"product_tag-direccionales","9":"product_tag-radiowaves","11":"first","12":"outofstock","13":"sale","14":"shipping-taxable","15":"purchasable","16":"product-type-simple"},"_links":{"self":[{"href":"https:\/\/soydeaqui.ddns.net\/pachuca\/index.php\/wp-json\/wp\/v2\/product\/74629","targetHints":{"allow":["GET"]}}],"collection":[{"href":"https:\/\/soydeaqui.ddns.net\/pachuca\/index.php\/wp-json\/wp\/v2\/product"}],"about":[{"href":"https:\/\/soydeaqui.ddns.net\/pachuca\/index.php\/wp-json\/wp\/v2\/types\/product"}],"replies":[{"embeddable":true,"href":"https:\/\/soydeaqui.ddns.net\/pachuca\/index.php\/wp-json\/wp\/v2\/comments?post=74629"}],"wp:featuredmedia":[{"embeddable":true,"href":"https:\/\/soydeaqui.ddns.net\/pachuca\/index.php\/wp-json\/wp\/v2\/media\/74628"}],"wp:attachment":[{"href":"https:\/\/soydeaqui.ddns.net\/pachuca\/index.php\/wp-json\/wp\/v2\/media?parent=74629"}],"wp:term":[{"taxonomy":"product_brand","embeddable":true,"href":"https:\/\/soydeaqui.ddns.net\/pachuca\/index.php\/wp-json\/wp\/v2\/product_brand?post=74629"},{"taxonomy":"product_cat","embeddable":true,"href":"https:\/\/soydeaqui.ddns.net\/pachuca\/index.php\/wp-json\/wp\/v2\/product_cat?post=74629"},{"taxonomy":"product_tag","embeddable":true,"href":"https:\/\/soydeaqui.ddns.net\/pachuca\/index.php\/wp-json\/wp\/v2\/product_tag?post=74629"}],"curies":[{"name":"wp","href":"https:\/\/api.w.org\/{rel}","templated":true}]}}