{"id":74623,"date":"2026-03-19T14:07:54","date_gmt":"2026-03-19T14:07:54","guid":{"rendered":"https:\/\/soydeaqui.ddns.net\/pachuca\/index.php\/producto\/antena-profesional-alto-desempeno-2-ft-garantia-7-anos-5-25-5-85-ghz-2\/"},"modified":"2026-03-19T14:07:55","modified_gmt":"2026-03-19T14:07:55","slug":"antena-profesional-alto-desempeno-2-ft-garantia-7-anos-5-25-5-85-ghz-2","status":"publish","type":"product","link":"https:\/\/soydeaqui.ddns.net\/pachuca\/index.php\/producto\/antena-profesional-alto-desempeno-2-ft-garantia-7-anos-5-25-5-85-ghz-2\/","title":{"rendered":"Antena Profesional Alto Desempe\u00f1o, 2 ft, Garantia 7 a\u00f1os, 5.25 &#8211; 5.85 GHz"},"content":{"rendered":"<div style='width: 100%; max-width: 1200px; margin: 0 auto; font-family: sans-serif; line-height: 1.6; color: inherit; background-color: transparent;'> <!-- Secci\u00f3n de contenido con flex\/grid --> <\/p>\n<div style='display: flex; flex-wrap: wrap; gap: 30px; margin-bottom: 30px;'>\n<div style='flex: 1 1 300px; min-width: 280px;'>\n<h3 style='font-size: 22px; border-bottom: 2px solid currentColor; padding-bottom: 5px; margin-top: 0; color: inherit; opacity: 0.8;'>Especificaciones El\u00e9ctricas<\/h3>\n<ul style='padding-left: 20px; font-size: 15px; color: inherit;'>\n<li style='margin-bottom: 5px;'><strong>Medida:<\/strong> 0.6 m (2 ft)<\/li>\n<li style='margin-bottom: 5px;'><strong>Polarizaci\u00f3n:<\/strong> Doble<\/li>\n<li style='margin-bottom: 5px;'><strong>Conectores:<\/strong> N-Hembra (x2)<\/li>\n<li style='margin-bottom: 5px;'><strong>Frecuencia:<\/strong> 5.25 \u2013 5.85 GHz<\/li>\n<li style='margin-bottom: 5px;'><strong>Ancho de haz horizontal\/vertical:<\/strong> 6.1 \u00b0<\/li>\n<li style='margin-bottom: 5px;'><strong>Discriminaci\u00f3n en polarizaci\u00f3n cruzada:<\/strong> 28 dB<\/li>\n<li style='margin-bottom: 5px;'><strong>Front to Back Ratio (F\/B):<\/strong> 44 dB<\/li>\n<li style='margin-bottom: 5px;'><strong>Ganancia en frecuencia baja:<\/strong> 28.3 dBi<\/li>\n<li style='margin-bottom: 5px;'><strong>Ganancia en frecuencia media:<\/strong> 28.8 dBi<\/li>\n<li style='margin-bottom: 5px;'><strong>Ganancia en frecuencia alta:<\/strong> 29.3 dBi<\/li>\n<li style='margin-bottom: 5px;'><strong>VSWR:<\/strong> 1.5:1<\/li>\n<li style='margin-bottom: 5px;'><strong>Perdida por retorno:<\/strong> -14 dB<\/li>\n<\/ul><\/div>\n<div style='flex: 1 1 300px; min-width: 280px;'>\n<h3 style='font-size: 22px; border-bottom: 2px solid currentColor; padding-bottom: 5px; margin-top: 0; color: inherit; opacity: 0.8;'>Especificaciones Mec\u00e1nicas<\/h3>\n<ul style='padding-left: 20px; font-size: 15px; color: inherit;'>\n<li style='margin-bottom: 5px;'><strong>Ajuste fino de azimut:<\/strong> \u00b1 10 \u00b0<\/li>\n<li style='margin-bottom: 5px;'><strong>Ajuste fino de elevaci\u00f3n:<\/strong> \u00b1 30 \u00b0<\/li>\n<li style='margin-bottom: 5px;'><strong>Di\u00e1metro m\u00ednimo del tubo de montaje:<\/strong> 5.08 cm (2 in)<\/li>\n<li style='margin-bottom: 5px;'><strong>Di\u00e1metro m\u00e1ximo del tubo de montaje:<\/strong> 11.4 cm (4.5 in)<\/li>\n<li style='margin-bottom: 5px;'><strong>Peso neto:<\/strong> 12.3 kg (27 lbs)<\/li>\n<li style='margin-bottom: 5px;'><strong>Velocidad de resistencia al viento operacional:<\/strong> 145 km\/h (90 mph)<\/li>\n<li style='margin-bottom: 5px;'><strong>Rango de temperatura de operaci\u00f3n:<\/strong> -40 a 60 \u00b0C<\/li>\n<li style='margin-bottom: 5px;'><strong>Radomo:<\/strong> Incluido<\/li>\n<\/ul>\n<div style='margin-top: 20px; padding: 15px; background-color: rgba(255&comma; 255&comma; 255&comma; 0.05); border-left: 4px solid currentColor;'> <strong style='color: inherit;'>*7 a\u00f1os de garant\u00eda<\/strong> <\/div>\n<\/p><\/div>\n<\/p><\/div>\n<p> <!-- Imagen del producto --> <\/p>\n<div style='margin-bottom: 30px;'> <img style='width: 100%; height: auto; border: 1px solid rgba(150&comma;150&comma;150&comma;0.3); border-radius: 8px;' src='https:\/\/ftp3.syscom.mx\/usuarios\/fotos\/HPD25.2NS\/94589-radiowaves_cerrada.jpg' alt=''> <\/div>\n<p> <!-- Secci\u00f3n de video --> <\/p>\n<div style='margin-bottom: 30px;'>\n<div style='position: relative; padding-bottom: 56.25%; height: 0; overflow: hidden;'>   <\/div>\n<\/p><\/div>\n<p> <!-- Secci\u00f3n de informaci\u00f3n de env\u00edo --> <\/p>\n<div style='margin-bottom: 30px;'>\n<h3 style='font-size: 22px; border-bottom: 2px solid currentColor; padding-bottom: 5px; margin-top: 0; color: inherit; opacity: 0.8;'>Informaci\u00f3n de Env\u00edo<\/h3>\n<ul style='padding-left: 20px; font-size: 15px; color: inherit;'>\n<li style='margin-bottom: 5px;'><strong>Dimensiones:<\/strong> 79 (largo) x 79 (ancho) x 64 (altura) cm \/ 31 (largo) x 31 (ancho) x 25 (altura) in<\/li>\n<li style='margin-bottom: 5px;'><strong>Empaque:<\/strong> Caja de cart\u00f3n<\/li>\n<\/ul><\/div>\n<\/p><\/div>\n","protected":false},"excerpt":{"rendered":"<p>Antena Profesional Alto Desempe\u00f1o, 2 ft, Garantia 7 a\u00f1os, 5.25 &#8211; 5.85 GHz<\/p>\n","protected":false},"featured_media":74622,"comment_status":"open","ping_status":"closed","template":"","meta":[],"product_brand":[],"product_cat":[1918],"product_tag":[1404,1919,938],"class_list":{"0":"post-74623","1":"product","2":"type-product","3":"status-publish","4":"has-post-thumbnail","6":"product_cat-direccionales","7":"product_tag-antenas","8":"product_tag-direccionales","9":"product_tag-radiowaves","11":"first","12":"outofstock","13":"sale","14":"shipping-taxable","15":"purchasable","16":"product-type-simple"},"_links":{"self":[{"href":"https:\/\/soydeaqui.ddns.net\/pachuca\/index.php\/wp-json\/wp\/v2\/product\/74623","targetHints":{"allow":["GET"]}}],"collection":[{"href":"https:\/\/soydeaqui.ddns.net\/pachuca\/index.php\/wp-json\/wp\/v2\/product"}],"about":[{"href":"https:\/\/soydeaqui.ddns.net\/pachuca\/index.php\/wp-json\/wp\/v2\/types\/product"}],"replies":[{"embeddable":true,"href":"https:\/\/soydeaqui.ddns.net\/pachuca\/index.php\/wp-json\/wp\/v2\/comments?post=74623"}],"wp:featuredmedia":[{"embeddable":true,"href":"https:\/\/soydeaqui.ddns.net\/pachuca\/index.php\/wp-json\/wp\/v2\/media\/74622"}],"wp:attachment":[{"href":"https:\/\/soydeaqui.ddns.net\/pachuca\/index.php\/wp-json\/wp\/v2\/media?parent=74623"}],"wp:term":[{"taxonomy":"product_brand","embeddable":true,"href":"https:\/\/soydeaqui.ddns.net\/pachuca\/index.php\/wp-json\/wp\/v2\/product_brand?post=74623"},{"taxonomy":"product_cat","embeddable":true,"href":"https:\/\/soydeaqui.ddns.net\/pachuca\/index.php\/wp-json\/wp\/v2\/product_cat?post=74623"},{"taxonomy":"product_tag","embeddable":true,"href":"https:\/\/soydeaqui.ddns.net\/pachuca\/index.php\/wp-json\/wp\/v2\/product_tag?post=74623"}],"curies":[{"name":"wp","href":"https:\/\/api.w.org\/{rel}","templated":true}]}}