{"id":74616,"date":"2026-03-19T14:07:36","date_gmt":"2026-03-19T14:07:36","guid":{"rendered":"https:\/\/soydeaqui.ddns.net\/pachuca\/index.php\/producto\/montaje-de-poste-o-torre-para-gabinetes-txpro-ver-compatibilidad\/"},"modified":"2026-03-19T14:07:49","modified_gmt":"2026-03-19T14:07:49","slug":"montaje-de-poste-o-torre-para-gabinetes-txpro-ver-compatibilidad","status":"publish","type":"product","link":"https:\/\/soydeaqui.ddns.net\/pachuca\/index.php\/producto\/montaje-de-poste-o-torre-para-gabinetes-txpro-ver-compatibilidad\/","title":{"rendered":"Montaje de Poste o Torre para Gabinetes TXPRO (Ver compatibilidad)."},"content":{"rendered":"<div style='width: 100%; max-width: 1200px; margin: 0 auto; font-family: sans-serif; line-height: 1.6; color: inherit; background-color: transparent;'>\n<div style='display: flex; flex-wrap: wrap; gap: 30px; margin-bottom: 30px;'>\n<div style='flex: 1 1 300px; min-width: 280px;'>\n<h3 style='font-size: 22px; border-bottom: 2px solid currentColor; padding-bottom: 5px; margin-top: 0; color: inherit; opacity: 0.8;'>Montaje de Poste o Torre para Gabinetes TXPRO<\/h3>\n<p style='font-size: 15px; color: inherit; margin-bottom: 15px;'>Compatible con modelos:<\/p>\n<ul style='padding-left: 20px; font-size: 15px; color: inherit; margin-bottom: 30px;'>\n<li style='margin-bottom: 5px;'>TXG-3040<\/li>\n<li style='margin-bottom: 5px;'>TXG-2919S<\/li>\n<li style='margin-bottom: 5px;'>TXG-0147<\/li>\n<li style='margin-bottom: 5px;'>TXG-0383<\/li>\n<li style='margin-bottom: 5px;'>TXG-0149<\/li>\n<li style='margin-bottom: 5px;'>TXG-3545<\/li>\n<li style='margin-bottom: 5px;'>TXG-0157<\/li>\n<li style='margin-bottom: 5px;'>TXG-01571<\/li>\n<li style='margin-bottom: 5px;'>TXG-4050<\/li>\n<li style='margin-bottom: 5px;'>TXT-4050<\/li>\n<li style='margin-bottom: 5px;'>TXG0235JK<\/li>\n<\/ul>\n<p style='font-size: 15px; color: inherit; margin-bottom: 15px;'>Incluye abrazaderas para poste de 3&#8242; a 5&#8242; de di\u00e1metro.<\/p>\n<\/p><\/div>\n<\/p><\/div>\n<div style='display: flex; flex-wrap: wrap; gap: 20px; margin-bottom: 30px;'>\n<div style='flex: 1 1 250px; border: 1px solid rgba(150&comma; 150&comma; 150&comma; 0.4); border-radius: 8px; overflow: hidden; display: flex; flex-direction: column;'>\n<div style='padding: 15px; border-bottom: 1px solid rgba(150&comma; 150&comma; 150&comma; 0.2); font-weight: bold; font-size: 18px; color: inherit;'>Caracter\u00edsticas<\/div>\n<div style='padding: 15px; color: inherit;'>\n<ul style='padding-left: 20px; margin: 0; font-size: 14px; list-style-type: disc;'>\n<li style='margin-bottom: 5px;'>Material: L\u00e1mina de acero rolado.<\/li>\n<li style='margin-bottom: 5px;'>Calibre: 16<\/li>\n<li style='margin-bottom: 5px;'>Color: Beige.<\/li>\n<li style='margin-bottom: 5px;'>Pintura: Pintura en polvo electrost\u00e1tica<\/li>\n<li style='margin-bottom: 5px;'>Dimensiones: 394 x 73 x 12 mm (ancho x alto x profundidad).<\/li>\n<li style='margin-bottom: 5px;'>Distancia m\u00ednima entre orificios de gabinete: 200 mm<\/li>\n<li style='margin-bottom: 5px;'>Distancia m\u00e1xima entre orificios de gabinete: 370 mm<\/li>\n<\/ul><\/div>\n<\/p><\/div>\n<div style='flex: 1 1 250px; border: 1px solid rgba(150&comma; 150&comma; 150&comma; 0.4); border-radius: 8px; overflow: hidden; display: flex; flex-direction: column;'>\n<div style='padding: 15px; border-bottom: 1px solid rgba(150&comma; 150&comma; 150&comma; 0.2); font-weight: bold; font-size: 18px; color: inherit;'>Recomendaciones de uso<\/div>\n<div style='padding: 15px; color: inherit;'>\n<ul style='padding-left: 20px; margin: 0; font-size: 14px; list-style-type: disc;'>\n<li style='margin-bottom: 5px;'>Durante su almacenamiento y transporte a sitio el equipo deber\u00e1 ser almacenado en un lugar seco&comma; libre de humedad y libre de contacto directo del sol y otros elementos clim\u00e1ticos que puedan acortar la vida \u00fatil del equipo.<\/li>\n<li style='margin-bottom: 5px;'>Debe evitarse a toda costa da\u00f1ar el equipo antes&comma; durante o despu\u00e9s de la instalaci\u00f3n ya que un da\u00f1o est\u00e9tico en el recubrimiento del montaje pudiera acelerar la generaci\u00f3n de \u00f3xido en el equipo.<\/li>\n<\/ul><\/div>\n<\/p><\/div>\n<div style='flex: 1 1 250px; border: 1px solid rgba(150&comma; 150&comma; 150&comma; 0.4); border-radius: 8px; overflow: hidden; display: flex; flex-direction: column;'>\n<div style='padding: 15px; border-bottom: 1px solid rgba(150&comma; 150&comma; 150&comma; 0.2); font-weight: bold; font-size: 18px; color: inherit;'>Recomendaciones de mantenimiento<\/div>\n<div style='padding: 15px; color: inherit;'>\n<ul style='padding-left: 20px; margin: 0; font-size: 14px; list-style-type: disc;'>\n<li style='margin-bottom: 5px;'>Se recomienda dar limpieza de polvo y humedad constantemente para evitar el acumulamiento de part\u00edculas.<\/li>\n<li style='margin-bottom: 5px;'>Se recomienda (especialmente en zonas h\u00famedas) el ret\u00f3que est\u00e9tico con pintura* resistente a la lluvia en color beige para fortalecer la capa protectora y retrazar la generaci\u00f3n de \u00f3xido.<\/li>\n<\/ul>\n<p style='font-size: 14px; color: inherit; margin-top: 15px; margin-bottom: 0;'><strong>*<\/strong>El proceso de pintura debe ser realizado sobre el equipo limpio&comma; libre de part\u00edculas de polvo y libre de humedad. Se puede apoyar del uso de solventes para la limpieza previa del componente.<\/p>\n<\/p><\/div>\n<\/p><\/div>\n<\/p><\/div>\n<div style='display: flex; flex-wrap: wrap; gap: 30px; margin-bottom: 30px;'>\n<div style='flex: 1 1 300px; min-width: 280px;'>\n<h3 style='font-size: 22px; border-bottom: 2px solid currentColor; padding-bottom: 5px; margin-top: 0; color: inherit; opacity: 0.8;'>Notas adicionales<\/h3>\n<p style='font-size: 15px; color: inherit; margin-bottom: 0;'>**Para mayores dudas consulte al departamento de Ingenier\u00eda de SYSCOM.<\/p>\n<\/p><\/div>\n<\/p><\/div>\n<div style='display: flex; flex-wrap: wrap; gap: 30px; margin-bottom: 30px;'>\n<div style='flex: 1 1 300px; min-width: 280px;'> <img style='width: 100%; height: auto; border: 1px solid rgba(150&comma;150&comma;150&comma;0.3); border-radius: 8px;' src='http:\/\/ftp3.syscom.mx\/usuarios\/dcarreon\/IMPRESOS\/LOGO_epcom%20industrial.jpg' alt='Pasteles'> <\/div>\n<\/p><\/div>\n<hr style='border: 0; border-top: 1px solid rgba(150&comma; 150&comma; 150&comma; 0.3); margin: 30px 0;'> <\/div>\n","protected":false},"excerpt":{"rendered":"<p>Montaje de Poste o Torre para Gabinetes TXPRO (Ver compatibilidad).<\/p>\n","protected":false},"featured_media":74615,"comment_status":"open","ping_status":"closed","template":"","meta":[],"product_brand":[],"product_cat":[604],"product_tag":[606,181,605],"class_list":{"0":"post-74616","1":"product","2":"type-product","3":"status-publish","4":"has-post-thumbnail","6":"product_cat-accesorios-para-racks-y-gabinetes","7":"product_tag-accesorios-para-racks-y-gabinetes","8":"product_tag-epcom-industrial","9":"product_tag-racks-y-gabinetes","11":"first","12":"instock","13":"sale","14":"shipping-taxable","15":"purchasable","16":"product-type-simple"},"_links":{"self":[{"href":"https:\/\/soydeaqui.ddns.net\/pachuca\/index.php\/wp-json\/wp\/v2\/product\/74616","targetHints":{"allow":["GET"]}}],"collection":[{"href":"https:\/\/soydeaqui.ddns.net\/pachuca\/index.php\/wp-json\/wp\/v2\/product"}],"about":[{"href":"https:\/\/soydeaqui.ddns.net\/pachuca\/index.php\/wp-json\/wp\/v2\/types\/product"}],"replies":[{"embeddable":true,"href":"https:\/\/soydeaqui.ddns.net\/pachuca\/index.php\/wp-json\/wp\/v2\/comments?post=74616"}],"wp:featuredmedia":[{"embeddable":true,"href":"https:\/\/soydeaqui.ddns.net\/pachuca\/index.php\/wp-json\/wp\/v2\/media\/74615"}],"wp:attachment":[{"href":"https:\/\/soydeaqui.ddns.net\/pachuca\/index.php\/wp-json\/wp\/v2\/media?parent=74616"}],"wp:term":[{"taxonomy":"product_brand","embeddable":true,"href":"https:\/\/soydeaqui.ddns.net\/pachuca\/index.php\/wp-json\/wp\/v2\/product_brand?post=74616"},{"taxonomy":"product_cat","embeddable":true,"href":"https:\/\/soydeaqui.ddns.net\/pachuca\/index.php\/wp-json\/wp\/v2\/product_cat?post=74616"},{"taxonomy":"product_tag","embeddable":true,"href":"https:\/\/soydeaqui.ddns.net\/pachuca\/index.php\/wp-json\/wp\/v2\/product_tag?post=74616"}],"curies":[{"name":"wp","href":"https:\/\/api.w.org\/{rel}","templated":true}]}}