{"id":74601,"date":"2026-03-19T14:07:00","date_gmt":"2026-03-19T14:07:00","guid":{"rendered":"https:\/\/soydeaqui.ddns.net\/pachuca\/index.php\/producto\/cloud-core-router-cpu-9-nucleos-7-puertos-gigabit-ethernet-1-combo-tp-sfp-1-gb-memoria-enfriamiento-pasivo\/"},"modified":"2026-03-19T14:07:11","modified_gmt":"2026-03-19T14:07:11","slug":"cloud-core-router-cpu-9-nucleos-7-puertos-gigabit-ethernet-1-combo-tp-sfp-1-gb-memoria-enfriamiento-pasivo","status":"publish","type":"product","link":"https:\/\/soydeaqui.ddns.net\/pachuca\/index.php\/producto\/cloud-core-router-cpu-9-nucleos-7-puertos-gigabit-ethernet-1-combo-tp-sfp-1-gb-memoria-enfriamiento-pasivo\/","title":{"rendered":"Cloud Core Router, CPU 9 N\u00facleos, 7 Puertos Gigabit Ethernet, 1 Combo TP\/SFP, 1 GB Memoria, Enfriamiento Pasivo"},"content":{"rendered":"<div style='width: 100%; max-width: 1200px; margin: 0 auto; font-family: sans-serif; line-height: 1.6; color: inherit; background-color: transparent;'> <!-- T\u00edtulo principal --> <\/p>\n<h1 style='font-size: 24px; margin: 0; padding: 0; color: inherit;'><span>CCR1009-7G-1C-PC<\/span><\/h1>\n<p> <!-- Descripci\u00f3n general --> <\/p>\n<div style='margin: 30px 0;'>\n<p style='margin: 10px 0; padding: 0; font-size: 14px; color: inherit; opacity: 0.8;'> <span>La nueva revisi\u00f3n actualizada de CCR1009 est\u00e1 aqu\u00ed. Hemos tratado de combinar todos los comentarios de los clientes y las mejores pr\u00e1cticas en la fabricaci\u00f3n de dispositivos de CCR que hemos aprendido en los \u00faltimos tres a\u00f1os&comma; desde que se pusieron en marcha los primeros dispositivos CCR1009.<\/span> <\/p>\n<p style='margin: 10px 0; padding: 0; font-size: 14px; color: inherit; opacity: 0.8;'> <span>Cambios importantes:<\/span> <\/p>\n<\/p><\/div>\n<p> <!-- Secci\u00f3n de caracter\u00edsticas --> <\/p>\n<div style='margin: 30px 0;'>\n<div style='margin: 20px 0;'>\n<p style='margin: 10px 0; padding: 0; font-size: 14px; color: inherit; opacity: 0.8;'> <span>Sin Chip de Switch &#8211; el dispositivo incluye ahora s\u00f3lo puertos Ethernet independientes&comma; cada uno con una conexi\u00f3n directa a la CPU&comma; lo que permite superar la limitaci\u00f3n anterior 1Gbit compartida desde los puertos de primer orden interruptor y utilizar todo el potencial de poder de procesamiento de la CPU en esos puertos.<\/span> <\/p>\n<\/p><\/div>\n<div style='margin: 20px 0;'>\n<p style='margin: 10px 0; padding: 0; font-size: 14px; color: inherit; opacity: 0.8;'> <span>Combo-puerto &#8211; una \u00fanica interfaz de software 1Gbit que tiene dos interfaces de hardware &#8211; una jaula SFP y un puerto Gigabit Ethernet&comma; lo que permite utilizar cualquier tipo de conexi\u00f3n a su disposici\u00f3n. Tambi\u00e9n es posible cambiar entre las dos interfaces f\u00edsicas en RouterOS. En un caso de desconexi\u00f3n de la combinaci\u00f3n de puertos proporciona hardware de conmutaci\u00f3n por error funci\u00f3n.<\/span> <\/p>\n<\/p><\/div>\n<div style='margin: 20px 0;'>\n<p style='margin: 10px 0; padding: 0; font-size: 14px; color: inherit; opacity: 0.8;'> <span>100Mbps apoyo SFP &#8211; este es nuestro primer dispositivo que soporta m\u00f3dulos de fibra 100BASE-LX \/ 100BASE-SX \/ 100BASE-BX&comma; as\u00ed como m\u00f3dulos est\u00e1ndar 1&comma;25G SFP.<\/span> <\/p>\n<\/p><\/div>\n<div style='margin: 20px 0;'>\n<p style='margin: 10px 0; padding: 0; font-size: 14px; color: inherit; opacity: 0.8;'> <span>M\u00e1s rendimiento &#8211; porque los puertos est\u00e1n conectados directamente a la CPU&comma; la nueva CCR1009 puede lograr incluso un mayor rendimiento.<\/span> <\/p>\n<\/p><\/div>\n<div style='margin: 20px 0;'>\n<p style='margin: 10px 0; padding: 0; font-size: 14px; color: inherit; opacity: 0.8;'> <span>Esta unidad est\u00e1 equipada con caja de refrigeraci\u00f3n pasiva&comma; dos tubos t\u00e9rmicos y un disipador de calor especialmente dise\u00f1ado&comma; por lo que su completamente en silencio. Es impulsado por un adaptador de 24V 2.5A AC \/ DC externa y es compatible con redundancia de alimentaci\u00f3n si tambi\u00e9n la conecte a la puerta de entrada de PoE.<\/span> <\/p>\n<\/p><\/div>\n<\/p><\/div>\n<p> <!-- Imagen de enlace --> <\/p>\n<div style='margin: 30px 0;'> <a href='http:\/\/soporte.syscom.mx\/networking#mikrotik' style='text-decoration: none; color: inherit;'> <img style='width: 100%; height: auto; max-height: 80px; border: 1px solid rgba(150&comma;150&comma;150&comma;0.3); border-radius: 8px;' src='https:\/\/ftp3.syscom.mx\/usuarios\/raragon\/Imagenes_Generales\/Manuales_de_configuracion.jpg' alt='Manuales de configuraci\u00f3n' \/> <\/a> <\/div>\n<p> <!-- T\u00edtulo de RouterOS --> <\/p>\n<h2 style='font-size: 22px; margin: 30px 0 15px; padding: 0; border-bottom: 2px solid rgba(150&comma;150&comma;150&comma;0.3); color: inherit; opacity: 0.8;'> Caracter\u00edsticas principales de RouterOS <\/h2>\n<p> <!-- Imagen del producto --> <\/p>\n<div style='margin: 30px 0;'> <img style='width: 100%; height: auto; border: 1px solid rgba(150&comma;150&comma;150&comma;0.3); border-radius: 8px;' src='http:\/\/ftp3.syscom.mx\/usuarios\/raragon\/MikroTik\/ImagenesProductosMikrotik\/CCR-Series\/CCR1009-7G-1C-PC.png' alt='CCR1009-7G-1C-PC' \/> <\/div>\n<p> <!-- Especificaciones --> <\/p>\n<div style='margin: 40px 0;'>\n<h3 style='font-size: 20px; margin: 30px 0 15px; padding: 0; color: inherit; opacity: 0.8;'>Especificaciones<\/h3>\n<p> <!-- Especificaciones - Card 1 --> <\/p>\n<div style='display: flex; flex-wrap: wrap; gap: 20px; margin-bottom: 30px;'>\n<div style='flex: 1 1 250px; border: 1px solid rgba(150&comma; 150&comma; 150&comma; 0.4); border-radius: 8px; overflow: hidden; display: flex; flex-direction: column;'>\n<div style='padding: 15px; border-bottom: 1px solid rgba(150&comma; 150&comma; 150&comma; 0.2); font-weight: bold; font-size: 18px; color: inherit;'>Detalles<\/div>\n<div style='padding: 15px; color: inherit;'>\n<ul style='padding-left: 20px; margin: 0; font-size: 14px; list-style-type: disc; color: inherit;'>\n<li style='margin-bottom: 8px;'><strong>Product code:<\/strong> CCR1009-7G-1C-PC<\/li>\n<li style='margin-bottom: 8px;'><strong>Architecture:<\/strong> TILE<\/li>\n<li style='margin-bottom: 8px;'><strong>CPU:<\/strong> TLR4-00980CH-10CE-A3b<\/li>\n<li style='margin-bottom: 8px;'><strong>CPU core count:<\/strong> 9<\/li>\n<li style='margin-bottom: 8px;'><strong>CPU nominal frequency:<\/strong> 1 GHz<\/li>\n<li style='margin-bottom: 8px;'><strong>Dimensions:<\/strong> 272x190x47mm<\/li>\n<li style='margin-bottom: 8px;'><strong>License level:<\/strong> 6<\/li>\n<li style='margin-bottom: 8px;'><strong>Operating System:<\/strong> RouterOS<\/li>\n<li style='margin-bottom: 8px;'><strong>Size of RAM:<\/strong> 1 GB<\/li>\n<li style='margin-bottom: 8px;'><strong>Storage size:<\/strong> 128 MB<\/li>\n<li style='margin-bottom: 8px;'><strong>Storage type:<\/strong> NAND<\/li>\n<li style='margin-bottom: 8px;'><strong>Tested ambient temperature:<\/strong> -20C to +60C<\/li>\n<\/ul><\/div>\n<\/p><\/div>\n<\/p><\/div>\n<p> <!-- Especificaciones - Card 2 --> <\/p>\n<div style='display: flex; flex-wrap: wrap; gap: 20px; margin-bottom: 30px;'>\n<div style='flex: 1 1 250px; border: 1px solid rgba(150&comma; 150&comma; 150&comma; 0.4); border-radius: 8px; overflow: hidden; display: flex; flex-direction: column;'>\n<div style='padding: 15px; border-bottom: 1px solid rgba(150&comma; 150&comma; 150&comma; 0.2); font-weight: bold; font-size: 18px; color: inherit;'>Alimentaci\u00f3n<\/div>\n<div style='padding: 15px; color: inherit;'>\n<ul style='padding-left: 20px; margin: 0; font-size: 14px; list-style-type: disc; color: inherit;'>\n<li style='margin-bottom: 8px;'><strong>Max Power consumption:<\/strong> 25W<\/li>\n<li style='margin-bottom: 8px;'><strong>PoE in:<\/strong> Passive PoE<\/li>\n<li style='margin-bottom: 8px;'><strong>PoE in input Voltage:<\/strong> 18-57 V<\/li>\n<li style='margin-bottom: 8px;'><strong>Number of AC inputs:<\/strong> 1<\/li>\n<li style='margin-bottom: 8px;'><strong>AC input range:<\/strong> 100-240 V<\/li>\n<li style='margin-bottom: 8px;'><strong>Number of DC inputs:<\/strong> 2 (PoE-IN&comma; DC jack)<\/li>\n<li style='margin-bottom: 8px;'><strong>DC jack input Voltage:<\/strong> 18-57 V<\/li>\n<\/ul><\/div>\n<\/p><\/div>\n<\/p><\/div>\n<p> <!-- Especificaciones - Card 3 --> <\/p>\n<div style='display: flex; flex-wrap: wrap; gap: 20px; margin-bottom: 30px;'>\n<div style='flex: 1 1 250px; border: 1px solid rgba(150&comma; 150&comma; 150&comma; 0.4); border-radius: 8px; overflow: hidden; display: flex; flex-direction: column;'>\n<div style='padding: 15px; border-bottom: 1px solid rgba(150&comma; 150&comma; 150&comma; 0.2); font-weight: bold; font-size: 18px; color: inherit;'>Ethernet<\/div>\n<div style='padding: 15px; color: inherit;'>\n<ul style='padding-left: 20px; margin: 0; font-size: 14px; list-style-type: disc; color: inherit;'>\n<li style='margin-bottom: 8px;'><strong>10\/100\/1000 Ethernet ports:<\/strong> 7<\/li>\n<li style='margin-bottom: 8px;'><strong>Ethernet Combo ports:<\/strong> 1<\/li>\n<\/ul><\/div>\n<\/p><\/div>\n<\/p><\/div>\n<p> <!-- Especificaciones - Card 4 --> <\/p>\n<div style='display: flex; flex-wrap: wrap; gap: 20px; margin-bottom: 30px;'>\n<div style='flex: 1 1 250px; border: 1px solid rgba(150&comma; 150&comma; 150&comma; 0.4); border-radius: 8px; overflow: hidden; display: flex; flex-direction: column;'>\n<div style='padding: 15px; border-bottom: 1px solid rgba(150&comma; 150&comma; 150&comma; 0.2); font-weight: bold; font-size: 18px; color: inherit;'>Perif\u00e9ricos<\/div>\n<div style='padding: 15px; color: inherit;'>\n<ul style='padding-left: 20px; margin: 0; font-size: 14px; list-style-type: disc; color: inherit;'>\n<li style='margin-bottom: 8px;'><strong>Number of USB ports:<\/strong> 1<\/li>\n<li style='margin-bottom: 8px;'><strong>Serial port:<\/strong> RS232 + Header<\/li>\n<li style='margin-bottom: 8px;'><strong>USB Power Reset:<\/strong> Yes<\/li>\n<li style='margin-bottom: 8px;'><strong>USB slot type:<\/strong> microUSB type AB<\/li>\n<\/ul><\/div>\n<\/p><\/div>\n<\/p><\/div>\n<p> <!-- Especificaciones - Card 5 --> <\/p>\n<div style='display: flex; flex-wrap: wrap; gap: 20px; margin-bottom: 30px;'>\n<div style='flex: 1 1 250px; border: 1px solid rgba(150&comma; 150&comma; 150&comma; 0.4); border-radius: 8px; overflow: hidden; display: flex; flex-direction: column;'>\n<div style='padding: 15px; border-bottom: 1px solid rgba(150&comma; 150&comma; 150&comma; 0.2); font-weight: bold; font-size: 18px; color: inherit;'>Monitoreo<\/div>\n<div style='padding: 15px; color: inherit;'>\n<ul style='padding-left: 20px; margin: 0; font-size: 14px; list-style-type: disc; color: inherit;'>\n<li style='margin-bottom: 8px;'><strong>CPU temperature monitor:<\/strong> Yes<\/li>\n<li style='margin-bottom: 8px;'><strong>Current Monitor:<\/strong> Yes<\/li>\n<li style='margin-bottom: 8px;'><strong>PCB temperature monitor:<\/strong> Yes<\/li>\n<li style='margin-bottom: 8px;'><strong>Voltage Monitor:<\/strong> Yes<\/li>\n<\/ul><\/div>\n<\/p><\/div>\n<\/p><\/div>\n<\/p><\/div>\n<p> <!-- Pruebas de rendimiento --> <\/p>\n<div style='margin: 40px 0;'>\n<h3 style='font-size: 20px; margin: 30px 0 15px; padding: 0; border-bottom: 2px solid rgba(150&comma;150&comma;150&comma;0.3); color: inherit; opacity: 0.8;'>Pruebas de rendimiento Ethernet<\/h3>\n<p> <!-- Tabla de pruebas --> <\/p>\n<div style='overflow-x: auto; -webkit-overflow-scrolling: touch; margin-bottom: 30px;'>\n<table style='width: 100%; border-collapse: collapse; border: 1px solid rgba(150&comma;150&comma;150&comma;0.3);'>\n<thead style='background-color: rgba(150&comma;150&comma;150&comma;0.1);'>\n<tr>\n<th style='padding: 12px; border: 1px solid rgba(150&comma;150&comma;150&comma;0.3); text-align: left; font-weight: bold;' colspan='2'>CCR1009-7G-1C-PC<\/th>\n<th style='padding: 12px; border: 1px solid rgba(150&comma;150&comma;150&comma;0.3); text-align: left; font-weight: bold;' colspan='6'>Tile 9 core all port test with combo-port<\/th>\n<\/tr>\n<tr>\n<th style='padding: 12px; border: 1px solid rgba(150&comma;150&comma;150&comma;0.3); text-align: left; font-weight: bold;' rowspan='2'>Modo<\/th>\n<th style='padding: 12px; border: 1px solid rgba(150&comma;150&comma;150&comma;0.3); text-align: left; font-weight: bold;' rowspan='2'>Configuraci\u00f3n<\/th>\n<th style='padding: 12px; border: 1px solid rgba(150&comma;150&comma;150&comma;0.3); text-align: center; font-weight: bold;' colspan='2'>1518 byte<\/th>\n<th style='padding: 12px; border: 1px solid rgba(150&comma;150&comma;150&comma;0.3); text-align: center; font-weight: bold;' colspan='2'>512 byte<\/th>\n<th style='padding: 12px; border: 1px solid rgba(150&comma;150&comma;150&comma;0.3); text-align: center; font-weight: bold;' colspan='2'>64 byte<\/th>\n<\/tr>\n<tr>\n<th style='padding: 12px; border: 1px solid rgba(150&comma;150&comma;150&comma;0.3); text-align: center;'>kpps<\/th>\n<th style='padding: 12px; border: 1px solid rgba(150&comma;150&comma;150&comma;0.3); text-align: center;'>Mbps<\/th>\n<th style='padding: 12px; border: 1px solid rgba(150&comma;150&comma;150&comma;0.3); text-align: center;'>kpps<\/th>\n<th style='padding: 12px; border: 1px solid rgba(150&comma;150&comma;150&comma;0.3); text-align: center;'>Mbps<\/th>\n<th style='padding: 12px; border: 1px solid rgba(150&comma;150&comma;150&comma;0.3); text-align: center;'>kpps<\/th>\n<th style='padding: 12px; border: 1px solid rgba(150&comma;150&comma;150&comma;0.3); text-align: center;'>Mbps<\/th>\n<\/tr>\n<\/thead>\n<tbody>\n<tr style='border-bottom: 1px solid rgba(150&comma;150&comma;150&comma;0.2);'>\n<td style='padding: 12px; border: 1px solid rgba(150&comma;150&comma;150&comma;0.2);'>Bridging<\/td>\n<td style='padding: 12px; border: 1px solid rgba(150&comma;150&comma;150&comma;0.2);'>none (fast path)<\/td>\n<td style='padding: 12px; border: 1px solid rgba(150&comma;150&comma;150&comma;0.2);'>652.8<\/td>\n<td style='padding: 12px; border: 1px solid rgba(150&comma;150&comma;150&comma;0.2);'>7&comma;927.6<\/td>\n<td style='padding: 12px; border: 1px solid rgba(150&comma;150&comma;150&comma;0.2);'>1&comma;931.2<\/td>\n<td style='padding: 12px; border: 1px solid rgba(150&comma;150&comma;150&comma;0.2);'>7&comma;910.2<\/td>\n<td style='padding: 12px; border: 1px solid rgba(150&comma;150&comma;150&comma;0.2);'>14&comma;874.0<\/td>\n<td style='padding: 12px; border: 1px solid rgba(150&comma;150&comma;150&comma;0.2);'>7&comma;615.5<\/td>\n<\/tr>\n<tr style='border-bottom: 1px solid rgba(150&comma;150&comma;150&comma;0.2);'>\n<td style='padding: 12px; border: 1px solid rgba(150&comma;150&comma;150&comma;0.2);'>Bridging<\/td>\n<td style='padding: 12px; border: 1px solid rgba(150&comma;150&comma;150&comma;0.2);'>25 bridge filter rules<\/td>\n<td style='padding: 12px; border: 1px solid rgba(150&comma;150&comma;150&comma;0.2);'>649.6<\/td>\n<td style='padding: 12px; border: 1px solid rgba(150&comma;150&comma;150&comma;0.2);'>7&comma;888.7<\/td>\n<td style='padding: 12px; border: 1px solid rgba(150&comma;150&comma;150&comma;0.2);'>1&comma;183.8<\/td>\n<td style='padding: 12px; border: 1px solid rgba(150&comma;150&comma;150&comma;0.2);'>4&comma;848.8<\/td>\n<td style='padding: 12px; border: 1px solid rgba(150&comma;150&comma;150&comma;0.2);'>1&comma;184.0<\/td>\n<td style='padding: 12px; border: 1px solid rgba(150&comma;150&comma;150&comma;0.2);'>606.2<\/td>\n<\/tr>\n<tr style='border-bottom: 1px solid rgba(150&comma;150&comma;150&comma;0.2);'>\n<td style='padding: 12px; border: 1px solid rgba(150&comma;150&comma;150&comma;0.2);'>Routing<\/td>\n<td style='padding: 12px; border: 1px solid rgba(150&comma;150&comma;150&comma;0.2);'>none (fast path)<\/td>\n<td style='padding: 12px; border: 1px solid rgba(150&comma;150&comma;150&comma;0.2);'>652.8<\/td>\n<td style='padding: 12px; border: 1px solid rgba(150&comma;150&comma;150&comma;0.2);'>7&comma;927.6<\/td>\n<td style='padding: 12px; border: 1px solid rgba(150&comma;150&comma;150&comma;0.2);'>1&comma;931.2<\/td>\n<td style='padding: 12px; border: 1px solid rgba(150&comma;150&comma;150&comma;0.2);'>7&comma;910.2<\/td>\n<td style='padding: 12px; border: 1px solid rgba(150&comma;150&comma;150&comma;0.2);'>14&comma;581.0<\/td>\n<td style='padding: 12px; border: 1px solid rgba(150&comma;150&comma;150&comma;0.2);'>7&comma;465.5<\/td>\n<\/tr>\n<tr style='border-bottom: 1px solid rgba(150&comma;150&comma;150&comma;0.2);'>\n<td style='padding: 12px; border: 1px solid rgba(150&comma;150&comma;150&comma;0.2);'>Routing<\/td>\n<td style='padding: 12px; border: 1px solid rgba(150&comma;150&comma;150&comma;0.2);'>25 simple queues<\/td>\n<td style='padding: 12px; border: 1px solid rgba(150&comma;150&comma;150&comma;0.2);'>652.8<\/td>\n<td style='padding: 12px; border: 1px solid rgba(150&comma;150&comma;150&comma;0.2);'>7&comma;927.6<\/td>\n<td style='padding: 12px; border: 1px solid rgba(150&comma;150&comma;150&comma;0.2);'>1&comma;686.0<\/td>\n<td style='padding: 12px; border: 1px solid rgba(150&comma;150&comma;150&comma;0.2);'>7&comma;175.6<\/td>\n<td style='padding: 12px; border: 1px solid rgba(150&comma;150&comma;150&comma;0.2);'>1&comma;699.6<\/td>\n<td style='padding: 12px; border: 1px solid rgba(150&comma;150&comma;150&comma;0.2);'>1&comma;142.1<\/td>\n<\/tr>\n<tr style='border-bottom: 1px solid rgba(150&comma;150&comma;150&comma;0.2);'>\n<td style='padding: 12px; border: 1px solid rgba(150&comma;150&comma;150&comma;0.2);'>Routing<\/td>\n<td style='padding: 12px; border: 1px solid rgba(150&comma;150&comma;150&comma;0.2);'>25 ip filter rules<\/td>\n<td style='padding: 12px; border: 1px solid rgba(150&comma;150&comma;150&comma;0.2);'>615.8<\/td>\n<td style='padding: 12px; border: 1px solid rgba(150&comma;150&comma;150&comma;0.2);'>7&comma;478.3<\/td>\n<td style='padding: 12px; border: 1px solid rgba(150&comma;150&comma;150&comma;0.2);'>660.9<\/td>\n<td style='padding: 12px; border: 1px solid rgba(150&comma;150&comma;150&comma;0.2);'>2&comma;812.8<\/td>\n<td style='padding: 12px; border: 1px solid rgba(150&comma;150&comma;150&comma;0.2);'>668.3<\/td>\n<td style='padding: 12px; border: 1px solid rgba(150&comma;150&comma;150&comma;0.2);'>449.1<\/td>\n<\/tr>\n<\/tbody>\n<\/table><\/div>\n<p> <!-- Notas de pruebas --> <\/p>\n<ul style='padding-left: 20px; margin: 0; font-size: 13px; color: inherit; opacity: 0.8;'>\n<li style='margin-bottom: 5px;'>Todas las pruebas se realizaron con equipo especializado Xena Networks (XenaBay)&comma; y seg\u00fan RFC2544 (Xena2544)<\/li>\n<li style='margin-bottom: 5px;'>El rendimiento m\u00e1ximo se determin\u00f3 con intentos de 30+ segundos con tolerancia de p\u00e9rdida de paquetes del 0&comma;1% en tama\u00f1os de paquetes de 64&comma; 512&comma; 1518 bytes<\/li>\n<li style='margin-bottom: 5px;'>Los valores en cursiva indican que se alcanz\u00f3 el rendimiento m\u00e1ximo sin llegar a saturar la CPU&comma; sino porque la configuraci\u00f3n de la interfaz de la placa estaba al m\u00e1ximo<\/li>\n<li style='margin-bottom: 5px;'>Los resultados de prueba muestran el rendimiento m\u00e1ximo del dispositivo&comma; y se alcanzaron utilizando la configuraci\u00f3n de hardware y software mencionada&comma; diferentes configuraciones probablemente dar\u00e1n resultados m\u00e1s bajos<\/li>\n<\/ul><\/div>\n<p> <!-- Separador --> <\/p>\n<hr style='border: 0; border-top: 1px solid rgba(150&comma;150&comma;150&comma;0.3); margin: 40px 0;'> <!-- Componentes incluidos --> <\/p>\n<div style='margin: 40px 0;'>\n<h3 style='font-size: 20px; margin: 0 0 15px; padding: 0; border-bottom: 2px solid rgba(150&comma;150&comma;150&comma;0.3); color: inherit; opacity: 0.8;'>Componentes incluidos<\/h3>\n<p> <!-- Imagen de garant\u00eda --> <\/p>\n<div style='margin: 20px 0;'> <img style='width: 100%; max-width: 302px; height: auto; border: 1px solid rgba(150&comma;150&comma;150&comma;0.3); border-radius: 8px;' src='https:\/\/ftp3.syscom.mx\/usuarios\/fotos\/CCR10097G1CPC\/94521-garantia1.png' alt='Garant\u00eda' \/> <\/div>\n<p> <!-- Componentes --> <\/p>\n<div style='display: flex; flex-wrap: wrap; gap: 20px; margin-top: 20px;'>\n<div style='flex: 1 1 130px; min-width: 130px; text-align: center;'> <a href='https:\/\/img.routerboard.com\/mimg\/part21391161421m.jpg' style='text-decoration: none; color: inherit;'> <img style='width: 80px; height: auto; border: 1px solid rgba(150&comma;150&comma;150&comma;0.3); border-radius: 8px; margin-bottom: 10px;' src='https:\/\/img.routerboard.com\/mimg\/part21391161421s.jpg' alt='Adaptador de corriente' \/> <\/p>\n<div style='font-size: 14px; color: inherit;'>24V 2.5A power adapter<\/div>\n<p> <\/a> <\/div>\n<div style='flex: 1 1 130px; min-width: 130px; text-align: center;'> <a href='https:\/\/img.routerboard.com\/mimg\/part151391160298m.jpg' style='text-decoration: none; color: inherit;'> <img style='width: 80px; height: auto; border: 1px solid rgba(150&comma;150&comma;150&comma;0.3); border-radius: 8px; margin-bottom: 10px;' src='https:\/\/img.routerboard.com\/mimg\/part151391160298s.jpg' alt='Cable USB OTG' \/> <\/p>\n<div style='font-size: 14px; color: inherit;'>USB OTG cable<\/div>\n<p> <\/a> <\/div>\n<div style='flex: 1 1 130px; min-width: 130px; text-align: center;'> <a href='https:\/\/img.routerboard.com\/mimg\/part441414762206m.jpg' style='text-decoration: none; color: inherit;'> <img style='width: 80px; height: auto; border: 1px solid rgba(150&comma;150&comma;150&comma;0.3); border-radius: 8px; margin-bottom: 10px;' src='https:\/\/img.routerboard.com\/mimg\/part441414762206s.jpg' alt='Orejas de montaje' \/> <\/p>\n<div style='font-size: 14px; color: inherit;'>Orejas<\/div>\n<p> <\/a> <\/div>\n<div style='flex: 1 1 130px; min-width: 130px; text-align: center;'> <a href='https:\/\/img.routerboard.com\/mimg\/part41391160693m.jpg' style='text-decoration: none; color: inherit;'> <img style='width: 80px; height: auto; border: 1px solid rgba(150&comma;150&comma;150&comma;0.3); border-radius: 8px; margin-bottom: 10px;' src='https:\/\/img.routerboard.com\/mimg\/part41391160693s.jpg' alt='Cable IEC' \/> <\/p>\n<div style='font-size: 14px; color: inherit;'>IEC cord<\/div>\n<p> <\/a> <\/div>\n<\/p><\/div>\n<\/p><\/div>\n<\/p><\/div>\n","protected":false},"excerpt":{"rendered":"<p>Cloud Core Router, CPU 9 N\u00facleos, 7 Puertos Gigabit Ethernet, 1 Combo TP\/SFP, 1 GB Memoria, Enfriamiento Pasivo<\/p>\n","protected":false},"featured_media":74600,"comment_status":"open","ping_status":"closed","template":"","meta":[],"product_brand":[],"product_cat":[2036,2035,2034],"product_tag":[2039,2038,643,664,2037],"class_list":{"0":"post-74601","1":"product","2":"type-product","3":"status-publish","4":"has-post-thumbnail","6":"product_cat-balanceadores","7":"product_cat-firewalls","8":"product_cat-routers","9":"product_tag-balanceadores","10":"product_tag-firewalls","11":"product_tag-mikrotik","12":"product_tag-networking","13":"product_tag-routers","15":"first","16":"outofstock","17":"sale","18":"shipping-taxable","19":"purchasable","20":"product-type-simple"},"_links":{"self":[{"href":"https:\/\/soydeaqui.ddns.net\/pachuca\/index.php\/wp-json\/wp\/v2\/product\/74601","targetHints":{"allow":["GET"]}}],"collection":[{"href":"https:\/\/soydeaqui.ddns.net\/pachuca\/index.php\/wp-json\/wp\/v2\/product"}],"about":[{"href":"https:\/\/soydeaqui.ddns.net\/pachuca\/index.php\/wp-json\/wp\/v2\/types\/product"}],"replies":[{"embeddable":true,"href":"https:\/\/soydeaqui.ddns.net\/pachuca\/index.php\/wp-json\/wp\/v2\/comments?post=74601"}],"wp:featuredmedia":[{"embeddable":true,"href":"https:\/\/soydeaqui.ddns.net\/pachuca\/index.php\/wp-json\/wp\/v2\/media\/74600"}],"wp:attachment":[{"href":"https:\/\/soydeaqui.ddns.net\/pachuca\/index.php\/wp-json\/wp\/v2\/media?parent=74601"}],"wp:term":[{"taxonomy":"product_brand","embeddable":true,"href":"https:\/\/soydeaqui.ddns.net\/pachuca\/index.php\/wp-json\/wp\/v2\/product_brand?post=74601"},{"taxonomy":"product_cat","embeddable":true,"href":"https:\/\/soydeaqui.ddns.net\/pachuca\/index.php\/wp-json\/wp\/v2\/product_cat?post=74601"},{"taxonomy":"product_tag","embeddable":true,"href":"https:\/\/soydeaqui.ddns.net\/pachuca\/index.php\/wp-json\/wp\/v2\/product_tag?post=74601"}],"curies":[{"name":"wp","href":"https:\/\/api.w.org\/{rel}","templated":true}]}}