{"id":74585,"date":"2026-03-19T14:06:30","date_gmt":"2026-03-19T14:06:30","guid":{"rendered":"https:\/\/soydeaqui.ddns.net\/pachuca\/index.php\/producto\/transceptor-sfp-100base-fx-20k\/"},"modified":"2026-03-19T14:06:32","modified_gmt":"2026-03-19T14:06:32","slug":"transceptor-sfp-100base-fx-20k","status":"publish","type":"product","link":"https:\/\/soydeaqui.ddns.net\/pachuca\/index.php\/producto\/transceptor-sfp-100base-fx-20k\/","title":{"rendered":"Transceptor SFP 100BASE-FX 20K"},"content":{"rendered":"<div style='width: 100%; max-width: 1200px; margin: 0 auto; font-family: sans-serif; line-height: 1.6; color: inherit; background-color: transparent;'> <!-- Secci\u00f3n de descripci\u00f3n --> <\/p>\n<div style='display: flex; flex-direction: column; gap: 20px; margin-bottom: 30px;'>\n<p style='margin: 0 0 15px 0; color: inherit; font-size: 15px;'> La familia MFB consta de m\u00f3dulos transceptores SFP (Small Form Factor Pluggable) dise\u00f1ados espec\u00edficamente para el enlace de datos d\u00faplex integrado de alto rendimiento a trav\u00e9s de fibra \u00f3ptica monomodo. Estos m\u00f3dulos de transceptor cumplen con el Acuerdo SFP Multisource (MSA) y se pueden conectar en caliente. Estos m\u00f3dulos ofrecen una manera f\u00e1cil de instalar en puertos compatibles con SFP MSA en cualquier momento sin la interrupci\u00f3n de la operaci\u00f3n del equipo host. <\/p>\n<p style='margin: 0 0 15px 0; color: inherit; font-size: 15px;'> Los transceptores SFP MFB que utilizan una FP LD de longitud de onda larga (1310 nm) permiten la transmisi\u00f3n de datos hasta 2 km en una fibra \u00f3ptica multimodo y hasta 60 km en una fibra \u00f3ptica monomodo. <\/p>\n<p style='margin: 0 0 15px 0; color: inherit; font-size: 15px;'> Para satisfacer la creciente demanda de la soluci\u00f3n de fibra Industrial Ethernet&comma; Planet ha lanzado la serie de transceptores MFB-T 100Base-FX que puede funcionar de manera confiable en entornos el\u00e9ctricamente hostiles&comma; clim\u00e1ticamente exigentes y con un amplio rango de temperaturas (-40 \u00b0C a 75 \u00b0C). La serie de transceptores MFB-T 100Base-FX proporciona una conexi\u00f3n 100Base-FX f\u00e1cil y r\u00e1pida para equipos industriales de temperatura de todo el planeta. <\/p>\n<p style='margin: 0 0 15px 0; color: inherit; font-size: 15px;'> Los transceptores Fast Ethernet SFP de la familia MFB se pueden instalar en productos PLANET Switch y Media Converter con interfaz 100Base-FX SFP. La distancia de despliegue se puede extender desde 2 km (modo m\u00faltiple&comma; LC) hasta 60 kil\u00f3metros (modo \u00fanico&comma; LC). <\/p>\n<p style='margin: 0 0 15px 0; color: inherit; font-size: 15px;'> Los transceptores Fast Ethernet SFP de la familia MFB son conectables en caliente e intercambiables en caliente. Puede enchufar y extraer los transceptores hacia \/ desde cualquier puerto SFP sin tener que apagar el Switch \/ Media Converter. <\/p>\n<\/p><\/div>\n<p> <!-- Imagen --> <\/p>\n<div style='display: flex; justify-content: center; margin: 30px 0;'> <img style='width: 100%; max-width: 600px; height: auto; border: 1px solid rgba(150&comma;150&comma;150&comma;0.3); border-radius: 8px;' src='https:\/\/www.planet.com.tw\/storage\/products\/11026\/MFB_L.gif' alt='Transceptor SFP MFBFB20'> <\/div>\n<p> <!-- Separador --> <\/p>\n<hr style='border: 0; border-top: 1px solid rgba(150&comma; 150&comma; 150&comma; 0.3); margin: 30px 0;'> <\/div>\n","protected":false},"excerpt":{"rendered":"<p>Transceptor SFP 100BASE-FX 20K<\/p>\n","protected":false},"featured_media":32,"comment_status":"open","ping_status":"closed","template":"","meta":[],"product_brand":[],"product_cat":[663],"product_tag":[664,2033,665],"class_list":{"0":"post-74585","1":"product","2":"type-product","3":"status-publish","4":"has-post-thumbnail","6":"product_cat-transceptores-de-fibra","7":"product_tag-networking","8":"product_tag-planet","9":"product_tag-transceptores-de-fibra","11":"first","12":"outofstock","13":"sale","14":"shipping-taxable","15":"purchasable","16":"product-type-simple"},"_links":{"self":[{"href":"https:\/\/soydeaqui.ddns.net\/pachuca\/index.php\/wp-json\/wp\/v2\/product\/74585","targetHints":{"allow":["GET"]}}],"collection":[{"href":"https:\/\/soydeaqui.ddns.net\/pachuca\/index.php\/wp-json\/wp\/v2\/product"}],"about":[{"href":"https:\/\/soydeaqui.ddns.net\/pachuca\/index.php\/wp-json\/wp\/v2\/types\/product"}],"replies":[{"embeddable":true,"href":"https:\/\/soydeaqui.ddns.net\/pachuca\/index.php\/wp-json\/wp\/v2\/comments?post=74585"}],"wp:featuredmedia":[{"embeddable":true,"href":"https:\/\/soydeaqui.ddns.net\/pachuca\/index.php\/wp-json\/wp\/v2\/media\/32"}],"wp:attachment":[{"href":"https:\/\/soydeaqui.ddns.net\/pachuca\/index.php\/wp-json\/wp\/v2\/media?parent=74585"}],"wp:term":[{"taxonomy":"product_brand","embeddable":true,"href":"https:\/\/soydeaqui.ddns.net\/pachuca\/index.php\/wp-json\/wp\/v2\/product_brand?post=74585"},{"taxonomy":"product_cat","embeddable":true,"href":"https:\/\/soydeaqui.ddns.net\/pachuca\/index.php\/wp-json\/wp\/v2\/product_cat?post=74585"},{"taxonomy":"product_tag","embeddable":true,"href":"https:\/\/soydeaqui.ddns.net\/pachuca\/index.php\/wp-json\/wp\/v2\/product_tag?post=74585"}],"curies":[{"name":"wp","href":"https:\/\/api.w.org\/{rel}","templated":true}]}}