{"id":74566,"date":"2026-03-19T14:05:47","date_gmt":"2026-03-19T14:05:47","guid":{"rendered":"https:\/\/soydeaqui.ddns.net\/pachuca\/index.php\/producto\/convertidor-de-medios-industrial-de-1-puerto-ethernet-10-100-1000-base-t-a-2-puertos-sfp-100-1000-2500-base-x\/"},"modified":"2026-03-19T14:05:52","modified_gmt":"2026-03-19T14:05:52","slug":"convertidor-de-medios-industrial-de-1-puerto-ethernet-10-100-1000-base-t-a-2-puertos-sfp-100-1000-2500-base-x","status":"publish","type":"product","link":"https:\/\/soydeaqui.ddns.net\/pachuca\/index.php\/producto\/convertidor-de-medios-industrial-de-1-puerto-ethernet-10-100-1000-base-t-a-2-puertos-sfp-100-1000-2500-base-x\/","title":{"rendered":"Convertidor de Medios Industrial de 1 Puerto Ethernet 10\/100\/1000 Base-T a 2 Puertos SFP 100\/1000\/2500 Base-X"},"content":{"rendered":"<div style='width: 100%; max-width: 1200px; margin: 0 auto; font-family: sans-serif; line-height: 1.6; color: inherit; background-color: transparent;'> <!-- Im\u00e1genes iniciales --> <\/p>\n<div style='display: flex; flex-wrap: wrap; gap: 15px; justify-content: center; margin-bottom: 30px;'> <img style='width: 100%; max-width: 100px; height: auto; border: 1px solid rgba(150&comma;150&comma;150&comma;0.3); border-radius: 8px;' src='https:\/\/www.planet.com.tw\/storage\/icons\/676\/2500X-Fiber-Optics.png' alt=''> <img style='width: 100%; max-width: 100px; height: auto; border: 1px solid rgba(150&comma;150&comma;150&comma;0.3); border-radius: 8px;' src='https:\/\/www.planet.com.tw\/storage\/icons\/8icon_-40-degree-~75-degree.png' alt=''> <img style='width: 100%; max-width: 100px; height: auto; border: 1px solid rgba(150&comma;150&comma;150&comma;0.3); border-radius: 8px;' src='https:\/\/www.planet.com.tw\/storage\/icons\/3icon_Redundant_Power.png' alt=''> <img style='width: 100%; max-width: 100px; height: auto; border: 1px solid rgba(150&comma;150&comma;150&comma;0.3); border-radius: 8px;' src='https:\/\/www.planet.com.tw\/storage\/icons\/7icon_Full-Ports_Gigabit.png' alt=''> <img style='width: 100%; max-width: 100px; height: auto; border: 1px solid rgba(150&comma;150&comma;150&comma;0.3); border-radius: 8px;' src='https:\/\/www.planet.com.tw\/storage\/icons\/2icon_IP-Code_30.png' alt=''> <img style='width: 100%; max-width: 100px; height: auto; border: 1px solid rgba(150&comma;150&comma;150&comma;0.3); border-radius: 8px;' src='https:\/\/www.planet.com.tw\/storage\/icons\/4icon_DIN_Rail.png' alt=''> <\/div>\n<p> <!-- Descripci\u00f3n principal --> <\/p>\n<div style='margin-bottom: 30px; text-align: center;'>\n<p style='font-size: 15px; margin: 0 0 15px; color: inherit; opacity: 0.85;'>El <strong>IGT-1205AT<\/strong> proporciona caracter\u00edsticas de seguridad y confiabilidad muy altas para garantizar el funcionamiento continuo en entornos hostiles&comma; como gabinetes de control de transporte&comma; f\u00e1bricas&comma; exteriores y lugares donde se pueden experimentar temperaturas extremadamente bajas o altas.<\/p>\n<p style='font-size: 15px; margin: 0; color: inherit; opacity: 0.85;'>Adem\u00e1s&comma; el IGT-1205AT tambi\u00e9n es compatible con transceptores SFP de 100\/1000\/2500 Mbps para proporcionar una conexi\u00f3n fuerte&comma; estable y de larga distancia y una implementaci\u00f3n flexible de redes industriales.<\/p>\n<\/p><\/div>\n<p> <!-- Imagen principal --> <\/p>\n<div style='text-align: center; margin: 30px 0;'> <img style='width: 100%; max-width: 600px; height: auto; border: 1px solid rgba(150&comma;150&comma;150&comma;0.3); border-radius: 8px;' src='https:\/\/www.planet.com.tw\/storage\/products\/49434\/edm_IGT-1205AT_v2.jpg' alt=''> <\/div>\n<p> <!-- Aplicaciones --> <\/p>\n<div style='text-align: center; margin: 30px 0;'>\n<h3 style='font-size: 24px; margin: 0 0 20px; color: inherit; opacity: 0.8; font-weight: bold;'><span style='color: #2880b9;'>Aplicaciones<\/span><\/h3>\n<div style='display: flex; flex-wrap: wrap; gap: 30px; justify-content: center; margin-top: 20px;'> <img style='width: 100%; max-width: 500px; height: auto; border: 1px solid rgba(150&comma;150&comma;150&comma;0.3); border-radius: 8px;' src='https:\/\/www.planet.com.tw\/storage\/products\/49434\/IGT-1205ATv2_IGT-2205AT-3.png' alt=''> <img style='width: 100%; max-width: 500px; height: auto; border: 1px solid rgba(150&comma;150&comma;150&comma;0.3); border-radius: 8px;' src='http:\/\/www.planet.com.tw\/en\/product\/images\/48411\/IGT-1205AT-2_L.gif' alt=''> <img style='width: 100%; max-width: 500px; height: auto; border: 1px solid rgba(150&comma;150&comma;150&comma;0.3); border-radius: 8px;' src='https:\/\/www.planet.com.tw\/storage\/products\/49434\/IGT-1205ATv2_IGT-2205AT-4.png' alt=''> <\/div>\n<\/p><\/div>\n<p> <!-- Separador --> <\/p>\n<hr style='border: 0; border-top: 1px solid rgba(150&comma; 150&comma; 150&comma; 0.3); margin: 30px 0;'> <!-- Especificaciones --> <\/p>\n<div style='margin-bottom: 30px; text-align: center;'>\n<h3 style='font-size: 24px; margin: 0 0 20px; color: inherit; opacity: 0.8; font-weight: bold;'>Especificaciones<\/h3>\n<\/p><\/div>\n<p> <!-- Secci\u00f3n de cards con especificaciones --> <\/p>\n<div style='display: flex; flex-wrap: wrap; gap: 20px; margin-bottom: 30px;'> <!-- Caracter\u00edsticas Principales --> <\/p>\n<div style='flex: 1 1 250px; border: 1px solid rgba(150&comma; 150&comma; 150&comma; 0.4); border-radius: 8px; overflow: hidden; display: flex; flex-direction: column; min-width: 280px;'>\n<div style='padding: 15px; border-bottom: 1px solid rgba(150&comma; 150&comma; 150&comma; 0.2); font-weight: bold; font-size: 18px; color: inherit; background-color: #0d6efd; color: white;'> Caracter\u00edsticas Principales <\/div>\n<div style='padding: 15px; color: inherit;'>\n<ul style='padding-left: 20px; margin: 0; font-size: 14px; list-style-type: disc;'>\n<li style='margin-bottom: 5px;'>Dise\u00f1o de energ\u00eda redundante<\/li>\n<li style='margin-bottom: 5px;'>12 a 48 V CC&comma; alimentaci\u00f3n redundante con protecci\u00f3n contra polaridad inversa<\/li>\n<li style='margin-bottom: 5px;'>Redundancia del puerto de fibra<\/li>\n<li style='margin-bottom: 5px;'>Admite negociaci\u00f3n autom\u00e1tica y modo d\u00faplex medio\/completo de 10\/100 Mbps y d\u00faplex completo de 1000 Mbps<\/li>\n<li style='margin-bottom: 5px;'>Detecta autom\u00e1ticamente el estado del enlace y la redundancia en puertos duales con el mismo tipo de conector<\/li>\n<li style='margin-bottom: 5px;'>Cuando ocurre una falla en el enlace del puerto principal&comma; el tr\u00e1fico cambiar\u00e1 autom\u00e1ticamente al puerto de respaldo<\/li>\n<\/ul><\/div>\n<\/p><\/div>\n<p> <!-- Caracter\u00edsticas F\u00edsicas y El\u00e9ctricas --> <\/p>\n<div style='flex: 1 1 250px; border: 1px solid rgba(150&comma; 150&comma; 150&comma; 0.4); border-radius: 8px; overflow: hidden; display: flex; flex-direction: column; min-width: 280px;'>\n<div style='padding: 15px; border-bottom: 1px solid rgba(150&comma; 150&comma; 150&comma; 0.2); font-weight: bold; font-size: 18px; color: inherit; background-color: #0d6efd; color: white;'> Caracter\u00edsticas F\u00edsicas y El\u00e9ctricas <\/div>\n<div style='padding: 15px; color: inherit;'>\n<ul style='padding-left: 20px; margin: 0; font-size: 14px; list-style-type: disc;'>\n<li style='margin-bottom: 5px;'>1 puerto 10\/100\/1000BASE-T RJ45 con funci\u00f3n MDI\/MDI-X autom\u00e1tica<\/li>\n<li style='margin-bottom: 5px;'>2 puertos SFP compatible con detecci\u00f3n autom\u00e1tica de tipo transceptor 100\/1000\/2500BASE-X<\/li>\n<li style='margin-bottom: 5px;'>Estuche met\u00e1lico delgado IP30<\/li>\n<li style='margin-bottom: 5px;'>Dise\u00f1o de riel DIN&comma; montaje en pared o montaje en pared lateral para dise\u00f1o de energ\u00eda redundante<\/li>\n<li style='margin-bottom: 5px;'>Temperatura: -40 a 75\u00b0 C<\/li>\n<li style='margin-bottom: 5px;'>Dimensiones: 32 x 87&comma;8 x 135 mm<\/li>\n<li style='margin-bottom: 5px;'>Peso: 412 g<\/li>\n<li style='margin-bottom: 5px;'>Voltaje de entrada: 12 &#8211; 48 Vcc (No incluye fuente de voltaje)<\/li>\n<\/ul><\/div>\n<\/p><\/div>\n<p> <!-- El Paquete Incluye --> <\/p>\n<div style='flex: 1 1 250px; border: 1px solid rgba(150&comma; 150&comma; 150&comma; 0.4); border-radius: 8px; overflow: hidden; display: flex; flex-direction: column; min-width: 280px;'>\n<div style='padding: 15px; border-bottom: 1px solid rgba(150&comma; 150&comma; 150&comma; 0.2); font-weight: bold; font-size: 18px; color: inherit; background-color: #0d6efd; color: white;'> El Paquete Incluye <\/div>\n<div style='padding: 15px; color: inherit;'>\n<ul style='padding-left: 20px; margin: 0; font-size: 14px; list-style-type: disc;'>\n<li style='margin-bottom: 5px;'>Convertidor de medios gigabit<\/li>\n<li style='margin-bottom: 5px;'>Manual de usuario<\/li>\n<li style='margin-bottom: 5px;'>Kit de montaje en pared<\/li>\n<li style='margin-bottom: 5px;'>Kit de montaje en riel DIN<\/li>\n<\/ul><\/div>\n<\/p><\/div>\n<\/p><\/div>\n<p> <!-- Separador final --> <\/p>\n<hr style='border: 0; border-top: 1px solid rgba(150&comma; 150&comma; 150&comma; 0.3); margin: 30px 0;'> <\/div>\n","protected":false},"excerpt":{"rendered":"<p>Convertidor de Medios Industrial de 1 Puerto Ethernet 10\/100\/1000 Base-T a 2 Puertos SFP 100\/1000\/2500 Base-X<\/p>\n","protected":false},"featured_media":74565,"comment_status":"open","ping_status":"closed","template":"","meta":[],"product_brand":[],"product_cat":[2000],"product_tag":[2001,664,2033],"class_list":{"0":"post-74566","1":"product","2":"type-product","3":"status-publish","4":"has-post-thumbnail","6":"product_cat-convertidores-de-medios","7":"product_tag-convertidores-de-medios","8":"product_tag-networking","9":"product_tag-planet","11":"first","12":"instock","13":"sale","14":"shipping-taxable","15":"purchasable","16":"product-type-simple"},"_links":{"self":[{"href":"https:\/\/soydeaqui.ddns.net\/pachuca\/index.php\/wp-json\/wp\/v2\/product\/74566","targetHints":{"allow":["GET"]}}],"collection":[{"href":"https:\/\/soydeaqui.ddns.net\/pachuca\/index.php\/wp-json\/wp\/v2\/product"}],"about":[{"href":"https:\/\/soydeaqui.ddns.net\/pachuca\/index.php\/wp-json\/wp\/v2\/types\/product"}],"replies":[{"embeddable":true,"href":"https:\/\/soydeaqui.ddns.net\/pachuca\/index.php\/wp-json\/wp\/v2\/comments?post=74566"}],"wp:featuredmedia":[{"embeddable":true,"href":"https:\/\/soydeaqui.ddns.net\/pachuca\/index.php\/wp-json\/wp\/v2\/media\/74565"}],"wp:attachment":[{"href":"https:\/\/soydeaqui.ddns.net\/pachuca\/index.php\/wp-json\/wp\/v2\/media?parent=74566"}],"wp:term":[{"taxonomy":"product_brand","embeddable":true,"href":"https:\/\/soydeaqui.ddns.net\/pachuca\/index.php\/wp-json\/wp\/v2\/product_brand?post=74566"},{"taxonomy":"product_cat","embeddable":true,"href":"https:\/\/soydeaqui.ddns.net\/pachuca\/index.php\/wp-json\/wp\/v2\/product_cat?post=74566"},{"taxonomy":"product_tag","embeddable":true,"href":"https:\/\/soydeaqui.ddns.net\/pachuca\/index.php\/wp-json\/wp\/v2\/product_tag?post=74566"}],"curies":[{"name":"wp","href":"https:\/\/api.w.org\/{rel}","templated":true}]}}