{"id":74543,"date":"2026-03-19T14:04:56","date_gmt":"2026-03-19T14:04:56","guid":{"rendered":"https:\/\/soydeaqui.ddns.net\/pachuca\/index.php\/producto\/transceptor-mini-gbic-sfp-100mbps-lc-1310nm-para-fibra-multi-modo-2-km\/"},"modified":"2026-03-19T14:05:05","modified_gmt":"2026-03-19T14:05:05","slug":"transceptor-mini-gbic-sfp-100mbps-lc-1310nm-para-fibra-multi-modo-2-km","status":"publish","type":"product","link":"https:\/\/soydeaqui.ddns.net\/pachuca\/index.php\/producto\/transceptor-mini-gbic-sfp-100mbps-lc-1310nm-para-fibra-multi-modo-2-km\/","title":{"rendered":"Transceptor mini-Gbic SFP 100Mbps LC 1310nm para fibra Multi Modo 2 Km"},"content":{"rendered":"<div style='width: 100%; max-width: 1200px; margin: 0 auto; font-family: sans-serif; line-height: 1.6; color: inherit; background-color: transparent;'>\n<div style='display: flex; flex-wrap: wrap; gap: 30px; margin-bottom: 30px;'>\n<div style='flex: 1 1 300px; min-width: 280px;'>\n<h3 style='font-size: 22px; border-bottom: 2px solid currentColor; padding-bottom: 5px; margin-top: 0; color: inherit; opacity: 0.8;'>Caracter\u00edsticas<\/h3>\n<ul style='padding-left: 20px; font-size: 15px; color: inherit;'>\n<li style='margin-bottom: 5px;'>La familia MFB consta de m\u00f3dulos transceptores Small Form Factor (SFP) que est\u00e1n espec\u00edficamente dise\u00f1ados para un alto rendimiento de enlace de datos d\u00faplex integrada a trav\u00e9s de fibra \u00f3ptica monomodo.<\/li>\n<li style='margin-bottom: 5px;'>Estos m\u00f3dulos transceptores son compatibles con el Acuerdo SFP fuentes m\u00faltiples (MSA) y la conexi\u00f3n en caliente.<\/li>\n<li style='margin-bottom: 5px;'>Los transceptores SFP MFB usando un FP LD longitud de onda larga (1310) permiten la transmisi\u00f3n de datos de hasta 2 km en una fibra \u00f3ptica multimodo y hasta 60 km en una fibra \u00f3ptica monomodo.<\/li>\n<li style='margin-bottom: 5px;'>Para satisfacer la creciente demanda de soluci\u00f3n de fibra de Ethernet Industrial&comma; PLANET ha lanzado la serie del transceptor 100Base-FX MFB-T que pueden funcionar de forma fiable en rangos de temperatura el\u00e9ctricamente duros&comma; clim\u00e1ticamente exigentes y amplios (-40 \u00b0C a 75 \u00b0C).<\/li>\n<\/ul><\/div>\n<\/p><\/div>\n<div style='display: flex; flex-wrap: wrap; gap: 20px; margin-bottom: 30px;'>\n<div style='flex: 1 1 250px; border: 1px solid rgba(150&comma; 150&comma; 150&comma; 0.4); border-radius: 8px; overflow: hidden; display: flex; flex-direction: column;'>\n<div style='padding: 15px; border-bottom: 1px solid rgba(150&comma; 150&comma; 150&comma; 0.2); font-weight: bold; font-size: 18px; color: inherit;'>Especificaciones<\/div>\n<div style='padding: 15px; color: inherit;'>\n<ul style='padding-left: 20px; margin: 0; font-size: 14px; list-style-type: disc;'>\n<li style='margin-bottom: 5px;'><strong>PHY Type:<\/strong> 100Base-FX<\/li>\n<li style='margin-bottom: 5px;'><strong>Fiber Type:<\/strong> Multi-Mode<\/li>\n<li style='margin-bottom: 5px;'><strong>Connector:<\/strong> LC<\/li>\n<li style='margin-bottom: 5px;'><strong>Wavelength:<\/strong> 1310nm<\/li>\n<li style='margin-bottom: 5px;'><strong>Maximum Distance:<\/strong> 2km<\/li>\n<li style='margin-bottom: 5px;'><strong>Operating Temperature:<\/strong> 0 ~ 60 degrees C<\/li>\n<\/ul><\/div>\n<\/p><\/div>\n<\/p><\/div>\n<hr style='border: 0; border-top: 1px solid rgba(150&comma; 150&comma; 150&comma; 0.3); margin: 30px 0;'> <\/div>\n","protected":false},"excerpt":{"rendered":"<p>Transceptor mini-Gbic SFP 100Mbps LC 1310nm para fibra Multi Modo 2 Km<\/p>\n","protected":false},"featured_media":74542,"comment_status":"open","ping_status":"closed","template":"","meta":[],"product_brand":[],"product_cat":[663],"product_tag":[664,2033,665],"class_list":{"0":"post-74543","1":"product","2":"type-product","3":"status-publish","4":"has-post-thumbnail","6":"product_cat-transceptores-de-fibra","7":"product_tag-networking","8":"product_tag-planet","9":"product_tag-transceptores-de-fibra","11":"first","12":"instock","13":"sale","14":"shipping-taxable","15":"purchasable","16":"product-type-simple"},"_links":{"self":[{"href":"https:\/\/soydeaqui.ddns.net\/pachuca\/index.php\/wp-json\/wp\/v2\/product\/74543","targetHints":{"allow":["GET"]}}],"collection":[{"href":"https:\/\/soydeaqui.ddns.net\/pachuca\/index.php\/wp-json\/wp\/v2\/product"}],"about":[{"href":"https:\/\/soydeaqui.ddns.net\/pachuca\/index.php\/wp-json\/wp\/v2\/types\/product"}],"replies":[{"embeddable":true,"href":"https:\/\/soydeaqui.ddns.net\/pachuca\/index.php\/wp-json\/wp\/v2\/comments?post=74543"}],"wp:featuredmedia":[{"embeddable":true,"href":"https:\/\/soydeaqui.ddns.net\/pachuca\/index.php\/wp-json\/wp\/v2\/media\/74542"}],"wp:attachment":[{"href":"https:\/\/soydeaqui.ddns.net\/pachuca\/index.php\/wp-json\/wp\/v2\/media?parent=74543"}],"wp:term":[{"taxonomy":"product_brand","embeddable":true,"href":"https:\/\/soydeaqui.ddns.net\/pachuca\/index.php\/wp-json\/wp\/v2\/product_brand?post=74543"},{"taxonomy":"product_cat","embeddable":true,"href":"https:\/\/soydeaqui.ddns.net\/pachuca\/index.php\/wp-json\/wp\/v2\/product_cat?post=74543"},{"taxonomy":"product_tag","embeddable":true,"href":"https:\/\/soydeaqui.ddns.net\/pachuca\/index.php\/wp-json\/wp\/v2\/product_tag?post=74543"}],"curies":[{"name":"wp","href":"https:\/\/api.w.org\/{rel}","templated":true}]}}