{"id":74525,"date":"2026-03-19T14:04:12","date_gmt":"2026-03-19T14:04:12","guid":{"rendered":"https:\/\/soydeaqui.ddns.net\/pachuca\/index.php\/producto\/radio-estacion-base-airmax-ac-hasta-330-mbps-2-ghz-2412-2472-mhz-con-tecnologia-airprism-no-funciona-como-access-point-para-wi-fi-2\/"},"modified":"2026-03-19T14:04:16","modified_gmt":"2026-03-19T14:04:16","slug":"radio-estacion-base-airmax-ac-hasta-330-mbps-2-ghz-2412-2472-mhz-con-tecnologia-airprism-no-funciona-como-access-point-para-wi-fi-2","status":"publish","type":"product","link":"https:\/\/soydeaqui.ddns.net\/pachuca\/index.php\/producto\/radio-estacion-base-airmax-ac-hasta-330-mbps-2-ghz-2412-2472-mhz-con-tecnologia-airprism-no-funciona-como-access-point-para-wi-fi-2\/","title":{"rendered":"Radio Estaci\u00f3n Base airMAX AC hasta 330 Mbps, 2 GHz (2412-2472 MHz) con tecnolog\u00eda airPrism, No Funciona como Access Point para Wi-Fi"},"content":{"rendered":"<div style='width: 100%; max-width: 1200px; margin: 0 auto; font-family: sans-serif; line-height: 1.6; color: inherit; background-color: transparent;'> <!-- Secci\u00f3n de descripci\u00f3n general --> <\/p>\n<div style='margin-bottom: 30px;'>\n<p style='font-size: 14px; line-height: 1.5; margin: 0 0 15px; color: inherit;'>Ubiquiti Networks ha desarrollado los radios airMAX AC de alto rendimiento y f\u00e1cil configuraci\u00f3n. El Rocket 2AC Prism cuenta con una tecnolog\u00eda mejorada para lograr una mayor inmunidad al ruido.<\/p>\n<\/p><\/div>\n<p> <!-- Secci\u00f3n de especificaciones --> <\/p>\n<div style='display: flex; flex-wrap: wrap; gap: 30px; margin-bottom: 30px;'>\n<div style='flex: 1 1 300px; min-width: 280px;'>\n<h3 style='font-size: 22px; border-bottom: 2px solid currentColor; padding-bottom: 5px; margin-top: 0; color: inherit; opacity: 0.8;'>Especificaciones<\/h3>\n<ul style='padding-left: 20px; font-size: 14px; color: inherit; list-style-type: disc;'>\n<li style='margin-bottom: 5px;'><strong>Puertos:<\/strong> 1 puerto de datos 10\/100\/1000 Mbps<\/li>\n<li style='margin-bottom: 5px;'><strong>Conectores RF:<\/strong> 2 x RP-SMA&comma; 1 x GPS<\/li>\n<li style='margin-bottom: 5px;'><strong>Sistema Operativo:<\/strong> airOS\u00ae 8<\/li>\n<li style='margin-bottom: 5px;'><strong>Modos de Operaci\u00f3n:<\/strong> Access Point&comma; Estaci\u00f3n<\/li>\n<li style='margin-bottom: 5px;'><em>*Los valores de rendimiento y la cantidad de clientes pueden variar dependiendo de las condiciones ambientales y de instalaci\u00f3n de los clientes CPE&#8217;s.<\/em><\/li>\n<\/ul><\/div>\n<div style='flex: 1 1 300px; min-width: 280px;'>\n<h3 style='font-size: 22px; border-bottom: 2px solid currentColor; padding-bottom: 5px; margin-top: 0; color: inherit; opacity: 0.8;'>Caracter\u00edsticas<\/h3>\n<ul style='padding-left: 20px; font-size: 14px; color: inherit; list-style-type: disc;'>\n<li style='margin-bottom: 5px;'>Anchos de canal ajustable 10\/20\/40 MHz<\/li>\n<li style='margin-bottom: 5px;'>Rango de operaci\u00f3n (2412 &#8211; 2472 MHz) depende del pa\u00eds<\/li>\n<li style='margin-bottom: 5px;'>Procesador Atheros MIPS<\/li>\n<li style='margin-bottom: 5px;'>Seguridad WPA2 AES<\/li>\n<li style='margin-bottom: 5px;'>Sincronizaci\u00f3n GPS<\/li>\n<li style='margin-bottom: 5px;'>Filtro activado de radio frecuencia<\/li>\n<li style='margin-bottom: 5px;'>Latencia mejorada e inmunidad al ruido<\/li>\n<\/ul><\/div>\n<div style='flex: 1 1 300px; min-width: 280px;'>\n<h3 style='font-size: 22px; border-bottom: 2px solid currentColor; padding-bottom: 5px; margin-top: 0; color: inherit; opacity: 0.8;'>Caracter\u00edsticas F\u00edsicas y El\u00e9ctricas<\/h3>\n<ul style='padding-left: 20px; font-size: 14px; color: inherit; list-style-type: disc;'>\n<li style='margin-bottom: 5px;'>Alimentaci\u00f3n: 24 VDC&comma; 0.5 A. Adaptador PoE Gigabit<\/li>\n<li style='margin-bottom: 5px;'>Dimensiones: 88 x 40 x 230 mm<\/li>\n<li style='margin-bottom: 5px;'>Peso: 440 g<\/li>\n<li style='margin-bottom: 5px;'>Temperatura de Operaci\u00f3n: -40 a 70\u00b0 C<\/li>\n<li style='margin-bottom: 5px;'>Incluye: Adaptador PoE Gigabit 24 VDC 0.5 A<\/li>\n<li style='margin-bottom: 5px;'><strong>Garant\u00eda:<\/strong> 1 A\u00f1o<\/li>\n<li style='margin-bottom: 5px;'><strong>Nota:<\/strong> No funciona para WiFi&comma; es exclusivamente para enlaces inal\u00e1mbricos PtP o PtMP en 2.4 GHz<\/li>\n<\/ul><\/div>\n<\/p><\/div>\n<p> <!-- Secci\u00f3n de im\u00e1genes --> <\/p>\n<div style='display: flex; flex-direction: column; gap: 30px; margin-bottom: 30px;'>\n<div style='text-align: center;'>\n<h3 style='font-size: 20px; margin: 0 0 10px; color: inherit;'>Radio Wi-Fi de administraci\u00f3n<\/h3>\n<p style='font-size: 14px; margin: 0 0 15px; color: inherit;'>El Rocket\u00ae Prism AC integra un radio Wi-Fi separado para una configuraci\u00f3n r\u00e1pida y f\u00e1cil usando un dispositivo m\u00f3vil.<\/p>\n<p> <img style='width: 100%; height: auto; border: 1px solid rgba(150&comma;150&comma;150&comma;0.3); border-radius: 8px; max-width: 512px;' src='https:\/\/prd-www-cdn.ubnt.com\/media\/images\/product-features\/rocket5-ac-prism-features-mobile2-2x.jpg' alt=''> <\/div>\n<div style='text-align: center;'>\n<h3 style='font-size: 20px; margin: 0 0 10px; color: inherit;'>Protecci\u00f3n contra descargas mejorada<\/h3>\n<p style='font-size: 14px; margin: 0 0 15px; color: inherit;'>El Rocket\u00ae Prism AC ofrece una protecci\u00f3n mejorada contra eventos ESD.<\/p>\n<p> <img style='width: 100%; height: auto; border: 1px solid rgba(150&comma;150&comma;150&comma;0.3); border-radius: 8px; max-width: 522px;' src='https:\/\/prd-www-cdn.ubnt.com\/media\/images\/product-features\/rocket5-ac-prism-features-surge1-2x.png' alt=''> <\/div>\n<div style='text-align: center;'>\n<h3 style='font-size: 20px; margin: 0 0 10px; color: inherit;'>Tecnolog\u00eda revolucionaria<\/h3>\n<p style='font-size: 14px; margin: 0 0 15px; color: inherit;'>La tecnolog\u00eda patentada airPrism de Ubiquiti brinda un radio selectivo y de un rendimiento avanzado&comma; lo cual a\u00edsla las se\u00f1ales dentro del canal operativo para aumentar la capacidad y el rendimiento en implementaciones de co-localizaci\u00f3n.<\/p>\n<p> <img style='width: 100%; height: auto; border: 1px solid rgba(150&comma;150&comma;150&comma;0.3); border-radius: 8px; max-width: 982px;' src='https:\/\/prd-www-cdn.ubnt.com\/media\/images\/product-features\/rocket5-ac-prism-features-filtering-2x.jpg' alt=''> <\/div>\n<div style='text-align: center;'>\n<h3 style='font-size: 20px; margin: 0 0 10px; color: inherit;'>Dise\u00f1ado para alto rendimiento<\/h3>\n<p style='font-size: 14px; margin: 0 0 15px; color: inherit;'>El Rocket\u00ae Prism AC cuenta con una carcasa de metal con protecci\u00f3n EMI&comma; GPS&comma; circuitos airPrism y analizando de espectro en tiempo real airView\u00ae para ofrecer la mejor eficiencia y rendimiento.<\/p>\n<p> <img style='width: 100%; height: auto; border: 1px solid rgba(150&comma;150&comma;150&comma;0.3); border-radius: 8px; max-width: 982px;' src='https:\/\/prd-www-cdn.ubnt.com\/media\/images\/product-features\/rocket5-ac-prism-features-highperformance-2x.jpg' alt=''> <\/div>\n<div style='text-align: center;'>\n<h3 style='font-size: 20px; margin: 0 0 10px; color: inherit;'>Cobertura de banda completa en 2.4 y 5 GHz<\/h3>\n<p style='font-size: 14px; margin: 0 0 15px; color: inherit;'>El Rocket\u00ae Prism 5AC ofrece una cobertura completa del espectro de 5 GHz con un solo radio&comma; y la banda de 2.4 GHz est\u00e1 cubierta por el Rocket\u00ae Prism 2AC.<\/p>\n<p> <img style='width: 100%; height: auto; border: 1px solid rgba(150&comma;150&comma;150&comma;0.3); border-radius: 8px; max-width: 983px;' src='https:\/\/prd-www-cdn.ubnt.com\/media\/images\/product-features\/rocketac-prism-2-5ghz-carrier-2x.jpg' alt=''> <\/div>\n<\/p><\/div>\n<p> <!-- Separador final --> <\/p>\n<hr style='border: 0; border-top: 1px solid rgba(150&comma; 150&comma; 150&comma; 0.3); margin: 30px 0;'> <\/div>\n","protected":false},"excerpt":{"rendered":"<p>Radio Estaci\u00f3n Base airMAX AC hasta 330 Mbps, 2 GHz (2412-2472 MHz) con tecnolog\u00eda airPrism, No Funciona como Access Point para Wi-Fi<\/p>\n","protected":false},"featured_media":74524,"comment_status":"open","ping_status":"closed","template":"","meta":[],"product_brand":[],"product_cat":[2058],"product_tag":[2059,1980,166],"class_list":{"0":"post-74525","1":"product","2":"type-product","3":"status-publish","4":"has-post-thumbnail","6":"product_cat-2-4-ghz","7":"product_tag-2-4-ghz","8":"product_tag-enlaces-ptp-y-ptmp","9":"product_tag-ubiquiti","11":"first","12":"outofstock","13":"sale","14":"shipping-taxable","15":"purchasable","16":"product-type-simple"},"_links":{"self":[{"href":"https:\/\/soydeaqui.ddns.net\/pachuca\/index.php\/wp-json\/wp\/v2\/product\/74525","targetHints":{"allow":["GET"]}}],"collection":[{"href":"https:\/\/soydeaqui.ddns.net\/pachuca\/index.php\/wp-json\/wp\/v2\/product"}],"about":[{"href":"https:\/\/soydeaqui.ddns.net\/pachuca\/index.php\/wp-json\/wp\/v2\/types\/product"}],"replies":[{"embeddable":true,"href":"https:\/\/soydeaqui.ddns.net\/pachuca\/index.php\/wp-json\/wp\/v2\/comments?post=74525"}],"wp:featuredmedia":[{"embeddable":true,"href":"https:\/\/soydeaqui.ddns.net\/pachuca\/index.php\/wp-json\/wp\/v2\/media\/74524"}],"wp:attachment":[{"href":"https:\/\/soydeaqui.ddns.net\/pachuca\/index.php\/wp-json\/wp\/v2\/media?parent=74525"}],"wp:term":[{"taxonomy":"product_brand","embeddable":true,"href":"https:\/\/soydeaqui.ddns.net\/pachuca\/index.php\/wp-json\/wp\/v2\/product_brand?post=74525"},{"taxonomy":"product_cat","embeddable":true,"href":"https:\/\/soydeaqui.ddns.net\/pachuca\/index.php\/wp-json\/wp\/v2\/product_cat?post=74525"},{"taxonomy":"product_tag","embeddable":true,"href":"https:\/\/soydeaqui.ddns.net\/pachuca\/index.php\/wp-json\/wp\/v2\/product_tag?post=74525"}],"curies":[{"name":"wp","href":"https:\/\/api.w.org\/{rel}","templated":true}]}}