{"id":74520,"date":"2026-03-19T14:04:02","date_gmt":"2026-03-19T14:04:02","guid":{"rendered":"https:\/\/soydeaqui.ddns.net\/pachuca\/index.php\/producto\/radio-estacion-base-airmax-ac-gen2-hasta-500-mbps-5-ghz-5150-5875-mhz-con-tecnologia-airprism\/"},"modified":"2026-03-19T14:04:09","modified_gmt":"2026-03-19T14:04:09","slug":"radio-estacion-base-airmax-ac-gen2-hasta-500-mbps-5-ghz-5150-5875-mhz-con-tecnologia-airprism","status":"publish","type":"product","link":"https:\/\/soydeaqui.ddns.net\/pachuca\/index.php\/producto\/radio-estacion-base-airmax-ac-gen2-hasta-500-mbps-5-ghz-5150-5875-mhz-con-tecnologia-airprism\/","title":{"rendered":"Radio Estaci\u00f3n Base airMAX AC GEN2 hasta 500 Mbps, 5 GHz (5150 &#8211; 5875 MHz) con tecnolog\u00eda airPrism"},"content":{"rendered":"<div style='width: 100%; max-width: 1200px; margin: 0 auto; font-family: sans-serif; line-height: 1.6; color: inherit; background-color: transparent;'> <!-- Secci\u00f3n de caracter\u00edsticas --> <\/p>\n<div style='display: flex; flex-wrap: wrap; gap: 30px; margin-bottom: 30px;'>\n<div style='flex: 1 1 300px; min-width: 280px;'>\n<h3 style='font-size: 22px; border-bottom: 2px solid currentColor; padding-bottom: 5px; margin-top: 0; color: inherit; opacity: 0.8;'>Conexiones<\/h3>\n<ul style='padding-left: 20px; font-size: 15px; color: inherit;'>\n<li style='margin-bottom: 5px;'><strong>Puertos:<\/strong> 1 puerto de datos 10\/100\/1000 Mbps<\/li>\n<li style='margin-bottom: 5px;'><strong>Conectores RF:<\/strong> 2 x RP-SMA&comma; 1 x GPS<\/li>\n<li style='margin-bottom: 5px;'><strong>Sistema Operativo:<\/strong> airOS\u00ae 8<\/li>\n<li style='margin-bottom: 5px;'><strong>Modos de Operaci\u00f3n:<\/strong> Access Point&comma; Estaci\u00f3n<\/li>\n<\/ul><\/div>\n<div style='flex: 1 1 300px; min-width: 280px;'>\n<h3 style='font-size: 22px; border-bottom: 2px solid currentColor; padding-bottom: 5px; margin-top: 0; color: inherit; opacity: 0.8;'>Caracter\u00edsticas T\u00e9cnicas<\/h3>\n<ul style='padding-left: 20px; font-size: 15px; color: inherit;'>\n<li style='margin-bottom: 5px;'><strong>Anchos de canal ajustable:<\/strong><\/li>\n<ul style='padding-left: 25px; margin-top: 5px; margin-bottom: 5px; font-size: 14px; color: inherit;'>\n<li style='margin-bottom: 5px;'>PtP: 10\/20\/30\/40\/50\/60\/80 MHz<\/li>\n<li style='margin-bottom: 5px;'>PtMP: 10\/20\/30\/40 MHz<\/li>\n<\/ul>\n<li style='margin-bottom: 5px;'><strong>Frecuencia:<\/strong> 5150 &#8211; 5875 MHz (depende del pa\u00eds)<\/li>\n<li style='margin-bottom: 5px;'><strong>Procesador:<\/strong> Atheros MIPS<\/li>\n<li style='margin-bottom: 5px;'><strong>Seguridad:<\/strong> WPA2 AES<\/li>\n<\/ul><\/div>\n<div style='flex: 1 1 300px; min-width: 280px;'>\n<h3 style='font-size: 22px; border-bottom: 2px solid currentColor; padding-bottom: 5px; margin-top: 0; color: inherit; opacity: 0.8;'>Especificaciones F\u00edsicas<\/h3>\n<ul style='padding-left: 20px; font-size: 15px; color: inherit;'>\n<li style='margin-bottom: 5px;'><strong>Alimentaci\u00f3n:<\/strong> 24 VDC&comma; 1 A. Adaptador PoE Gigabit<\/li>\n<li style='margin-bottom: 5px;'><strong>Dimensiones:<\/strong> 88 x 230 x 40 mm<\/li>\n<li style='margin-bottom: 5px;'><strong>Peso:<\/strong> 400 g<\/li>\n<li style='margin-bottom: 5px;'><strong>Temperatura de Operaci\u00f3n:<\/strong> -40 a 80\u00b0 C<\/li>\n<li style='margin-bottom: 5px;'><strong>Garant\u00eda:<\/strong> 1 A\u00f1o<\/li>\n<li style='margin-bottom: 5px;'><strong>Incluye:<\/strong> Adaptador PoE Gigabit 24 VDC 1 A<\/li>\n<\/ul><\/div>\n<\/p><\/div>\n<p> <!-- Secci\u00f3n de caracter\u00edsticas adicionales --> <\/p>\n<div style='display: flex; flex-wrap: wrap; gap: 30px; margin-bottom: 30px;'>\n<div style='flex: 1 1 300px; min-width: 280px;'>\n<h3 style='font-size: 22px; border-bottom: 2px solid currentColor; padding-bottom: 5px; margin-top: 0; color: inherit; opacity: 0.8;'>Caracter\u00edsticas Avanzadas<\/h3>\n<ul style='padding-left: 20px; font-size: 15px; color: inherit;'>\n<li style='margin-bottom: 5px;'>2 conectores SMA Hembra Inverso para antenas externas<\/li>\n<li style='margin-bottom: 5px;'>Radio de administraci\u00f3n en 2.4 GHz<\/li>\n<li style='margin-bottom: 5px;'>SNR mejorado<\/li>\n<li style='margin-bottom: 5px;'>Inmunidad al ruido mejorada<\/li>\n<li style='margin-bottom: 5px;'>Carcasa met\u00e1lica con protecci\u00f3n EMI<\/li>\n<li style='margin-bottom: 5px;'>GPS integrado<\/li>\n<li style='margin-bottom: 5px;'>Circuitos airPrism<\/li>\n<li style='margin-bottom: 5px;'>An\u00e1lisis de espectro en tiempo real airView\u00ae<\/li>\n<\/ul><\/div>\n<div style='flex: 1 1 300px; min-width: 280px;'>\n<h3 style='font-size: 22px; border-bottom: 2px solid currentColor; padding-bottom: 5px; margin-top: 0; color: inherit; opacity: 0.8;'>Notas<\/h3>\n<p style='font-size: 14px; color: inherit; opacity: 0.8; margin-top: 0;'>*Los valores de rendimiento y la cantidad de clientes pueden variar dependiendo de las condiciones ambientales y de instalaci\u00f3n de los clientes CPE&#8217;s.<\/p>\n<\/p><\/div>\n<\/p><\/div>\n<p> <!-- Secci\u00f3n de im\u00e1genes --> <\/p>\n<div style='display: flex; flex-wrap: wrap; gap: 30px; margin-bottom: 30px;'>\n<div style='flex: 1 1 100%; min-width: 280px; text-align: center;'>\n<h3 style='font-size: 18px; color: inherit; margin: 0 0 15px 0;'>Radio Wi-Fi de administraci\u00f3n<\/h3>\n<p style='font-size: 14px; color: inherit; margin: 0 0 20px 0;'>El Rocket\u00ae Prism AC integra un radio Wi-Fi separado para una configuraci\u00f3n r\u00e1pida y f\u00e1cil usando un dispositivo m\u00f3vil.<\/p>\n<p> <img style='width: 100%; height: auto; border: 1px solid rgba(150&comma;150&comma;150&comma;0.3); border-radius: 8px; max-width: 512px; margin: 0 auto;' src='https:\/\/prd-www-cdn.ubnt.com\/media\/images\/product-features\/rocket5-ac-prism-features-mobile2-2x.jpg' alt=''> <\/div>\n<div style='flex: 1 1 100%; min-width: 280px; text-align: center;'>\n<h3 style='font-size: 18px; color: inherit; margin: 0 0 15px 0;'>Protecci\u00f3n contra descargas mejorada<\/h3>\n<p style='font-size: 14px; color: inherit; margin: 0 0 20px 0;'>El Rocket\u00ae Prism AC ofrece una protecci\u00f3n mejorada contra eventos ESD.<\/p>\n<p> <img style='width: 100%; height: auto; border: 1px solid rgba(150&comma;150&comma;150&comma;0.3); border-radius: 8px; max-width: 522px; margin: 0 auto;' src='https:\/\/prd-www-cdn.ubnt.com\/media\/images\/product-features\/rocket5-ac-prism-features-surge1-2x.png' alt=''> <\/div>\n<div style='flex: 1 1 100%; min-width: 280px; text-align: center;'>\n<h3 style='font-size: 18px; color: inherit; margin: 0 0 15px 0;'>Tecnolog\u00eda revolucionaria<\/h3>\n<p style='font-size: 14px; color: inherit; margin: 0 0 20px 0;'>La tecnolog\u00eda patentada airPrism de Ubiquiti brinda un radio selectivo y de un rendimiento avanzado&comma; lo cual a\u00edsla las se\u00f1ales dentro del canal operativo para aumentar la capacidad y el rendimiento en implementaciones de co-localizaci\u00f3n.<\/p>\n<p> <img style='width: 100%; height: auto; border: 1px solid rgba(150&comma;150&comma;150&comma;0.3); border-radius: 8px; max-width: 982px; margin: 0 auto;' src='https:\/\/prd-www-cdn.ubnt.com\/media\/images\/product-features\/rocket5-ac-prism-features-filtering-2x.jpg' alt=''> <\/div>\n<div style='flex: 1 1 100%; min-width: 280px; text-align: center;'>\n<h3 style='font-size: 18px; color: inherit; margin: 0 0 15px 0;'>Dise\u00f1ado para alto rendimiento<\/h3>\n<p style='font-size: 14px; color: inherit; margin: 0 0 20px 0;'>El Rocket\u00ae Prism AC cuenta con una carcasa de metal con protecci\u00f3n EMI&comma; GPS&comma; circuitos airPrism y analizador de espectro en tiempo real airView\u00ae para ofrecer la mejor eficiencia y rendimiento.<\/p>\n<p> <img style='width: 100%; height: auto; border: 1px solid rgba(150&comma;150&comma;150&comma;0.3); border-radius: 8px; max-width: 982px; margin: 0 auto;' src='https:\/\/prd-www-cdn.ubnt.com\/media\/images\/product-features\/rocket5-ac-prism-features-highperformance-2x.jpg' alt=''> <\/div>\n<div style='flex: 1 1 100%; min-width: 280px; text-align: center;'>\n<h3 style='font-size: 18px; color: inherit; margin: 0 0 15px 0;'>Cobertura de banda completa en 2.4 y 5 GHz<\/h3>\n<p style='font-size: 14px; color: inherit; margin: 0 0 20px 0;'>El Rocket\u00ae Prism 5AC ofrece una cobertura completa del espectro de 5 GHz con un solo radio&comma; y la banda de 2.4 GHz est\u00e1 cubierta por el Rocket\u00ae Prism 2AC.<\/p>\n<p> <img style='width: 100%; height: auto; border: 1px solid rgba(150&comma;150&comma;150&comma;0.3); border-radius: 8px; max-width: 983px; margin: 0 auto;' src='https:\/\/prd-www-cdn.ubnt.com\/media\/images\/product-features\/rocketac-prism-2-5ghz-carrier-2x.jpg' alt=''> <\/div>\n<\/p><\/div>\n<p> <!-- Secci\u00f3n de videos --> <\/p>\n<div style='display: flex; flex-wrap: wrap; gap: 30px; margin-bottom: 30px;'>\n<div style='flex: 1 1 100%; min-width: 280px; text-align: center;'>\n<h3 style='font-size: 18px; color: inherit; margin: 0 0 15px 0;'>Sincronizaci\u00f3n GPS<\/h3>\n<div style='position: relative; padding-bottom: 56.25%; height: 0; overflow: hidden; margin: 0 auto 0 auto;'> <video style='position: absolute; top: 0; left: 0; width: 100%; height: 100%;' src='https:\/\/www.ui.com\/microsite\/static\/media\/gps-c.d01b94e6.mp4' autoplay loop muted playsinline><\/video> <\/div>\n<\/p><\/div>\n<div style='flex: 1 1 100%; min-width: 280px; text-align: center;'>\n<h3 style='font-size: 18px; color: inherit; margin: 0 0 15px 0;'>Filtro Activo de RF AirPrism<\/h3>\n<div style='position: relative; padding-bottom: 56.25%; height: 0; overflow: hidden; margin: 0 auto 0 auto;'> <video style='position: absolute; top: 0; left: 0; width: 100%; height: 100%;' src='https:\/\/www.ui.com\/microsite\/static\/media\/rf-c.2dc9712f.mp4' autoplay loop muted playsinline><\/video> <\/div>\n<\/p><\/div>\n<\/p><\/div>\n<p> <!-- Secci\u00f3n de comparaci\u00f3n de modelos --> <\/p>\n<div style='display: flex; flex-wrap: wrap; margin-bottom: 30px;'>\n<div style='flex: 1 1 100%; min-width: 280px;'>\n<h3 style='font-size: 22px; text-align: center; border-bottom: 2px solid currentColor; padding-bottom: 5px; margin-top: 0; color: inherit; opacity: 0.8;'>Model Comparison<\/h3>\n<div style='overflow-x: auto;'>\n<table style='width: 100%; border-collapse: collapse; margin: 20px 0; color: inherit;'>\n<thead style='background-color: rgba(150&comma;150&comma;150&comma;0.05);'>\n<tr>\n<th style='padding: 12px 8px; text-align: left; border-bottom: 1px solid rgba(150&comma;150&comma;150&comma;0.3); color: inherit;'><\/th>\n<th style='padding: 12px 8px; text-align: left; border-bottom: 1px solid rgba(150&comma;150&comma;150&comma;0.3); color: inherit;'>\n<div style='margin-bottom: 10px;'> <img style='max-width: 100px; height: auto; display: block; margin: 0 auto;' src='https:\/\/prd-www-cdn.ubnt.com\/media\/images\/product\/m5\/m5-product-model-small.png' alt='M5'> <\/div>\n<p> M5 <\/th>\n<th style='padding: 12px 8px; text-align: left; border-bottom: 1px solid rgba(150&comma;150&comma;150&comma;0.3); color: inherit;'>\n<div style='margin-bottom: 10px;'> <img style='max-width: 100px; height: auto; display: block; margin: 0 auto;' src='https:\/\/prd-www-cdn.ubnt.com\/media\/images\/product\/r5ac-lite\/r5ac-lite-small.png' alt='R5AC-Lite'> <\/div>\n<p> R5AC-Lite <\/th>\n<th style='padding: 12px 8px; text-align: left; border-bottom: 1px solid rgba(150&comma;150&comma;150&comma;0.3); color: inherit;'>\n<div style='margin-bottom: 10px;'> <img style='max-width: 100px; height: auto; display: block; margin: 0 auto;' src='https:\/\/prd-www-cdn.ubnt.com\/media\/images\/product\/r5ac-prism\/r5ac-prism-gen2-small.png' alt='RP-5AC-Gen2'> <\/div>\n<p> RP-5AC-Gen2 <\/th>\n<\/tr>\n<\/thead>\n<tbody>\n<tr>\n<td style='padding: 12px 8px; border-bottom: 1px solid rgba(150&comma;150&comma;150&comma;0.3); color: inherit;'>Frecuencia<\/td>\n<td style='padding: 12px 8px; border-bottom: 1px solid rgba(150&comma;150&comma;150&comma;0.3); color: inherit;'>5 GHz<\/td>\n<td style='padding: 12px 8px; border-bottom: 1px solid rgba(150&comma;150&comma;150&comma;0.3); color: inherit;'>5 GHz Completo<\/td>\n<td style='padding: 12px 8px; border-bottom: 1px solid rgba(150&comma;150&comma;150&comma;0.3); color: inherit;'>5 GHz Completo<\/td>\n<\/tr>\n<tr>\n<td style='padding: 12px 8px; border-bottom: 1px solid rgba(150&comma;150&comma;150&comma;0.3); color: inherit;'>Rendimiento<\/td>\n<td style='padding: 12px 8px; border-bottom: 1px solid rgba(150&comma;150&comma;150&comma;0.3); color: inherit;'>150+ Mbps<\/td>\n<td style='padding: 12px 8px; border-bottom: 1px solid rgba(150&comma;150&comma;150&comma;0.3); color: inherit;'>500+ Mbps (Max. 80 MHz)<\/td>\n<td style='padding: 12px 8px; border-bottom: 1px solid rgba(150&comma;150&comma;150&comma;0.3); color: inherit;'>500+ Mbps (Max. 80 MHz)<\/td>\n<\/tr>\n<tr>\n<td style='padding: 12px 8px; border-bottom: 1px solid rgba(150&comma;150&comma;150&comma;0.3); color: inherit;'>Puertos<\/td>\n<td style='padding: 12px 8px; border-bottom: 1px solid rgba(150&comma;150&comma;150&comma;0.3); color: inherit;'>(1) 10\/100 Ethernet<\/td>\n<td style='padding: 12px 8px; border-bottom: 1px solid rgba(150&comma;150&comma;150&comma;0.3); color: inherit;'>(1) 10\/100\/1000 Ethernet<\/td>\n<td style='padding: 12px 8px; border-bottom: 1px solid rgba(150&comma;150&comma;150&comma;0.3); color: inherit;'>(1) 10\/100\/1000 Ethernet Port<\/td>\n<\/tr>\n<tr>\n<td style='padding: 12px 8px; border-bottom: 1px solid rgba(150&comma;150&comma;150&comma;0.3); color: inherit;'>Tecnolog\u00eda airPrism\u2122<\/td>\n<td style='padding: 12px 8px; border-bottom: 1px solid rgba(150&comma;150&comma;150&comma;0.3); color: inherit;'>\u2014<\/td>\n<td style='padding: 12px 8px; border-bottom: 1px solid rgba(150&comma;150&comma;150&comma;0.3); color: inherit;'>\u2014<\/td>\n<td style='padding: 12px 8px; border-bottom: 1px solid rgba(150&comma;150&comma;150&comma;0.3); color: inherit;'> <span style='color: #00a0df;'>\u2713<\/span> <\/td>\n<\/tr>\n<tr>\n<td style='padding: 12px 8px; border-bottom: 1px solid rgba(150&comma;150&comma;150&comma;0.3); color: inherit;'>Radio de Administraci\u00f3n<\/td>\n<td style='padding: 12px 8px; border-bottom: 1px solid rgba(150&comma;150&comma;150&comma;0.3); color: inherit;'>\u2014<\/td>\n<td style='padding: 12px 8px; border-bottom: 1px solid rgba(150&comma;150&comma;150&comma;0.3); color: inherit;'>\u2014<\/td>\n<td style='padding: 12px 8px; border-bottom: 1px solid rgba(150&comma;150&comma;150&comma;0.3); color: inherit;'> <span style='color: #00a0df;'>\u2713<\/span> <\/td>\n<\/tr>\n<tr>\n<td style='padding: 12px 8px; border-bottom: 1px solid rgba(150&comma;150&comma;150&comma;0.3); color: inherit;'>Sincronizaci\u00f3n GPS<\/td>\n<td style='padding: 12px 8px; border-bottom: 1px solid rgba(150&comma;150&comma;150&comma;0.3); color: inherit;'>\u2014<\/td>\n<td style='padding: 12px 8px; border-bottom: 1px solid rgba(150&comma;150&comma;150&comma;0.3); color: inherit;'>\u2014<\/td>\n<td style='padding: 12px 8px; border-bottom: 1px solid rgba(150&comma;150&comma;150&comma;0.3); color: inherit;'> <span style='color: #00a0df;'>\u2713<\/span> <\/td>\n<\/tr>\n<\/tbody>\n<\/table><\/div>\n<\/p><\/div>\n<\/p><\/div>\n<p> <!-- Separador final --> <\/p>\n<hr style='border: 0; border-top: 1px solid rgba(150&comma; 150&comma; 150&comma; 0.3); margin: 30px 0;'> <\/div>\n","protected":false},"excerpt":{"rendered":"<p>Radio Estaci\u00f3n Base airMAX AC GEN2 hasta 500 Mbps, 5 GHz (5150 &#8211; 5875 MHz) con tecnolog\u00eda airPrism<\/p>\n","protected":false},"featured_media":74519,"comment_status":"open","ping_status":"closed","template":"","meta":[],"product_brand":[],"product_cat":[1998],"product_tag":[1999,1980,166],"class_list":{"0":"post-74520","1":"product","2":"type-product","3":"status-publish","4":"has-post-thumbnail","6":"product_cat-5-y-6-ghz","7":"product_tag-5-y-6-ghz","8":"product_tag-enlaces-ptp-y-ptmp","9":"product_tag-ubiquiti","11":"first","12":"instock","13":"sale","14":"shipping-taxable","15":"purchasable","16":"product-type-simple"},"_links":{"self":[{"href":"https:\/\/soydeaqui.ddns.net\/pachuca\/index.php\/wp-json\/wp\/v2\/product\/74520","targetHints":{"allow":["GET"]}}],"collection":[{"href":"https:\/\/soydeaqui.ddns.net\/pachuca\/index.php\/wp-json\/wp\/v2\/product"}],"about":[{"href":"https:\/\/soydeaqui.ddns.net\/pachuca\/index.php\/wp-json\/wp\/v2\/types\/product"}],"replies":[{"embeddable":true,"href":"https:\/\/soydeaqui.ddns.net\/pachuca\/index.php\/wp-json\/wp\/v2\/comments?post=74520"}],"wp:featuredmedia":[{"embeddable":true,"href":"https:\/\/soydeaqui.ddns.net\/pachuca\/index.php\/wp-json\/wp\/v2\/media\/74519"}],"wp:attachment":[{"href":"https:\/\/soydeaqui.ddns.net\/pachuca\/index.php\/wp-json\/wp\/v2\/media?parent=74520"}],"wp:term":[{"taxonomy":"product_brand","embeddable":true,"href":"https:\/\/soydeaqui.ddns.net\/pachuca\/index.php\/wp-json\/wp\/v2\/product_brand?post=74520"},{"taxonomy":"product_cat","embeddable":true,"href":"https:\/\/soydeaqui.ddns.net\/pachuca\/index.php\/wp-json\/wp\/v2\/product_cat?post=74520"},{"taxonomy":"product_tag","embeddable":true,"href":"https:\/\/soydeaqui.ddns.net\/pachuca\/index.php\/wp-json\/wp\/v2\/product_tag?post=74520"}],"curies":[{"name":"wp","href":"https:\/\/api.w.org\/{rel}","templated":true}]}}