{"id":74507,"date":"2026-03-19T14:03:29","date_gmt":"2026-03-19T14:03:29","guid":{"rendered":"https:\/\/soydeaqui.ddns.net\/pachuca\/index.php\/producto\/nanobeam-airmax-ac-gen2-cpe-hasta-450-mbps-5-ghz-5150-5875-mhz-con-antena-integrada-de-19-dbi\/"},"modified":"2026-03-19T14:03:43","modified_gmt":"2026-03-19T14:03:43","slug":"nanobeam-airmax-ac-gen2-cpe-hasta-450-mbps-5-ghz-5150-5875-mhz-con-antena-integrada-de-19-dbi","status":"publish","type":"product","link":"https:\/\/soydeaqui.ddns.net\/pachuca\/index.php\/producto\/nanobeam-airmax-ac-gen2-cpe-hasta-450-mbps-5-ghz-5150-5875-mhz-con-antena-integrada-de-19-dbi\/","title":{"rendered":"NanoBeam airMAX AC GEN2 CPE hasta 450 Mbps, 5 GHz ( 5150 &#8211; 5875 MHz) con antena integrada de 19 dBi"},"content":{"rendered":"<div style='width: 100%; max-width: 1200px; margin: 0 auto; font-family: sans-serif; line-height: 1.6; color: inherit;'>\n<div style='display: flex; flex-wrap: wrap; gap: 30px; margin-bottom: 30px;'>\n<div style='flex: 1 1 300px; min-width: 280px;'>\n<h3 style='font-size: 22px; border-bottom: 2px solid currentColor; padding-bottom: 5px; margin-top: 0; color: inherit; opacity: 0.8;'>Radio Wi-Fi para administraci\u00f3n<\/h3>\n<p style='font-size: 20px; color: inherit;'>The NanoBeam<sup>\u00ae<\/sup> AC integra un radio Wi-Fi separada para una configuraci\u00f3n r\u00e1pida y f\u00e1cil usando un dispositivo m\u00f3vil.<\/p>\n<\/p><\/div>\n<\/p><\/div>\n<div style='display: flex; flex-wrap: wrap; gap: 30px; margin-bottom: 30px;'>\n<div style='flex: 1 1 300px; min-width: 280px;'>\n<h3 style='font-size: 22px; border-bottom: 2px solid currentColor; padding-bottom: 5px; margin-top: 0; color: inherit; opacity: 0.8;'>Protecci\u00f3n contra descargas mejorada<\/h3>\n<p style='font-size: 20px; color: inherit;'>El NanoBeam<sup>\u00ae<\/sup> AC presenta una protecci\u00f3n mejorada contra eventos ESD.<\/p>\n<p> <img style='width: 100%; height: auto; border: 1px solid rgba(150&comma;150&comma;150&comma;0.3); border-radius: 8px;' src='https:\/\/prd-www-cdn.ubnt.com\/media\/images\/product-features\/nanobeam-features-surge-2x.jpg' alt='Protecci\u00f3n contra descargas mejorada'> <\/div>\n<\/p><\/div>\n<div style='display: flex; flex-wrap: wrap; gap: 30px; margin-bottom: 30px;'>\n<div style='flex: 1 1 300px; min-width: 280px;'>\n<h3 style='font-size: 22px; border-bottom: 2px solid currentColor; padding-bottom: 5px; margin-top: 0; color: inherit; opacity: 0.8;'>Antena de alto rendimiento<\/h3>\n<p style='font-size: 20px; color: inherit;'>AC presenta la ganancia m\u00e1s alta para su tama\u00f1o. Excelente directividad y proporciona mejor rendimiento en entornos de alto ruido.<\/p>\n<p> <img style='width: 100%; height: auto; border: 1px solid rgba(150&comma;150&comma;150&comma;0.3); border-radius: 8px;' src='https:\/\/ftp3.syscom.mx\/usuarios\/adiaz\/UBNT\/NBE5ACGEN2\/Antena.PNG' alt='Antena de alto rendimiento'> <\/div>\n<\/p><\/div>\n<hr style='border: 0; border-top: 1px solid rgba(150&comma; 150&comma; 150&comma; 0.3); margin: 30px 0;'>\n<div style='display: flex; flex-wrap: wrap; gap: 20px; margin-bottom: 30px;'>\n<div style='flex: 1 1 250px; border: 1px solid rgba(150&comma; 150&comma; 150&comma; 0.4); border-radius: 8px; overflow: hidden; display: flex; flex-direction: column;'>\n<div style='padding: 15px; border-bottom: 1px solid rgba(150&comma; 150&comma; 150&comma; 0.2); font-weight: bold; font-size: 18px; color: inherit;'>Especificaci\u00f3n del Producto<\/div>\n<div style='padding: 15px; color: inherit;'>\n<ul style='padding-left: 20px; margin: 0; font-size: 14px; list-style-type: disc;'>\n<li style='margin-bottom: 5px;'><strong>Dimensiones (Montaje Incluido):<\/strong> 189 x 189 x 125 mm (7.44 x 7.44 x 4.92&#8242;)<\/li>\n<li style='margin-bottom: 5px;'><strong>Peso (Montaje Incluido):<\/strong> 530 g (1.17 lb)<\/li>\n<li style='margin-bottom: 5px;'><strong>Ganancia:<\/strong> 19 dBi<\/li>\n<li style='margin-bottom: 5px;'><strong>Networking Interface:<\/strong> (2) 10\/100\/1000 Puertos Ethernet&comma; Wi-Fi para Administraci\u00f3n<\/li>\n<li style='margin-bottom: 5px;'><strong>Enclosure:<\/strong> Outdoor UV Stabilized Plastic<\/li>\n<li style='margin-bottom: 5px;'><strong>Consumo M\u00e1x.:<\/strong> 8W<\/li>\n<li style='margin-bottom: 5px;'><strong>Fuente de Alimentaci\u00f3n:<\/strong> Adaptador PoE Gigabit 24V&comma; 0.5A (Incluido)<\/li>\n<li style='margin-bottom: 5px;'><strong>M\u00e9todo de Alimentaci\u00f3n:<\/strong> PoE Pasivo (Pairs 4&comma; 5+; 7&comma; 8 Return)<\/li>\n<li style='margin-bottom: 5px;'><strong>Wind Loading:<\/strong> 45.4 N @ 200 km\/h (10.2 lbf @ 125 mph)<\/li>\n<li style='margin-bottom: 5px;'><strong>Wind Survivability:<\/strong> 200 km\/h (125 mph)<\/li>\n<li style='margin-bottom: 5px;'><strong>Certificaciones:<\/strong> CE&comma; FCC&comma; IC<\/li>\n<li style='margin-bottom: 5px;'><strong>Montaje:<\/strong> Montaje en Poste (Incluido)&comma; Montaje en Pared (No incluido)<\/li>\n<li style='margin-bottom: 5px;'><strong>ESD\/EMP Protection:<\/strong> \u00b1 24kV Contact\/Air<\/li>\n<li style='margin-bottom: 5px;'><strong>Temperatura de Operaci\u00f3n:<\/strong> -40 a 80\u00b0 C (-40 a 176 F)<\/li>\n<li style='margin-bottom: 5px;'><strong>Humedad:<\/strong> 5 a 95% Sin condensaci\u00f3n<\/li>\n<\/ul><\/div>\n<\/p><\/div>\n<div style='flex: 1 1 250px; border: 1px solid rgba(150&comma; 150&comma; 150&comma; 0.4); border-radius: 8px; overflow: hidden; display: flex; flex-direction: column;'>\n<div style='padding: 15px; border-bottom: 1px solid rgba(150&comma; 150&comma; 150&comma; 0.2); font-weight: bold; font-size: 18px; color: inherit;'>Frecuencia de Operaci\u00f3n MHz<\/div>\n<div style='padding: 15px; color: inherit;'>\n<ul style='padding-left: 20px; margin: 0; font-size: 14px; list-style-type: disc;'>\n<li style='margin-bottom: 5px;'><strong>Worldwide:<\/strong> 5150-5875<\/li>\n<li style='margin-bottom: 5px;'><strong>USA:<\/strong> 5150-5250&comma; 5250-5350&comma; 5240-5725&comma; 5725-5850<\/li>\n<\/ul><\/div>\n<\/p><\/div>\n<\/p><\/div>\n<\/p><\/div>\n","protected":false},"excerpt":{"rendered":"<p>NanoBeam airMAX AC GEN2 CPE hasta 450 Mbps, 5 GHz ( 5150 &#8211; 5875 MHz) con antena integrada de 19 dBi<\/p>\n","protected":false},"featured_media":74506,"comment_status":"open","ping_status":"closed","template":"","meta":[],"product_brand":[],"product_cat":[1998],"product_tag":[1999,1980,166],"class_list":{"0":"post-74507","1":"product","2":"type-product","3":"status-publish","4":"has-post-thumbnail","6":"product_cat-5-y-6-ghz","7":"product_tag-5-y-6-ghz","8":"product_tag-enlaces-ptp-y-ptmp","9":"product_tag-ubiquiti","11":"first","12":"instock","13":"sale","14":"shipping-taxable","15":"purchasable","16":"product-type-simple"},"_links":{"self":[{"href":"https:\/\/soydeaqui.ddns.net\/pachuca\/index.php\/wp-json\/wp\/v2\/product\/74507","targetHints":{"allow":["GET"]}}],"collection":[{"href":"https:\/\/soydeaqui.ddns.net\/pachuca\/index.php\/wp-json\/wp\/v2\/product"}],"about":[{"href":"https:\/\/soydeaqui.ddns.net\/pachuca\/index.php\/wp-json\/wp\/v2\/types\/product"}],"replies":[{"embeddable":true,"href":"https:\/\/soydeaqui.ddns.net\/pachuca\/index.php\/wp-json\/wp\/v2\/comments?post=74507"}],"wp:featuredmedia":[{"embeddable":true,"href":"https:\/\/soydeaqui.ddns.net\/pachuca\/index.php\/wp-json\/wp\/v2\/media\/74506"}],"wp:attachment":[{"href":"https:\/\/soydeaqui.ddns.net\/pachuca\/index.php\/wp-json\/wp\/v2\/media?parent=74507"}],"wp:term":[{"taxonomy":"product_brand","embeddable":true,"href":"https:\/\/soydeaqui.ddns.net\/pachuca\/index.php\/wp-json\/wp\/v2\/product_brand?post=74507"},{"taxonomy":"product_cat","embeddable":true,"href":"https:\/\/soydeaqui.ddns.net\/pachuca\/index.php\/wp-json\/wp\/v2\/product_cat?post=74507"},{"taxonomy":"product_tag","embeddable":true,"href":"https:\/\/soydeaqui.ddns.net\/pachuca\/index.php\/wp-json\/wp\/v2\/product_tag?post=74507"}],"curies":[{"name":"wp","href":"https:\/\/api.w.org\/{rel}","templated":true}]}}