{"id":74502,"date":"2026-03-19T14:03:17","date_gmt":"2026-03-19T14:03:17","guid":{"rendered":"https:\/\/soydeaqui.ddns.net\/pachuca\/index.php\/producto\/litebeam-2x2-mimo-airmax-ac-gen2-cpe-hasta-450-mbps-5-ghz-5150-5875-mhz-con-antena-integrada-de-23-dbi\/"},"modified":"2026-03-19T14:03:25","modified_gmt":"2026-03-19T14:03:25","slug":"litebeam-2x2-mimo-airmax-ac-gen2-cpe-hasta-450-mbps-5-ghz-5150-5875-mhz-con-antena-integrada-de-23-dbi","status":"publish","type":"product","link":"https:\/\/soydeaqui.ddns.net\/pachuca\/index.php\/producto\/litebeam-2x2-mimo-airmax-ac-gen2-cpe-hasta-450-mbps-5-ghz-5150-5875-mhz-con-antena-integrada-de-23-dbi\/","title":{"rendered":"LiteBeam 2&#215;2 MIMO airMAX AC GEN2 CPE hasta 450 Mbps, 5 GHz (5150 &#8211; 5875 MHz) con antena integrada de 23 dBi"},"content":{"rendered":"<div style='width: 100%; max-width: 1200px; margin: 0 auto; font-family: sans-serif; line-height: 1.6; color: inherit; background-color: transparent;'> <!-- Secci\u00f3n principal con grid --> <\/p>\n<div style='display: grid; grid-template-columns: repeat(auto-fit&comma; minmax(300px&comma; 1fr)); gap: 30px; margin-bottom: 30px;'> <!-- Columna 1 --> <\/p>\n<div>\n<h3 style='font-size: 22px; border-bottom: 2px solid currentColor; padding-bottom: 5px; margin-top: 0; color: inherit; opacity: 0.8;'>Puertos<\/h3>\n<ul style='padding-left: 20px; font-size: 15px; color: inherit;'>\n<li style='margin-bottom: 5px;'>1 puerto de datos 10\/100\/1000 Mbps<\/li>\n<\/ul>\n<h3 style='font-size: 22px; border-bottom: 2px solid currentColor; padding-bottom: 5px; margin-top: 25px; color: inherit; opacity: 0.8;'>Sistema operativo<\/h3>\n<ul style='padding-left: 20px; font-size: 15px; color: inherit;'>\n<li style='margin-bottom: 5px;'>airOS\u00ae 8<\/li>\n<\/ul>\n<h3 style='font-size: 22px; border-bottom: 2px solid currentColor; padding-bottom: 5px; margin-top: 25px; color: inherit; opacity: 0.8;'>Modos de operaci\u00f3n<\/h3>\n<ul style='padding-left: 20px; font-size: 15px; color: inherit;'>\n<li style='margin-bottom: 5px;'>Access point<\/li>\n<li style='margin-bottom: 5px;'>Estaci\u00f3n<\/li>\n<\/ul>\n<h3 style='font-size: 22px; border-bottom: 2px solid currentColor; padding-bottom: 5px; margin-top: 25px; color: inherit; opacity: 0.8;'>Caracter\u00edsticas<\/h3>\n<ul style='padding-left: 20px; font-size: 15px; color: inherit;'>\n<li style='margin-bottom: 5px;'>Anchos de canal ajustable:<\/li>\n<ul style='padding-left: 20px; margin: 5px 0;'>\n<li style='margin-bottom: 5px;'>PtP: 10\/20\/30\/40\/50\/60\/80 MHz<\/li>\n<li style='margin-bottom: 5px;'>PtMP: 10\/20\/30\/40 MHz<\/li>\n<\/ul>\n<li style='margin-bottom: 5px;'>Procesador MIPS<\/li>\n<li style='margin-bottom: 5px;'>Fuerte seguridad WPA2 AES<\/li>\n<li style='margin-bottom: 5px;'>Alto desempe\u00f1o<\/li>\n<li style='margin-bottom: 5px;'>Dise\u00f1o integrado<\/li>\n<li style='margin-bottom: 5px;'>Radio de administraci\u00f3n en 2.4 GHz<\/li>\n<li style='margin-bottom: 5px;'>SNR mejorado<\/li>\n<li style='margin-bottom: 5px;'>Inmunidad al ruido mejorada<\/li>\n<\/ul><\/div>\n<p> <!-- Columna 2 --> <\/p>\n<div>\n<h3 style='font-size: 22px; border-bottom: 2px solid currentColor; padding-bottom: 5px; margin-top: 0; color: inherit; opacity: 0.8;'>Caracter\u00edsticas f\u00edsicas y el\u00e9ctricas<\/h3>\n<ul style='padding-left: 20px; font-size: 15px; color: inherit;'>\n<li style='margin-bottom: 5px;'>Alimentaci\u00f3n (PoE): 24 Vcc&comma; 0.3 A<\/li>\n<li style='margin-bottom: 5px;'>Dimensiones: 358 x 271.95 x 272.5 mm<\/li>\n<li style='margin-bottom: 5px;'>Peso: 800 g<\/li>\n<li style='margin-bottom: 5px;'>Temperatura de operaci\u00f3n: -40 a 70 \u00b0C<\/li>\n<\/ul>\n<h3 style='font-size: 22px; border-bottom: 2px solid currentColor; padding-bottom: 5px; margin-top: 25px; color: inherit; opacity: 0.8;'>Incluye<\/h3>\n<ul style='padding-left: 20px; font-size: 15px; color: inherit;'>\n<li style='margin-bottom: 5px;'>Adaptador PoE Gigabit 24 Vcc 0.3 A<\/li>\n<li style='margin-bottom: 5px;'>Montaje en poste o m\u00e1stil<\/li>\n<\/ul>\n<h3 style='font-size: 22px; border-bottom: 2px solid currentColor; padding-bottom: 5px; margin-top: 25px; color: inherit; opacity: 0.8;'>Garant\u00eda<\/h3>\n<ul style='padding-left: 20px; font-size: 15px; color: inherit;'>\n<li style='margin-bottom: 5px;'>1 A\u00f1o<\/li>\n<\/ul><\/div>\n<\/p><\/div>\n<p> <!-- Secci\u00f3n de contenido adicional --> <\/p>\n<div style='margin-bottom: 30px;'>\n<h3 style='text-align: center; font-size: 20px; margin-top: 0; color: inherit; opacity: 0.8;'>Radio Wi-Fi de administraci\u00f3n<\/h3>\n<p style='text-align: center; font-size: 15px; color: inherit;'>El LiteBeam\u00ae AC integra un radio Wi-Fi separado para una configuraci\u00f3n r\u00e1pida y f\u00e1cil usando un dispositivo m\u00f3vil.<\/p>\n<div style='text-align: center; margin: 20px 0;'> <img style='width: 100%; max-width: 472px; height: auto; border: 1px solid rgba(150&comma;150&comma;150&comma;0.3); border-radius: 8px;' src='https:\/\/ftp3.syscom.mx\/usuarios\/adiaz\/UBNT\/LBE5ACGEN2\/litebeam-features-mobile2.jpg' alt=''> <\/div>\n<\/p><\/div>\n<p> <!-- Secci\u00f3n de contenido con imagen --> <\/p>\n<div style='margin-bottom: 30px;'>\n<h3 style='text-align: center; font-size: 20px; margin-top: 0; color: inherit; opacity: 0.8;'>Montaje mejorado y protecci\u00f3n anti-est\u00e1tica<\/h3>\n<p style='text-align: center; font-size: 15px; color: inherit;'>Con una protecci\u00f3n mejorada contra los eventos ESD&comma; el LiteBeam\u00ae AC ofrece un montaje m\u00e1s robusto con ajustes separados de azimut y elevaci\u00f3n.<\/p>\n<div style='text-align: center; margin: 20px 0;'> <img style='width: 100%; max-width: 433px; height: auto; border: 1px solid rgba(150&comma;150&comma;150&comma;0.3); border-radius: 8px;' src='https:\/\/prd-www-cdn.ubnt.com\/media\/images\/product-features\/litebeam-features-surge.jpg' alt=''> <\/div>\n<\/p><\/div>\n<p> <!-- Secci\u00f3n de contenido con imagen --> <\/p>\n<div style='margin-bottom: 30px;'>\n<h3 style='text-align: center; font-size: 20px; margin-top: 0; color: inherit; opacity: 0.8;'>Ahora con airOS\u00ae8 y airView\u00ae<\/h3>\n<p style='text-align: center; font-size: 15px; color: inherit;'>airOS\u00ae8 ofrece funciones potentes&comma; que incluyen compatibilidad con el protocolo airMAX\u00ae AC&comma; an\u00e1lisis de RF en tiempo real y un dise\u00f1o completamente nuevo para una mejor usabilidad.<\/p>\n<div style='text-align: center; margin: 20px 0;'> <img style='width: 100%; max-width: 1186px; height: auto; border: 1px solid rgba(150&comma;150&comma;150&comma;0.3); border-radius: 8px;' src='https:\/\/ftp3.syscom.mx\/usuarios\/adiaz\/UBNT\/LBE5ACGEN2\/litebeam-ac-features-airviewvgen2.jpg' alt=''> <\/div>\n<\/p><\/div>\n<p> <!-- Secci\u00f3n de contenido con imagen --> <\/p>\n<div style='margin-bottom: 30px;'>\n<h3 style='text-align: center; font-size: 20px; margin-top: 0; color: inherit; opacity: 0.8;'>Dise\u00f1o industrial e instalaci\u00f3n sencilla<\/h3>\n<p style='text-align: center; font-size: 15px; color: inherit;'>Con la libertad de alienaci\u00f3n de tres ejes&comma; el LiteBeam\u00ae AC se ensambla completamente en segundos&comma; sin necesidad de herramientas. Solo se requiere una llave para montaje en el poste.<\/p>\n<div style='text-align: center; margin: 20px 0;'> <img style='width: 100%; max-width: 666px; height: auto; border: 1px solid rgba(150&comma;150&comma;150&comma;0.3); border-radius: 8px;' src='https:\/\/ftp3.syscom.mx\/usuarios\/adiaz\/UBNT\/LBE5ACGEN2\/LiteBeam-Mount2.gif' alt=''> <\/div>\n<\/p><\/div>\n<\/p><\/div>\n","protected":false},"excerpt":{"rendered":"<p>LiteBeam 2&#215;2 MIMO airMAX AC GEN2 CPE hasta 450 Mbps, 5 GHz (5150 &#8211; 5875 MHz) con antena integrada de 23 dBi<\/p>\n","protected":false},"featured_media":74501,"comment_status":"open","ping_status":"closed","template":"","meta":[],"product_brand":[],"product_cat":[1998],"product_tag":[1999,1980,166],"class_list":{"0":"post-74502","1":"product","2":"type-product","3":"status-publish","4":"has-post-thumbnail","6":"product_cat-5-y-6-ghz","7":"product_tag-5-y-6-ghz","8":"product_tag-enlaces-ptp-y-ptmp","9":"product_tag-ubiquiti","11":"first","12":"instock","13":"sale","14":"shipping-taxable","15":"purchasable","16":"product-type-simple"},"_links":{"self":[{"href":"https:\/\/soydeaqui.ddns.net\/pachuca\/index.php\/wp-json\/wp\/v2\/product\/74502","targetHints":{"allow":["GET"]}}],"collection":[{"href":"https:\/\/soydeaqui.ddns.net\/pachuca\/index.php\/wp-json\/wp\/v2\/product"}],"about":[{"href":"https:\/\/soydeaqui.ddns.net\/pachuca\/index.php\/wp-json\/wp\/v2\/types\/product"}],"replies":[{"embeddable":true,"href":"https:\/\/soydeaqui.ddns.net\/pachuca\/index.php\/wp-json\/wp\/v2\/comments?post=74502"}],"wp:featuredmedia":[{"embeddable":true,"href":"https:\/\/soydeaqui.ddns.net\/pachuca\/index.php\/wp-json\/wp\/v2\/media\/74501"}],"wp:attachment":[{"href":"https:\/\/soydeaqui.ddns.net\/pachuca\/index.php\/wp-json\/wp\/v2\/media?parent=74502"}],"wp:term":[{"taxonomy":"product_brand","embeddable":true,"href":"https:\/\/soydeaqui.ddns.net\/pachuca\/index.php\/wp-json\/wp\/v2\/product_brand?post=74502"},{"taxonomy":"product_cat","embeddable":true,"href":"https:\/\/soydeaqui.ddns.net\/pachuca\/index.php\/wp-json\/wp\/v2\/product_cat?post=74502"},{"taxonomy":"product_tag","embeddable":true,"href":"https:\/\/soydeaqui.ddns.net\/pachuca\/index.php\/wp-json\/wp\/v2\/product_tag?post=74502"}],"curies":[{"name":"wp","href":"https:\/\/api.w.org\/{rel}","templated":true}]}}