{"id":74481,"date":"2026-03-19T14:02:28","date_gmt":"2026-03-19T14:02:28","guid":{"rendered":"https:\/\/soydeaqui.ddns.net\/pachuca\/index.php\/producto\/punto-de-acceso-super-wifi-doble-banda-conectorizado-en-2-4-ghz-hasta-600-m-con-antena-de-12-dbi-hasta-300-m-con-antena-integrada-de-16-dbi-en-5-ghz\/"},"modified":"2026-03-19T14:02:38","modified_gmt":"2026-03-19T14:02:38","slug":"punto-de-acceso-super-wifi-doble-banda-conectorizado-en-2-4-ghz-hasta-600-m-con-antena-de-12-dbi-hasta-300-m-con-antena-integrada-de-16-dbi-en-5-ghz","status":"publish","type":"product","link":"https:\/\/soydeaqui.ddns.net\/pachuca\/index.php\/producto\/punto-de-acceso-super-wifi-doble-banda-conectorizado-en-2-4-ghz-hasta-600-m-con-antena-de-12-dbi-hasta-300-m-con-antena-integrada-de-16-dbi-en-5-ghz\/","title":{"rendered":"Punto de Acceso Super WiFi, Doble Banda, Conectorizado en 2.4 GHz (Hasta 600 m con Antena de 12 dBi), Hasta 300 m con Antena Integrada de 16 dBi en 5 GHz."},"content":{"rendered":"<div style='width: 100%; max-width: 1200px; margin: 0 auto; font-family: sans-serif; line-height: 1.6; color: inherit; background-color: transparent;'> <!-- Imagen principal --> <\/p>\n<div style='width: 100%; text-align: center; margin: 30px 0;'> <img style='width: 100%; max-width: 600px; height: auto; border: 1px solid rgba(150&comma;150&comma;150&comma;0.3); border-radius: 8px;' src='https:\/\/ftp3.syscom.mx\/usuarios\/hortega\/Altai\/Altai.png' alt=''> <\/div>\n<p> <!-- Descripci\u00f3n general --> <\/p>\n<div style='margin: 30px 0;'>\n<p style='text-align: center; font-size: 15px; margin-bottom: 15px; color: inherit;'> <strong>Soluciones de S\u00faper Cobertura WiFi tipo Carrier-Class<\/strong><br \/> <strong>Serie A2 con tecnolog\u00eda MIMO 2&#215;2<\/strong><\/p>\n<p> Los puntos de acceso profesionales de la serie A2 S\u00faper Cobertura WiFi de Altai Technologies&comma; han sido dise\u00f1ados para proporcionar la mejor cobertura WiFi con el menor n\u00famero de equipos para la misma \u00e1rea de cobertura. Gracias a sus m\u00faltiples tecnolog\u00edas como antenas inteligentes y gran mitigaci\u00f3n de interferencias; los hace ideales para universidades&comma; hoteler\u00eda&comma; fraccionamientos&comma; edificios gubernamentales&comma; bodegas e industrias&comma; caf\u00e9s internet&comma; parques p\u00fablicos y muchas aplicaciones m\u00e1s. <\/p>\n<\/p><\/div>\n<p> <!-- Secciones de especificaciones --> <\/p>\n<div style='display: flex; flex-wrap: wrap; gap: 30px; margin: 30px 0;'> <!-- Caracter\u00edsticas Principales --> <\/p>\n<div style='flex: 1 1 300px; min-width: 280px;'>\n<div style='border: 1px solid rgba(150&comma; 150&comma; 150&comma; 0.4); border-radius: 8px; overflow: hidden; display: flex; flex-direction: column;'>\n<div style='padding: 15px; border-bottom: 1px solid rgba(150&comma; 150&comma; 150&comma; 0.2); font-weight: bold; font-size: 18px; color: inherit; background-color: rgba(0&comma; 0&comma; 0&comma; 0.05);'>Caracter\u00edsticas Principales:<\/div>\n<div style='padding: 15px; color: inherit;'>\n<ul style='padding-left: 20px; margin: 0; font-size: 14px; list-style-type: disc;'>\n<li style='margin-bottom: 5px;'>Modos de operaci\u00f3n: AP\/CPE\/Bridge\/Repetidor<\/li>\n<li style='margin-bottom: 5px;'>Doble banda en 2.4 GHz (conectorizado) y 5GHz (antena integrada)<\/li>\n<li style='margin-bottom: 5px;'>Hasta 32 SSID (16 por radio)<\/li>\n<li style='margin-bottom: 5px;'>Hasta 28 dBm en ambas bandas<\/li>\n<li style='margin-bottom: 5px;'>Cobertura hasta 600 m en 2.4 GHz<\/li>\n<li style='margin-bottom: 5px;'>Cobertura hasta 300 m en 5 GHz<\/li>\n<li style='margin-bottom: 5px;'>Hasta 1167Mbps<\/li>\n<li style='margin-bottom: 5px;'>Carcasa con clasificaci\u00f3n IP67<\/li>\n<li style='margin-bottom: 5px;'>Soportan plataforma de gesti\u00f3n profesional AltaiCare basado en la nube<\/li>\n<li style='margin-bottom: 5px;'>Modos de operaci\u00f3n como PTP y PTMP<\/li>\n<\/ul><\/div>\n<\/p><\/div>\n<\/p><\/div>\n<p> <!-- Caracter\u00edsticas F\u00edsicas y El\u00e9ctricas --> <\/p>\n<div style='flex: 1 1 300px; min-width: 280px;'>\n<div style='border: 1px solid rgba(150&comma; 150&comma; 150&comma; 0.4); border-radius: 8px; overflow: hidden; display: flex; flex-direction: column;'>\n<div style='padding: 15px; border-bottom: 1px solid rgba(150&comma; 150&comma; 150&comma; 0.2); font-weight: bold; font-size: 18px; color: inherit; background-color: rgba(0&comma; 0&comma; 0&comma; 0.05);'>Caracter\u00edsticas F\u00edsicas y El\u00e9ctricas:<\/div>\n<div style='padding: 15px; color: inherit;'>\n<ul style='padding-left: 20px; margin: 0; font-size: 14px; list-style-type: disc;'>\n<li style='margin-bottom: 5px;'>2 Puertos Ethernet 10\/100\/1000 Mbps<\/li>\n<li style='margin-bottom: 5px;'>Montaje en poste y pared<\/li>\n<li style='margin-bottom: 5px;'>2 conectores N Hembra en radio de 2.4 GHz<\/li>\n<li style='margin-bottom: 5px;'>1 Antena Sectorial integrada en radio de 5 GHz de 16 dBi de 20\u00b0 de apertura<\/li>\n<li style='margin-bottom: 5px;'>Carcasa IP67<\/li>\n<li style='margin-bottom: 5px;'><strong>Se alimenta con PoE pasivo de 56 V (ya incluido)<\/strong><\/li>\n<li style='margin-bottom: 5px;'>Soporta PoE 802.3at (PoE recomendado <strong>PoE165<\/strong>)<\/li>\n<li style='margin-bottom: 5px;'>Dimensiones (22x22x6 cm)<\/li>\n<li style='margin-bottom: 5px;'>Peso: 1.3 Kg<\/li>\n<li style='margin-bottom: 5px;'>Soporta temperaturas de -40 a 60\u00b0 C<\/li>\n<li style='margin-bottom: 5px;'>Consume 25 W (max)<\/li>\n<\/ul><\/div>\n<\/p><\/div>\n<\/p><\/div>\n<p> <!-- El Paquete Incluye --> <\/p>\n<div style='flex: 1 1 300px; min-width: 280px;'>\n<div style='border: 1px solid rgba(150&comma; 150&comma; 150&comma; 0.4); border-radius: 8px; overflow: hidden; display: flex; flex-direction: column;'>\n<div style='padding: 15px; border-bottom: 1px solid rgba(150&comma; 150&comma; 150&comma; 0.2); font-weight: bold; font-size: 18px; color: inherit; background-color: rgba(0&comma; 0&comma; 0&comma; 0.05);'>El Paquete Incluye:<\/div>\n<div style='padding: 15px; color: inherit;'>\n<ul style='padding-left: 20px; margin: 0; font-size: 14px; list-style-type: disc;'>\n<li style='margin-bottom: 5px;'>Punto de Acceso A2AC<\/li>\n<li style='margin-bottom: 5px;'>PoE pasivo<\/li>\n<li style='margin-bottom: 5px;'>Accesorios de montaje<\/li>\n<\/ul><\/div>\n<\/p><\/div>\n<\/p><\/div>\n<\/p><\/div>\n<p> <!-- Separador --> <\/p>\n<hr style='border: 0; border-top: 1px solid rgba(150&comma; 150&comma; 150&comma; 0.3); margin: 40px 0;'> <!-- Videos de YouTube --> <\/p>\n<div style='display: flex; flex-wrap: wrap; gap: 30px; justify-content: center; margin: 30px 0;'> <!-- Video 1 --> <\/p>\n<div style='flex: 1 1 300px; min-width: 280px; max-width: 560px;'>\n<div style='position: relative; padding-bottom: 56.25%; height: 0; overflow: hidden; margin-bottom: 30px;'>   <\/div>\n<\/p><\/div>\n<p> <!-- Video 2 --> <\/p>\n<div style='flex: 1 1 300px; min-width: 280px; max-width: 560px;'>\n<div style='position: relative; padding-bottom: 56.25%; height: 0; overflow: hidden; margin-bottom: 30px;'>   <\/div>\n<\/p><\/div>\n<p> <!-- Video 3 --> <\/p>\n<div style='flex: 1 1 300px; min-width: 280px; max-width: 560px;'>\n<div style='position: relative; padding-bottom: 56.25%; height: 0; overflow: hidden; margin-bottom: 30px;'>   <\/div>\n<\/p><\/div>\n<p> <!-- Video 4 --> <\/p>\n<div style='flex: 1 1 300px; min-width: 280px; max-width: 560px;'>\n<div style='position: relative; padding-bottom: 56.25%; height: 0; overflow: hidden; margin-bottom: 30px;'>   <\/div>\n<\/p><\/div>\n<p> <!-- Video 5 --> <\/p>\n<div style='flex: 1 1 300px; min-width: 280px; max-width: 560px;'>\n<div style='position: relative; padding-bottom: 56.25%; height: 0; overflow: hidden; margin-bottom: 30px;'>   <\/div>\n<\/p><\/div>\n<\/p><\/div>\n<p> <!-- Nota al final --> <\/p>\n<div style='margin: 30px 0;'>\n<p style='text-align: center; font-size: 14px; color: #b8312f; margin: 0;'> <em>La m\u00e1xima distancia en cobertura&comma; capacidad de dispositivos m\u00f3viles WiFi&comma; velocidades de conexi\u00f3n&comma; etc. depender\u00e1 particularmente de cada sitio de instalaci\u00f3n&comma; l\u00ednea de vista plena 100%&comma; niveles de ruido e interferencia&comma; tipo de dispositivos WiFi&comma; alineaci\u00f3n y altura de las antenas<\/em> <\/p>\n<\/p><\/div>\n<\/p><\/div>\n","protected":false},"excerpt":{"rendered":"<p>Punto de Acceso Super WiFi, Doble Banda, Conectorizado en 2.4 GHz (Hasta 600 m con Antena de 12 dBi), Hasta 300 m con Antena Integrada de 16 dBi en 5 GHz.<\/p>\n","protected":false},"featured_media":74480,"comment_status":"open","ping_status":"closed","template":"","meta":[],"product_brand":[],"product_cat":[1794],"product_tag":[1950,1795,1479],"class_list":{"0":"post-74481","1":"product","2":"type-product","3":"status-publish","4":"has-post-thumbnail","6":"product_cat-puntos-de-acceso","7":"product_tag-altai-technologies","8":"product_tag-puntos-de-acceso","9":"product_tag-redes-wifi","11":"first","12":"instock","13":"sale","14":"shipping-taxable","15":"purchasable","16":"product-type-simple"},"_links":{"self":[{"href":"https:\/\/soydeaqui.ddns.net\/pachuca\/index.php\/wp-json\/wp\/v2\/product\/74481","targetHints":{"allow":["GET"]}}],"collection":[{"href":"https:\/\/soydeaqui.ddns.net\/pachuca\/index.php\/wp-json\/wp\/v2\/product"}],"about":[{"href":"https:\/\/soydeaqui.ddns.net\/pachuca\/index.php\/wp-json\/wp\/v2\/types\/product"}],"replies":[{"embeddable":true,"href":"https:\/\/soydeaqui.ddns.net\/pachuca\/index.php\/wp-json\/wp\/v2\/comments?post=74481"}],"wp:featuredmedia":[{"embeddable":true,"href":"https:\/\/soydeaqui.ddns.net\/pachuca\/index.php\/wp-json\/wp\/v2\/media\/74480"}],"wp:attachment":[{"href":"https:\/\/soydeaqui.ddns.net\/pachuca\/index.php\/wp-json\/wp\/v2\/media?parent=74481"}],"wp:term":[{"taxonomy":"product_brand","embeddable":true,"href":"https:\/\/soydeaqui.ddns.net\/pachuca\/index.php\/wp-json\/wp\/v2\/product_brand?post=74481"},{"taxonomy":"product_cat","embeddable":true,"href":"https:\/\/soydeaqui.ddns.net\/pachuca\/index.php\/wp-json\/wp\/v2\/product_cat?post=74481"},{"taxonomy":"product_tag","embeddable":true,"href":"https:\/\/soydeaqui.ddns.net\/pachuca\/index.php\/wp-json\/wp\/v2\/product_tag?post=74481"}],"curies":[{"name":"wp","href":"https:\/\/api.w.org\/{rel}","templated":true}]}}