{"id":7448,"date":"2026-03-18T06:56:34","date_gmt":"2026-03-18T06:56:34","guid":{"rendered":"https:\/\/soydeaqui.ddns.net\/pachuca\/index.php\/producto\/ax-hub-sirena-inalambrica-con-estrobo-azul-para-exterior-110-db\/"},"modified":"2026-03-18T06:56:37","modified_gmt":"2026-03-18T06:56:37","slug":"ax-hub-sirena-inalambrica-con-estrobo-azul-para-exterior-110-db","status":"publish","type":"product","link":"https:\/\/soydeaqui.ddns.net\/pachuca\/index.php\/producto\/ax-hub-sirena-inalambrica-con-estrobo-azul-para-exterior-110-db\/","title":{"rendered":"(AX HUB) Sirena Inal\u00e1mbrica con Estrobo Azul para Exterior \/ 110 dB"},"content":{"rendered":"<div style='width: 100%; max-width: 1200px; margin: 0 auto; font-family: sans-serif; line-height: 1.6; color: inherit; background-color: transparent;'> <!-- Logo --> <\/p>\n<p style='text-align: center; margin: 20px 0;'> <img style='width: 45%; height: auto; border: 1px solid rgba(150&comma;150&comma;150&comma;0.3); border-radius: 8px;' src='https:\/\/ftp3.syscom.mx\/usuarios\/jsosa\/HIKVISION\/imagenes\/logo\/hikvision%20see%20far.png' alt='Logo Hikvision'> <\/p>\n<p> <!-- Secci\u00f3n de caracter\u00edsticas --> <\/p>\n<div style='display: flex; flex-wrap: wrap; gap: 30px; margin-bottom: 30px;'>\n<div style='flex: 1 1 300px; min-width: 280px;'>\n<div style='border: 1px solid rgba(150&comma;150&comma;150&comma;0.3); border-radius: 8px; padding: 15px; background-color: rgba(255&comma;0&comma;0&comma;0.05);'>\n<h3 style='font-size: 18px; border-bottom: 2px solid currentColor; padding-bottom: 5px; margin-top: 0; color: inherit; opacity: 0.8;'>Caracter\u00edsticas principales:<\/h3>\n<ul style='padding-left: 20px; font-size: 14px; color: inherit; list-style-type: disc;'>\n<li style='margin-bottom: 5px;'>Tecnolog\u00eda inal\u00e1mbrica bidireccional.<\/li>\n<li style='margin-bottom: 5px;'>110 db.<\/li>\n<li style='margin-bottom: 5px;'>Indicador LED color azul cuando sucede un evento al activarse la sirena (estrobo).<\/li>\n<li style='margin-bottom: 5px;'>Los datos inal\u00e1mbricos est\u00e1n protegidos por el cifrado AES-128.<\/li>\n<\/ul><\/div>\n<\/p><\/div>\n<div style='flex: 1 1 300px; min-width: 280px;'>\n<div style='border: 1px solid rgba(150&comma;150&comma;150&comma;0.3); border-radius: 8px; padding: 15px; background-color: rgba(255&comma;0&comma;0&comma;0.05);'>\n<h3 style='font-size: 18px; border-bottom: 2px solid currentColor; padding-bottom: 5px; margin-top: 0; color: inherit; opacity: 0.8;'>Caracter\u00edsticas F\u00edsicas y El\u00e9ctricas:<\/h3>\n<ul style='padding-left: 20px; font-size: 14px; color: inherit; list-style-type: disc;'>\n<li style='margin-bottom: 5px;'>Alimentaci\u00f3n: 4 CR123A (No incluidas&comma; modelo recomendado: <a style='color: inherit; text-decoration: underline;' href='https:\/\/www.syscom.mx\/principal\/searchcont?route=CR123AP-PANASONIC-13898&#038;autodetect=cr123a' target='_blank' rel='noopener noreferrer'>CR123AP<\/a>) o puede trabajar con fuente de 12Vcc.<\/li>\n<li style='margin-bottom: 5px;'>Temperatura soportada: -25a 60\u00b0C.<\/li>\n<li style='margin-bottom: 5px;'>Protecci\u00f3n: IP65<\/li>\n<li style='margin-bottom: 5px;'>Dimensiones: 220.5 x 205.2 x 46 mm<\/li>\n<\/ul><\/div>\n<\/p><\/div>\n<div style='flex: 1 1 300px; min-width: 280px;'>\n<div style='border: 1px solid rgba(150&comma;150&comma;150&comma;0.3); border-radius: 8px; padding: 15px; background-color: rgba(255&comma;0&comma;0&comma;0.05);'>\n<h3 style='font-size: 18px; border-bottom: 2px solid currentColor; padding-bottom: 5px; margin-top: 0; color: inherit; opacity: 0.8;'>Caracter\u00edsticas Destacadas:<\/h3>\n<p style='margin-bottom: 10px; font-size: 14px;'>Sirena para el panel de alarma Hikvision<\/p>\n<p style='font-size: 14px; margin: 0;'>Configuraciones b\u00e1sicas clic <a style='color: inherit; text-decoration: underline;' href='http:\/\/soporte.syscom.mx\/videovigilancia\/hikvision-configuraciones-del-panel-de-alarmas' target='_blank' rel='noopener noreferrer'>Aqu\u00ed<\/a><\/p>\n<\/p><\/div>\n<\/p><\/div>\n<\/p><\/div>\n<p> <!-- Separador --> <\/p>\n<hr style='border: 0; border-top: 1px solid rgba(150&comma;150&comma;150&comma;0.3); margin: 30px 0;'> <!-- Familia --> <\/p>\n<div style='text-align: center; margin: 30px 0;'>\n<h3 style='font-size: 16px; margin: 0 0 15px 0; color: inherit;'><strong>Para verificar la compatibilidad de la serie de clic en la imagen o <a style='color: inherit; text-decoration: underline;' href='https:\/\/www.syscom.mx\/principal\/promociones\/paneles_y_accesorios_de_alarmas_de_hikvision-4053.html?ordenar=Relevancia&#038;pag=1' target='_blank' rel='noopener noreferrer'>aqu\u00ed<\/a>.<\/strong><\/h3>\n<\/p><\/div>\n<p> <!-- Diagrama --> <\/p>\n<div style='margin: 30px 0;'> <img style='width: 100%; height: auto; border: 1px solid rgba(150&comma;150&comma;150&comma;0.3); border-radius: 8px;' src='https:\/\/ftp3.syscom.mx\/usuarios\/jsosa\/HIKVISION\/alarmas\/imagenes\/panel%20ax%20hub%20diagrama%20hikvision.jpg' alt='Diagrama de panel AX HUB'> <\/div>\n<p> <!-- Banner promocional --> <\/p>\n<div style='margin: 30px 0;'> <a href='https:\/\/www.syscom.mx\/principal\/listadoproductosazul\/intrusion-hikvision-paneles-de-alarma-y-accesorios-ax-hub-series-66285.html?ordenar=Precio_de_Menor_a_Mayor&#038;pag=1' target='_blank' rel='noopener noreferrer'> <img style='width: 100%; height: auto; border: 1px solid rgba(150&comma;150&comma;150&comma;0.3); border-radius: 8px;' src='https:\/\/ftp3.syscom.mx\/usuarios\/jsosa\/banners\/hikvision-integracion.jpg' alt='Paneles y accesorios de alarma de Hikvision'> <\/a> <\/div>\n<\/p><\/div>\n","protected":false},"excerpt":{"rendered":"<p>(AX HUB) Sirena Inal\u00e1mbrica con Estrobo Azul para Exterior \/ 110 dB<\/p>\n","protected":false},"featured_media":7447,"comment_status":"open","ping_status":"closed","template":"","meta":[],"product_brand":[],"product_cat":[146],"product_tag":[93,54,147],"class_list":{"0":"post-7448","1":"product","2":"type-product","3":"status-publish","4":"has-post-thumbnail","6":"product_cat-sirenas-y-estrobos","7":"product_tag-accesorios","8":"product_tag-hikvision","9":"product_tag-sirenas-y-estrobos","11":"first","12":"outofstock","13":"sale","14":"shipping-taxable","15":"purchasable","16":"product-type-simple"},"_links":{"self":[{"href":"https:\/\/soydeaqui.ddns.net\/pachuca\/index.php\/wp-json\/wp\/v2\/product\/7448","targetHints":{"allow":["GET"]}}],"collection":[{"href":"https:\/\/soydeaqui.ddns.net\/pachuca\/index.php\/wp-json\/wp\/v2\/product"}],"about":[{"href":"https:\/\/soydeaqui.ddns.net\/pachuca\/index.php\/wp-json\/wp\/v2\/types\/product"}],"replies":[{"embeddable":true,"href":"https:\/\/soydeaqui.ddns.net\/pachuca\/index.php\/wp-json\/wp\/v2\/comments?post=7448"}],"wp:featuredmedia":[{"embeddable":true,"href":"https:\/\/soydeaqui.ddns.net\/pachuca\/index.php\/wp-json\/wp\/v2\/media\/7447"}],"wp:attachment":[{"href":"https:\/\/soydeaqui.ddns.net\/pachuca\/index.php\/wp-json\/wp\/v2\/media?parent=7448"}],"wp:term":[{"taxonomy":"product_brand","embeddable":true,"href":"https:\/\/soydeaqui.ddns.net\/pachuca\/index.php\/wp-json\/wp\/v2\/product_brand?post=7448"},{"taxonomy":"product_cat","embeddable":true,"href":"https:\/\/soydeaqui.ddns.net\/pachuca\/index.php\/wp-json\/wp\/v2\/product_cat?post=7448"},{"taxonomy":"product_tag","embeddable":true,"href":"https:\/\/soydeaqui.ddns.net\/pachuca\/index.php\/wp-json\/wp\/v2\/product_tag?post=7448"}],"curies":[{"name":"wp","href":"https:\/\/api.w.org\/{rel}","templated":true}]}}