{"id":74479,"date":"2026-03-19T14:02:23","date_gmt":"2026-03-19T14:02:23","guid":{"rendered":"https:\/\/soydeaqui.ddns.net\/pachuca\/index.php\/producto\/c000000l057a-wireless-manager-wm-4-0-licencia-por-nodo\/"},"modified":"2026-03-19T14:02:24","modified_gmt":"2026-03-19T14:02:24","slug":"c000000l057a-wireless-manager-wm-4-0-licencia-por-nodo","status":"publish","type":"product","link":"https:\/\/soydeaqui.ddns.net\/pachuca\/index.php\/producto\/c000000l057a-wireless-manager-wm-4-0-licencia-por-nodo\/","title":{"rendered":"(C000000L057A) Wireless Manager WM 4.0, licencia por nodo"},"content":{"rendered":"<div style='width: 100%; max-width: 1200px; margin: 0 auto; font-family: sans-serif; line-height: 1.6; color: inherit; background-color: transparent;'>\n<div style='display: flex; flex-wrap: wrap; gap: 30px; margin-bottom: 30px;'>\n<div style='flex: 1 1 300px; min-width: 280px;'>\n<h3 style='font-size: 22px; border-bottom: 2px solid currentColor; padding-bottom: 5px; margin-top: 0; color: inherit; opacity: 0.8;'>CARACTER\u00cdSTICAS PRINCIPALES DEL PRODUCTO<\/h3>\n<ul style='padding-left: 20px; font-size: 15px; color: inherit;'>\n<li style='margin-bottom: 5px;'>Gesti\u00f3n inal\u00e1mbrica centralizada para m\u00faltiples dispositivos<\/li>\n<li style='margin-bottom: 5px;'>Licencia por nodo para flexibilidad en expansi\u00f3n<\/li>\n<li style='margin-bottom: 5px;'>Interfaz intuitiva para f\u00e1cil configuraci\u00f3n<\/li>\n<li style='margin-bottom: 5px;'>Compatibilidad con est\u00e1ndares de redes avanzados<\/li>\n<li style='margin-bottom: 5px;'>Monitoreo en tiempo real de rendimiento<\/li>\n<\/ul>\n<\/div>\n<\/div>\n<\/div>\n","protected":false},"excerpt":{"rendered":"<p>(C000000L057A) Wireless Manager WM 4.0, licencia por nodo<\/p>\n","protected":false},"featured_media":74478,"comment_status":"open","ping_status":"closed","template":"","meta":[],"product_brand":[],"product_cat":[2006],"product_tag":[1316,1980,2007],"class_list":{"0":"post-74479","1":"product","2":"type-product","3":"status-publish","4":"has-post-thumbnail","6":"product_cat-otras-bandas","7":"product_tag-cambium-networks","8":"product_tag-enlaces-ptp-y-ptmp","9":"product_tag-otras-bandas","11":"first","12":"outofstock","13":"sale","14":"shipping-taxable","15":"purchasable","16":"product-type-simple"},"_links":{"self":[{"href":"https:\/\/soydeaqui.ddns.net\/pachuca\/index.php\/wp-json\/wp\/v2\/product\/74479","targetHints":{"allow":["GET"]}}],"collection":[{"href":"https:\/\/soydeaqui.ddns.net\/pachuca\/index.php\/wp-json\/wp\/v2\/product"}],"about":[{"href":"https:\/\/soydeaqui.ddns.net\/pachuca\/index.php\/wp-json\/wp\/v2\/types\/product"}],"replies":[{"embeddable":true,"href":"https:\/\/soydeaqui.ddns.net\/pachuca\/index.php\/wp-json\/wp\/v2\/comments?post=74479"}],"wp:featuredmedia":[{"embeddable":true,"href":"https:\/\/soydeaqui.ddns.net\/pachuca\/index.php\/wp-json\/wp\/v2\/media\/74478"}],"wp:attachment":[{"href":"https:\/\/soydeaqui.ddns.net\/pachuca\/index.php\/wp-json\/wp\/v2\/media?parent=74479"}],"wp:term":[{"taxonomy":"product_brand","embeddable":true,"href":"https:\/\/soydeaqui.ddns.net\/pachuca\/index.php\/wp-json\/wp\/v2\/product_brand?post=74479"},{"taxonomy":"product_cat","embeddable":true,"href":"https:\/\/soydeaqui.ddns.net\/pachuca\/index.php\/wp-json\/wp\/v2\/product_cat?post=74479"},{"taxonomy":"product_tag","embeddable":true,"href":"https:\/\/soydeaqui.ddns.net\/pachuca\/index.php\/wp-json\/wp\/v2\/product_tag?post=74479"}],"curies":[{"name":"wp","href":"https:\/\/api.w.org\/{rel}","templated":true}]}}