{"id":74456,"date":"2026-03-19T14:01:28","date_gmt":"2026-03-19T14:01:28","guid":{"rendered":"https:\/\/soydeaqui.ddns.net\/pachuca\/index.php\/producto\/access-point-unifi-doble-banda-802-11ac-wave-2-mu-mimo-4x4-airview-airtime-hasta-500-clientes-antena-beamforming-poe-802-3at\/"},"modified":"2026-03-19T14:01:34","modified_gmt":"2026-03-19T14:01:34","slug":"access-point-unifi-doble-banda-802-11ac-wave-2-mu-mimo-4x4-airview-airtime-hasta-500-clientes-antena-beamforming-poe-802-3at","status":"publish","type":"product","link":"https:\/\/soydeaqui.ddns.net\/pachuca\/index.php\/producto\/access-point-unifi-doble-banda-802-11ac-wave-2-mu-mimo-4x4-airview-airtime-hasta-500-clientes-antena-beamforming-poe-802-3at\/","title":{"rendered":"Access Point UniFi doble banda 802.11ac Wave 2 MU-MIMO 4X4, airView, airTime, hasta 500 clientes, antena Beamforming, PoE 802.3at"},"content":{"rendered":"<div style='width: 100%; max-width: 1200px; margin: 0 auto; font-family: sans-serif; line-height: 1.6; color: inherit;'>\n<div style='display: flex; flex-wrap: wrap; gap: 30px; margin-bottom: 30px;'>\n<div style='flex: 1 1 300px; min-width: 280px;'>\n<h3 style='font-size: 22px; border-bottom: 2px solid currentColor; padding-bottom: 5px; margin-top: 0; color: inherit; opacity: 0.8;'>Descripci\u00f3n general<\/h3>\n<ul style='padding-left: 20px; font-size: 15px; color: inherit;'>\n<li style='margin-bottom: 5px;'>Access Point UniFi para alta densidad de usuarios<\/li>\n<li style='margin-bottom: 5px;'>Ideal para hospitales&comma; bancos y universidades<\/li>\n<li style='margin-bottom: 5px;'>Soporta hasta 500 dispositivos conectados<\/li>\n<li style='margin-bottom: 5px;'>Modo de operaci\u00f3n: Access Point y Repetidor Uplink<\/li>\n<li style='margin-bottom: 5px;'>Se recomienda no m\u00e1s de 4 UAPACSHD en modo &#8216;Repetidor Uplink&#8217;<\/li>\n<\/ul><\/div>\n<\/p><\/div>\n<div style='display: flex; flex-wrap: wrap; gap: 30px; margin-bottom: 30px;'>\n<div style='flex: 1 1 300px; min-width: 280px;'>\n<h3 style='font-size: 22px; border-bottom: 2px solid currentColor; padding-bottom: 5px; margin-top: 0; color: inherit; opacity: 0.8;'>Caracter\u00edsticas t\u00e9cnicas<\/h3>\n<ul style='padding-left: 20px; font-size: 15px; color: inherit;'>\n<li style='margin-bottom: 5px;'>Tecnolog\u00eda: 802.11ac Wave 2 MU-MIMO 4&#215;4<\/li>\n<li style='margin-bottom: 5px;'>Doble banda: 2.4 GHz y 5 GHz<\/li>\n<li style='margin-bottom: 5px;'>airView: Analizador de espectro en tiempo real<\/li>\n<li style='margin-bottom: 5px;'>airTime: Visibilidad del rendimiento en tiempo real<\/li>\n<li style='margin-bottom: 5px;'>Antena Beamforming optimizada<\/li>\n<li style='margin-bottom: 5px;'>Hardware WIPS: Bloquea posibles ataques e intrusos<\/li>\n<li style='margin-bottom: 5px;'>BSSID: 16 (8 por banda)<\/li>\n<li style='margin-bottom: 5px;'>Potencia de salida: 300mW por banda<\/li>\n<li style='margin-bottom: 5px;'>Ganancia de antenas: 2.4 GHz 6 dBi y 5 GHz 6 dBi<\/li>\n<li style='margin-bottom: 5px;'>Consumo m\u00e1ximo: 20W<\/li>\n<li style='margin-bottom: 5px;'>Velocidad: Hasta 800 Mbps en banda 2.4Ghz y 1733 Mbps en banda 5Ghz<\/li>\n<\/ul><\/div>\n<div style='flex: 1 1 300px; min-width: 280px;'>\n<h3 style='font-size: 22px; border-bottom: 2px solid currentColor; padding-bottom: 5px; margin-top: 0; color: inherit; opacity: 0.8;'>Especificaciones de hardware<\/h3>\n<ul style='padding-left: 20px; font-size: 15px; color: inherit;'>\n<li style='margin-bottom: 5px;'>1 puerto Ethernet 10\/100\/1000 PoE IN 44-57V<\/li>\n<li style='margin-bottom: 5px;'>1 puerto Ethernet 10\/100\/1000 para datos<\/li>\n<li style='margin-bottom: 5px;'>1 bot\u00f3n de reset<\/li>\n<li style='margin-bottom: 5px;'>1 puerto USB 3C (solo para alimentar dispositivos)<\/li>\n<li style='margin-bottom: 5px;'>PoE+ 802.3at compatible<\/li>\n<\/ul><\/div>\n<div style='flex: 1 1 300px; min-width: 280px;'>\n<h3 style='font-size: 22px; border-bottom: 2px solid currentColor; padding-bottom: 5px; margin-top: 0; color: inherit; opacity: 0.8;'>Recomendaciones<\/h3>\n<ul style='padding-left: 20px; font-size: 15px; color: inherit;'>\n<li style='margin-bottom: 5px;'>Se recomienda adquirir dispositivo controlador UniFi para administraci\u00f3n remota<\/li>\n<li style='margin-bottom: 5px;'>Reemplazo Inyector PoE: <a style='color: inherit; text-decoration: underline;' href='https:\/\/www.syscom.mx\/producto\/U-POE-AT-UBIQUITI-NETWORKS-205327.html' target='_blank' rel='noopener'>UPOEAT<\/a><\/li>\n<li style='margin-bottom: 5px;'>Recomendaci\u00f3n de n\u00famero m\u00e1ximo de usuarios concurrentes: <a style='color: inherit; text-decoration: underline;' href='https:\/\/ftp3.syscom.mx\/usuarios\/dquezada\/Ubiquiti\/UniFi\/UAP-AC-SHD\/Cantidad%20recomendada%20de%20usuarios%20concurrentes.PNG' target='_blank' rel='noopener'>Ver gr\u00e1fico<\/a><\/li>\n<li style='margin-bottom: 5px;'>N\u00famero m\u00e1ximo de usuarios que soporta: <a style='color: inherit; text-decoration: underline;' href='https:\/\/ftp3.syscom.mx\/usuarios\/dquezada\/Ubiquiti\/UniFi\/UAP-AC-SHD\/Cantidad%20maxima%20de%20usuarios%20concurrentes.PNG' target='_blank' rel='noopener'>Ver gr\u00e1fico<\/a><\/li>\n<li style='margin-bottom: 5px;'>Tecnolog\u00eda MU-MIMO<\/li>\n<\/ul><\/div>\n<\/p><\/div>\n<div style='display: flex; flex-wrap: wrap; gap: 30px; margin-bottom: 30px;'>\n<div style='flex: 1 1 300px; min-width: 280px;'>\n<h3 style='font-size: 22px; border-bottom: 2px solid currentColor; padding-bottom: 5px; margin-top: 0; color: inherit; opacity: 0.8;'>Recursos adicionales<\/h3>\n<ul style='padding-left: 20px; font-size: 15px; color: inherit;'>\n<li style='margin-bottom: 5px;'><a style='color: inherit; text-decoration: underline;' href='http:\/\/conocimiento.syscom.mx\/article\/ubiquiti-airmax-como-utilizar-airview-para-encontrar-el-mejor-canal\/' target='_blank' rel='noopener'>airView &#8211; Analizador de espectro en tiempo real<\/a><\/li>\n<li style='margin-bottom: 5px;'><a style='color: inherit; text-decoration: underline;' href='http:\/\/conocimiento.syscom.mx\/article\/ubiquiti-unifi-airtime-que-disminuye-el-rendimiento-wifi\/' target='_blank' rel='noopener'>airTime &#8211; Visibilidad del rendimiento en tiempo real<\/a><\/li>\n<li style='margin-bottom: 5px;'><a style='color: inherit; text-decoration: underline;' href='https:\/\/blog.ui.com\/2019\/04\/09\/unifi-uap-ac-shd-excels-in-wi-fi-ap-benchmark-test\/' target='_blank' rel='noopener'>Comparativa de rendimiento vs otras marcas<\/a><\/li>\n<li style='margin-bottom: 5px;'><a style='color: inherit; text-decoration: underline;' href='https:\/\/www.syscom.mx\/principal\/marca\/UBIQUITI_NETWORKS' target='_blank' rel='noopener'>Controlador recomendado: UCK-G2-PLUS<\/a><\/li>\n<\/ul><\/div>\n<\/p><\/div>\n<div style='display: flex; flex-wrap: wrap; gap: 30px; margin-bottom: 30px;'>\n<div style='flex: 1 1 300px; min-width: 280px;'>\n<h3 style='font-size: 22px; border-bottom: 2px solid currentColor; padding-bottom: 5px; margin-top: 0; color: inherit; opacity: 0.8;'>Gr\u00e1ficos y videos<\/h3>\n<div style='margin-bottom: 30px;'> <a href='https:\/\/ftp3.syscom.mx\/usuarios\/dquezada\/Ubiquiti\/UniFi\/UAP-AC-SHD\/Cantidad%20recomendada%20de%20usuarios%20concurrentes.PNG' target='_blank' rel='noopener'> <img style='width: 100%; height: auto; border: 1px solid rgba(150&comma;150&comma;150&comma;0.3); border-radius: 8px;' src='https:\/\/ftp3.syscom.mx\/usuarios\/dquezada\/Ubiquiti\/UniFi\/UAP-AC-SHD\/Cantidad%20recomendada%20de%20usuarios%20concurrentes.PNG' alt='Recomendaci\u00f3n de usuarios concurrentes'> <\/a> <\/div>\n<div style='margin-bottom: 30px;'> <a href='https:\/\/ftp3.syscom.mx\/usuarios\/dquezada\/Ubiquiti\/UniFi\/UAP-AC-SHD\/Cantidad%20maxima%20de%20usuarios%20concurrentes.PNG' target='_blank' rel='noopener'> <img style='width: 100%; height: auto; border: 1px solid rgba(150&comma;150&comma;150&comma;0.3); border-radius: 8px;' src='https:\/\/ftp3.syscom.mx\/usuarios\/dquezada\/Ubiquiti\/UniFi\/UAP-AC-SHD\/Cantidad%20maxima%20de%20usuarios%20concurrentes.PNG' alt='Usuarios concurrentes m\u00e1ximos'> <\/a> <\/div>\n<div style='margin-bottom: 30px;'> <img style='width: 100%; height: auto; border: 1px solid rgba(150&comma;150&comma;150&comma;0.3); border-radius: 8px;' src='http:\/\/ftp3.syscom.mx\/usuarios\/raguilera\/AF11G35\/MUMIMO.gif' alt='Tecnolog\u00eda MU-MIMO'> <\/div>\n<div style='position: relative; padding-bottom: 56.25%; height: 0; overflow: hidden; margin-bottom: 30px;'>   <\/div>\n<\/p><\/div>\n<\/p><\/div>\n<div style='display: flex; flex-wrap: wrap; gap: 30px; margin-bottom: 30px;'>\n<div style='flex: 1 1 300px; min-width: 280px;'>\n<h3 style='font-size: 22px; border-bottom: 2px solid currentColor; padding-bottom: 5px; margin-top: 0; color: inherit; opacity: 0.8;'>Incluye<\/h3>\n<ul style='padding-left: 20px; font-size: 15px; color: inherit;'>\n<li style='margin-bottom: 5px;'>Access Point UniFi UAPACSHD<\/li>\n<li style='margin-bottom: 5px;'>Alimentador PoE incluido<\/li>\n<\/ul><\/div>\n<\/p><\/div>\n<hr style='border: 0; border-top: 1px solid rgba(150&comma; 150&comma; 150&comma; 0.3); margin: 30px 0;'> <\/div>\n","protected":false},"excerpt":{"rendered":"<p>Access Point UniFi doble banda 802.11ac Wave 2 MU-MIMO 4X4, airView, airTime, hasta 500 clientes, antena Beamforming, PoE 802.3at<\/p>\n","protected":false},"featured_media":74455,"comment_status":"open","ping_status":"closed","template":"","meta":[],"product_brand":[],"product_cat":[1794],"product_tag":[1795,1479,166],"class_list":{"0":"post-74456","1":"product","2":"type-product","3":"status-publish","4":"has-post-thumbnail","6":"product_cat-puntos-de-acceso","7":"product_tag-puntos-de-acceso","8":"product_tag-redes-wifi","9":"product_tag-ubiquiti","11":"first","12":"instock","13":"sale","14":"shipping-taxable","15":"purchasable","16":"product-type-simple"},"_links":{"self":[{"href":"https:\/\/soydeaqui.ddns.net\/pachuca\/index.php\/wp-json\/wp\/v2\/product\/74456","targetHints":{"allow":["GET"]}}],"collection":[{"href":"https:\/\/soydeaqui.ddns.net\/pachuca\/index.php\/wp-json\/wp\/v2\/product"}],"about":[{"href":"https:\/\/soydeaqui.ddns.net\/pachuca\/index.php\/wp-json\/wp\/v2\/types\/product"}],"replies":[{"embeddable":true,"href":"https:\/\/soydeaqui.ddns.net\/pachuca\/index.php\/wp-json\/wp\/v2\/comments?post=74456"}],"wp:featuredmedia":[{"embeddable":true,"href":"https:\/\/soydeaqui.ddns.net\/pachuca\/index.php\/wp-json\/wp\/v2\/media\/74455"}],"wp:attachment":[{"href":"https:\/\/soydeaqui.ddns.net\/pachuca\/index.php\/wp-json\/wp\/v2\/media?parent=74456"}],"wp:term":[{"taxonomy":"product_brand","embeddable":true,"href":"https:\/\/soydeaqui.ddns.net\/pachuca\/index.php\/wp-json\/wp\/v2\/product_brand?post=74456"},{"taxonomy":"product_cat","embeddable":true,"href":"https:\/\/soydeaqui.ddns.net\/pachuca\/index.php\/wp-json\/wp\/v2\/product_cat?post=74456"},{"taxonomy":"product_tag","embeddable":true,"href":"https:\/\/soydeaqui.ddns.net\/pachuca\/index.php\/wp-json\/wp\/v2\/product_tag?post=74456"}],"curies":[{"name":"wp","href":"https:\/\/api.w.org\/{rel}","templated":true}]}}