{"id":74440,"date":"2026-03-19T14:00:52","date_gmt":"2026-03-19T14:00:52","guid":{"rendered":"https:\/\/soydeaqui.ddns.net\/pachuca\/index.php\/producto\/switch-poe-administrable-centrecom-fs980m-capa-3-de-16-puertos-10-100-mbps-2-puertos-rj45-gigabit-sfp-combo-250w\/"},"modified":"2026-03-19T14:01:00","modified_gmt":"2026-03-19T14:01:00","slug":"switch-poe-administrable-centrecom-fs980m-capa-3-de-16-puertos-10-100-mbps-2-puertos-rj45-gigabit-sfp-combo-250w","status":"publish","type":"product","link":"https:\/\/soydeaqui.ddns.net\/pachuca\/index.php\/producto\/switch-poe-administrable-centrecom-fs980m-capa-3-de-16-puertos-10-100-mbps-2-puertos-rj45-gigabit-sfp-combo-250w\/","title":{"rendered":"Switch PoE+ Administrable CentreCOM FS980M, Capa 3 de 16 Puertos 10\/100 Mbps + 2 puertos RJ45 Gigabit\/SFP Combo, 250W"},"content":{"rendered":"<div style='width: 100%; max-width: 1200px; margin: 0 auto; font-family: sans-serif; line-height: 1.6; color: inherit; background-color: transparent;'>\n<hr style='border: 0; border-top: 1px solid rgba(150&comma; 150&comma; 150&comma; 0.3); margin: 30px 0;'> <!-- Secci\u00f3n de Puertos --> <\/p>\n<div style='display: flex; flex-wrap: wrap; gap: 30px; margin-bottom: 30px;'>\n<div style='flex: 1 1 300px; min-width: 280px;'>\n<h3 style='font-size: 22px; border-bottom: 2px solid currentColor; padding-bottom: 5px; margin-top: 0; color: inherit; opacity: 0.8;'>Puertos<\/h3>\n<ul style='padding-left: 20px; font-size: 15px; color: inherit;'>\n<li style='margin-bottom: 5px;'><span style='font-size: 14px;'>16 puertos 10\/100 Mbps.<\/span><\/li>\n<li style='margin-bottom: 5px;'><span style='font-size: 14px;'>2 puertos SFP Gigabit Combo.<\/span><\/li>\n<li style='margin-bottom: 5px;'><span style='font-size: 14px;'>Forwarding rate: 5.36 Millones de paquetes por segundo (Mpps).<\/span><\/li>\n<li style='margin-bottom: 5px;'><span style='font-size: 14px;'>Switching fabric: 7.2 Gbps.<\/span><\/li>\n<\/ul><\/div>\n<p> <!-- Secci\u00f3n de PoE --> <\/p>\n<div style='flex: 1 1 300px; min-width: 280px;'>\n<h3 style='font-size: 22px; border-bottom: 2px solid currentColor; padding-bottom: 5px; margin-top: 0; color: inherit; opacity: 0.8;'>PoE<\/h3>\n<ul style='padding-left: 20px; font-size: 15px; color: inherit;'>\n<li style='margin-bottom: 5px;'><span style='font-size: 14px;'>IEEE 802.3af Power Over Ethernet (PoE).<\/span><\/li>\n<li style='margin-bottom: 5px;'><span style='font-size: 14px;'>IEEE 802.3at Power Over Ethernet plus (PoE+).<\/span><\/li>\n<li style='margin-bottom: 5px;'><span style='font-size: 14px;'>Potencia total: 250 W.<\/span><\/li>\n<\/ul><\/div>\n<p> <!-- Secci\u00f3n de Sistema Operativo --> <\/p>\n<div style='flex: 1 1 300px; min-width: 280px;'>\n<h3 style='font-size: 22px; border-bottom: 2px solid currentColor; padding-bottom: 5px; margin-top: 0; color: inherit; opacity: 0.8;'>Sistema Operativo<\/h3>\n<ul style='padding-left: 20px; font-size: 15px; color: inherit;'>\n<li style='margin-bottom: 5px;'><span style='font-size: 14px;'>AlliedWare Plus\u2122.<\/span><\/li>\n<\/ul><\/div>\n<\/p><\/div>\n<p> <!-- Secci\u00f3n de Administraci\u00f3n --> <\/p>\n<div style='display: flex; flex-wrap: wrap; gap: 30px; margin-bottom: 30px;'>\n<div style='flex: 1 1 300px; min-width: 280px;'>\n<h3 style='font-size: 22px; border-bottom: 2px solid currentColor; padding-bottom: 5px; margin-top: 0; color: inherit; opacity: 0.8;'>Administraci\u00f3n<\/h3>\n<ul style='padding-left: 20px; font-size: 15px; color: inherit;'>\n<li style='margin-bottom: 5px;'><span style='font-size: 14px;'>Interfaz de l\u00ednea de comandos (CLI).<\/span><\/li>\n<li style='margin-bottom: 5px;'><span style='font-size: 14px;'>Interfaz gr\u00e1fica de usuario (GUI).<\/span><\/li>\n<li style='margin-bottom: 5px;'><span style='font-size: 14px;'>Telnet.<\/span><\/li>\n<li style='margin-bottom: 5px;'><span style='font-size: 14px;'>SSH.<\/span><\/li>\n<li style='margin-bottom: 5px;'><span style='font-size: 14px;'>Monitoreo SNMP v1&comma; v2c &#038; v3.<\/span><\/li>\n<\/ul><\/div>\n<p> <!-- Secci\u00f3n de Caracter\u00edsticas --> <\/p>\n<div style='flex: 1 1 300px; min-width: 280px;'>\n<h3 style='font-size: 22px; border-bottom: 2px solid currentColor; padding-bottom: 5px; margin-top: 0; color: inherit; opacity: 0.8;'>Caracter\u00edsticas<\/h3>\n<ul style='padding-left: 20px; font-size: 15px; color: inherit;'>\n<li style='margin-bottom: 5px;'><span style='font-size: 14px;'>Access Control Lists (ACLs) basadas en Capa 2&comma; 3 y 4.<\/span><\/li>\n<li style='margin-bottom: 5px;'><span style='font-size: 14px;'>Caracter\u00edsticas de IPv6.<\/span><\/li>\n<li style='margin-bottom: 5px;'><span style='font-size: 14px;'>Eco-friendly con el medio ambiente.<\/span><\/li>\n<li style='margin-bottom: 5px;'><span style='font-size: 14px;'>Soporte de autenticaci\u00f3n IEEE 802.1x \/ MAC \/ Web.<\/span><\/li>\n<li style='margin-bottom: 5px;'><span style='font-size: 14px;'>Soporte de Multicast &#8211; IGMP snooping (IGMPv1&comma; v2 and v3).<\/span><\/li>\n<li style='margin-bottom: 5px;'><span style='font-size: 14px;'>Storm protection.<\/span><\/li>\n<li style='margin-bottom: 5px;'><span style='font-size: 14px;'>Bridge Protocol Data Unit (BPDU) protection.<\/span><\/li>\n<li style='margin-bottom: 5px;'><span style='font-size: 14px;'>Tri-authentication.<\/span><\/li>\n<\/ul><\/div>\n<p> <!-- Secci\u00f3n de QoS --> <\/p>\n<div style='flex: 1 1 300px; min-width: 280px;'>\n<h3 style='font-size: 22px; border-bottom: 2px solid currentColor; padding-bottom: 5px; margin-top: 0; color: inherit; opacity: 0.8;'>QoS (Quality of Service)<\/h3>\n<ul style='padding-left: 20px; font-size: 15px; color: inherit;'>\n<li style='margin-bottom: 5px;'><span style='font-size: 14px;'>Ocho colas de prioridad.<\/span><\/li>\n<li style='margin-bottom: 5px;'><span style='font-size: 14px;'>Limite de ancho de banda por puerto.<\/span><\/li>\n<li style='margin-bottom: 5px;'><span style='font-size: 14px;'>Clasificaci\u00f3n de tr\u00e1fico con baja latencia.<\/span><\/li>\n<\/ul><\/div>\n<\/p><\/div>\n<p> <!-- Secci\u00f3n de Redundancia --> <\/p>\n<div style='display: flex; flex-wrap: wrap; gap: 30px; margin-bottom: 30px;'>\n<div style='flex: 1 1 300px; min-width: 280px;'>\n<h3 style='font-size: 22px; border-bottom: 2px solid currentColor; padding-bottom: 5px; margin-top: 0; color: inherit; opacity: 0.8;'>Caracter\u00edsticas de redundancia<\/h3>\n<ul style='padding-left: 20px; font-size: 15px; color: inherit;'>\n<li style='margin-bottom: 5px;'><span style='font-size: 14px;'>Ethernet Protection Switched Ring (EPSRing).<\/span><\/li>\n<li style='margin-bottom: 5px;'><span style='font-size: 14px;'>Loop protection.<\/span><\/li>\n<li style='margin-bottom: 5px;'><span style='font-size: 14px;'>Link Aggregation.<\/span><\/li>\n<li style='margin-bottom: 5px;'><span style='font-size: 14px;'>Spanning Tree Protocol (STP).<\/span><\/li>\n<li style='margin-bottom: 5px;'><span style='font-size: 14px;'>Multiple Spanning Tree Protocol (MSTP).<\/span><\/li>\n<li style='margin-bottom: 5px;'><span style='font-size: 14px;'>Rapid Spanning Tree Protocol (RSTP).<\/span><\/li>\n<\/ul><\/div>\n<p> <!-- Secci\u00f3n de Funciones de Capa 3 --> <\/p>\n<div style='flex: 1 1 300px; min-width: 280px;'>\n<h3 style='font-size: 22px; border-bottom: 2px solid currentColor; padding-bottom: 5px; margin-top: 0; color: inherit; opacity: 0.8;'>Funciones de capa 3 soportadas<\/h3>\n<ul style='padding-left: 20px; font-size: 15px; color: inherit;'>\n<li style='margin-bottom: 5px;'><span style='font-size: 14px;'>Ruteo est\u00e1tico.<\/span><\/li>\n<li style='margin-bottom: 5px;'><span style='font-size: 14px;'>RIP.<\/span><\/li>\n<\/ul><\/div>\n<p> <!-- Secci\u00f3n de Caracter\u00edsticas F\u00edsicas y El\u00e9ctricas --> <\/p>\n<div style='flex: 1 1 300px; min-width: 280px;'>\n<h3 style='font-size: 22px; border-bottom: 2px solid currentColor; padding-bottom: 5px; margin-top: 0; color: inherit; opacity: 0.8;'>Caracter\u00edsticas F\u00edsicas y El\u00e9ctricas<\/h3>\n<ul style='padding-left: 20px; font-size: 15px; color: inherit;'>\n<li style='margin-bottom: 5px;'><span style='font-size: 14px;'>Alimentaci\u00f3n: 100-240 VAC&comma; 50-60 Hz.<\/span><\/li>\n<li style='margin-bottom: 5px;'><span style='font-size: 14px;'>Dimensiones: 43.2 x 440 x 257 mm.<\/span><\/li>\n<li style='margin-bottom: 5px;'><span style='font-size: 14px;'>Peso: 3.6 kg.<\/span><\/li>\n<li style='margin-bottom: 5px;'><span style='font-size: 14px;'>Temperatura de Operaci\u00f3n: 0 a 50\u00b0 C.<\/span><\/li>\n<\/ul><\/div>\n<\/p><\/div>\n<p> <!-- Secci\u00f3n de Garant\u00eda --> <\/p>\n<div style='display: flex; flex-wrap: wrap; gap: 30px; margin-bottom: 30px;'>\n<div style='flex: 1 1 300px; min-width: 280px;'>\n<h3 style='font-size: 22px; border-bottom: 2px solid currentColor; padding-bottom: 5px; margin-top: 0; color: inherit; opacity: 0.8;'>Garant\u00eda<\/h3>\n<ul style='padding-left: 20px; font-size: 15px; color: inherit;'>\n<li style='margin-bottom: 5px;'><span style='font-size: 14px;'>1 a\u00f1o&comma; para un a\u00f1o adicional registra el producto en el siguiente link:<\/span><\/li>\n<li style='margin-bottom: 5px;'><a href='http:\/\/www.alliedtelesis.com\/support\/maintenance-and-warranty\/register' style='color: inherit; text-decoration: underline; font-size: 14px;'>http:\/\/www.alliedtelesis.com\/support\/maintenance-and-warranty\/register<\/a><\/li>\n<\/ul><\/div>\n<\/p><\/div>\n<hr style='border: 0; border-top: 1px solid rgba(150&comma; 150&comma; 150&comma; 0.3); margin: 30px 0;'> <!-- Secci\u00f3n de Imagen --> <\/p>\n<div style='display: flex; flex-wrap: wrap; gap: 30px; margin-bottom: 30px; justify-content: center;'>\n<div style='flex: 1 1 300px; min-width: 280px; text-align: center;'>\n<h3 style='font-size: 22px; border-bottom: 2px solid currentColor; padding-bottom: 5px; margin-top: 0; color: inherit; opacity: 0.8;'>Panel Frontal del switch FS980M\/18PS<\/h3>\n<p> <img style='width: 100%; height: auto; border: 1px solid rgba(150&comma;150&comma;150&comma;0.3); border-radius: 8px;' src='https:\/\/ftp3.syscom.mx\/usuarios\/adiaz\/AlliedTelesis\/FS980M\/FS980M18PS10.png' alt='Panel Frontal del switch FS980M\/18PS'> <\/div>\n<\/p><\/div>\n<hr style='border: 0; border-top: 1px solid rgba(150&comma; 150&comma; 150&comma; 0.3); margin: 30px 0;'> <\/div>\n","protected":false},"excerpt":{"rendered":"<p>Switch PoE+ Administrable CentreCOM FS980M, Capa 3 de 16 Puertos 10\/100 Mbps + 2 puertos RJ45 Gigabit\/SFP Combo, 250W<\/p>\n","protected":false},"featured_media":74439,"comment_status":"open","ping_status":"closed","template":"","meta":[],"product_brand":[],"product_cat":[1986],"product_tag":[1995,664,1987],"class_list":{"0":"post-74440","1":"product","2":"type-product","3":"status-publish","4":"has-post-thumbnail","6":"product_cat-switches-poe","7":"product_tag-allied-telesis","8":"product_tag-networking","9":"product_tag-switches-poe","11":"first","12":"instock","13":"sale","14":"shipping-taxable","15":"purchasable","16":"product-type-simple"},"_links":{"self":[{"href":"https:\/\/soydeaqui.ddns.net\/pachuca\/index.php\/wp-json\/wp\/v2\/product\/74440","targetHints":{"allow":["GET"]}}],"collection":[{"href":"https:\/\/soydeaqui.ddns.net\/pachuca\/index.php\/wp-json\/wp\/v2\/product"}],"about":[{"href":"https:\/\/soydeaqui.ddns.net\/pachuca\/index.php\/wp-json\/wp\/v2\/types\/product"}],"replies":[{"embeddable":true,"href":"https:\/\/soydeaqui.ddns.net\/pachuca\/index.php\/wp-json\/wp\/v2\/comments?post=74440"}],"wp:featuredmedia":[{"embeddable":true,"href":"https:\/\/soydeaqui.ddns.net\/pachuca\/index.php\/wp-json\/wp\/v2\/media\/74439"}],"wp:attachment":[{"href":"https:\/\/soydeaqui.ddns.net\/pachuca\/index.php\/wp-json\/wp\/v2\/media?parent=74440"}],"wp:term":[{"taxonomy":"product_brand","embeddable":true,"href":"https:\/\/soydeaqui.ddns.net\/pachuca\/index.php\/wp-json\/wp\/v2\/product_brand?post=74440"},{"taxonomy":"product_cat","embeddable":true,"href":"https:\/\/soydeaqui.ddns.net\/pachuca\/index.php\/wp-json\/wp\/v2\/product_cat?post=74440"},{"taxonomy":"product_tag","embeddable":true,"href":"https:\/\/soydeaqui.ddns.net\/pachuca\/index.php\/wp-json\/wp\/v2\/product_tag?post=74440"}],"curies":[{"name":"wp","href":"https:\/\/api.w.org\/{rel}","templated":true}]}}