{"id":74412,"date":"2026-03-19T13:59:52","date_gmt":"2026-03-19T13:59:52","guid":{"rendered":"https:\/\/soydeaqui.ddns.net\/pachuca\/index.php\/producto\/antena-omnidireccional-potente-cobertura-de-360-doble-polaridad-mimo-2x2-frecuencia-5-ghz-5-45-5-85-ghz-de-13-dbi\/"},"modified":"2026-03-19T13:59:53","modified_gmt":"2026-03-19T13:59:53","slug":"antena-omnidireccional-potente-cobertura-de-360-doble-polaridad-mimo-2x2-frecuencia-5-ghz-5-45-5-85-ghz-de-13-dbi","status":"publish","type":"product","link":"https:\/\/soydeaqui.ddns.net\/pachuca\/index.php\/producto\/antena-omnidireccional-potente-cobertura-de-360-doble-polaridad-mimo-2x2-frecuencia-5-ghz-5-45-5-85-ghz-de-13-dbi\/","title":{"rendered":"Antena omnidireccional, potente cobertura de 360\u00b0, doble polaridad MIMO 2&#215;2, frecuencia 5 GHz (5.45-5.85 GHz) de 13 dBi"},"content":{"rendered":"<div style='width: 100%; max-width: 1200px; margin: 0 auto; font-family: sans-serif; line-height: 1.6; color: inherit; background-color: transparent;'> <!-- Secci\u00f3n de caracter\u00edsticas principales --> <\/p>\n<div style='display: flex; flex-wrap: wrap; gap: 30px; margin-bottom: 30px;'>\n<div style='flex: 1 1 300px; min-width: 280px;'>\n<h3 style='font-size: 22px; border-bottom: 2px solid currentColor; padding-bottom: 5px; margin-top: 0; color: inherit; opacity: 0.8;'>Caracter\u00edsticas principales<\/h3>\n<ul style='padding-left: 20px; font-size: 15px; color: inherit;'>\n<li style='margin-bottom: 5px;'>Cobertura omnidireccional azimutal de 360\u00b0<\/li>\n<li style='margin-bottom: 5px;'>Dise\u00f1o de doble polaridad para mejor rendimiento<\/li>\n<li style='margin-bottom: 5px;'>Dimensiones compactas de 799 x 90 x 65 mm<\/li>\n<li style='margin-bottom: 5px;'>Peso ligero de solo 820 gramos<\/li>\n<li style='margin-bottom: 5px;'>Integraci\u00f3n Plug &#038; Play para f\u00e1cil instalaci\u00f3n<\/li>\n<\/ul><\/div>\n<\/p><\/div>\n<p> <!-- Secci\u00f3n de especificaciones t\u00e9cnicas --> <\/p>\n<div style='display: flex; flex-wrap: wrap; gap: 20px; margin-bottom: 30px;'>\n<div style='flex: 1 1 250px; border: 1px solid rgba(150&comma; 150&comma; 150&comma; 0.4); border-radius: 8px; overflow: hidden; display: flex; flex-direction: column;'>\n<div style='padding: 15px; border-bottom: 1px solid rgba(150&comma; 150&comma; 150&comma; 0.2); font-weight: bold; font-size: 18px; color: inherit;'>Caracter\u00edsticas t\u00e9cnicas<\/div>\n<div style='padding: 15px; color: inherit;'>\n<ul style='padding-left: 20px; margin: 0; font-size: 14px; list-style-type: disc;'>\n<li style='margin-bottom: 5px;'><strong>Azimuth:<\/strong> 360\u00b0<\/li>\n<li style='margin-bottom: 5px;'><strong>Elevaci\u00f3n:<\/strong> 7\u00b0<\/li>\n<li style='margin-bottom: 5px;'><strong>Polarizaci\u00f3n:<\/strong> Dual-lineal<\/li>\n<li style='margin-bottom: 5px;'><strong>Ganancia:<\/strong> 13 dBi<\/li>\n<li style='margin-bottom: 5px;'><strong>Frecuencia:<\/strong> 5.45-5.85 GHz<\/li>\n<li style='margin-bottom: 5px;'><strong>VSWR M\u00e1ximo:<\/strong> 1.5:1<\/li>\n<li style='margin-bottom: 5px;'><strong>Inclinaci\u00f3n:<\/strong> 2\u00b0<\/li>\n<\/ul><\/div>\n<\/p><\/div>\n<p> <!-- Secci\u00f3n de dimensiones y peso --> <\/p>\n<div style='flex: 1 1 250px; border: 1px solid rgba(150&comma; 150&comma; 150&comma; 0.4); border-radius: 8px; overflow: hidden; display: flex; flex-direction: column;'>\n<div style='padding: 15px; border-bottom: 1px solid rgba(150&comma; 150&comma; 150&comma; 0.2); font-weight: bold; font-size: 18px; color: inherit;'>Dimensiones y peso<\/div>\n<div style='padding: 15px; color: inherit;'>\n<ul style='padding-left: 20px; margin: 0; font-size: 14px; list-style-type: disc;'>\n<li style='margin-bottom: 5px;'><strong>Dimensiones:<\/strong> 799 x 90 x 65 mm<\/li>\n<li style='margin-bottom: 5px;'><strong>Peso:<\/strong> 820 g<\/li>\n<li style='margin-bottom: 5px;'><strong>Resistencia al viento:<\/strong> 200 km\/h (125 mph)<\/li>\n<li style='margin-bottom: 5px;'><strong>Carga por viento:<\/strong> 84.52 N @ 200 km\/h (19 lbf @ 125 mph)<\/li>\n<\/ul><\/div>\n<\/p><\/div>\n<p> <!-- Secci\u00f3n de compatibilidad --> <\/p>\n<div style='flex: 1 1 250px; border: 1px solid rgba(150&comma; 150&comma; 150&comma; 0.4); border-radius: 8px; overflow: hidden; display: flex; flex-direction: column;'>\n<div style='padding: 15px; border-bottom: 1px solid rgba(150&comma; 150&comma; 150&comma; 0.2); font-weight: bold; font-size: 18px; color: inherit;'>Compatibilidad<\/div>\n<div style='padding: 15px; color: inherit;'>\n<ul style='padding-left: 20px; margin: 0; font-size: 14px; list-style-type: disc;'>\n<li style='margin-bottom: 5px;'>Integraci\u00f3n Plug &#038; Play con radios Rocket<\/li>\n<li style='margin-bottom: 5px;'>Montaje universal para poste<\/li>\n<li style='margin-bottom: 5px;'>Incluye bridas para RocketM<\/li>\n<li style='margin-bottom: 5px;'>Incluye jumpers RF resistentes al clima<\/li>\n<\/ul><\/div>\n<\/p><\/div>\n<\/p><\/div>\n<p> <!-- Separador --> <\/p>\n<hr style='border: 0; border-top: 1px solid rgba(150&comma; 150&comma; 150&comma; 0.3); margin: 30px 0;'> <!-- Secci\u00f3n de im\u00e1genes --> <\/p>\n<div style='display: grid; grid-template-columns: repeat(auto-fill&comma; minmax(250px&comma; 1fr)); gap: 20px; margin-bottom: 30px;'>\n<div style='display: flex; flex-direction: column; align-items: center;'> <img style='width: 100%; height: auto; border: 1px solid rgba(150&comma;150&comma;150&comma;0.3); border-radius: 8px;' src='https:\/\/ftp3.syscom.mx\/usuarios\/adiaz\/UBNT\/AMO\/dual.PNG' alt='Dise\u00f1o de doble polaridad'> <\/p>\n<p style='margin-top: 10px; text-align: center; font-size: 14px; color: inherit;'>Dise\u00f1o de doble polaridad<\/p>\n<\/p><\/div>\n<div style='display: flex; flex-direction: column; align-items: center;'> <img style='width: 100%; height: auto; border: 1px solid rgba(150&comma;150&comma;150&comma;0.3); border-radius: 8px;' src='https:\/\/ftp3.syscom.mx\/usuarios\/adiaz\/UBNT\/AMO\/360.PNG' alt='Potente cobertura omnidireccional'> <\/p>\n<p style='margin-top: 10px; text-align: center; font-size: 14px; color: inherit;'>Potente cobertura omnidireccional<\/p>\n<\/p><\/div>\n<div style='display: flex; flex-direction: column; align-items: center;'> <img style='width: 100%; height: auto; border: 1px solid rgba(150&comma;150&comma;150&comma;0.3); border-radius: 8px;' src='https:\/\/ftp3.syscom.mx\/usuarios\/adiaz\/UBNT\/AMO\/industrial.PNG' alt='Dise\u00f1o industrial'> <\/p>\n<p style='margin-top: 10px; text-align: center; font-size: 14px; color: inherit;'>Dise\u00f1o industrial<\/p>\n<\/p><\/div>\n<div style='display: flex; flex-direction: column; align-items: center;'> <img style='width: 100%; height: auto; border: 1px solid rgba(150&comma;150&comma;150&comma;0.3); border-radius: 8px;' src='https:\/\/ftp3.syscom.mx\/usuarios\/adiaz\/UBNT\/AMO\/plugandplay.PNG' alt='Integraci\u00f3n Plug &#038; Play'> <\/p>\n<p style='margin-top: 10px; text-align: center; font-size: 14px; color: inherit;'>Integraci\u00f3n Plug &#038; Play<\/p>\n<\/p><\/div>\n<\/p><\/div>\n<p> <!-- Secci\u00f3n de aplicaciones --> <\/p>\n<div style='display: flex; flex-wrap: wrap; gap: 30px; margin-bottom: 30px;'>\n<div style='flex: 1 1 300px; min-width: 280px;'>\n<h3 style='font-size: 22px; border-bottom: 2px solid currentColor; padding-bottom: 5px; margin-top: 0; color: inherit; opacity: 0.8;'>Aplicaciones<\/h3>\n<ul style='padding-left: 20px; font-size: 15px; color: inherit;'>\n<li style='margin-bottom: 5px;'>Redes Point-to-MultiPoint (PtMP)<\/li>\n<li style='margin-bottom: 5px;'>Backhaul inal\u00e1mbrico de alta capacidad<\/li>\n<li style='margin-bottom: 5px;'>Redes empresariales y campus corporativos<\/li>\n<li style='margin-bottom: 5px;'>Sistemas de comunicaci\u00f3n m\u00f3vil<\/li>\n<li style='margin-bottom: 5px;'>Aplicaciones de largo alcance en entornos NLoS<\/li>\n<\/ul><\/div>\n<\/p><\/div>\n<p> <!-- Separador --> <\/p>\n<hr style='border: 0; border-top: 1px solid rgba(150&comma; 150&comma; 150&comma; 0.3); margin: 30px 0;'> <!-- Secci\u00f3n de garant\u00eda --> <\/p>\n<div style='display: flex; flex-wrap: wrap; gap: 30px; margin-bottom: 30px;'>\n<div style='flex: 1 1 300px; min-width: 280px;'>\n<h3 style='font-size: 22px; border-bottom: 2px solid currentColor; padding-bottom: 5px; margin-top: 0; color: inherit; opacity: 0.8;'>Garant\u00eda<\/h3>\n<p style='font-size: 15px; color: inherit;'>1 a\u00f1o desde la fecha de compra.<\/p>\n<\/p><\/div>\n<\/p><\/div>\n<\/p><\/div>\n","protected":false},"excerpt":{"rendered":"<p>Antena omnidireccional, potente cobertura de 360\u00b0, doble polaridad MIMO 2&#215;2, frecuencia 5 GHz (5.45-5.85 GHz) de 13 dBi<\/p>\n","protected":false},"featured_media":74411,"comment_status":"open","ping_status":"closed","template":"","meta":[],"product_brand":[],"product_cat":[1849],"product_tag":[1404,1850,166],"class_list":{"0":"post-74412","1":"product","2":"type-product","3":"status-publish","4":"has-post-thumbnail","6":"product_cat-omnidireccionales","7":"product_tag-antenas","8":"product_tag-omnidireccionales","9":"product_tag-ubiquiti","11":"first","12":"instock","13":"sale","14":"shipping-taxable","15":"purchasable","16":"product-type-simple"},"_links":{"self":[{"href":"https:\/\/soydeaqui.ddns.net\/pachuca\/index.php\/wp-json\/wp\/v2\/product\/74412","targetHints":{"allow":["GET"]}}],"collection":[{"href":"https:\/\/soydeaqui.ddns.net\/pachuca\/index.php\/wp-json\/wp\/v2\/product"}],"about":[{"href":"https:\/\/soydeaqui.ddns.net\/pachuca\/index.php\/wp-json\/wp\/v2\/types\/product"}],"replies":[{"embeddable":true,"href":"https:\/\/soydeaqui.ddns.net\/pachuca\/index.php\/wp-json\/wp\/v2\/comments?post=74412"}],"wp:featuredmedia":[{"embeddable":true,"href":"https:\/\/soydeaqui.ddns.net\/pachuca\/index.php\/wp-json\/wp\/v2\/media\/74411"}],"wp:attachment":[{"href":"https:\/\/soydeaqui.ddns.net\/pachuca\/index.php\/wp-json\/wp\/v2\/media?parent=74412"}],"wp:term":[{"taxonomy":"product_brand","embeddable":true,"href":"https:\/\/soydeaqui.ddns.net\/pachuca\/index.php\/wp-json\/wp\/v2\/product_brand?post=74412"},{"taxonomy":"product_cat","embeddable":true,"href":"https:\/\/soydeaqui.ddns.net\/pachuca\/index.php\/wp-json\/wp\/v2\/product_cat?post=74412"},{"taxonomy":"product_tag","embeddable":true,"href":"https:\/\/soydeaqui.ddns.net\/pachuca\/index.php\/wp-json\/wp\/v2\/product_tag?post=74412"}],"curies":[{"name":"wp","href":"https:\/\/api.w.org\/{rel}","templated":true}]}}