{"id":74406,"date":"2026-03-19T13:59:40","date_gmt":"2026-03-19T13:59:40","guid":{"rendered":"https:\/\/soydeaqui.ddns.net\/pachuca\/index.php\/producto\/estacion-base-alta-penetracion-de-senal-wi-fi-120-54-mbps-802-11b-g-2\/"},"modified":"2026-03-19T13:59:41","modified_gmt":"2026-03-19T13:59:41","slug":"estacion-base-alta-penetracion-de-senal-wi-fi-120-54-mbps-802-11b-g-2","status":"publish","type":"product","link":"https:\/\/soydeaqui.ddns.net\/pachuca\/index.php\/producto\/estacion-base-alta-penetracion-de-senal-wi-fi-120-54-mbps-802-11b-g-2\/","title":{"rendered":"Estaci\u00f3n Base Alta Penetraci\u00f3n de Se\u00f1al Wi-Fi 120&deg;, 54 Mbps, 802.11b\/g"},"content":{"rendered":"<div style='width: 100%; max-width: 1200px; margin: 0 auto; font-family: sans-serif; line-height: 1.6; color: inherit; background-color: transparent;'>\n<div style='display: flex; flex-wrap: wrap; gap: 30px; margin-bottom: 30px;'>\n<div style='flex: 1 1 300px; min-width: 280px;'>\n<h3 style='font-size: 22px; border-bottom: 2px solid currentColor; padding-bottom: 5px; margin-top: 0; color: inherit; opacity: 0.8;'>Caracter\u00edsticas Principales<\/h3>\n<ul style='padding-left: 20px; font-size: 15px; color: inherit;'>\n<li style='margin-bottom: 5px;'>Estaciones base de exterior con tecnolog\u00eda Beamforming<\/li>\n<li style='margin-bottom: 5px;'>Operaci\u00f3n en banda 2.4 GHz 802.11b\/g<\/li>\n<li style='margin-bottom: 5px;'>Cobertura 120\u00b0 con antenas integradas<\/li>\n<li style='margin-bottom: 5px;'>Penetraci\u00f3n de se\u00f1al mejorada para escenarios sin l\u00ednea de vista<\/li>\n<li style='margin-bottom: 5px;'>Chipset propietario para reducir interferencia<\/li>\n<li style='margin-bottom: 5px;'>Dise\u00f1o para exterior con protecci\u00f3n IP67<\/li>\n<\/ul><\/div>\n<div style='flex: 1 1 300px; min-width: 280px;'>\n<h3 style='font-size: 22px; border-bottom: 2px solid currentColor; padding-bottom: 5px; margin-top: 0; color: inherit; opacity: 0.8;'>Aplicaciones<\/h3>\n<ul style='padding-left: 20px; font-size: 15px; color: inherit;'>\n<li style='margin-bottom: 5px;'>Hotspots \/ hotzones<\/li>\n<li style='margin-bottom: 5px;'>Acceso en zonas residenciales y comerciales<\/li>\n<li style='margin-bottom: 5px;'>Acceso Wi-Fi en bodegas y almacenes<\/li>\n<li style='margin-bottom: 5px;'>Banda ancha en zonas urbanas&comma; suburbanas y rurales<\/li>\n<li style='margin-bottom: 5px;'>Cobertura en campus universitarios<\/li>\n<li style='margin-bottom: 5px;'>Hoteles y Resorts<\/li>\n<li style='margin-bottom: 5px;'>Centros comerciales<\/li>\n<li style='margin-bottom: 5px;'>Hospitales<\/li>\n<li style='margin-bottom: 5px;'>Zonas industriales<\/li>\n<li style='margin-bottom: 5px;'>Ciudades inteligentes<\/li>\n<li style='margin-bottom: 5px;'>Aeropuertos<\/li>\n<li style='margin-bottom: 5px;'>Muchas m\u00e1s<\/li>\n<\/ul><\/div>\n<\/p><\/div>\n<div style='display: flex; flex-wrap: wrap; gap: 20px; margin-bottom: 30px;'>\n<div style='flex: 1 1 250px; border: 1px solid rgba(150&comma; 150&comma; 150&comma; 0.4); border-radius: 8px; overflow: hidden; display: flex; flex-direction: column;'>\n<div style='padding: 15px; border-bottom: 1px solid rgba(150&comma; 150&comma; 150&comma; 0.2); font-weight: bold; font-size: 18px; color: inherit;'>Especificaciones T\u00e9cnicas<\/div>\n<div style='padding: 15px; color: inherit;'>\n<ul style='padding-left: 20px; margin: 0; font-size: 14px; list-style-type: disc;'>\n<li style='margin-bottom: 5px;'><strong>Frecuencia:<\/strong> 2.400 &#8211; 2.483 GHz (Ch 1-13)<\/li>\n<li style='margin-bottom: 5px;'><strong>Cobertura:<\/strong> 120\u00b0 con antenas integradas<\/li>\n<li style='margin-bottom: 5px;'><strong>Antenas:<\/strong> HGDP: 10.5 dBi&comma; 120\u00b0H x 20\u00b0 V<\/li>\n<li style='margin-bottom: 5px;'><strong>Potencia:<\/strong> 22 dBm<\/li>\n<li style='margin-bottom: 5px;'><strong>Tecnolog\u00eda:<\/strong> MIMO 3&#215;3 alta cobertura<\/li>\n<li style='margin-bottom: 5px;'><strong>Velocidad:<\/strong> 54 Mbps<\/li>\n<li style='margin-bottom: 5px;'><strong>Conexiones:<\/strong> 240 simult\u00e1neas<\/li>\n<li style='margin-bottom: 5px;'><strong>Seguridad:<\/strong> WEP&comma; WPA&comma; WPA2 con TKIP y AES<\/li>\n<\/ul><\/div>\n<\/p><\/div>\n<div style='flex: 1 1 250px; border: 1px solid rgba(150&comma; 150&comma; 150&comma; 0.4); border-radius: 8px; overflow: hidden; display: flex; flex-direction: column;'>\n<div style='padding: 15px; border-bottom: 1px solid rgba(150&comma; 150&comma; 150&comma; 0.2); font-weight: bold; font-size: 18px; color: inherit;'>Caracter\u00edsticas F\u00edsicas<\/div>\n<div style='padding: 15px; color: inherit;'>\n<ul style='padding-left: 20px; margin: 0; font-size: 14px; list-style-type: disc;'>\n<li style='margin-bottom: 5px;'><strong>Temperatura:<\/strong> -40\u00ba a 50\u00ba C<\/li>\n<li style='margin-bottom: 5px;'><strong>Resistencia al viento:<\/strong> 265 km\/h<\/li>\n<li style='margin-bottom: 5px;'><strong>Protecci\u00f3n:<\/strong> IP67<\/li>\n<li style='margin-bottom: 5px;'><strong>Alimentaci\u00f3n:<\/strong> 100-240 Vca&comma; 47-63 Hz&comma; 55 Vcc v\u00eda POE pasivo<\/li>\n<li style='margin-bottom: 5px;'><strong>Consumo:<\/strong> 35 W<\/li>\n<li style='margin-bottom: 5px;'><strong>Puerto:<\/strong> Fast Ethernet 10\/100 Mbps<\/li>\n<\/ul><\/div>\n<\/p><\/div>\n<div style='flex: 1 1 250px; border: 1px solid rgba(150&comma; 150&comma; 150&comma; 0.4); border-radius: 8px; overflow: hidden; display: flex; flex-direction: column;'>\n<div style='padding: 15px; border-bottom: 1px solid rgba(150&comma; 150&comma; 150&comma; 0.2); font-weight: bold; font-size: 18px; color: inherit;'>Tecnolog\u00edas Avanzadas<\/div>\n<div style='padding: 15px; color: inherit;'>\n<ul style='padding-left: 20px; margin: 0; font-size: 14px; list-style-type: disc;'>\n<li style='margin-bottom: 5px;'>Beamforming en transmisi\u00f3n y recepci\u00f3n<\/li>\n<li style='margin-bottom: 5px;'>SDMA para duplicar capacidad de procesamiento<\/li>\n<li style='margin-bottom: 5px;'>DIH &#8211; Detecci\u00f3n de interferencia<\/li>\n<li style='margin-bottom: 5px;'>ACS &#8211; Selecci\u00f3n autom\u00e1tica de canal<\/li>\n<li style='margin-bottom: 5px;'>Self-backhaul integrado<\/li>\n<li style='margin-bottom: 5px;'>Control de interferencia adaptivo<\/li>\n<\/ul><\/div>\n<\/p><\/div>\n<\/p><\/div>\n<div style='margin-bottom: 30px;'>\n<h3 style='font-size: 20px; border-bottom: 2px solid currentColor; padding-bottom: 5px; margin-top: 0; color: inherit; opacity: 0.8;'>Informaci\u00f3n Importante<\/h3>\n<p style='font-size: 14px; color: inherit; background-color: rgba(192&comma; 57&comma; 43&comma; 0.1); padding: 15px; border-left: 4px solid #c0392b; margin: 0;'> (Son productos hasta agotar existencias&comma; ya no se pueden conseguir licencias u accesorios especiales que no se puedan suplir con otro producto en SYSCOM) <\/p>\n<\/p><\/div>\n<div style='margin-bottom: 30px;'>\n<h3 style='font-size: 20px; border-bottom: 2px solid currentColor; padding-bottom: 5px; margin-top: 0; color: inherit; opacity: 0.8;'>Modo de Operaci\u00f3n<\/h3>\n<ul style='padding-left: 20px; font-size: 14px; color: inherit;'>\n<li style='margin-bottom: 5px;'><strong>Modo:<\/strong> AP (Access Point)<\/li>\n<li style='margin-bottom: 5px;'><strong>Red:<\/strong> Bridge<\/li>\n<li style='margin-bottom: 5px;'><strong>SSID:<\/strong> 16 por VLAN<\/li>\n<li style='margin-bottom: 5px;'><strong>Configuraci\u00f3n:<\/strong> Basada en Web<\/li>\n<\/ul><\/div>\n<div style='margin-bottom: 30px;'>\n<h3 style='font-size: 20px; border-bottom: 2px solid currentColor; padding-bottom: 5px; margin-top: 0; color: inherit; opacity: 0.8;'>Tecnolog\u00edas Destacadas<\/h3>\n<div style='display: flex; flex-wrap: wrap; gap: 20px;'>\n<div style='flex: 1 1 250px; min-width: 200px;'>\n<h4 style='font-size: 16px; margin-top: 0; color: inherit; opacity: 0.9;'>Beamforming<\/h4>\n<p style='font-size: 14px; color: inherit; margin: 0;'>Utiliza m\u00faltiples reflexiones de se\u00f1al para conectividad en escenarios sin l\u00ednea de vista plena (NLOS)<\/p>\n<\/p><\/div>\n<div style='flex: 1 1 250px; min-width: 200px;'>\n<h4 style='font-size: 16px; margin-top: 0; color: inherit; opacity: 0.9;'>DIH<\/h4>\n<p style='font-size: 14px; color: inherit; margin: 0;'>Detecta continuamente el nivel de ruido ambiental para optimizar la conectividad<\/p>\n<\/p><\/div>\n<div style='flex: 1 1 250px; min-width: 200px;'>\n<h4 style='font-size: 16px; margin-top: 0; color: inherit; opacity: 0.9;'>ACS<\/h4>\n<p style='font-size: 14px; color: inherit; margin: 0;'>Analizador de espectro integrado para seleccionar el canal m\u00e1s limpio<\/p>\n<\/p><\/div>\n<\/p><\/div>\n<\/p><\/div>\n<div style='margin-bottom: 30px;'>\n<h3 style='font-size: 20px; border-bottom: 2px solid currentColor; padding-bottom: 5px; margin-top: 0; color: inherit; opacity: 0.8;'>Beneficios Adicionales<\/h3>\n<ul style='padding-left: 20px; font-size: 14px; color: inherit;'>\n<li style='margin-bottom: 5px;'>Self-backhaul integrado para interconexi\u00f3n entre estaciones base<\/li>\n<li style='margin-bottom: 5px;'>Control de interferencia adaptivo para mitigar fuentes de interferencia<\/li>\n<li style='margin-bottom: 5px;'>Soporte para Wavion Coverage Tool (WCT) para mapeo de cobertura<\/li>\n<li style='margin-bottom: 5px;'>Sistema de gesti\u00f3n WavioNet Network Management System (WNMS)<\/li>\n<\/ul><\/div>\n<hr style='border: 0; border-top: 1px solid rgba(150&comma; 150&comma; 150&comma; 0.3); margin: 30px 0;'> <\/div>\n","protected":false},"excerpt":{"rendered":"<p>Estaci\u00f3n Base Alta Penetraci\u00f3n de Se\u00f1al Wi-Fi 120&deg;, 54 Mbps, 802.11b\/g<\/p>\n","protected":false},"featured_media":74400,"comment_status":"open","ping_status":"closed","template":"","meta":[],"product_brand":[],"product_cat":[1794],"product_tag":[2096,1795,1479],"class_list":{"0":"post-74406","1":"product","2":"type-product","3":"status-publish","4":"has-post-thumbnail","6":"product_cat-puntos-de-acceso","7":"product_tag-alvarion","8":"product_tag-puntos-de-acceso","9":"product_tag-redes-wifi","11":"first","12":"outofstock","13":"sale","14":"shipping-taxable","15":"purchasable","16":"product-type-simple"},"_links":{"self":[{"href":"https:\/\/soydeaqui.ddns.net\/pachuca\/index.php\/wp-json\/wp\/v2\/product\/74406","targetHints":{"allow":["GET"]}}],"collection":[{"href":"https:\/\/soydeaqui.ddns.net\/pachuca\/index.php\/wp-json\/wp\/v2\/product"}],"about":[{"href":"https:\/\/soydeaqui.ddns.net\/pachuca\/index.php\/wp-json\/wp\/v2\/types\/product"}],"replies":[{"embeddable":true,"href":"https:\/\/soydeaqui.ddns.net\/pachuca\/index.php\/wp-json\/wp\/v2\/comments?post=74406"}],"wp:featuredmedia":[{"embeddable":true,"href":"https:\/\/soydeaqui.ddns.net\/pachuca\/index.php\/wp-json\/wp\/v2\/media\/74400"}],"wp:attachment":[{"href":"https:\/\/soydeaqui.ddns.net\/pachuca\/index.php\/wp-json\/wp\/v2\/media?parent=74406"}],"wp:term":[{"taxonomy":"product_brand","embeddable":true,"href":"https:\/\/soydeaqui.ddns.net\/pachuca\/index.php\/wp-json\/wp\/v2\/product_brand?post=74406"},{"taxonomy":"product_cat","embeddable":true,"href":"https:\/\/soydeaqui.ddns.net\/pachuca\/index.php\/wp-json\/wp\/v2\/product_cat?post=74406"},{"taxonomy":"product_tag","embeddable":true,"href":"https:\/\/soydeaqui.ddns.net\/pachuca\/index.php\/wp-json\/wp\/v2\/product_tag?post=74406"}],"curies":[{"name":"wp","href":"https:\/\/api.w.org\/{rel}","templated":true}]}}