{"id":74403,"date":"2026-03-19T13:59:31","date_gmt":"2026-03-19T13:59:31","guid":{"rendered":"https:\/\/soydeaqui.ddns.net\/pachuca\/index.php\/producto\/estacion-base-omni-doble-banda-carrier-class-mimo-3x33-900-mbps-802-11a-b-g-n\/"},"modified":"2026-03-19T13:59:32","modified_gmt":"2026-03-19T13:59:32","slug":"estacion-base-omni-doble-banda-carrier-class-mimo-3x33-900-mbps-802-11a-b-g-n","status":"publish","type":"product","link":"https:\/\/soydeaqui.ddns.net\/pachuca\/index.php\/producto\/estacion-base-omni-doble-banda-carrier-class-mimo-3x33-900-mbps-802-11a-b-g-n\/","title":{"rendered":"Estaci\u00f3n Base Omni, Doble Banda, Carrier-Class, MIMO 3X3:3, 900 Mbps, 802.11a\/b\/g\/n"},"content":{"rendered":"<div style='width: 100%; max-width: 1200px; margin: 0 auto; font-family: sans-serif; line-height: 1.6; color: inherit; background-color: transparent;'> <!-- Secci\u00f3n principal --> <\/p>\n<div style='display: flex; flex-wrap: wrap; gap: 30px; margin-bottom: 30px;'>\n<div style='flex: 1 1 300px; min-width: 280px;'>\n<h3 style='font-size: 22px; border-bottom: 2px solid currentColor; padding-bottom: 5px; margin-top: 0; color: inherit; opacity: 0.8;'>Caracter\u00edsticas Principales<\/h3>\n<p style='font-size: 15px; color: inherit;'> Las estaciones base de la serie WBSn de Alvarion Ltd. para exterior cuentan con puerto gigabit y alta velocidad al aire RF&comma; capaz de transmitir en bandas libres como 2.4 GHz 802.11b\/g\/n y 5 GHz 802.11a\/n al mismo tiempo&comma; para servicio de Internet de alta cobertura y gran capacidad de usuarios concurrentes. Utilizan la tecnolog\u00eda espacialmente adaptativa Beamforming en transmisi\u00f3n y recepci\u00f3n para escenarios con problemas de l\u00ednea de vista (NLOS)&comma; junto con la tecnolog\u00eda MIMO 3X3:3 hasta 3 stream de datos y lo mejor del est\u00e1ndar 802.11n&comma; para proveer el mejor rango de cobertura y capacidad de datos manteniendo la calidad y desempe\u00f1o de la red. <\/p>\n<p style='font-size: 15px; color: inherit;'> Permiten a los proveedores de servicio&comma; gobiernos&comma; empresas&comma; WISP&comma; operadores m\u00f3viles&comma; etc. brindar servicios de la m\u00e1s alta calidad&comma; cobertura y conectividad Wi-Fi&comma; en \u00e1reas metropolitanas y \u00e1reas rurales con solo pocas estaciones base a los m\u00e1s bajos costos del mercado en despliegues de gran cobertura. <\/p>\n<\/p><\/div>\n<\/p><\/div>\n<p> <!-- Secci\u00f3n de aplicaciones --> <\/p>\n<div style='display: flex; flex-wrap: wrap; gap: 20px; margin-bottom: 30px;'>\n<div style='flex: 1 1 250px; border: 1px solid rgba(150&comma; 150&comma; 150&comma; 0.4); border-radius: 8px; overflow: hidden; display: flex; flex-direction: column;'>\n<div style='padding: 15px; border-bottom: 1px solid rgba(150&comma; 150&comma; 150&comma; 0.2); font-weight: bold; font-size: 18px; color: inherit;'>Aplicaciones<\/div>\n<div style='padding: 15px; color: inherit;'>\n<ul style='padding-left: 20px; margin: 0; font-size: 14px; list-style-type: circle;'>\n<li style='margin-bottom: 5px;'>Descarga de datos en torres celulares de 3G\/4G\/LTE.<\/li>\n<li style='margin-bottom: 5px;'>Hotspots \/ Hotzones.<\/li>\n<li style='margin-bottom: 5px;'>Acceso en zonas residenciales y comerciales.<\/li>\n<li style='margin-bottom: 5px;'>Acceso Wi-Fi en bodegas y almacenes.<\/li>\n<li style='margin-bottom: 5px;'>Banda ancha en zonas urbanas&comma; suburbanas y rurales.<\/li>\n<li style='margin-bottom: 5px;'>Cobertura en campus universitarios.<\/li>\n<li style='margin-bottom: 5px;'>Hoteles y Resorts<\/li>\n<li style='margin-bottom: 5px;'>Centros comerciales<\/li>\n<li style='margin-bottom: 5px;'>Hospitales<\/li>\n<li style='margin-bottom: 5px;'>Zonas industriales<\/li>\n<li style='margin-bottom: 5px;'>Ciudades inteligentes<\/li>\n<li style='margin-bottom: 5px;'>Aeropuertos<\/li>\n<li style='margin-bottom: 5px;'>Muchas m\u00e1s\u2026<\/li>\n<\/ul><\/div>\n<\/p><\/div>\n<p> <!-- Secci\u00f3n de especificaciones --> <\/p>\n<div style='flex: 1 1 250px; border: 1px solid rgba(150&comma; 150&comma; 150&comma; 0.4); border-radius: 8px; overflow: hidden; display: flex; flex-direction: column;'>\n<div style='padding: 15px; border-bottom: 1px solid rgba(150&comma; 150&comma; 150&comma; 0.2); font-weight: bold; font-size: 18px; color: inherit;'>Especificaciones T\u00e9cnicas<\/div>\n<div style='padding: 15px; color: inherit;'>\n<ul style='padding-left: 20px; margin: 0; font-size: 14px; list-style-type: disc;'>\n<li style='margin-bottom: 5px;'><strong>Frecuencia de operaci\u00f3n:<\/strong> 2.400 &#8211; 2.483 GHz (Ch 1-13)<\/li>\n<li style='margin-bottom: 5px;'><strong>Frecuencia de operaci\u00f3n:<\/strong> 4.900 a 5.900 GHz<\/li>\n<li style='margin-bottom: 5px;'><strong>Cobertura:<\/strong> 360\u00b0 con antenas incluidas<\/li>\n<li style='margin-bottom: 5px;'><strong>Antenas incluidas en 2.4 GHz:<\/strong> 7.5 dBi&comma; 20\u00b0 V<\/li>\n<li style='margin-bottom: 5px;'><strong>Antenas incluidas en 5 GHz:<\/strong> 8.5 dBi&comma; 10\u00b0 V<\/li>\n<li style='margin-bottom: 5px;'><strong>Dimensiones:<\/strong> 380x140x395 mm (sin antenas)<\/li>\n<li style='margin-bottom: 5px;'><strong>Peso:<\/strong> 2.4 kg<\/li>\n<li style='margin-bottom: 5px;'><strong>Montaje:<\/strong> en m\u00e1stil desde 2&#8242;<\/li>\n<\/ul><\/div>\n<\/p><\/div>\n<p> <!-- Secci\u00f3n de especificaciones adicionales --> <\/p>\n<div style='flex: 1 1 250px; border: 1px solid rgba(150&comma; 150&comma; 150&comma; 0.4); border-radius: 8px; overflow: hidden; display: flex; flex-direction: column;'>\n<div style='padding: 15px; border-bottom: 1px solid rgba(150&comma; 150&comma; 150&comma; 0.2); font-weight: bold; font-size: 18px; color: inherit;'>Especificaciones Generales<\/div>\n<div style='padding: 15px; color: inherit;'>\n<ul style='padding-left: 20px; margin: 0; font-size: 14px; list-style-type: disc;'>\n<li style='margin-bottom: 5px;'><strong>Tecnolog\u00eda:<\/strong> MIMO 3&#215;3:3 alta velocidad<\/li>\n<li style='margin-bottom: 5px;'><strong>Modo de operaci\u00f3n:<\/strong> AP<\/li>\n<li style='margin-bottom: 5px;'><strong>Potencia de trasmisi\u00f3n:<\/strong> 26 dBm en 2.4 GHz y 25 dBm en 5 GHz&comma; incrementos de 1 dBm<\/li>\n<li style='margin-bottom: 5px;'><strong>Modo de red:<\/strong> Bridge \/ Router<\/li>\n<li style='margin-bottom: 5px;'><strong>Velocidad:<\/strong> 900 Mbps (450 Mbps por banda)<\/li>\n<li style='margin-bottom: 5px;'><strong>Usuarios simult\u00e1neos:<\/strong> 500 (250 por banda)<\/li>\n<li style='margin-bottom: 5px;'><strong>Ancho de canal ajustable:<\/strong> 20\/40 MHz<\/li>\n<li style='margin-bottom: 5px;'><strong>Modo sistema inal\u00e1mbrico:<\/strong> capacidad&comma; cobertura&comma; video&comma; alta densidad de usuarios<\/li>\n<\/ul><\/div>\n<\/p><\/div>\n<p> <!-- Secci\u00f3n de caracter\u00edsticas adicionales --> <\/p>\n<div style='flex: 1 1 250px; border: 1px solid rgba(150&comma; 150&comma; 150&comma; 0.4); border-radius: 8px; overflow: hidden; display: flex; flex-direction: column;'>\n<div style='padding: 15px; border-bottom: 1px solid rgba(150&comma; 150&comma; 150&comma; 0.2); font-weight: bold; font-size: 18px; color: inherit;'>Caracter\u00edsticas Adicionales<\/div>\n<div style='padding: 15px; color: inherit;'>\n<ul style='padding-left: 20px; margin: 0; font-size: 14px; list-style-type: disc;'>\n<li style='margin-bottom: 5px;'><strong>Aislamiento entre CPE&#8217;s:<\/strong> Ideal para aplicaciones de video vigilancia y WISP<\/li>\n<li style='margin-bottom: 5px;'><strong>SSID:<\/strong> 6 SSID&#8217;s y m\u00faltiples VLAN&#8217;s para grupos de trabajo con seguridad independiente<\/li>\n<li style='margin-bottom: 5px;'><strong>Seguridad:<\/strong> Open&comma; WEP&comma; 802.11i (WPA&comma; WPA2 con algoritmos TKIP y AES)<\/li>\n<li style='margin-bottom: 5px;'><strong>Control de Mac Address:<\/strong> S\u00ed<\/li>\n<li style='margin-bottom: 5px;'><strong>Configuraci\u00f3n:<\/strong> Basada en Web para f\u00e1cil gesti\u00f3n<\/li>\n<li style='margin-bottom: 5px;'><strong>Temperatura de operaci\u00f3n:<\/strong> -40\u00ba a 55\u00ba C<\/li>\n<li style='margin-bottom: 5px;'><strong>Resistencia al viento:<\/strong> 260 km\/h<\/li>\n<li style='margin-bottom: 5px;'><strong>Norma:<\/strong> IP68 para intemperie<\/li>\n<\/ul><\/div>\n<\/p><\/div>\n<p> <!-- Secci\u00f3n de alimentaci\u00f3n --> <\/p>\n<div style='flex: 1 1 250px; border: 1px solid rgba(150&comma; 150&comma; 150&comma; 0.4); border-radius: 8px; overflow: hidden; display: flex; flex-direction: column;'>\n<div style='padding: 15px; border-bottom: 1px solid rgba(150&comma; 150&comma; 150&comma; 0.2); font-weight: bold; font-size: 18px; color: inherit;'>Alimentaci\u00f3n<\/div>\n<div style='padding: 15px; color: inherit;'>\n<ul style='padding-left: 20px; margin: 0; font-size: 14px; list-style-type: disc;'>\n<li style='margin-bottom: 5px;'><strong>Alimentaci\u00f3n:<\/strong> 100-240 Vca&comma; 47-63 Hz&comma; 56 Vcc v\u00eda POE pasivo incluido<\/li>\n<li style='margin-bottom: 5px;'><strong>Consumo de energ\u00eda:<\/strong> 30 W<\/li>\n<li style='margin-bottom: 5px;'><strong>Puerto Ethernet:<\/strong> Auto negociable Gigabit Ethernet 10\/100\/1000 Mbps<\/li>\n<\/ul><\/div>\n<\/p><\/div>\n<p> <!-- Secci\u00f3n de tecnolog\u00edas --> <\/p>\n<div style='flex: 1 1 250px; border: 1px solid rgba(150&comma; 150&comma; 150&comma; 0.4); border-radius: 8px; overflow: hidden; display: flex; flex-direction: column;'>\n<div style='padding: 15px; border-bottom: 1px solid rgba(150&comma; 150&comma; 150&comma; 0.2); font-weight: bold; font-size: 18px; color: inherit;'>Tecnolog\u00edas Avanzadas<\/div>\n<div style='padding: 15px; color: inherit;'>\n<ul style='padding-left: 20px; margin: 0; font-size: 14px; list-style-type: disc;'>\n<li style='margin-bottom: 5px;'><strong>DIH:<\/strong> Detecta el nivel de ruido del ambiente para manipular el piso de ruido de la estaci\u00f3n base<\/li>\n<li style='margin-bottom: 5px;'><strong>ACS:<\/strong> Analizador de espectro integrado para seleccionar el canal m\u00e1s limpio<\/li>\n<li style='margin-bottom: 5px;'><strong>WARA:<\/strong> Analiza la mejor tasa de transferencia seg\u00fan condiciones ambientales<\/li>\n<li style='margin-bottom: 5px;'><strong>DTA:<\/strong> Sistema de antenas con Down-Tilted para rechazar fuentes de ruido<\/li>\n<\/ul><\/div>\n<\/p><\/div>\n<\/p><\/div>\n<p> <!-- Separador --> <\/p>\n<hr style='border: 0; border-top: 1px solid rgba(150&comma; 150&comma; 150&comma; 0.3); margin: 30px 0;'> <\/div>\n","protected":false},"excerpt":{"rendered":"<p>Estaci\u00f3n Base Omni, Doble Banda, Carrier-Class, MIMO 3X3:3, 900 Mbps, 802.11a\/b\/g\/n<\/p>\n","protected":false},"featured_media":74402,"comment_status":"open","ping_status":"closed","template":"","meta":[],"product_brand":[],"product_cat":[1794],"product_tag":[2096,1795,1479],"class_list":{"0":"post-74403","1":"product","2":"type-product","3":"status-publish","4":"has-post-thumbnail","6":"product_cat-puntos-de-acceso","7":"product_tag-alvarion","8":"product_tag-puntos-de-acceso","9":"product_tag-redes-wifi","11":"first","12":"outofstock","13":"sale","14":"shipping-taxable","15":"purchasable","16":"product-type-simple"},"_links":{"self":[{"href":"https:\/\/soydeaqui.ddns.net\/pachuca\/index.php\/wp-json\/wp\/v2\/product\/74403","targetHints":{"allow":["GET"]}}],"collection":[{"href":"https:\/\/soydeaqui.ddns.net\/pachuca\/index.php\/wp-json\/wp\/v2\/product"}],"about":[{"href":"https:\/\/soydeaqui.ddns.net\/pachuca\/index.php\/wp-json\/wp\/v2\/types\/product"}],"replies":[{"embeddable":true,"href":"https:\/\/soydeaqui.ddns.net\/pachuca\/index.php\/wp-json\/wp\/v2\/comments?post=74403"}],"wp:featuredmedia":[{"embeddable":true,"href":"https:\/\/soydeaqui.ddns.net\/pachuca\/index.php\/wp-json\/wp\/v2\/media\/74402"}],"wp:attachment":[{"href":"https:\/\/soydeaqui.ddns.net\/pachuca\/index.php\/wp-json\/wp\/v2\/media?parent=74403"}],"wp:term":[{"taxonomy":"product_brand","embeddable":true,"href":"https:\/\/soydeaqui.ddns.net\/pachuca\/index.php\/wp-json\/wp\/v2\/product_brand?post=74403"},{"taxonomy":"product_cat","embeddable":true,"href":"https:\/\/soydeaqui.ddns.net\/pachuca\/index.php\/wp-json\/wp\/v2\/product_cat?post=74403"},{"taxonomy":"product_tag","embeddable":true,"href":"https:\/\/soydeaqui.ddns.net\/pachuca\/index.php\/wp-json\/wp\/v2\/product_tag?post=74403"}],"curies":[{"name":"wp","href":"https:\/\/api.w.org\/{rel}","templated":true}]}}