{"id":74401,"date":"2026-03-19T13:59:27","date_gmt":"2026-03-19T13:59:27","guid":{"rendered":"https:\/\/soydeaqui.ddns.net\/pachuca\/index.php\/producto\/estacion-base-de-largo-alcance-120o-54-mbps-ideal-para-enlazar-sucursales\/"},"modified":"2026-03-19T13:59:28","modified_gmt":"2026-03-19T13:59:28","slug":"estacion-base-de-largo-alcance-120o-54-mbps-ideal-para-enlazar-sucursales","status":"publish","type":"product","link":"https:\/\/soydeaqui.ddns.net\/pachuca\/index.php\/producto\/estacion-base-de-largo-alcance-120o-54-mbps-ideal-para-enlazar-sucursales\/","title":{"rendered":"Estaci\u00f3n Base de Largo Alcance, 120\u00ba, 54 Mbps, ideal para enlazar sucursales"},"content":{"rendered":"<div style='width: 100%; max-width: 1200px; margin: 0 auto; font-family: sans-serif; line-height: 1.6; color: inherit; background-color: transparent;'> <!-- Secci\u00f3n de descripci\u00f3n general --> <\/p>\n<div style='margin-bottom: 30px;'>\n<p style='margin: 0 0 20px; color: inherit;'> Establezca una red inal\u00e1mbrica de largo alcance hasta 10 o 15 km y gran cobertura para comunicar su matriz con sus sucursales con el fin de compartir su base de datos&comma; transmision de internet&comma; etc. y muchas aplicaciones mas\u2026 <\/p>\n<p style='margin: 0 0 20px; color: inherit;'> \u00a1Ases\u00f3rese con el departamento de ingenier\u00eda para apoyarlo en dise\u00f1ar su sistema! <\/p>\n<\/p><\/div>\n<p> <!-- Secci\u00f3n de especificaciones principales --> <\/p>\n<div style='display: flex; flex-wrap: wrap; gap: 30px; margin-bottom: 30px;'>\n<div style='flex: 1 1 300px; min-width: 280px;'>\n<h3 style='font-size: 22px; border-bottom: 2px solid currentColor; padding-bottom: 5px; margin-top: 0; color: inherit; opacity: 0.8;'>Especificaciones Generales<\/h3>\n<ul style='padding-left: 20px; font-size: 15px; color: inherit; list-style-type: disc;'>\n<li style='margin-bottom: 5px;'>Estaci\u00f3n Base Sectorial&comma; 4900-5900 MHz&comma; 54 Mbps<\/li>\n<li style='margin-bottom: 5px;'>Potencia EIRP 42 dBm (16 W)&comma; 802.11a<\/li>\n<li style='margin-bottom: 5px;'>(Producto WBS-5000-SCT-120-EU&comma; P\/N 15006702)<\/li>\n<\/ul><\/div>\n<div style='flex: 1 1 300px; min-width: 280px;'>\n<h3 style='font-size: 22px; border-bottom: 2px solid currentColor; padding-bottom: 5px; margin-top: 0; color: inherit; opacity: 0.8;'>Caracter\u00edsticas T\u00e9cnicas<\/h3>\n<ul style='padding-left: 20px; font-size: 15px; color: inherit; list-style-type: disc;'>\n<li style='margin-bottom: 5px;'><strong>Rango de frecuencia:<\/strong> 4900-5900 MHz<\/li>\n<li style='margin-bottom: 5px;'><strong>Cobertura:<\/strong> 120\u00b0 H \/ 10\u00b0 V<\/li>\n<li style='margin-bottom: 5px;'><strong>Matriz:<\/strong> 3 radios y 3 antenas sectoriales para Tx y Rx<\/li>\n<li style='margin-bottom: 5px;'><strong>EIRP:<\/strong> 16W (16 W)<\/li>\n<li style='margin-bottom: 5px;'><strong>Self-Backhaul:<\/strong> Integrado para intercomunicaci\u00f3n entre estaciones base<\/li>\n<li style='margin-bottom: 5px;'><strong>Ancho de canal:<\/strong> Ajustable: 10 y 20 MHz<\/li>\n<\/ul><\/div>\n<\/p><\/div>\n<p> <!-- Secci\u00f3n de seguridad y gesti\u00f3n --> <\/p>\n<div style='display: flex; flex-wrap: wrap; gap: 30px; margin-bottom: 30px;'>\n<div style='flex: 1 1 300px; min-width: 280px;'>\n<h3 style='font-size: 22px; border-bottom: 2px solid currentColor; padding-bottom: 5px; margin-top: 0; color: inherit; opacity: 0.8;'>Seguridad y Gesti\u00f3n<\/h3>\n<ul style='padding-left: 20px; font-size: 15px; color: inherit; list-style-type: disc;'>\n<li style='margin-bottom: 5px;'><strong>Seguridad:<\/strong> WEP 64 \u00f3 128 bits&comma; WPA&comma; WPA2 con logaritmos TKIP y AES<\/li>\n<li style='margin-bottom: 5px;'><strong>Configuraci\u00f3n:<\/strong> Basada en Web con internet explorer y administraci\u00f3n SNMP (opcional)<\/li>\n<li style='margin-bottom: 5px;'><strong>Compatibilidad:<\/strong> Con cualquier cliente inal\u00e1mbrico dentro del est\u00e1ndar 802.11a<\/li>\n<\/ul><\/div>\n<div style='flex: 1 1 300px; min-width: 280px;'>\n<h3 style='font-size: 22px; border-bottom: 2px solid currentColor; padding-bottom: 5px; margin-top: 0; color: inherit; opacity: 0.8;'>Caracter\u00edsticas F\u00edsicas<\/h3>\n<ul style='padding-left: 20px; font-size: 15px; color: inherit; list-style-type: disc;'>\n<li style='margin-bottom: 5px;'><strong>Norma:<\/strong> IP67 para intemperie (solo proteja el puerto de red)<\/li>\n<li style='margin-bottom: 5px;'><strong>Rango de temperatura:<\/strong> -40 a 50\u00b0C<\/li>\n<li style='margin-bottom: 5px;'><strong>Resistencia al viento:<\/strong> 265 Km\/hr<\/li>\n<\/ul><\/div>\n<\/p><\/div>\n<p> <!-- Secci\u00f3n de tecnolog\u00edas --> <\/p>\n<div style='margin-bottom: 30px;'>\n<h3 style='font-size: 22px; border-bottom: 2px solid currentColor; padding-bottom: 5px; margin-top: 0; color: inherit; opacity: 0.8;'>Tecnolog\u00edas de serie WBS<\/h3>\n<div style='display: flex; flex-direction: column; gap: 15px; margin-top: 15px;'>\n<div style='border: 1px solid rgba(150&comma; 150&comma; 150&comma; 0.3); border-radius: 8px; padding: 15px; background-color: rgba(255&comma; 255&comma; 255&comma; 0.02); color: inherit;'> <strong style='color: inherit;'>Beamforming<\/strong> <\/p>\n<p style='margin: 8px 0 0 0; color: inherit;'> Utiliza las m\u00faltiples reflexiones de se\u00f1al para proporcionar conectividad a los usuarios en complicados escenarios sin l\u00ednea de vista plena (NLOS). <\/p>\n<\/p><\/div>\n<div style='border: 1px solid rgba(150&comma; 150&comma; 150&comma; 0.3); border-radius: 8px; padding: 15px; background-color: rgba(255&comma; 250&comma; 255&comma; 0.02); color: inherit;'> <strong style='color: inherit;'>DIH<\/strong> <\/p>\n<p style='margin: 8px 0 0 0; color: inherit;'> Continuamente detecta el nivel de ruido del ambiente para manipular el piso de ruido de la estaci\u00f3n base y cuidar la conectividad de los usuarios. <\/p>\n<\/p><\/div>\n<div style='border: 1px solid rgba(150&comma; 150&comma; 150&comma; 0.3); border-radius: 8px; padding: 15px; background-color: rgba(255&comma; 255&comma; 255&comma; 0.02); color: inherit;'> <strong style='color: inherit;'>ACS<\/strong> <\/p>\n<p style='margin: 8px 0 0 0; color: inherit;'> Cuenta con un analizador de espectro integrado para realizar un escaneo y seleccionar el canal m\u00e1s limpio en el \u00e1rea. <\/p>\n<\/p><\/div>\n<\/p><\/div>\n<\/p><\/div>\n<p> <!-- Secci\u00f3n de notas importantes --> <\/p>\n<div style='margin-bottom: 30px;'>\n<div style='background-color: rgba(192&comma; 57&comma; 43&comma; 0.1); border-left: 4px solid #c0392b; padding: 15px; border-radius: 4px;'>\n<p style='margin: 0; color: #c0392b; font-weight: bold;'> (Son productos hasta agotar existencias&comma; ya no se pueden conseguir licencias u accesorios especiales que no se puedan suplir con otro producto en SYSCOM) <\/p>\n<\/p><\/div>\n<\/p><\/div>\n<p> <!-- Secci\u00f3n de informaci\u00f3n adicional --> <\/p>\n<div style='margin-bottom: 30px;'>\n<h3 style='font-size: 22px; border-bottom: 2px solid currentColor; padding-bottom: 5px; margin-top: 0; color: inherit; opacity: 0.8;'>Informaci\u00f3n Adicional<\/h3>\n<ul style='padding-left: 20px; font-size: 15px; color: inherit; list-style-type: disc;'>\n<li style='margin-bottom: 5px;'><strong>Montaje y POE:<\/strong> Incluidos (WPOE55V)<\/li>\n<li style='margin-bottom: 5px;'><strong>Configuraci\u00f3n:<\/strong> Programar con Internet Explorer<\/li>\n<\/ul><\/div>\n<p> <!-- Separador final --> <\/p>\n<hr style='border: 0; border-top: 1px solid rgba(150&comma; 150&comma; 150&comma; 0.3); margin: 30px 0;'> <\/div>\n","protected":false},"excerpt":{"rendered":"<p>Estaci\u00f3n Base de Largo Alcance, 120\u00ba, 54 Mbps, ideal para enlazar sucursales<\/p>\n","protected":false},"featured_media":74400,"comment_status":"open","ping_status":"closed","template":"","meta":[],"product_brand":[],"product_cat":[1794],"product_tag":[2096,1795,1479],"class_list":{"0":"post-74401","1":"product","2":"type-product","3":"status-publish","4":"has-post-thumbnail","6":"product_cat-puntos-de-acceso","7":"product_tag-alvarion","8":"product_tag-puntos-de-acceso","9":"product_tag-redes-wifi","11":"first","12":"outofstock","13":"sale","14":"shipping-taxable","15":"purchasable","16":"product-type-simple"},"_links":{"self":[{"href":"https:\/\/soydeaqui.ddns.net\/pachuca\/index.php\/wp-json\/wp\/v2\/product\/74401","targetHints":{"allow":["GET"]}}],"collection":[{"href":"https:\/\/soydeaqui.ddns.net\/pachuca\/index.php\/wp-json\/wp\/v2\/product"}],"about":[{"href":"https:\/\/soydeaqui.ddns.net\/pachuca\/index.php\/wp-json\/wp\/v2\/types\/product"}],"replies":[{"embeddable":true,"href":"https:\/\/soydeaqui.ddns.net\/pachuca\/index.php\/wp-json\/wp\/v2\/comments?post=74401"}],"wp:featuredmedia":[{"embeddable":true,"href":"https:\/\/soydeaqui.ddns.net\/pachuca\/index.php\/wp-json\/wp\/v2\/media\/74400"}],"wp:attachment":[{"href":"https:\/\/soydeaqui.ddns.net\/pachuca\/index.php\/wp-json\/wp\/v2\/media?parent=74401"}],"wp:term":[{"taxonomy":"product_brand","embeddable":true,"href":"https:\/\/soydeaqui.ddns.net\/pachuca\/index.php\/wp-json\/wp\/v2\/product_brand?post=74401"},{"taxonomy":"product_cat","embeddable":true,"href":"https:\/\/soydeaqui.ddns.net\/pachuca\/index.php\/wp-json\/wp\/v2\/product_cat?post=74401"},{"taxonomy":"product_tag","embeddable":true,"href":"https:\/\/soydeaqui.ddns.net\/pachuca\/index.php\/wp-json\/wp\/v2\/product_tag?post=74401"}],"curies":[{"name":"wp","href":"https:\/\/api.w.org\/{rel}","templated":true}]}}