{"id":74395,"date":"2026-03-19T13:59:15","date_gmt":"2026-03-19T13:59:15","guid":{"rendered":"https:\/\/soydeaqui.ddns.net\/pachuca\/index.php\/producto\/controlador-de-acceso-para-800-usuarios\/"},"modified":"2026-03-19T13:59:16","modified_gmt":"2026-03-19T13:59:16","slug":"controlador-de-acceso-para-800-usuarios","status":"publish","type":"product","link":"https:\/\/soydeaqui.ddns.net\/pachuca\/index.php\/producto\/controlador-de-acceso-para-800-usuarios\/","title":{"rendered":"Controlador de Acceso para 800 usuarios."},"content":{"rendered":"<div style='width: 100%; max-width: 1200px; margin: 0 auto; font-family: sans-serif; line-height: 1.6; color: inherit; background-color: transparent;'>\n<div style='display: flex; flex-wrap: wrap; gap: 30px; margin-bottom: 30px;'>\n<div style='flex: 1 1 300px; min-width: 280px;'>\n<h3 style='font-size: 22px; border-bottom: 2px solid currentColor; padding-bottom: 5px; margin-top: 0; color: inherit; opacity: 0.8;'>Descripci\u00f3n<\/h3>\n<p style='font-size: 15px; color: inherit; margin-bottom: 15px;'>Controle el acceso de internet de los usuarios que se van a conectar a su red&comma; permitiendo o negando el acceso de conexi\u00f3n para una mayor seguridad contra personas no autorizadas&comma; para obtener una mejor administraci\u00f3n y rendimiento de los servicios y recursos de la red.<\/p>\n<p style='font-size: 15px; color: inherit; margin-bottom: 15px;'><strong>Util\u00edcelo con las radio bases de Wavion Networks para crear grupos de trabajo diferentes y est\u00e9n administrados con ciertos privilegios dentro de la red.<\/strong><\/p>\n<\/p><\/div>\n<\/p><\/div>\n<div style='display: flex; flex-wrap: wrap; gap: 30px; margin-bottom: 30px;'>\n<div style='flex: 1 1 300px; min-width: 280px;'>\n<h3 style='font-size: 22px; border-bottom: 2px solid currentColor; padding-bottom: 5px; margin-top: 0; color: inherit; opacity: 0.8;'>Aplicaciones<\/h3>\n<ul style='padding-left: 20px; font-size: 15px; color: inherit;'>\n<li style='margin-bottom: 5px;'>Campus Universitarios<\/li>\n<li style='margin-bottom: 5px;'>Hoteler\u00eda<\/li>\n<li style='margin-bottom: 5px;'>Parques P\u00fablicos<\/li>\n<li style='margin-bottom: 5px;'>Aeropuertos<\/li>\n<li style='margin-bottom: 5px;'>Municipios<\/li>\n<li style='margin-bottom: 5px;'>Centros Comerciales<\/li>\n<li style='margin-bottom: 5px;'>Cibercaf\u00e9s<\/li>\n<li style='margin-bottom: 5px;'>Eventos P\u00fablicos<\/li>\n<li style='margin-bottom: 5px;'>Hospitales<\/li>\n<li style='margin-bottom: 5px;'>Fraccionamientos<\/li>\n<li style='margin-bottom: 5px;'>Centros de convenciones y exposiciones<\/li>\n<li style='margin-bottom: 5px;'><strong>y muchas aplicaciones m\u00e1s\u2026<\/strong><\/li>\n<\/ul><\/div>\n<\/p><\/div>\n<div style='display: flex; flex-wrap: wrap; gap: 20px; margin-bottom: 30px;'>\n<div style='flex: 1 1 250px; border: 1px solid rgba(150&comma; 150&comma; 150&comma; 0.4); border-radius: 8px; overflow: hidden; display: flex; flex-direction: column;'>\n<div style='padding: 15px; border-bottom: 1px solid rgba(150&comma; 150&comma; 150&comma; 0.2); font-weight: bold; font-size: 18px; color: inherit;'>Especificaciones<\/div>\n<div style='padding: 15px; color: inherit;'>\n<ul style='padding-left: 20px; margin: 0; font-size: 14px; list-style-type: disc;'>\n<li style='margin-bottom: 5px;'>Capacidad de 800 suscriptores<\/li>\n<li style='margin-bottom: 5px;'>Control del ancho de banda de la conexi\u00f3n de internet para una mejor administraci\u00f3n del servicio<\/li>\n<li style='margin-bottom: 5px;'>Soporta p\u00e1gina de bienvenida al sistema para publicidad personalizable<\/li>\n<li style='margin-bottom: 5px;'>Manejo y control de usuarios<\/li>\n<li style='margin-bottom: 5px;'>Corta fuegos (firewall)<\/li>\n<li style='margin-bottom: 5px;'>Balanceador de carga para 4 servicios de internet simult\u00e1neos<\/li>\n<li style='margin-bottom: 5px;'>Soporta VPN\u2019s<\/li>\n<li style='margin-bottom: 5px;'>Soporta VLAN\u2019s<\/li>\n<li style='margin-bottom: 5px;'>Servidor PPPoE o Hotspot Gateway<\/li>\n<li style='margin-bottom: 5px;'>F\u00e1cil integraci\u00f3n con servidor Radius para autentificaci\u00f3n por usuario y contrase\u00f1a<\/li>\n<li style='margin-bottom: 5px;'>Soporta varias opciones de ruteo definidas por administradores de red<\/li>\n<li style='margin-bottom: 5px;'>Bases de datos personalizadas con integraci\u00f3n opcional a un software especial (RADIUS)<\/li>\n<li style='margin-bottom: 5px;'>Soporta puertos de red en velocidades de 10\/100\/1000 Mbps<\/li>\n<li style='margin-bottom: 5px;'>13 puertos Giga bit Ethernet<\/li>\n<li style='margin-bottom: 5px;'>Instalaci\u00f3n de Rack 19\u201d 1 U<\/li>\n<li style='margin-bottom: 5px;'>Temperatura de operaci\u00f3n: -20 a 45\u00b0C<\/li>\n<\/ul><\/div>\n<\/p><\/div>\n<\/p><\/div>\n<hr style='border: 0; border-top: 1px solid rgba(150&comma; 150&comma; 150&comma; 0.3); margin: 30px 0;'> <\/div>\n","protected":false},"excerpt":{"rendered":"<p>Controlador de Acceso para 800 usuarios.<\/p>\n","protected":false},"featured_media":74394,"comment_status":"open","ping_status":"closed","template":"","meta":[],"product_brand":[],"product_cat":[1794],"product_tag":[2096,1795,1479],"class_list":{"0":"post-74395","1":"product","2":"type-product","3":"status-publish","4":"has-post-thumbnail","6":"product_cat-puntos-de-acceso","7":"product_tag-alvarion","8":"product_tag-puntos-de-acceso","9":"product_tag-redes-wifi","11":"first","12":"outofstock","13":"sale","14":"shipping-taxable","15":"purchasable","16":"product-type-simple"},"_links":{"self":[{"href":"https:\/\/soydeaqui.ddns.net\/pachuca\/index.php\/wp-json\/wp\/v2\/product\/74395","targetHints":{"allow":["GET"]}}],"collection":[{"href":"https:\/\/soydeaqui.ddns.net\/pachuca\/index.php\/wp-json\/wp\/v2\/product"}],"about":[{"href":"https:\/\/soydeaqui.ddns.net\/pachuca\/index.php\/wp-json\/wp\/v2\/types\/product"}],"replies":[{"embeddable":true,"href":"https:\/\/soydeaqui.ddns.net\/pachuca\/index.php\/wp-json\/wp\/v2\/comments?post=74395"}],"wp:featuredmedia":[{"embeddable":true,"href":"https:\/\/soydeaqui.ddns.net\/pachuca\/index.php\/wp-json\/wp\/v2\/media\/74394"}],"wp:attachment":[{"href":"https:\/\/soydeaqui.ddns.net\/pachuca\/index.php\/wp-json\/wp\/v2\/media?parent=74395"}],"wp:term":[{"taxonomy":"product_brand","embeddable":true,"href":"https:\/\/soydeaqui.ddns.net\/pachuca\/index.php\/wp-json\/wp\/v2\/product_brand?post=74395"},{"taxonomy":"product_cat","embeddable":true,"href":"https:\/\/soydeaqui.ddns.net\/pachuca\/index.php\/wp-json\/wp\/v2\/product_cat?post=74395"},{"taxonomy":"product_tag","embeddable":true,"href":"https:\/\/soydeaqui.ddns.net\/pachuca\/index.php\/wp-json\/wp\/v2\/product_tag?post=74395"}],"curies":[{"name":"wp","href":"https:\/\/api.w.org\/{rel}","templated":true}]}}