{"id":74391,"date":"2026-03-19T13:59:05","date_gmt":"2026-03-19T13:59:05","guid":{"rendered":"https:\/\/soydeaqui.ddns.net\/pachuca\/index.php\/producto\/estacion-base-alta-penetracion-de-senal-wi-fi-120-54-mbps-802-11b-g\/"},"modified":"2026-03-19T13:59:07","modified_gmt":"2026-03-19T13:59:07","slug":"estacion-base-alta-penetracion-de-senal-wi-fi-120-54-mbps-802-11b-g","status":"publish","type":"product","link":"https:\/\/soydeaqui.ddns.net\/pachuca\/index.php\/producto\/estacion-base-alta-penetracion-de-senal-wi-fi-120-54-mbps-802-11b-g\/","title":{"rendered":"Estaci\u00f3n Base Alta Penetraci\u00f3n de Se\u00f1al Wi-Fi 120\u00b0, 54 Mbps, 802.11b\/g"},"content":{"rendered":"<div style='width: 100%; max-width: 1200px; margin: 0 auto; font-family: sans-serif; line-height: 1.6; color: inherit; background-color: transparent;'> <!-- Secci\u00f3n principal --> <\/p>\n<div style='display: flex; flex-wrap: wrap; gap: 30px; margin-bottom: 30px;'>\n<div style='flex: 1 1 300px; min-width: 280px;'>\n<h3 style='font-size: 22px; border-bottom: 2px solid currentColor; padding-bottom: 5px; margin-top: 0; color: inherit; opacity: 0.8;'>Estaciones Base Alta Cobertura Wi-Fi<\/h3>\n<p style='font-size: 15px; color: inherit; margin-bottom: 15px;'>Las estaciones base de la serie WBS l\u00ednea Wi-Fi de Alvarion Ltd. para exterior son capaces de trasmitir en bandas libres como 2.4 GHz 802.11b\/g&comma; con la m\u00e1s alta cobertura Wi-Fi y la mejor penetraci\u00f3n de se\u00f1al para edificios o complicados escenarios en donde no existe l\u00ednea de vista (LOS) plena con los dispositivos Wi-Fi.<\/p>\n<p style='font-size: 15px; color: inherit; margin-bottom: 15px;'>Gracias a su tecnolog\u00eda Beamforming en transmisi\u00f3n y recepci\u00f3n&comma; que trabaja por rebotes de se\u00f1al usando cualquier obst\u00e1culo en su camino como puntos de reflexi\u00f3n para incrementar la conectividad de los usuarios sin necesidad de utilizar muchos puntos de acceso&comma; reduciendo notablemente la interferencia&comma; ahorrando costos y facilitando la gesti\u00f3n de la red.<\/p>\n<p style='font-size: 15px; color: inherit; margin-bottom: 15px;'>Permiten a los operadores de servicio&comma; gobiernos&comma; empresas&comma; WISP&comma; operadores m\u00f3viles&comma; etc. brindar servicios de la m\u00e1s alta calidad&comma; cobertura y conectividad Wi-Fi&comma; en \u00e1reas metropolitanas y \u00e1reas rurales con solo pocas estaciones base a los m\u00e1s bajos costos del mercado en despliegues de gran cobertura.<\/p>\n<\/p><\/div>\n<\/p><\/div>\n<p> <!-- Secci\u00f3n de caracter\u00edsticas --> <\/p>\n<div style='display: flex; flex-wrap: wrap; gap: 30px; margin-bottom: 30px;'>\n<div style='flex: 1 1 300px; min-width: 280px;'>\n<h3 style='font-size: 22px; border-bottom: 2px solid currentColor; padding-bottom: 5px; margin-top: 0; color: inherit; opacity: 0.8;'>Caracter\u00edsticas T\u00e9cnicas<\/h3>\n<ul style='padding-left: 20px; font-size: 15px; color: inherit;'>\n<li style='margin-bottom: 5px;'><strong>Frecuencia de operaci\u00f3n:<\/strong> 2.400 &#8211; 2.483 GHz (Ch 1-13)<\/li>\n<li style='margin-bottom: 5px;'><strong>Cobertura:<\/strong> 120\u00b0 con antenas integradas<\/li>\n<li style='margin-bottom: 5px;'><strong>Antenas integradas:<\/strong> HGDP: 10.5 dBi&comma; 120\u00b0H x 20\u00b0 V<\/li>\n<li style='margin-bottom: 5px;'><strong>Potencia de transmisi\u00f3n:<\/strong> 22 dBm<\/li>\n<li style='margin-bottom: 5px;'><strong>Arreglo de radios:<\/strong> 3 radios para transmisi\u00f3n y recepci\u00f3n con Beamforming<\/li>\n<\/ul><\/div>\n<div style='flex: 1 1 300px; min-width: 280px;'>\n<h3 style='font-size: 22px; border-bottom: 2px solid currentColor; padding-bottom: 5px; margin-top: 0; color: inherit; opacity: 0.8;'>Aplicaciones<\/h3>\n<ul style='padding-left: 20px; font-size: 15px; color: inherit;'>\n<li style='margin-bottom: 5px;'>Hotspots \/ hotzones<\/li>\n<li style='margin-bottom: 5px;'>Acceso en zonas residenciales y comerciales<\/li>\n<li style='margin-bottom: 5px;'>Acceso Wi-Fi en bodegas y almacenes<\/li>\n<li style='margin-bottom: 5px;'>Banda ancha en zonas urbanas&comma; suburbanas y rurales<\/li>\n<li style='margin-bottom: 5px;'>Cobertura en campus universitarios<\/li>\n<li style='margin-bottom: 5px;'>Hoteles y Resorts<\/li>\n<li style='margin-bottom: 5px;'>Centros comerciales<\/li>\n<li style='margin-bottom: 5px;'>Hospitales<\/li>\n<li style='margin-bottom: 5px;'>Zonas industriales<\/li>\n<li style='margin-bottom: 5px;'>Ciudades inteligentes<\/li>\n<li style='margin-bottom: 5px;'>Aeropuertos<\/li>\n<li style='margin-bottom: 5px;'>Muchas m\u00e1s&#8230;<\/li>\n<\/ul><\/div>\n<div style='flex: 1 1 300px; min-width: 280px;'>\n<h3 style='font-size: 22px; border-bottom: 2px solid currentColor; padding-bottom: 5px; margin-top: 0; color: inherit; opacity: 0.8;'>Tecnolog\u00edas<\/h3>\n<ul style='padding-left: 20px; font-size: 15px; color: inherit;'>\n<li style='margin-bottom: 5px;'><strong>Beamforming:<\/strong> Utiliza las m\u00faltiples reflexiones de se\u00f1al para proporcionar conectividad a los usuarios en escenarios sin l\u00ednea de vista plena (NLOS)<\/li>\n<li style='margin-bottom: 5px;'><strong>DIH:<\/strong> Detecta el nivel de ruido del ambiente para manipular el piso de ruido de la estaci\u00f3n base y cuidar la conectividad<\/li>\n<li style='margin-bottom: 5px;'><strong>ACS:<\/strong> Analizador de espectro integrado para seleccionar el canal m\u00e1s limpio en el \u00e1rea<\/li>\n<li style='margin-bottom: 5px;'><strong>SDMA:<\/strong> Duplica la capacidad de procesamiento en downlink para atender a dos usuarios concurrentes (requiere licencia WLSDMA)<\/li>\n<\/ul><\/div>\n<\/p><\/div>\n<p> <!-- Secci\u00f3n de especificaciones --> <\/p>\n<div style='display: flex; flex-wrap: wrap; gap: 20px; margin-bottom: 30px;'>\n<div style='flex: 1 1 250px; border: 1px solid rgba(150&comma; 150&comma; 150&comma; 0.4); border-radius: 8px; overflow: hidden; display: flex; flex-direction: column;'>\n<div style='padding: 15px; border-bottom: 1px solid rgba(150&comma; 150&comma; 150&comma; 0.2); font-weight: bold; font-size: 18px; color: inherit;'>Especificaciones Generales<\/div>\n<div style='padding: 15px; color: inherit;'>\n<ul style='padding-left: 20px; margin: 0; font-size: 14px; list-style-type: disc;'>\n<li style='margin-bottom: 5px;'><strong>Tecnolog\u00eda:<\/strong> MIMO 3&#215;3 alta cobertura<\/li>\n<li style='margin-bottom: 5px;'><strong>Modo de operaci\u00f3n:<\/strong> AP<\/li>\n<li style='margin-bottom: 5px;'><strong>Modo de red:<\/strong> Bridge<\/li>\n<li style='margin-bottom: 5px;'><strong>Velocidad:<\/strong> 54 Mbps<\/li>\n<li style='margin-bottom: 5px;'><strong>Conexiones simult\u00e1neas:<\/strong> 240<\/li>\n<li style='margin-bottom: 5px;'><strong>SSID&#8217;s:<\/strong> 16 para grupos de trabajo independientes<\/li>\n<li style='margin-bottom: 5px;'><strong>VLAN&#8217;s:<\/strong> 16 para grupos de trabajo independientes<\/li>\n<li style='margin-bottom: 5px;'><strong>Seguridad:<\/strong> WEP 64\/128 bits&comma; WPA&comma; WPA2 con TKIP y AES<\/li>\n<\/ul><\/div>\n<\/p><\/div>\n<div style='flex: 1 1 250px; border: 1px solid rgba(150&comma; 150&comma; 150&comma; 0.4); border-radius: 8px; overflow: hidden; display: flex; flex-direction: column;'>\n<div style='padding: 15px; border-bottom: 1px solid rgba(150&comma; 150&comma; 150&comma; 0.2); font-weight: bold; font-size: 18px; color: inherit;'>Especificaciones F\u00edsicas<\/div>\n<div style='padding: 15px; color: inherit;'>\n<ul style='padding-left: 20px; margin: 0; font-size: 14px; list-style-type: disc;'>\n<li style='margin-bottom: 5px;'><strong>Temperatura de operaci\u00f3n:<\/strong> -40\u00ba a 50\u00ba C<\/li>\n<li style='margin-bottom: 5px;'><strong>Resistencia al viento:<\/strong> 265 km\/h<\/li>\n<li style='margin-bottom: 5px;'><strong>Norma:<\/strong> IP67 para intemperie<\/li>\n<li style='margin-bottom: 5px;'><strong>Alimentaci\u00f3n:<\/strong> 100-240 Vca&comma; 47-63 Hz&comma; 55 Vcc v\u00eda POE pasivo (No Incluido)<\/li>\n<li style='margin-bottom: 5px;'><strong>Consumo de energ\u00eda:<\/strong> 35 W<\/li>\n<li style='margin-bottom: 5px;'><strong>Puerto Ethernet:<\/strong> Fast Ethernet 10\/100 Mbps auto negociable<\/li>\n<\/ul><\/div>\n<\/p><\/div>\n<div style='flex: 1 1 250px; border: 1px solid rgba(150&comma; 150&comma; 150&comma; 0.4); border-radius: 8px; overflow: hidden; display: flex; flex-direction: column;'>\n<div style='padding: 15px; border-bottom: 1px solid rgba(150&comma; 150&comma; 150&comma; 0.2); font-weight: bold; font-size: 18px; color: inherit;'>Beneficios Adicionales<\/div>\n<div style='padding: 15px; color: inherit;'>\n<ul style='padding-left: 20px; margin: 0; font-size: 14px; list-style-type: disc;'>\n<li style='margin-bottom: 5px;'>Self-backhaul integrado para interconexi\u00f3n entre estaciones base<\/li>\n<li style='margin-bottom: 5px;'>Control de interferencia adaptivo<\/li>\n<li style='margin-bottom: 5px;'>Soportan Wavion Coverage Tool (WCT) para mapeo de cobertura<\/li>\n<li style='margin-bottom: 5px;'>Sistema de gesti\u00f3n WavioNet Network Management System (WNMS)<\/li>\n<\/ul><\/div>\n<\/p><\/div>\n<\/p><\/div>\n<p> <!-- Secci\u00f3n de beneficios --> <\/p>\n<div style='display: flex; flex-wrap: wrap; gap: 30px; margin-bottom: 30px;'>\n<div style='flex: 1 1 300px; min-width: 280px;'>\n<h3 style='font-size: 22px; border-bottom: 2px solid currentColor; padding-bottom: 5px; margin-top: 0; color: inherit; opacity: 0.8;'>Beneficios de la Tecnolog\u00eda Sectorial<\/h3>\n<p style='font-size: 15px; color: inherit; margin-bottom: 15px;'>En versiones tipo sector cuentan con antena de 120\u00b0 para sectorizar la se\u00f1al reduciendo ruido ambiental y aumentando la capacidad de penetraci\u00f3n de se\u00f1al.<\/p>\n<p style='font-size: 15px; color: inherit; margin-bottom: 15px;'>Evitan la necesidad de m\u00faltiples puntos de acceso al colocar las estaciones base sectoriales al frente y atr\u00e1s de un hotel u otros edificios&comma; mejorando la est\u00e9tica y reduciendo el tiempo de implementaci\u00f3n.<\/p>\n<p style='font-size: 15px; color: inherit; margin-bottom: 15px;'>Soportan SDMA para duplicar la capacidad de procesamiento hasta 54 Mbps en solo downlink (se activa con licencia WLSDMA en paquetes para 5 equipos).<\/p>\n<\/p><\/div>\n<\/p><\/div>\n<p> <!-- Separador --> <\/p>\n<hr style='border: 0; border-top: 1px solid rgba(150&comma; 150&comma; 150&comma; 0.3); margin: 30px 0;'> <\/div>\n","protected":false},"excerpt":{"rendered":"<p>Estaci\u00f3n Base Alta Penetraci\u00f3n de Se\u00f1al Wi-Fi 120\u00b0, 54 Mbps, 802.11b\/g<\/p>\n","protected":false},"featured_media":32,"comment_status":"open","ping_status":"closed","template":"","meta":[],"product_brand":[],"product_cat":[1794],"product_tag":[2096,1795,1479],"class_list":{"0":"post-74391","1":"product","2":"type-product","3":"status-publish","4":"has-post-thumbnail","6":"product_cat-puntos-de-acceso","7":"product_tag-alvarion","8":"product_tag-puntos-de-acceso","9":"product_tag-redes-wifi","11":"first","12":"outofstock","13":"sale","14":"shipping-taxable","15":"purchasable","16":"product-type-simple"},"_links":{"self":[{"href":"https:\/\/soydeaqui.ddns.net\/pachuca\/index.php\/wp-json\/wp\/v2\/product\/74391","targetHints":{"allow":["GET"]}}],"collection":[{"href":"https:\/\/soydeaqui.ddns.net\/pachuca\/index.php\/wp-json\/wp\/v2\/product"}],"about":[{"href":"https:\/\/soydeaqui.ddns.net\/pachuca\/index.php\/wp-json\/wp\/v2\/types\/product"}],"replies":[{"embeddable":true,"href":"https:\/\/soydeaqui.ddns.net\/pachuca\/index.php\/wp-json\/wp\/v2\/comments?post=74391"}],"wp:featuredmedia":[{"embeddable":true,"href":"https:\/\/soydeaqui.ddns.net\/pachuca\/index.php\/wp-json\/wp\/v2\/media\/32"}],"wp:attachment":[{"href":"https:\/\/soydeaqui.ddns.net\/pachuca\/index.php\/wp-json\/wp\/v2\/media?parent=74391"}],"wp:term":[{"taxonomy":"product_brand","embeddable":true,"href":"https:\/\/soydeaqui.ddns.net\/pachuca\/index.php\/wp-json\/wp\/v2\/product_brand?post=74391"},{"taxonomy":"product_cat","embeddable":true,"href":"https:\/\/soydeaqui.ddns.net\/pachuca\/index.php\/wp-json\/wp\/v2\/product_cat?post=74391"},{"taxonomy":"product_tag","embeddable":true,"href":"https:\/\/soydeaqui.ddns.net\/pachuca\/index.php\/wp-json\/wp\/v2\/product_tag?post=74391"}],"curies":[{"name":"wp","href":"https:\/\/api.w.org\/{rel}","templated":true}]}}