{"id":74389,"date":"2026-03-19T13:58:59","date_gmt":"2026-03-19T13:58:59","guid":{"rendered":"https:\/\/soydeaqui.ddns.net\/pachuca\/index.php\/producto\/protector-poe-metalico-individual-para-exterior-contra-descargas-atmosfericas-con-puertos-rj45-10-100-mbps\/"},"modified":"2026-03-19T13:59:04","modified_gmt":"2026-03-19T13:59:04","slug":"protector-poe-metalico-individual-para-exterior-contra-descargas-atmosfericas-con-puertos-rj45-10-100-mbps","status":"publish","type":"product","link":"https:\/\/soydeaqui.ddns.net\/pachuca\/index.php\/producto\/protector-poe-metalico-individual-para-exterior-contra-descargas-atmosfericas-con-puertos-rj45-10-100-mbps\/","title":{"rendered":"Protector PoE Met\u00e1lico Individual Para Exterior Contra Descargas Atmosf\u00e9ricas Con Puertos RJ45 10\/100 Mbps"},"content":{"rendered":"<div style='width: 100%; max-width: 1200px; margin: 0 auto; font-family: sans-serif; line-height: 1.6; color: inherit; background-color: transparent;'> <!-- Secci\u00f3n de contenido con flex\/grid --> <\/p>\n<div style='display: flex; flex-wrap: wrap; gap: 30px; margin-bottom: 30px;'>\n<div style='flex: 1 1 300px; min-width: 280px;'>\n<h3 style='font-size: 22px; border-bottom: 2px solid currentColor; padding-bottom: 5px; margin-top: 0; color: inherit; opacity: 0.8;'>Protecci\u00f3n de Alta Tecnolog\u00eda<\/h3>\n<p style='font-size: 15px; color: inherit; margin-bottom: 15px;'>Proteja su Access Point con los protectores de TRANSTECTOR&comma; que utilizan la m\u00e1s alta tecnolog\u00eda en sistemas de protecci\u00f3n desarrollada con <strong>diodos de avalancha de silicio (SASD)<\/strong>.<\/p>\n<p style='font-size: 15px; color: inherit; margin-bottom: 15px;'>A diferencia de otros fabricantes de protectores que utilizan <strong>varistores de \u00f3xido de metal (MOV)<\/strong> que se van degradando con el tiempo al oponerse a los transitorios o sobretensiones de voltaje que da\u00f1an sus equipos electr\u00f3nicos. Transtector utiliza la tecnolog\u00eda de <strong>diodos de avalancha de silicio (SASD)<\/strong> que no se degrada al oponerse a los transitorios. Cuentan con la m\u00e1s r\u00e1pida respuesta y alto rendimiento en sus protectores; manteniendo la mejor protecci\u00f3n y minimizando los costos de reparaci\u00f3n y reemplazo de equipo electr\u00f3nico.<\/p>\n<\/p><\/div>\n<\/p><\/div>\n<p> <!-- Secci\u00f3n de caracter\u00edsticas --> <\/p>\n<div style='display: flex; flex-wrap: wrap; gap: 20px; margin-bottom: 30px;'>\n<div style='flex: 1 1 250px; border: 1px solid rgba(150&comma; 150&comma; 150&comma; 0.4); border-radius: 8px; overflow: hidden; display: flex; flex-direction: column;'>\n<div style='padding: 15px; border-bottom: 1px solid rgba(150&comma; 150&comma; 150&comma; 0.2); font-weight: bold; font-size: 18px; color: inherit;'>Caracter\u00edsticas T\u00e9cnicas<\/div>\n<div style='padding: 15px; color: inherit;'>\n<ul style='padding-left: 20px; margin: 0; font-size: 14px; list-style-type: disc;'>\n<li style='margin-bottom: 5px;'><strong>Tecnolog\u00eda:<\/strong> Diodo de avalancha de silicio (SASD)<\/li>\n<li style='margin-bottom: 5px;'><strong>No se degrada<\/strong> por los transitorios<\/li>\n<li style='margin-bottom: 5px;'><strong>Protecci\u00f3n bidireccional<\/strong> en carga y l\u00ednea<\/li>\n<li style='margin-bottom: 5px;'><strong>Protocolo:<\/strong> Ethernet y Power over Ethernet<\/li>\n<li style='margin-bottom: 5px;'><strong>Velocidad de datos:<\/strong> 10\/100 Mbps<\/li>\n<li style='margin-bottom: 5px;'><strong>Voltaje m\u00e1ximo de operaci\u00f3n:<\/strong> 60 Vdc<\/li>\n<\/ul><\/div>\n<\/p><\/div>\n<div style='flex: 1 1 250px; border: 1px solid rgba(150&comma; 150&comma; 150&comma; 0.4); border-radius: 8px; overflow: hidden; display: flex; flex-direction: column;'>\n<div style='padding: 15px; border-bottom: 1px solid rgba(150&comma; 150&comma; 150&comma; 0.2); font-weight: bold; font-size: 18px; color: inherit;'>Detalles de Instalaci\u00f3n<\/div>\n<div style='padding: 15px; color: inherit;'>\n<ul style='padding-left: 20px; margin: 0; font-size: 14px; list-style-type: disc;'>\n<li style='margin-bottom: 5px;'><strong>Pines protegidos:<\/strong> (1&comma;2)(3&comma;6)(4&comma;5) y (7&comma;8)<\/li>\n<li style='margin-bottom: 5px;'><strong>Conectores:<\/strong> RJ45 met\u00e1licos<\/li>\n<li style='margin-bottom: 5px;'><strong>Tipo de montaje:<\/strong> pared o poste<\/li>\n<li style='margin-bottom: 5px;'><strong>Gabinete tipo:<\/strong> NEMA 3R<\/li>\n<li style='margin-bottom: 5px;'><strong>Temperatura:<\/strong> -40 a 75 \u00b0C<\/li>\n<li style='margin-bottom: 5px;'><strong>Requiere tierra f\u00edsica<\/strong> unidireccional independiente<\/li>\n<\/ul><\/div>\n<\/p><\/div>\n<\/p><\/div>\n<p> <!-- Secci\u00f3n de imagen --> <\/p>\n<div style='display: flex; flex-wrap: wrap; gap: 30px; margin-bottom: 30px;'>\n<div style='flex: 1 1 300px; min-width: 280px;'> <img style='width: 100%; height: auto; border: 1px solid rgba(150&comma;150&comma;150&comma;0.3); border-radius: 8px;' src='http:\/\/ftp3.syscom.mx\/usuarios\/fotos\/TALPU48POE\/TALPU48POE_1.jpg' alt=''> <\/div>\n<\/p><\/div>\n<p> <!-- Secci\u00f3n de informaci\u00f3n adicional --> <\/p>\n<div style='display: flex; flex-wrap: wrap; gap: 30px; margin-bottom: 30px;'>\n<div style='flex: 1 1 300px; min-width: 280px;'>\n<div style='font-size: 14px; color: inherit; padding: 15px; border-left: 4px solid rgba(150&comma;150&comma;150&comma;0.4); margin: 0;'> <strong>Consulte al departamento de ingenier\u00eda por el protector adecuado para otros equipos.<\/strong> <\/div>\n<\/p><\/div>\n<\/p><\/div>\n<p> <!-- Separador --> <\/p>\n<hr style='border: 0; border-top: 1px solid rgba(150&comma; 150&comma; 150&comma; 0.3); margin: 30px 0;'> <\/div>\n","protected":false},"excerpt":{"rendered":"<p>Protector PoE Met\u00e1lico Individual Para Exterior Contra Descargas Atmosf\u00e9ricas Con Puertos RJ45 10\/100 Mbps<\/p>\n","protected":false},"featured_media":74388,"comment_status":"open","ping_status":"closed","template":"","meta":[],"product_brand":[],"product_cat":[953],"product_tag":[898,954,546],"class_list":{"0":"post-74389","1":"product","2":"type-product","3":"status-publish","4":"has-post-thumbnail","6":"product_cat-redes","7":"product_tag-proteccion-contra-descargas","8":"product_tag-redes","9":"product_tag-transtector","11":"first","12":"outofstock","13":"sale","14":"shipping-taxable","15":"purchasable","16":"product-type-simple"},"_links":{"self":[{"href":"https:\/\/soydeaqui.ddns.net\/pachuca\/index.php\/wp-json\/wp\/v2\/product\/74389","targetHints":{"allow":["GET"]}}],"collection":[{"href":"https:\/\/soydeaqui.ddns.net\/pachuca\/index.php\/wp-json\/wp\/v2\/product"}],"about":[{"href":"https:\/\/soydeaqui.ddns.net\/pachuca\/index.php\/wp-json\/wp\/v2\/types\/product"}],"replies":[{"embeddable":true,"href":"https:\/\/soydeaqui.ddns.net\/pachuca\/index.php\/wp-json\/wp\/v2\/comments?post=74389"}],"wp:featuredmedia":[{"embeddable":true,"href":"https:\/\/soydeaqui.ddns.net\/pachuca\/index.php\/wp-json\/wp\/v2\/media\/74388"}],"wp:attachment":[{"href":"https:\/\/soydeaqui.ddns.net\/pachuca\/index.php\/wp-json\/wp\/v2\/media?parent=74389"}],"wp:term":[{"taxonomy":"product_brand","embeddable":true,"href":"https:\/\/soydeaqui.ddns.net\/pachuca\/index.php\/wp-json\/wp\/v2\/product_brand?post=74389"},{"taxonomy":"product_cat","embeddable":true,"href":"https:\/\/soydeaqui.ddns.net\/pachuca\/index.php\/wp-json\/wp\/v2\/product_cat?post=74389"},{"taxonomy":"product_tag","embeddable":true,"href":"https:\/\/soydeaqui.ddns.net\/pachuca\/index.php\/wp-json\/wp\/v2\/product_tag?post=74389"}],"curies":[{"name":"wp","href":"https:\/\/api.w.org\/{rel}","templated":true}]}}