{"id":74381,"date":"2026-03-19T13:58:43","date_gmt":"2026-03-19T13:58:43","guid":{"rendered":"https:\/\/soydeaqui.ddns.net\/pachuca\/index.php\/producto\/switch-core-capa-3-de-24-puertos-sfp-1gbps-con-12-puertos-rj-45-1gbps-compartidos-2-slots-de-expansion\/"},"modified":"2026-03-19T13:58:45","modified_gmt":"2026-03-19T13:58:45","slug":"switch-core-capa-3-de-24-puertos-sfp-1gbps-con-12-puertos-rj-45-1gbps-compartidos-2-slots-de-expansion","status":"publish","type":"product","link":"https:\/\/soydeaqui.ddns.net\/pachuca\/index.php\/producto\/switch-core-capa-3-de-24-puertos-sfp-1gbps-con-12-puertos-rj-45-1gbps-compartidos-2-slots-de-expansion\/","title":{"rendered":"Switch Core Capa 3 de 24 Puertos SFP 1Gbps con 12 Puertos RJ-45 1Gbps Compartidos + 2 Slots de expansi\u00f3n"},"content":{"rendered":"<div style='width: 100%; max-width: 1200px; margin: 0 auto; font-family: sans-serif; line-height: 1.6; color: inherit; background-color: transparent;'> <!-- Im\u00e1genes --> <\/p>\n<div style='display: flex; flex-wrap: wrap; gap: 15px; margin-bottom: 30px; justify-content: center;'> <img style='width: 100%; max-width: 300px; height: auto; border: 1px solid rgba(150&comma;150&comma;150&comma;0.3); border-radius: 8px;' src='https:\/\/ftp3.syscom.mx\/usuarios\/fotos\/XGS324242\/68594-sfp.png' alt=''> <img style='width: 100%; max-width: 300px; height: auto; border: 1px solid rgba(150&comma;150&comma;150&comma;0.3); border-radius: 8px;' src='https:\/\/ftp3.syscom.mx\/usuarios\/fotos\/XGS324242\/68594-gigabit.png' alt=''> <img style='width: 100%; max-width: 600px; height: auto; border: 1px solid rgba(150&comma;150&comma;150&comma;0.3); border-radius: 8px;' src='http:\/\/ftp3.syscom.mx\/usuarios\/despinoza\/planet\/XGS3-24242-4_L.gif' alt='XGS324242'> <img style='width: 100%; max-width: 300px; height: auto; border: 1px solid rgba(150&comma;150&comma;150&comma;0.3); border-radius: 8px;' src='http:\/\/ftp3.syscom.mx\/usuarios\/fotos\/XGS324242\/XGS324242_1.png' alt=''> <\/div>\n<p> <!-- Secci\u00f3n de puertos --> <\/p>\n<div style='display: flex; flex-wrap: wrap; gap: 30px; margin-bottom: 30px;'>\n<div style='flex: 1 1 300px; min-width: 280px;'>\n<h3 style='font-size: 22px; border-bottom: 2px solid currentColor; padding-bottom: 5px; margin-top: 0; color: inherit; opacity: 0.8;'>Puertos<\/h3>\n<ul style='padding-left: 20px; font-size: 15px; color: inherit;'>\n<li style='margin-bottom: 5px;'>24 puertos SFP 100\/1000BaseX<\/li>\n<li style='margin-bottom: 5px;'>12 puertos 10\/100\/1000Base-T Compartidos (Puertos 13-24)<\/li>\n<li style='margin-bottom: 5px;'>2 m\u00f3dulos de expansi\u00f3n 10G SFP+ Max. 4 puertos 10G<\/li>\n<\/ul><\/div>\n<\/p><\/div>\n<p> <!-- Secci\u00f3n de apilamiento --> <\/p>\n<div style='display: flex; flex-wrap: wrap; gap: 30px; margin-bottom: 30px;'>\n<div style='flex: 1 1 300px; min-width: 280px;'>\n<h3 style='font-size: 22px; border-bottom: 2px solid currentColor; padding-bottom: 5px; margin-top: 0; color: inherit; opacity: 0.8;'>Stacking (Apilamiento)<\/h3>\n<ul style='padding-left: 20px; font-size: 15px; color: inherit;'>\n<li style='margin-bottom: 5px;'>Hasta 24 Switches Apilados administrados como si fuera 1<\/li>\n<li style='margin-bottom: 5px;'>Manejo de todo el Stack con una sola IP de Administraci\u00f3n<\/li>\n<\/ul><\/div>\n<\/p><\/div>\n<p> <!-- Secci\u00f3n de administraci\u00f3n --> <\/p>\n<div style='display: flex; flex-wrap: wrap; gap: 30px; margin-bottom: 30px;'>\n<div style='flex: 1 1 300px; min-width: 280px;'>\n<h3 style='font-size: 22px; border-bottom: 2px solid currentColor; padding-bottom: 5px; margin-top: 0; color: inherit; opacity: 0.8;'>Administraci\u00f3n<\/h3>\n<ul style='padding-left: 20px; font-size: 15px; color: inherit;'>\n<li style='margin-bottom: 5px;'>Administraci\u00f3n por interfaz web<\/li>\n<li style='margin-bottom: 5px;'>Interfaz de l\u00ednea de comandos por Telnet \/ consola<\/li>\n<li style='margin-bottom: 5px;'>Monitoreo por SNMP v1&comma; v2c<\/li>\n<li style='margin-bottom: 5px;'>Soporta SSL<\/li>\n<li style='margin-bottom: 5px;'>Cliente DHCP<\/li>\n<li style='margin-bottom: 5px;'>Actualizaci\u00f3n de Firmware\/configuraci\u00f3n por TFTP y HTTP<\/li>\n<li style='margin-bottom: 5px;'>Monitoreo en tiempo real con historial&comma; estad\u00edsticas&comma; alarmas y eventos<\/li>\n<li style='margin-bottom: 5px;'>Funci\u00f3n DHCP Relay<\/li>\n<\/ul><\/div>\n<\/p><\/div>\n<p> <!-- Secci\u00f3n de caracter\u00edsticas en grid --> <\/p>\n<div style='display: flex; flex-wrap: wrap; gap: 20px; margin-bottom: 30px;'>\n<div style='flex: 1 1 250px; border: 1px solid rgba(150&comma; 150&comma; 150&comma; 0.4); border-radius: 8px; overflow: hidden; display: flex; flex-direction: column;'>\n<div style='padding: 15px; border-bottom: 1px solid rgba(150&comma; 150&comma; 150&comma; 0.2); font-weight: bold; font-size: 18px; color: inherit;'>Caracter\u00edsticas Capa 2<\/div>\n<div style='padding: 15px; color: inherit;'>\n<ul style='padding-left: 20px; margin: 0; font-size: 14px; list-style-type: disc;'>\n<li style='margin-bottom: 5px;'>Cumple con los est\u00e1ndares Gigabit802.3&comma;802.3u&comma;802.3ab&comma;802.3z<\/li>\n<li style='margin-bottom: 5px;'>Auto-Negociaci\u00f3n Full\/HalfDuplex10Base-T\/100Base-TX\/1000 Base-T para todos los puertos<\/li>\n<li style='margin-bottom: 5px;'>Auto-Detecci\u00f3n MDI\/MDI-X para cada puerto RJ45<\/li>\n<li style='margin-bottom: 5px;'>Arquitectura Store and Forward de alto rendimiento&comma; el filtrado runt\/CRC elimina los paquetes err\u00f3neos para optimizar el ancho de banda de la red<\/li>\n<li style='margin-bottom: 5px;'>1KMAC Address Table con Funci\u00f3n Autolearning<\/li>\n<li style='margin-bottom: 5px;'>Soporta Quality of Service&comma; MulticastI GMPS nooping V1 y V2&comma; FlowControl&comma; 802.1Q VLANs&comma; 802.3ad LACP Link Aggregation&comma; 802.1D \/ 802.1w Spanning Tree Protocol&comma; Port Mirroring&comma; Broadcast \/ Multicast \/ Unicast Storm Control&comma; ACL&comma; NTP&comma; LLDP<\/li>\n<li style='margin-bottom: 5px;'>Throughput: 95Mpps @ 64Bytes<\/li>\n<\/ul><\/div>\n<\/p><\/div>\n<div style='flex: 1 1 250px; border: 1px solid rgba(150&comma; 150&comma; 150&comma; 0.4); border-radius: 8px; overflow: hidden; display: flex; flex-direction: column;'>\n<div style='padding: 15px; border-bottom: 1px solid rgba(150&comma; 150&comma; 150&comma; 0.2); font-weight: bold; font-size: 18px; color: inherit;'>Caracter\u00edsticas Capa 3<\/div>\n<div style='padding: 15px; color: inherit;'>\n<ul style='padding-left: 20px; margin: 0; font-size: 14px; list-style-type: disc;'>\n<li style='margin-bottom: 5px;'>Ruteo por IP&comma; Multicasto VLAN<\/li>\n<li style='margin-bottom: 5px;'>Rutas est\u00e1ticas<\/li>\n<li style='margin-bottom: 5px;'>Rutas usando RIPv1\/v2&comma;OSFPv2&comma;BGPv4<\/li>\n<\/ul><\/div>\n<\/p><\/div>\n<div style='flex: 1 1 250px; border: 1px solid rgba(150&comma; 150&comma; 150&comma; 0.4); border-radius: 8px; overflow: hidden; display: flex; flex-direction: column;'>\n<div style='padding: 15px; border-bottom: 1px solid rgba(150&comma; 150&comma; 150&comma; 0.2); font-weight: bold; font-size: 18px; color: inherit;'>Seguridad<\/div>\n<div style='padding: 15px; color: inherit;'>\n<ul style='padding-left: 20px; margin: 0; font-size: 14px; list-style-type: disc;'>\n<li style='margin-bottom: 5px;'>Acceso protegido por contrase\u00f1a&comma; IP\/MAC Binding&comma; Filtrado MAC&comma; MAC Est\u00e1tica&comma; Seguridad de Puerto&comma; 802.1x control de acceso a red basado en puerto<\/li>\n<li style='margin-bottom: 5px;'>Soporta autenticaci\u00f3n de Usuarios por RADIUS \/ TACACS+&comma; con Cliente RADIUS interconstruido<\/li>\n<li style='margin-bottom: 5px;'>Defensa contra ataques DoS<\/li>\n<li style='margin-bottom: 5px;'>Prevenci\u00f3n de ataques de Spoofing<\/li>\n<li style='margin-bottom: 5px;'>Inspecci\u00f3n ARP din\u00e1mica<\/li>\n<li style='margin-bottom: 5px;'>DHCP Snooping para prevenir mensajes DHCP no confiables<\/li>\n<li style='margin-bottom: 5px;'>Lista de acceso por IP para prevenir intrusos<\/li>\n<\/ul><\/div>\n<\/p><\/div>\n<div style='flex: 1 1 250px; border: 1px solid rgba(150&comma; 150&comma; 150&comma; 0.4); border-radius: 8px; overflow: hidden; display: flex; flex-direction: column;'>\n<div style='padding: 15px; border-bottom: 1px solid rgba(150&comma; 150&comma; 150&comma; 0.2); font-weight: bold; font-size: 18px; color: inherit;'>Caracter\u00edsticas F\u00edsicas y El\u00e9ctricas<\/div>\n<div style='padding: 15px; color: inherit;'>\n<ul style='padding-left: 20px; margin: 0; font-size: 14px; list-style-type: disc;'>\n<li style='margin-bottom: 5px;'>Alimentaci\u00f3n: 100-240VCA @ 30W<\/li>\n<li style='margin-bottom: 5px;'>Dimensiones: 1U Rack&comma; 440 x 200 x 44.5 mm<\/li>\n<li style='margin-bottom: 5px;'>Peso: 4.3 Kg<\/li>\n<li style='margin-bottom: 5px;'>Temperatura de operaci\u00f3n: 0 a 50\u00b0C<\/li>\n<\/ul><\/div>\n<\/p><\/div>\n<\/p><\/div>\n<p> <!-- Separador final --> <\/p>\n<hr style='border: 0; border-top: 1px solid rgba(150&comma; 150&comma; 150&comma; 0.3); margin: 30px 0;'> <\/div>\n","protected":false},"excerpt":{"rendered":"<p>Switch Core Capa 3 de 24 Puertos SFP 1Gbps con 12 Puertos RJ-45 1Gbps Compartidos + 2 Slots de expansi\u00f3n<\/p>\n","protected":false},"featured_media":74380,"comment_status":"open","ping_status":"closed","template":"","meta":[],"product_brand":[],"product_cat":[1970],"product_tag":[664,2033,1971],"class_list":{"0":"post-74381","1":"product","2":"type-product","3":"status-publish","4":"has-post-thumbnail","6":"product_cat-switches","7":"product_tag-networking","8":"product_tag-planet","9":"product_tag-switches","11":"first","12":"outofstock","13":"sale","14":"shipping-taxable","15":"purchasable","16":"product-type-simple"},"_links":{"self":[{"href":"https:\/\/soydeaqui.ddns.net\/pachuca\/index.php\/wp-json\/wp\/v2\/product\/74381","targetHints":{"allow":["GET"]}}],"collection":[{"href":"https:\/\/soydeaqui.ddns.net\/pachuca\/index.php\/wp-json\/wp\/v2\/product"}],"about":[{"href":"https:\/\/soydeaqui.ddns.net\/pachuca\/index.php\/wp-json\/wp\/v2\/types\/product"}],"replies":[{"embeddable":true,"href":"https:\/\/soydeaqui.ddns.net\/pachuca\/index.php\/wp-json\/wp\/v2\/comments?post=74381"}],"wp:featuredmedia":[{"embeddable":true,"href":"https:\/\/soydeaqui.ddns.net\/pachuca\/index.php\/wp-json\/wp\/v2\/media\/74380"}],"wp:attachment":[{"href":"https:\/\/soydeaqui.ddns.net\/pachuca\/index.php\/wp-json\/wp\/v2\/media?parent=74381"}],"wp:term":[{"taxonomy":"product_brand","embeddable":true,"href":"https:\/\/soydeaqui.ddns.net\/pachuca\/index.php\/wp-json\/wp\/v2\/product_brand?post=74381"},{"taxonomy":"product_cat","embeddable":true,"href":"https:\/\/soydeaqui.ddns.net\/pachuca\/index.php\/wp-json\/wp\/v2\/product_cat?post=74381"},{"taxonomy":"product_tag","embeddable":true,"href":"https:\/\/soydeaqui.ddns.net\/pachuca\/index.php\/wp-json\/wp\/v2\/product_tag?post=74381"}],"curies":[{"name":"wp","href":"https:\/\/api.w.org\/{rel}","templated":true}]}}