{"id":74367,"date":"2026-03-19T13:58:08","date_gmt":"2026-03-19T13:58:08","guid":{"rendered":"https:\/\/soydeaqui.ddns.net\/pachuca\/index.php\/producto\/organizador-de-cable-vertical-de-24-unidades-rack-compatible-con-rack-eirl5524\/"},"modified":"2026-03-19T13:58:20","modified_gmt":"2026-03-19T13:58:20","slug":"organizador-de-cable-vertical-de-24-unidades-rack-compatible-con-rack-eirl5524","status":"publish","type":"product","link":"https:\/\/soydeaqui.ddns.net\/pachuca\/index.php\/producto\/organizador-de-cable-vertical-de-24-unidades-rack-compatible-con-rack-eirl5524\/","title":{"rendered":"Organizador de Cable Vertical de 24 Unidades Rack, Compatible con Rack EIRL5524"},"content":{"rendered":"<div style='width: 100%; max-width: 1200px; margin: 0 auto; font-family: sans-serif; line-height: 1.6; color: inherit; background-color: transparent;'> <!-- Secci\u00f3n de descripci\u00f3n principal --> <\/p>\n<div style='margin-bottom: 30px;'>\n<p style='margin: 0 0 15px 0; color: inherit;'>Nuestros organizadores de cable LinkedPRO\u00ae son la soluci\u00f3n integral para dar orden y presentaci\u00f3n en una instalaci\u00f3n completa en sistemas de radiocomunicaci\u00f3n&comma; vigilancia y redes inal\u00e1mbricas&comma; etc.<\/p>\n<\/p><\/div>\n<p> <!-- Secci\u00f3n de caracter\u00edsticas funcionales --> <\/p>\n<div style='display: flex; flex-wrap: wrap; gap: 30px; margin-bottom: 30px;'>\n<div style='flex: 1 1 300px; min-width: 280px;'>\n<h3 style='font-size: 22px; border-bottom: 2px solid currentColor; padding-bottom: 5px; margin-top: 0; color: inherit; opacity: 0.8;'>Caracter\u00edsticas Funcionales<\/h3>\n<ul style='padding-left: 20px; font-size: 15px; color: inherit;'>\n<li style='margin-bottom: 5px;'>Cuenta con una tapa para asegurar cableado<\/li>\n<li style='margin-bottom: 5px;'>Cuenta con s\u00f3lida estructura de acero<\/li>\n<li style='margin-bottom: 5px;'>Soporta diversos calibres de cableado<\/li>\n<li style='margin-bottom: 5px;'>Incluye dos piezas: base y tapa<\/li>\n<li style='margin-bottom: 5px;'>Compatible con racks de dos postes serie EIRL<\/li>\n<li style='margin-bottom: 5px;'>Capacidad de cableado:<\/li>\n<li style='margin-bottom: 5px;'>CAT5 (5.65 mm): 260 cables*<\/li>\n<li style='margin-bottom: 5px;'>CAT6 (6.1 mm): 225 cables*<\/li>\n<li style='margin-bottom: 5px;'>Considerando un espacio de 50% para respiraci\u00f3n del ducto<\/li>\n<\/ul><\/div>\n<\/p><\/div>\n<p> <!-- Secci\u00f3n de caracter\u00edsticas f\u00edsicas --> <\/p>\n<div style='display: flex; flex-wrap: wrap; gap: 30px; margin-bottom: 30px;'>\n<div style='flex: 1 1 300px; min-width: 280px;'>\n<h3 style='font-size: 22px; border-bottom: 2px solid currentColor; padding-bottom: 5px; margin-top: 0; color: inherit; opacity: 0.8;'>Caracter\u00edsticas F\u00edsicas<\/h3>\n<ul style='padding-left: 20px; font-size: 15px; color: inherit;'>\n<li style='margin-bottom: 5px;'><strong>Pintura:<\/strong> Negra Electrost\u00e1tico<\/li>\n<li style='margin-bottom: 5px;'><strong>Aplicaci\u00f3n:<\/strong> Interior<\/li>\n<li style='margin-bottom: 5px;'><strong>Material:<\/strong> Acero<\/li>\n<li style='margin-bottom: 5px;'><strong>Unidades Rack:<\/strong> 24<\/li>\n<li style='margin-bottom: 5px;'><strong>Dimensiones exteriores:<\/strong> 115 x 1064 x 136 mm (Ancho x Altura x Profundidad)<\/li>\n<\/ul><\/div>\n<\/p><\/div>\n<p> <!-- Separador --> <\/p>\n<hr style='border: 0; border-top: 1px solid rgba(150&comma; 150&comma; 150&comma; 0.3); margin: 30px 0;'> <\/div>\n","protected":false},"excerpt":{"rendered":"<p>Organizador de Cable Vertical de 24 Unidades Rack, Compatible con Rack EIRL5524<\/p>\n","protected":false},"featured_media":74366,"comment_status":"open","ping_status":"closed","template":"","meta":[],"product_brand":[],"product_cat":[707],"product_tag":[606,435,605],"class_list":{"0":"post-74367","1":"product","2":"type-product","3":"status-publish","4":"has-post-thumbnail","6":"product_cat-accesorios-para-racks-y-gabinetes-racks-y-gabinetes-radiocomunicacion","7":"product_tag-accesorios-para-racks-y-gabinetes","8":"product_tag-linkedpro-by-epcom","9":"product_tag-racks-y-gabinetes","11":"first","12":"outofstock","13":"sale","14":"shipping-taxable","15":"purchasable","16":"product-type-simple"},"_links":{"self":[{"href":"https:\/\/soydeaqui.ddns.net\/pachuca\/index.php\/wp-json\/wp\/v2\/product\/74367","targetHints":{"allow":["GET"]}}],"collection":[{"href":"https:\/\/soydeaqui.ddns.net\/pachuca\/index.php\/wp-json\/wp\/v2\/product"}],"about":[{"href":"https:\/\/soydeaqui.ddns.net\/pachuca\/index.php\/wp-json\/wp\/v2\/types\/product"}],"replies":[{"embeddable":true,"href":"https:\/\/soydeaqui.ddns.net\/pachuca\/index.php\/wp-json\/wp\/v2\/comments?post=74367"}],"wp:featuredmedia":[{"embeddable":true,"href":"https:\/\/soydeaqui.ddns.net\/pachuca\/index.php\/wp-json\/wp\/v2\/media\/74366"}],"wp:attachment":[{"href":"https:\/\/soydeaqui.ddns.net\/pachuca\/index.php\/wp-json\/wp\/v2\/media?parent=74367"}],"wp:term":[{"taxonomy":"product_brand","embeddable":true,"href":"https:\/\/soydeaqui.ddns.net\/pachuca\/index.php\/wp-json\/wp\/v2\/product_brand?post=74367"},{"taxonomy":"product_cat","embeddable":true,"href":"https:\/\/soydeaqui.ddns.net\/pachuca\/index.php\/wp-json\/wp\/v2\/product_cat?post=74367"},{"taxonomy":"product_tag","embeddable":true,"href":"https:\/\/soydeaqui.ddns.net\/pachuca\/index.php\/wp-json\/wp\/v2\/product_tag?post=74367"}],"curies":[{"name":"wp","href":"https:\/\/api.w.org\/{rel}","templated":true}]}}