{"id":74334,"date":"2026-03-19T13:57:00","date_gmt":"2026-03-19T13:57:00","guid":{"rendered":"https:\/\/soydeaqui.ddns.net\/pachuca\/index.php\/producto\/backhaul-doble-radio-250-mbps-reales-por-radio-carrier-class-5-1-5-9-ghz-3\/"},"modified":"2026-03-19T13:57:07","modified_gmt":"2026-03-19T13:57:07","slug":"backhaul-doble-radio-250-mbps-reales-por-radio-carrier-class-5-1-5-9-ghz-3","status":"publish","type":"product","link":"https:\/\/soydeaqui.ddns.net\/pachuca\/index.php\/producto\/backhaul-doble-radio-250-mbps-reales-por-radio-carrier-class-5-1-5-9-ghz-3\/","title":{"rendered":"Backhaul Doble Radio, 250 Mbps reales por radio, Carrier-Class, 5.1-5.9 GHz"},"content":{"rendered":"<div style='width: 100%; max-width: 1200px; margin: 0 auto; font-family: sans-serif; line-height: 1.6; color: inherit; background-color: transparent;'> <!-- Secci\u00f3n principal --> <\/p>\n<div style='display: flex; flex-direction: column; gap: 30px;'>\n<div style='width: 100%;'>\n<p style='margin: 0 0 15px; font-size: 15px; color: inherit;'>El enlace Backhaul de la serie <strong>BreezeULTRA P6000-250M<\/strong> Alta Capacidad Carrier-Class de Alvarion&comma; proporciona un enlace sumamente robusto&comma; confiable&comma; gran capacidad de ancho de banda totalmente administrable en uplink y downlink de acuerdo a la necesidad del trafico&comma; que lo hace ideal para transmisi\u00f3n de v\u00eddeo&comma; voz y datos para enlaces de los clientes mas exigentes como gobierno&comma; minas&comma; seguridad p\u00fablica&comma; corporativos&comma; automatizaciones de sem\u00e1foros&comma; aeropuertos&comma; estaciones de tren&comma; puertos mar\u00edtimos&comma; petroleras&comma; estaciones de gas&comma; CFE&comma; etc. un sin fin de aplicaciones que hoy exigen conectividad segura y confiable.<\/p>\n<p style='margin: 0 0 15px; font-size: 15px; color: inherit;'>Con la serie <strong>BreezeULTRA P6000-250M<\/strong> de Alvarion garantiza un enlace por varios a\u00f1os a gran capacidad dejando de lado problemas de p\u00e9rdida de potencia&comma; reinicio de equipos inesperados&comma; sistemas inestables lo que sucede con soluciones convencionales y sobre todo a una alta transmisi\u00f3n de <strong>80&comma;000 paquetes por segundo<\/strong> para aplicaciones de voz (VoIP). Establezca un enlace que le dar\u00e1 la tranquilidad del funcionamiento de flujo de informaci\u00f3n en ambos sitios inclusive en ambientes mas hostiles.<\/p>\n<p style='margin: 0 0 15px; font-size: 15px; color: inherit;'>La serie <strong>BreezeULTRA P6000-250M<\/strong> de Alvarion cuenta con <strong>dos radios interconstruidos<\/strong> en un mismo hardware&comma; uno activo para alcanzar hasta <strong>250 Mbps<\/strong> <strong>reales<\/strong> y otro pasivo que se activa con la licencia <strong>ULB350B600<\/strong> para duplicar el ancho de banda hasta <strong>500 Mbps<\/strong> <strong>reales<\/strong> en condiciones optimas&comma; solo agregando algunos accesorios adicionales como antenas y jumpers.<\/p>\n<p style='margin: 0 0 15px; font-size: 15px; color: inherit;'>Asesorarse con el departamento de ingenier\u00eda de <span style='color: #007BFF; text-decoration: none;'>SYSCOM<\/span> para ayudarle armar su soluci\u00f3n.<\/p>\n<p style='margin: 0 0 15px; font-size: 15px; color: inherit;'><strong>Caracter\u00edsticas T\u00e9cnicas:<\/strong><\/p>\n<ul style='padding-left: 20px; margin: 0 0 30px 0; font-size: 15px; list-style-type: disc; color: inherit;'>\n<li style='margin-bottom: 5px;'>Rango de frecuencia: 5100 &#8211; 5900 MHz<\/li>\n<li style='margin-bottom: 5px;'>Ancho de canal ajustable: 20 y 40 MHz<\/li>\n<li style='margin-bottom: 5px;'>Radio primario conectorizado hasta 250 Mbps<\/li>\n<li style='margin-bottom: 5px;'>Radio secundario conectorizado hasta 250 Mbps&comma; se activa con licencia <strong>ULB350B600<\/strong> (no incluida)<\/li>\n<li style='margin-bottom: 5px;'>Ancho de banda en downlink y uplink 100% gestionable seg\u00fan su aplicaci\u00f3n de v\u00eddeo&comma; voz y datos de acuerdo a la necesidad del enlace<\/li>\n<li style='margin-bottom: 5px;'>Programaci\u00f3n v\u00eda Web&comma; SNMP&comma; Telnet<\/li>\n<li style='margin-bottom: 5px;'>Tipo de radio MIMO (2X2)&comma; OFDM&comma; TDD<\/li>\n<li style='margin-bottom: 5px;'>Soporta VLAN basado en 802.1Q<\/li>\n<li style='margin-bottom: 5px;'>Modulaci\u00f3n: OFDM&comma; BPSK&comma; QPSK&comma; QAM16&comma; QAM64<\/li>\n<li style='margin-bottom: 5px;'><strong>4 Conectores N-Hembra para antenas externas de ambos radios primario y secundario<\/strong><\/li>\n<li style='margin-bottom: 5px;'>Temperatura: -40 a 55\u00baC<\/li>\n<li style='margin-bottom: 5px;'>F\u00e1cil instalaci\u00f3n en Torres<\/li>\n<li style='margin-bottom: 5px;'>Soporta calidad de servicio QoS<\/li>\n<li style='margin-bottom: 5px;'>Control Autom\u00e1tico de Transmisi\u00f3n de Potencia (ATCP) para evitar saturaci\u00f3n del enlace<\/li>\n<li style='margin-bottom: 5px;'>Puerto auto negociable Gigabit Ethernet: 10\/100\/1000 Mbps<\/li>\n<li style='margin-bottom: 5px;'>Monitoreo de desempe\u00f1o en gr\u00e1ficos<\/li>\n<li style='margin-bottom: 5px;'>LED\u2019s de se\u00f1al integrados para alineaci\u00f3n<\/li>\n<li style='margin-bottom: 5px;'><strong>Kit de montaje y fuente de poder PoE incluidos<\/strong><\/li>\n<li style='margin-bottom: 5px;'>Consumo de energ\u00eda 40 W (No se considera el consumo del puerto PoE-OUT)<\/li>\n<li style='margin-bottom: 5px;'>El puerto PoE-OUT entrega el mismo voltaje que el puerto PoE-IN<\/li>\n<li style='margin-bottom: 5px;'>Interface: 1 x 10\/100\/1000BaseT (PoE In)&comma; 1 x 10\/100\/1000BaseT 802.3at (PoE out)<\/li>\n<\/ul>\n<p style='margin: 0 0 15px; font-size: 15px; color: inherit;'>Si ya tiene su enlace trabajando a <strong>250 Mbps<\/strong>&comma; al instalar la licencia <strong>ULB350B600<\/strong> (850360) podr\u00e1 incrementarlo a <strong>500 Mbps<\/strong> <strong>reales<\/strong> sin necesidad de cambiar el hardware&comma; solo basta con agregar algunos accesorios sencillos como antenas y jumpers.<\/p>\n<\/p><\/div>\n<p> <!-- Imagen --> <\/p>\n<div style='width: 100%; max-width: 850px; margin: 0 auto;'> <img style='width: 100%; height: auto; border: 1px solid rgba(150&comma;150&comma;150&comma;0.3); border-radius: 8px;' src='http:\/\/ftp3.syscom.mx\/usuarios\/fotos\/BULTRAP6000S\/BULTRAP6000S_1.jpg' alt=''> <\/div>\n<\/p><\/div>\n<p> <!-- Separador --> <\/p>\n<hr style='border: 0; border-top: 1px solid rgba(150&comma; 150&comma; 150&comma; 0.3); margin: 30px 0;'> <\/div>\n","protected":false},"excerpt":{"rendered":"<p>Backhaul Doble Radio, 250 Mbps reales por radio, Carrier-Class, 5.1-5.9 GHz<\/p>\n","protected":false},"featured_media":74333,"comment_status":"open","ping_status":"closed","template":"","meta":[],"product_brand":[],"product_cat":[1990],"product_tag":[2096,1992,1991],"class_list":{"0":"post-74334","1":"product","2":"type-product","3":"status-publish","4":"has-post-thumbnail","6":"product_cat-bandas-5-ghz-2-4-ghz","7":"product_tag-alvarion","8":"product_tag-bandas-5-ghz-2-4-ghz","9":"product_tag-enlaces-de-backhaul","11":"first","12":"outofstock","13":"sale","14":"shipping-taxable","15":"purchasable","16":"product-type-simple"},"_links":{"self":[{"href":"https:\/\/soydeaqui.ddns.net\/pachuca\/index.php\/wp-json\/wp\/v2\/product\/74334","targetHints":{"allow":["GET"]}}],"collection":[{"href":"https:\/\/soydeaqui.ddns.net\/pachuca\/index.php\/wp-json\/wp\/v2\/product"}],"about":[{"href":"https:\/\/soydeaqui.ddns.net\/pachuca\/index.php\/wp-json\/wp\/v2\/types\/product"}],"replies":[{"embeddable":true,"href":"https:\/\/soydeaqui.ddns.net\/pachuca\/index.php\/wp-json\/wp\/v2\/comments?post=74334"}],"wp:featuredmedia":[{"embeddable":true,"href":"https:\/\/soydeaqui.ddns.net\/pachuca\/index.php\/wp-json\/wp\/v2\/media\/74333"}],"wp:attachment":[{"href":"https:\/\/soydeaqui.ddns.net\/pachuca\/index.php\/wp-json\/wp\/v2\/media?parent=74334"}],"wp:term":[{"taxonomy":"product_brand","embeddable":true,"href":"https:\/\/soydeaqui.ddns.net\/pachuca\/index.php\/wp-json\/wp\/v2\/product_brand?post=74334"},{"taxonomy":"product_cat","embeddable":true,"href":"https:\/\/soydeaqui.ddns.net\/pachuca\/index.php\/wp-json\/wp\/v2\/product_cat?post=74334"},{"taxonomy":"product_tag","embeddable":true,"href":"https:\/\/soydeaqui.ddns.net\/pachuca\/index.php\/wp-json\/wp\/v2\/product_tag?post=74334"}],"curies":[{"name":"wp","href":"https:\/\/api.w.org\/{rel}","templated":true}]}}