{"id":7433,"date":"2026-03-18T06:56:23","date_gmt":"2026-03-18T06:56:23","guid":{"rendered":"https:\/\/soydeaqui.ddns.net\/pachuca\/index.php\/producto\/modulo-de-4-relevadores-de-capacidad-30-vcc-max-1-a-para-funciones-de-automatizacion-comunicacion-rs-485\/"},"modified":"2026-03-18T06:56:23","modified_gmt":"2026-03-18T06:56:23","slug":"modulo-de-4-relevadores-de-capacidad-30-vcc-max-1-a-para-funciones-de-automatizacion-comunicacion-rs-485","status":"publish","type":"product","link":"https:\/\/soydeaqui.ddns.net\/pachuca\/index.php\/producto\/modulo-de-4-relevadores-de-capacidad-30-vcc-max-1-a-para-funciones-de-automatizacion-comunicacion-rs-485\/","title":{"rendered":"M\u00f3dulo de 4 Relevadores de Capacidad 30 Vcc (Max. 1 A) \/ Para Funciones de Automatizaci\u00f3n \/ Comunicaci\u00f3n RS-485"},"content":{"rendered":"<div style='width: 100%; max-width: 1200px; margin: 0 auto; font-family: sans-serif; line-height: 1.6; color: inherit; background-color: transparent;'>\n<p style='text-align: center; margin: 0 0 20px 0;'><img style='width: 45%; height: auto; border: 1px solid rgba(150&comma;150&comma;150&comma;0.3); border-radius: 8px;' src='https:\/\/ftp3.syscom.mx\/usuarios\/jsosa\/HIKVISION\/imagenes\/logo\/hikvision%20see%20far.png' alt='Logo Hikvision'><\/p>\n<div style='display: flex; flex-wrap: wrap; gap: 30px; margin-bottom: 30px;'>\n<div style='flex: 1 1 300px; min-width: 280px;'>\n<h3 style='font-size: 22px; border-bottom: 2px solid currentColor; padding-bottom: 5px; margin-top: 0; color: inherit; opacity: 0.8;'>Caracter\u00edsticas principales:<\/h3>\n<ul style='padding-left: 20px; font-size: 15px; color: inherit;'>\n<li style='margin-bottom: 5px;'>Comunicaci\u00f3n RS485.<\/li>\n<li style='margin-bottom: 5px;'>Voltaje de operaci\u00f3n: 12 Vcc.<\/li>\n<li style='margin-bottom: 5px;'>Temperatura de operaci\u00f3n: -10\u00b0C a 55\u00b0C.<\/li>\n<li style='margin-bottom: 5px;'>Capacidad de los relevadores: 30Vcc \/ 1A.<\/li>\n<li style='margin-bottom: 5px;'>Dimensiones: 144 x 232 x 31.2 mm.<\/li>\n<\/ul><\/div>\n<div style='flex: 1 1 300px; min-width: 280px;'>\n<h3 style='font-size: 22px; border-bottom: 2px solid currentColor; padding-bottom: 5px; margin-top: 0; color: inherit; opacity: 0.8;'>Caracter\u00edsticas Destacadas:<\/h3>\n<p style='margin-top: 0; font-size: 15px; color: inherit;'>M\u00f3dulo de relevadores con comunicaci\u00f3n por RS-485 para circuitos b\u00e1sicos de control.<\/p>\n<\/p><\/div>\n<\/p><\/div>\n<div style='position: relative; padding-bottom: 56.25%; height: 0; overflow: hidden; margin-bottom: 30px;'>   <\/div>\n<p style='margin: 30px 0 0 0;'><a href='https:\/\/www.syscom.mx\/principal\/listadoproductosazul\/intrusion-hikvision-paneles-de-alarma-y-accesorios-hybrid-series-66287.html?ordenar=Precio_de_Menor_a_Mayor&#038;pag=1' target='_blank' rel='noopener'><img style='width: 100%; height: auto; border: 1px solid rgba(150&comma;150&comma;150&comma;0.3); border-radius: 8px;' src='https:\/\/ftp3.syscom.mx\/usuarios\/jsosa\/banners\/hikvision-integracion.jpg' alt='Banner Hikvision'><\/a><\/p>\n<\/p><\/div>\n","protected":false},"excerpt":{"rendered":"<p>M\u00f3dulo de 4 Relevadores de Capacidad 30 Vcc (Max. 1 A) \/ Para Funciones de Automatizaci\u00f3n \/ Comunicaci\u00f3n RS-485<\/p>\n","protected":false},"featured_media":7432,"comment_status":"open","ping_status":"closed","template":"","meta":[],"product_brand":[],"product_cat":[171],"product_tag":[54,172,173],"class_list":{"0":"post-7433","1":"product","2":"type-product","3":"status-publish","4":"has-post-thumbnail","6":"product_cat-modulos-de-expansion-de-relevador-pgm","7":"product_tag-hikvision","8":"product_tag-modulos-de-expansion","9":"product_tag-modulos-de-expansion-de-relevador-pgm","11":"first","12":"outofstock","13":"sale","14":"shipping-taxable","15":"purchasable","16":"product-type-simple"},"_links":{"self":[{"href":"https:\/\/soydeaqui.ddns.net\/pachuca\/index.php\/wp-json\/wp\/v2\/product\/7433","targetHints":{"allow":["GET"]}}],"collection":[{"href":"https:\/\/soydeaqui.ddns.net\/pachuca\/index.php\/wp-json\/wp\/v2\/product"}],"about":[{"href":"https:\/\/soydeaqui.ddns.net\/pachuca\/index.php\/wp-json\/wp\/v2\/types\/product"}],"replies":[{"embeddable":true,"href":"https:\/\/soydeaqui.ddns.net\/pachuca\/index.php\/wp-json\/wp\/v2\/comments?post=7433"}],"wp:featuredmedia":[{"embeddable":true,"href":"https:\/\/soydeaqui.ddns.net\/pachuca\/index.php\/wp-json\/wp\/v2\/media\/7432"}],"wp:attachment":[{"href":"https:\/\/soydeaqui.ddns.net\/pachuca\/index.php\/wp-json\/wp\/v2\/media?parent=7433"}],"wp:term":[{"taxonomy":"product_brand","embeddable":true,"href":"https:\/\/soydeaqui.ddns.net\/pachuca\/index.php\/wp-json\/wp\/v2\/product_brand?post=7433"},{"taxonomy":"product_cat","embeddable":true,"href":"https:\/\/soydeaqui.ddns.net\/pachuca\/index.php\/wp-json\/wp\/v2\/product_cat?post=7433"},{"taxonomy":"product_tag","embeddable":true,"href":"https:\/\/soydeaqui.ddns.net\/pachuca\/index.php\/wp-json\/wp\/v2\/product_tag?post=7433"}],"curies":[{"name":"wp","href":"https:\/\/api.w.org\/{rel}","templated":true}]}}