{"id":74329,"date":"2026-03-19T13:56:48","date_gmt":"2026-03-19T13:56:48","guid":{"rendered":"https:\/\/soydeaqui.ddns.net\/pachuca\/index.php\/producto\/ruteador-3g-y-4g-inalambrico-1t-1r\/"},"modified":"2026-03-19T13:56:49","modified_gmt":"2026-03-19T13:56:49","slug":"ruteador-3g-y-4g-inalambrico-1t-1r","status":"publish","type":"product","link":"https:\/\/soydeaqui.ddns.net\/pachuca\/index.php\/producto\/ruteador-3g-y-4g-inalambrico-1t-1r\/","title":{"rendered":"Ruteador 3G y 4G Inal\u00e1mbrico (1T\/1R)"},"content":{"rendered":"<div style='width: 100%; max-width: 1200px; margin: 0 auto; font-family: sans-serif; line-height: 1.6; color: inherit; background-color: transparent;'>\n<div style='display: flex; flex-wrap: wrap; gap: 30px; margin-bottom: 30px;'>\n<div style='flex: 1 1 300px; min-width: 280px;'>\n<h3 style='font-size: 22px; border-bottom: 2px solid currentColor; padding-bottom: 5px; margin-top: 0; color: inherit; opacity: 0.8;'>Caracter\u00edsticas<\/h3>\n<ul style='padding-left: 20px; font-size: 15px; color: inherit;'>\n<li style='margin-bottom: 5px;'>Puertos: 4x LAN&comma; 1x WAN&comma; 1x USB (3 \/ 3.5G)<\/li>\n<li style='margin-bottom: 5px;'>802.11e WMM<\/li>\n<li style='margin-bottom: 5px;'>PPPoE<\/li>\n<li style='margin-bottom: 5px;'>Compatible con WPS<\/li>\n<li style='margin-bottom: 5px;'>Filtrado de IPs&comma; direcciones MAC y p\u00e1ginas web<\/li>\n<li style='margin-bottom: 5px;'>Alimentaci\u00f3n: 9 Vcc&comma; 0.6A incluida<\/li>\n<li style='margin-bottom: 5px;'>Temperatura de operaci\u00f3n: 0\u00b0 \u2013 40\u00b0 C<\/li>\n<li style='margin-bottom: 5px;'>Seguridad: WEP&comma; WPA&comma; WPA2<\/li>\n<li style='margin-bottom: 5px;'>Conector SMA hembra inverso para antenas externas (incluye antena de 5 dBi)<\/li>\n<\/ul><\/div>\n<div style='flex: 1 1 300px; min-width: 280px;'>\n<h3 style='font-size: 22px; border-bottom: 2px solid currentColor; padding-bottom: 5px; margin-top: 0; color: inherit; opacity: 0.8;'>Especificaciones F\u00edsicas<\/h3>\n<ul style='padding-left: 20px; font-size: 15px; color: inherit;'>\n<li style='margin-bottom: 5px;'>Dimensiones: 174 x 23 x 110 mm<\/li>\n<li style='margin-bottom: 5px;'>Peso: 250 g<\/li>\n<\/ul>\n<h3 style='font-size: 22px; border-bottom: 2px solid currentColor; padding-bottom: 5px; margin-top: 25px; color: inherit; opacity: 0.8;'>Compatibilidad<\/h3>\n<ul style='padding-left: 20px; font-size: 15px; color: inherit;'>\n<li style='margin-bottom: 5px;'><strong>Pruebas realizadas con BAM:<\/strong><\/li>\n<li style='margin-bottom: 5px;'>Huawei E153u-6<\/li>\n<li style='margin-bottom: 5px;'>Huawei E1556<\/li>\n<li style='margin-bottom: 5px;'>Nokia CS-11<\/li>\n<\/ul>\n<h3 style='font-size: 22px; border-bottom: 2px solid currentColor; padding-bottom: 5px; margin-top: 25px; color: inherit; opacity: 0.8;'>No Compatibles<\/h3>\n<ul style='padding-left: 20px; font-size: 15px; color: inherit;'>\n<li style='margin-bottom: 5px;'>TCT Mobile X602A (Alcatel)<\/li>\n<\/ul><\/div>\n<\/p><\/div>\n<div style='margin-bottom: 30px;'>\n<p style='font-size: 15px; color: inherit; margin: 0; padding: 0;'>El equipo no se le inserta el SIM directamente&comma; se requiere conectar al puerto USB una BAM (Banda Ancha M\u00f3vil). La compatibilidad con las diferentes BAM que entregan los proveedores de telefon\u00eda no est\u00e1 garantizada&comma; ya que los proveedores cambian los modelos sin previo aviso. Es responsabilidad del cliente realizar las pruebas de compatibilidad con los modelos proporcionados por su proveedor.<\/p>\n<\/p><\/div>\n<hr style='border: 0; border-top: 1px solid rgba(150&comma; 150&comma; 150&comma; 0.3); margin: 30px 0;'> <\/div>\n","protected":false},"excerpt":{"rendered":"<p>Ruteador 3G y 4G Inal\u00e1mbrico (1T\/1R)<\/p>\n","protected":false},"featured_media":74328,"comment_status":"open","ping_status":"closed","template":"","meta":[],"product_brand":[],"product_cat":[2024],"product_tag":[2033,1479,2025],"class_list":{"0":"post-74329","1":"product","2":"type-product","3":"status-publish","4":"has-post-thumbnail","6":"product_cat-routers-inalambricos","7":"product_tag-planet","8":"product_tag-redes-wifi","9":"product_tag-routers-inalambricos","11":"first","12":"outofstock","13":"sale","14":"shipping-taxable","15":"purchasable","16":"product-type-simple"},"_links":{"self":[{"href":"https:\/\/soydeaqui.ddns.net\/pachuca\/index.php\/wp-json\/wp\/v2\/product\/74329","targetHints":{"allow":["GET"]}}],"collection":[{"href":"https:\/\/soydeaqui.ddns.net\/pachuca\/index.php\/wp-json\/wp\/v2\/product"}],"about":[{"href":"https:\/\/soydeaqui.ddns.net\/pachuca\/index.php\/wp-json\/wp\/v2\/types\/product"}],"replies":[{"embeddable":true,"href":"https:\/\/soydeaqui.ddns.net\/pachuca\/index.php\/wp-json\/wp\/v2\/comments?post=74329"}],"wp:featuredmedia":[{"embeddable":true,"href":"https:\/\/soydeaqui.ddns.net\/pachuca\/index.php\/wp-json\/wp\/v2\/media\/74328"}],"wp:attachment":[{"href":"https:\/\/soydeaqui.ddns.net\/pachuca\/index.php\/wp-json\/wp\/v2\/media?parent=74329"}],"wp:term":[{"taxonomy":"product_brand","embeddable":true,"href":"https:\/\/soydeaqui.ddns.net\/pachuca\/index.php\/wp-json\/wp\/v2\/product_brand?post=74329"},{"taxonomy":"product_cat","embeddable":true,"href":"https:\/\/soydeaqui.ddns.net\/pachuca\/index.php\/wp-json\/wp\/v2\/product_cat?post=74329"},{"taxonomy":"product_tag","embeddable":true,"href":"https:\/\/soydeaqui.ddns.net\/pachuca\/index.php\/wp-json\/wp\/v2\/product_tag?post=74329"}],"curies":[{"name":"wp","href":"https:\/\/api.w.org\/{rel}","templated":true}]}}