{"id":74317,"date":"2026-03-19T13:56:23","date_gmt":"2026-03-19T13:56:23","guid":{"rendered":"https:\/\/soydeaqui.ddns.net\/pachuca\/index.php\/producto\/85009324001-antena-ap-90-degrees-5-4-6-0-ghz-17dbi-requiere-2-jumpers-n-macho-a-n-macho\/"},"modified":"2026-03-19T13:56:24","modified_gmt":"2026-03-19T13:56:24","slug":"85009324001-antena-ap-90-degrees-5-4-6-0-ghz-17dbi-requiere-2-jumpers-n-macho-a-n-macho","status":"publish","type":"product","link":"https:\/\/soydeaqui.ddns.net\/pachuca\/index.php\/producto\/85009324001-antena-ap-90-degrees-5-4-6-0-ghz-17dbi-requiere-2-jumpers-n-macho-a-n-macho\/","title":{"rendered":"85009324001 &#8211; Antena AP (90 degrees), 5.4 &#8211; 6.0 GHz, 17dBi, requiere 2 jumpers N Macho a N Macho"},"content":{"rendered":"<div style='width: 100%; max-width: 1200px; margin: 0 auto; font-family: sans-serif; line-height: 1.6; color: inherit; background-color: transparent;'> <!-- Secci\u00f3n de caracter\u00edsticas principales --> <\/p>\n<div style='display: flex; flex-wrap: wrap; gap: 30px; margin-bottom: 30px;'>\n<div style='flex: 1 1 300px; min-width: 280px;'>\n<h3 style='font-size: 22px; border-bottom: 2px solid currentColor; padding-bottom: 5px; margin-top: 0; color: inherit; opacity: 0.8;'>Caracter\u00edsticas Principales<\/h3>\n<ul style='padding-left: 20px; font-size: 15px; color: inherit;'>\n<li style='margin-bottom: 5px;'><strong>Polarizaci\u00f3n:<\/strong> Doble Polaridad Simult\u00e1nea (Vertical y Horizontal)<\/li>\n<li style='margin-bottom: 5px;'><strong>Ganancia:<\/strong> 17 dBi<\/li>\n<li style='margin-bottom: 5px;'><strong>Apertura:<\/strong> 90\u00b0<\/li>\n<li style='margin-bottom: 5px;'><strong>Rango de Frecuencia:<\/strong> 5.4 &#8211; 6.0 GHz<\/li>\n<li style='margin-bottom: 5px;'><strong>Conectores:<\/strong> 2 conectores N Hembra<\/li>\n<li style='margin-bottom: 5px;'><strong>Aplicaci\u00f3n:<\/strong> Para Intemperie<\/li>\n<li style='margin-bottom: 5px;'><strong>Montaje:<\/strong> Incluye Montaje de Torre<\/li>\n<\/ul><\/div>\n<\/p><\/div>\n<p> <!-- Secci\u00f3n de especificaciones t\u00e9cnicas --> <\/p>\n<div style='display: flex; flex-wrap: wrap; gap: 20px; margin-bottom: 30px;'>\n<div style='flex: 1 1 250px; border: 1px solid rgba(150&comma; 150&comma; 150&comma; 0.4); border-radius: 8px; overflow: hidden; display: flex; flex-direction: column;'>\n<div style='padding: 15px; border-bottom: 1px solid rgba(150&comma; 150&comma; 150&comma; 0.2); font-weight: bold; font-size: 18px; color: inherit;'>Especificaciones T\u00e9cnicas<\/div>\n<div style='padding: 15px; color: inherit;'>\n<ul style='padding-left: 20px; margin: 0; font-size: 14px; list-style-type: disc;'>\n<li style='margin-bottom: 5px;'><strong>VSWR:<\/strong> 1.5:1 m\u00e1x<\/li>\n<li style='margin-bottom: 5px;'><strong>Aislamiento entre puertos:<\/strong> 33 dB<\/li>\n<li style='margin-bottom: 5px;'><strong>Ancho de haz (6dB):<\/strong> 90\u00b0 Azimuth<\/li>\n<li style='margin-bottom: 5px;'><strong>Ancho de haz (3dB):<\/strong> 65\u00b0 Azimuth&comma; 6\u00b0 Elevaci\u00f3n<\/li>\n<li style='margin-bottom: 5px;'><strong>Relleno de nulo:<\/strong> Hasta -23\u00b0<\/li>\n<li style='margin-bottom: 5px;'><strong>Nulls:<\/strong> 1er Null -18dB min&comma; 2do Null -33dB min&comma; 3er Null -36dB min<\/li>\n<li style='margin-bottom: 5px;'><strong>L\u00f3bulos laterales:<\/strong> ETSI EN 302.326-3 SS2<\/li>\n<\/ul><\/div>\n<\/p><\/div>\n<p> <!-- Secci\u00f3n de caracter\u00edsticas el\u00e9ctricas --> <\/p>\n<div style='flex: 1 1 250px; border: 1px solid rgba(150&comma; 150&comma; 150&comma; 0.4); border-radius: 8px; overflow: hidden; display: flex; flex-direction: column;'>\n<div style='padding: 15px; border-bottom: 1px solid rgba(150&comma; 150&comma; 150&comma; 0.2); font-weight: bold; font-size: 18px; color: inherit;'>Caracter\u00edsticas El\u00e9ctricas<\/div>\n<div style='padding: 15px; color: inherit;'>\n<ul style='padding-left: 20px; margin: 0; font-size: 14px; list-style-type: disc;'>\n<li style='margin-bottom: 5px;'><strong>Relaci\u00f3n Front-to-Back (V-pol):<\/strong> >32 dB<\/li>\n<li style='margin-bottom: 5px;'><strong>Relaci\u00f3n Front-to-Back (H-pol):<\/strong> >35 dB<\/li>\n<li style='margin-bottom: 5px;'><strong>Cross Polarization:<\/strong> >28 dB<\/li>\n<li style='margin-bottom: 5px;'><strong>Potencia M\u00e1xima:<\/strong> 30 W<\/li>\n<li style='margin-bottom: 5px;'><strong>Impedancia:<\/strong> 50 Ohms<\/li>\n<\/ul><\/div>\n<\/p><\/div>\n<p> <!-- Secci\u00f3n de caracter\u00edsticas mec\u00e1nicas --> <\/p>\n<div style='flex: 1 1 250px; border: 1px solid rgba(150&comma; 150&comma; 150&comma; 0.4); border-radius: 8px; overflow: hidden; display: flex; flex-direction: column;'>\n<div style='padding: 15px; border-bottom: 1px solid rgba(150&comma; 150&comma; 150&comma; 0.2); font-weight: bold; font-size: 18px; color: inherit;'>Caracter\u00edsticas Mec\u00e1nicas<\/div>\n<div style='padding: 15px; color: inherit;'>\n<ul style='padding-left: 20px; margin: 0; font-size: 14px; list-style-type: disc;'>\n<li style='margin-bottom: 5px;'><strong>Tama\u00f1o:<\/strong> 570h X 146w X 64d mm<\/li>\n<li style='margin-bottom: 5px;'><strong>Peso:<\/strong> 2.9 kg (6.4 lb) sin bracket<\/li>\n<li style='margin-bottom: 5px;'><strong>Peso con AP:<\/strong> 8.6 kg (19 lb)<\/li>\n<li style='margin-bottom: 5px;'><strong>Resistencia al viento:<\/strong> 216 km\/h (135 mph)<\/li>\n<li style='margin-bottom: 5px;'><strong>Carga por viento:<\/strong> Front: 381 N (86 lbf)&comma; Side: 188 N (42 lbf)<\/li>\n<li style='margin-bottom: 5px;'><strong>Montaje:<\/strong> Quick Release&comma; 1.5&#8242; a 4.5&#8242; Di\u00e1metro de Polo<\/li>\n<li style='margin-bottom: 5px;'><strong>Downtilt Mec\u00e1nico:<\/strong> 0\u00b0 a 11\u00b0<\/li>\n<\/ul><\/div>\n<\/p><\/div>\n<\/p><\/div>\n<p> <!-- Secci\u00f3n de beneficios --> <\/p>\n<div style='display: flex; flex-wrap: wrap; gap: 30px; margin-bottom: 30px;'>\n<div style='flex: 1 1 300px; min-width: 280px;'>\n<h3 style='font-size: 22px; border-bottom: 2px solid currentColor; padding-bottom: 5px; margin-top: 0; color: inherit; opacity: 0.8;'>Beneficios Principales<\/h3>\n<ul style='padding-left: 20px; font-size: 15px; color: inherit;'>\n<li style='margin-bottom: 5px;'><strong>Eficiencia Espectral:<\/strong> Maximizada por la relaci\u00f3n front-to-back y control de potencia<\/li>\n<li style='margin-bottom: 5px; '><\/li>\n<\/ul><\/div>\n<\/p><\/div>\n<p> <!-- Separador --> <\/p>\n<hr style='border: 0; border-top: 1px solid rgba(150&comma; 150&comma; 150&comma; 0.3); margin: 30px 0;'> <\/div>\n","protected":false},"excerpt":{"rendered":"<p>85009324001 &#8211; Antena AP (90 degrees), 5.4 &#8211; 6.0 GHz, 17dBi, requiere 2 jumpers N Macho a N Macho<\/p>\n","protected":false},"featured_media":74316,"comment_status":"open","ping_status":"closed","template":"","meta":[],"product_brand":[],"product_cat":[1895],"product_tag":[1404,1316,1896],"class_list":{"0":"post-74317","1":"product","2":"type-product","3":"status-publish","4":"has-post-thumbnail","6":"product_cat-sectoriales","7":"product_tag-antenas","8":"product_tag-cambium-networks","9":"product_tag-sectoriales","11":"first","12":"outofstock","13":"sale","14":"shipping-taxable","15":"purchasable","16":"product-type-simple"},"_links":{"self":[{"href":"https:\/\/soydeaqui.ddns.net\/pachuca\/index.php\/wp-json\/wp\/v2\/product\/74317","targetHints":{"allow":["GET"]}}],"collection":[{"href":"https:\/\/soydeaqui.ddns.net\/pachuca\/index.php\/wp-json\/wp\/v2\/product"}],"about":[{"href":"https:\/\/soydeaqui.ddns.net\/pachuca\/index.php\/wp-json\/wp\/v2\/types\/product"}],"replies":[{"embeddable":true,"href":"https:\/\/soydeaqui.ddns.net\/pachuca\/index.php\/wp-json\/wp\/v2\/comments?post=74317"}],"wp:featuredmedia":[{"embeddable":true,"href":"https:\/\/soydeaqui.ddns.net\/pachuca\/index.php\/wp-json\/wp\/v2\/media\/74316"}],"wp:attachment":[{"href":"https:\/\/soydeaqui.ddns.net\/pachuca\/index.php\/wp-json\/wp\/v2\/media?parent=74317"}],"wp:term":[{"taxonomy":"product_brand","embeddable":true,"href":"https:\/\/soydeaqui.ddns.net\/pachuca\/index.php\/wp-json\/wp\/v2\/product_brand?post=74317"},{"taxonomy":"product_cat","embeddable":true,"href":"https:\/\/soydeaqui.ddns.net\/pachuca\/index.php\/wp-json\/wp\/v2\/product_cat?post=74317"},{"taxonomy":"product_tag","embeddable":true,"href":"https:\/\/soydeaqui.ddns.net\/pachuca\/index.php\/wp-json\/wp\/v2\/product_tag?post=74317"}],"curies":[{"name":"wp","href":"https:\/\/api.w.org\/{rel}","templated":true}]}}