{"id":74315,"date":"2026-03-19T13:56:19","date_gmt":"2026-03-19T13:56:19","guid":{"rendered":"https:\/\/soydeaqui.ddns.net\/pachuca\/index.php\/producto\/cambium-networks-c000081m001a-ptp810-mmu-estandar-modular-unidad-moderna-2xfe-16xe1-t1\/"},"modified":"2026-03-19T13:56:21","modified_gmt":"2026-03-19T13:56:21","slug":"cambium-networks-c000081m001a-ptp810-mmu-estandar-modular-unidad-moderna-2xfe-16xe1-t1","status":"publish","type":"product","link":"https:\/\/soydeaqui.ddns.net\/pachuca\/index.php\/producto\/cambium-networks-c000081m001a-ptp810-mmu-estandar-modular-unidad-moderna-2xfe-16xe1-t1\/","title":{"rendered":"Cambium Networks &#8211; C000081M001A &#8211; PTP810 MMU, Est\u00e1ndar Modular Unidad Moderna, 2xFE + 16xE1\/T1"},"content":{"rendered":"<div style='width: 100%; max-width: 1200px; margin: 0 auto; font-family: sans-serif; line-height: 1.6; color: inherit; background-color: transparent;'>\n<div style='display: flex; flex-wrap: wrap; gap: 30px; margin-bottom: 30px;'>\n<div style='flex: 1 1 300px; min-width: 280px;'>\n<h3 style='font-size: 22px; border-bottom: 2px solid currentColor; padding-bottom: 5px; margin-top: 0; color: inherit; opacity: 0.8;'>Descripci\u00f3n General<\/h3>\n<p style='font-size: 15px; color: inherit; margin-bottom: 15px;'>SOLUCIONES PTP 810: MICROONDAS CON LICENCIA CON ETHERNET NATIVO Y SOPORTE TDM NATIVO EN UNA PLATAFORMA<\/p>\n<p style='font-size: 15px; color: inherit; margin-bottom: 15px;'>Con la creciente demanda de servicios convergentes de video&comma; voz y datos de alta velocidad&comma; los proveedores de servicios y los operadores de red est\u00e1n haciendo la transici\u00f3n a sistemas totalmente IP (Protocolo de Internet) y extendiendo la tecnolog\u00eda Ethernet en todas sus redes. El doble objetivo de estas migraciones es reducir los costos operativos y de mantenimiento y&comma; al mismo tiempo&comma; admitir nuevas aplicaciones centradas en paquetes. Sin embargo&comma; a medida que estas redes evolucionan&comma; los sistemas basados en TDM y Ethernet deben coexistir funcionalmente para admitir una soluci\u00f3n de microondas con licencia Cambium Point-to-Point (PTP) 810 altamente flexible y conveniente que est\u00e1 dise\u00f1ada para ayudarlo a hacer esta transici\u00f3n sin problemas y rentable.<\/p>\n<p style='font-size: 15px; color: inherit; margin-bottom: 15px;'>Nuestra avanzada plataforma de tecnolog\u00eda PTP 810 est\u00e1 dise\u00f1ada para proporcionar la confiabilidad de nivel de operador y el alto rendimiento necesarios para abordar sus necesidades de red actuales y futuras a medida que migra de la tecnolog\u00eda TDM heredada a un sistema basado en paquetes -CUT AND POWERFULPTP 810&comma; ofreci\u00e9ndole una soluci\u00f3n sencilla pero una transici\u00f3n preparada para el futuro hacia el transporte de paquetes. Los sistemas admiten tanto Fast Ethernet como Gigabit Ethernet&comma; lo que los hace ideales para hacer frente a las r\u00e1fagas de tr\u00e1fico espor\u00e1dico y de alto volumen que brindan las aplicaciones de Internet.<\/p>\n<p style='font-size: 15px; color: inherit; margin-bottom: 15px;'>El PTP 810 altamente modular es compatible con las interfaces T1\/E1 y STM-1\/OC-3&comma; combinado con una soluci\u00f3n de transporte Carrier Ethernet totalmente basada en paquetes. PREDIGA EL RENDIMIENTO CON PRECISI\u00d3N Nuestra herramienta Cambium PTP LINKPlanner l\u00edder en la industria le permite proyectar con precisi\u00f3n las caracter\u00edsticas de rendimiento antes de la compra en funci\u00f3n de las condiciones espec\u00edficas de su ruta de radio.<\/p>\n<p style='font-size: 15px; color: inherit; margin-bottom: 15px;'>Puede planificar y optimizar un solo enlace o m\u00faltiples enlaces simult\u00e1neamente&comma; obtener detalles de configuraci\u00f3n para acelerar la implementaci\u00f3n&comma; mostrar una descripci\u00f3n general completa de toda su red inal\u00e1mbrica a trav\u00e9s de Google\u2122 Earth y recibir una lista completa de materiales de microondas con licencia para simplificar el proceso de pedido. Se han planificado y optimizado miles de soluciones PTP utilizando nuestro software LINKPlanner. Por lo tanto&comma; puede tener plena confianza en que su sistema funcionar\u00e1 seg\u00fan lo prometido.<\/p>\n<\/p><\/div>\n<\/p><\/div>\n<div style='display: flex; flex-wrap: wrap; gap: 20px; margin-bottom: 30px;'>\n<div style='flex: 1 1 250px; border: 1px solid rgba(150&comma; 150&comma; 150&comma; 0.4); border-radius: 8px; overflow: hidden; display: flex; flex-direction: column;'>\n<div style='padding: 15px; border-bottom: 1px solid rgba(150&comma; 150&comma; 150&comma; 0.2); font-weight: bold; font-size: 18px; color: inherit;'>Caracter\u00edsticas Principales<\/div>\n<div style='padding: 15px; color: inherit;'>\n<ul style='padding-left: 20px; margin: 0; font-size: 14px; list-style-type: disc;'>\n<li style='margin-bottom: 5px;'><strong>Convergencia de servicios:<\/strong> Soporte para video&comma; voz y datos de alta velocidad<\/li>\n<li style='margin-bottom: 5px;'><strong>Transici\u00f3n a IP:<\/strong> Facilita la migraci\u00f3n a sistemas totalmente IP<\/li>\n<li style='margin-bottom: 5px;'><strong>Compatibilidad TDM:<\/strong> Soporte para sistemas basados en TDM y Ethernet<\/li>\n<li style='margin-bottom: 5px;'><strong>Confiabilidad:<\/strong> Dise\u00f1o de nivel operador<\/li>\n<li style='margin-bottom: 5px;'><strong>Flexibilidad:<\/strong> Soporta Fast Ethernet y Gigabit Ethernet<\/li>\n<\/ul><\/div>\n<\/p><\/div>\n<div style='flex: 1 1 250px; border: 1px solid rgba(150&comma; 150&comma; 150&comma; 0.4); border-radius: 8px; overflow: hidden; display: flex; flex-direction: column;'>\n<div style='padding: 15px; border-bottom: 1px solid rgba(150&comma; 150&comma; 150&comma; 0.2); font-weight: bold; font-size: 18px; color: inherit;'>Capacidades de Planificaci\u00f3n<\/div>\n<div style='padding: 15px; color: inherit;'>\n<ul style='padding-left: 20px; margin: 0; font-size: 14px; list-style-type: disc;'>\n<li style='margin-bottom: 5px;'><strong>LINKPlanner:<\/strong> Herramienta l\u00edder para proyecci\u00f3n de rendimiento<\/li>\n<li style='margin-bottom: 5px;'><strong>Planificaci\u00f3n:<\/strong> Permite planificar un solo enlace o m\u00faltiples enlaces simult\u00e1neamente<\/li>\n<li style='margin-bottom: 5px;'><strong>Integraci\u00f3n:<\/strong> Compatible con Google\u2122 Earth para visualizaci\u00f3n de red<\/li>\n<li style='margin-bottom: 5px;'><strong>Optimizaci\u00f3n:<\/strong> Ofrece detalles de configuraci\u00f3n para acelerar la implementaci\u00f3n<\/li>\n<li style='margin-bottom: 5px;'><strong>Lista de materiales:<\/strong> Generaci\u00f3n automatizada para simplificar el proceso de pedido<\/li>\n<\/ul><\/div>\n<\/p><\/div>\n<div style='flex: 1 1 250px; border: 1px solid rgba(150&comma; 150&comma; 150&comma; 0.4); border-radius: 8px; overflow: hidden; display: flex; flex-direction: column;'>\n<div style='padding: 15px; border-bottom: 1px solid rgba(150&comma; 150&comma; 150&comma; 0.2); font-weight: bold; font-size: 18px; color: inherit;'>Interfaces y Conectividad<\/div>\n<div style='padding: 15px; color: inherit;'>\n<ul style='padding-left: 20px; margin: 0; font-size: 14px; list-style-type: disc;'>\n<li style='margin-bottom: 5px;'><strong>Interfaz f\u00edsica:<\/strong> 2 x FE + 16 x E1\/T1<\/li>\n<li style='margin-bottom: 5px;'><strong>Compatibilidad:<\/strong> Interfaces T1\/E1 y STM-1\/OC-3<\/li>\n<li style='margin-bottom: 5px;'><strong>Transporte:<\/strong> Soluci\u00f3n Carrier Ethernet basada en paquetes<\/li>\n<li style='margin-bottom: 5px;'><strong>Soporte:<\/strong> Aplicaciones de Internet de alto volumen<\/li>\n<li style='margin-bottom: 5px;'><strong>Arquitectura:<\/strong> Plataforma modular y escalable<\/li>\n<\/ul><\/div>\n<\/p><\/div>\n<\/p><\/div>\n<hr style='border: 0; border-top: 1px solid rgba(150&comma; 150&comma; 150&comma; 0.3); margin: 30px 0;'> <\/div>\n","protected":false},"excerpt":{"rendered":"<p>Cambium Networks &#8211; C000081M001A &#8211; PTP810 MMU, Est\u00e1ndar Modular Unidad Moderna, 2xFE + 16xE1\/T1<\/p>\n","protected":false},"featured_media":74314,"comment_status":"open","ping_status":"closed","template":"","meta":[],"product_brand":[],"product_cat":[1998],"product_tag":[1999,1316,1980],"class_list":{"0":"post-74315","1":"product","2":"type-product","3":"status-publish","4":"has-post-thumbnail","6":"product_cat-5-y-6-ghz","7":"product_tag-5-y-6-ghz","8":"product_tag-cambium-networks","9":"product_tag-enlaces-ptp-y-ptmp","11":"first","12":"outofstock","13":"sale","14":"shipping-taxable","15":"purchasable","16":"product-type-simple"},"_links":{"self":[{"href":"https:\/\/soydeaqui.ddns.net\/pachuca\/index.php\/wp-json\/wp\/v2\/product\/74315","targetHints":{"allow":["GET"]}}],"collection":[{"href":"https:\/\/soydeaqui.ddns.net\/pachuca\/index.php\/wp-json\/wp\/v2\/product"}],"about":[{"href":"https:\/\/soydeaqui.ddns.net\/pachuca\/index.php\/wp-json\/wp\/v2\/types\/product"}],"replies":[{"embeddable":true,"href":"https:\/\/soydeaqui.ddns.net\/pachuca\/index.php\/wp-json\/wp\/v2\/comments?post=74315"}],"wp:featuredmedia":[{"embeddable":true,"href":"https:\/\/soydeaqui.ddns.net\/pachuca\/index.php\/wp-json\/wp\/v2\/media\/74314"}],"wp:attachment":[{"href":"https:\/\/soydeaqui.ddns.net\/pachuca\/index.php\/wp-json\/wp\/v2\/media?parent=74315"}],"wp:term":[{"taxonomy":"product_brand","embeddable":true,"href":"https:\/\/soydeaqui.ddns.net\/pachuca\/index.php\/wp-json\/wp\/v2\/product_brand?post=74315"},{"taxonomy":"product_cat","embeddable":true,"href":"https:\/\/soydeaqui.ddns.net\/pachuca\/index.php\/wp-json\/wp\/v2\/product_cat?post=74315"},{"taxonomy":"product_tag","embeddable":true,"href":"https:\/\/soydeaqui.ddns.net\/pachuca\/index.php\/wp-json\/wp\/v2\/product_tag?post=74315"}],"curies":[{"name":"wp","href":"https:\/\/api.w.org\/{rel}","templated":true}]}}