{"id":74278,"date":"2026-03-19T13:54:59","date_gmt":"2026-03-19T13:54:59","guid":{"rendered":"https:\/\/soydeaqui.ddns.net\/pachuca\/index.php\/producto\/protector-poe-de-8-puertos-para-10-100-1000-mbps-cat6\/"},"modified":"2026-03-19T13:55:01","modified_gmt":"2026-03-19T13:55:01","slug":"protector-poe-de-8-puertos-para-10-100-1000-mbps-cat6","status":"publish","type":"product","link":"https:\/\/soydeaqui.ddns.net\/pachuca\/index.php\/producto\/protector-poe-de-8-puertos-para-10-100-1000-mbps-cat6\/","title":{"rendered":"Protector PoE de 8 puertos para 10\/100\/1000 Mbps (Cat6)"},"content":{"rendered":"<div style='width: 100%; max-width: 1200px; margin: 0 auto; font-family: sans-serif; line-height: 1.6; color: inherit; background-color: transparent;'>\n<div style='display: flex; flex-wrap: wrap; gap: 30px; margin-bottom: 30px;'>\n<div style='flex: 1 1 300px; min-width: 280px;'>\n<h3 style='font-size: 22px; border-bottom: 2px solid currentColor; padding-bottom: 5px; margin-top: 0; color: inherit; opacity: 0.8;'>Caracter\u00edsticas de protecci\u00f3n<\/h3>\n<ul style='padding-left: 20px; font-size: 15px; color: inherit;'>\n<li style='margin-bottom: 5px;'>Los protectores tXPRO son utilizados en instalaciones profesionales para proteger los equipos de una descarga el\u00e9ctrica<\/li>\n<li style='margin-bottom: 5px;'>La s\u00faper alta respuesta entrega una alta confiabilidad y evita el reemplazo de equipos da\u00f1ados adem\u00e1s de costos adicionales por reparaci\u00f3n<\/li>\n<li style='margin-bottom: 5px;'><strong>Tiempo de respuesta:<\/strong> 1ns<\/li>\n<li style='margin-bottom: 5px;'><strong>Compatible con:<\/strong> Cat5e y Cat6<\/li>\n<li style='margin-bottom: 5px;'><strong>Voltaje m\u00e1ximo de operaci\u00f3n:<\/strong> 60V<\/li>\n<li style='margin-bottom: 5px;'><strong>Corriente de descarga m\u00e1xima:<\/strong> 10kA<\/li>\n<li style='margin-bottom: 5px;'><strong>Pines protegidos:<\/strong> 4\/5&comma; 7\/8<\/li>\n<\/ul><\/div>\n<div style='flex: 1 1 300px; min-width: 280px;'>\n<h3 style='font-size: 22px; border-bottom: 2px solid currentColor; padding-bottom: 5px; margin-top: 0; color: inherit; opacity: 0.8;'>Especificaciones el\u00e9ctricas<\/h3>\n<ul style='padding-left: 20px; font-size: 15px; color: inherit;'>\n<li style='margin-bottom: 5px;'><strong>Voltaje m\u00e1ximo de operaci\u00f3n:<\/strong> 5V<\/li>\n<li style='margin-bottom: 5px;'><strong>Corriente de descarga m\u00e1xima:<\/strong> 6kA<\/li>\n<li style='margin-bottom: 5px;'><strong>Pines protegidos:<\/strong> 1\/2&comma; 3\/6<\/li>\n<li style='margin-bottom: 5px;'><strong>Transferencia de datos:<\/strong> hasta Gigabit<\/li>\n<li style='margin-bottom: 5px;'><strong>Dimensiones:<\/strong> 190 x 85 x 48mm<\/li>\n<\/ul><\/div>\n<\/p><\/div>\n<hr style='border: 0; border-top: 1px solid rgba(150&comma; 150&comma; 150&comma; 0.3); margin: 30px 0;'> <\/div>\n","protected":false},"excerpt":{"rendered":"<p>Protector PoE de 8 puertos para 10\/100\/1000 Mbps (Cat6)<\/p>\n","protected":false},"featured_media":64539,"comment_status":"open","ping_status":"closed","template":"","meta":[],"product_brand":[],"product_cat":[953],"product_tag":[898,954,560],"class_list":{"0":"post-74278","1":"product","2":"type-product","3":"status-publish","4":"has-post-thumbnail","6":"product_cat-redes","7":"product_tag-proteccion-contra-descargas","8":"product_tag-redes","9":"product_tag-txpro","11":"first","12":"outofstock","13":"sale","14":"shipping-taxable","15":"purchasable","16":"product-type-simple"},"_links":{"self":[{"href":"https:\/\/soydeaqui.ddns.net\/pachuca\/index.php\/wp-json\/wp\/v2\/product\/74278","targetHints":{"allow":["GET"]}}],"collection":[{"href":"https:\/\/soydeaqui.ddns.net\/pachuca\/index.php\/wp-json\/wp\/v2\/product"}],"about":[{"href":"https:\/\/soydeaqui.ddns.net\/pachuca\/index.php\/wp-json\/wp\/v2\/types\/product"}],"replies":[{"embeddable":true,"href":"https:\/\/soydeaqui.ddns.net\/pachuca\/index.php\/wp-json\/wp\/v2\/comments?post=74278"}],"wp:featuredmedia":[{"embeddable":true,"href":"https:\/\/soydeaqui.ddns.net\/pachuca\/index.php\/wp-json\/wp\/v2\/media\/64539"}],"wp:attachment":[{"href":"https:\/\/soydeaqui.ddns.net\/pachuca\/index.php\/wp-json\/wp\/v2\/media?parent=74278"}],"wp:term":[{"taxonomy":"product_brand","embeddable":true,"href":"https:\/\/soydeaqui.ddns.net\/pachuca\/index.php\/wp-json\/wp\/v2\/product_brand?post=74278"},{"taxonomy":"product_cat","embeddable":true,"href":"https:\/\/soydeaqui.ddns.net\/pachuca\/index.php\/wp-json\/wp\/v2\/product_cat?post=74278"},{"taxonomy":"product_tag","embeddable":true,"href":"https:\/\/soydeaqui.ddns.net\/pachuca\/index.php\/wp-json\/wp\/v2\/product_tag?post=74278"}],"curies":[{"name":"wp","href":"https:\/\/api.w.org\/{rel}","templated":true}]}}