{"id":74250,"date":"2026-03-19T13:53:56","date_gmt":"2026-03-19T13:53:56","guid":{"rendered":"https:\/\/soydeaqui.ddns.net\/pachuca\/index.php\/producto\/protector-metalico-contra-descargas-atmosfericas-poe-individual-de-10-100-mbps\/"},"modified":"2026-03-19T13:53:57","modified_gmt":"2026-03-19T13:53:57","slug":"protector-metalico-contra-descargas-atmosfericas-poe-individual-de-10-100-mbps","status":"publish","type":"product","link":"https:\/\/soydeaqui.ddns.net\/pachuca\/index.php\/producto\/protector-metalico-contra-descargas-atmosfericas-poe-individual-de-10-100-mbps\/","title":{"rendered":"Protector Metalico Contra descargas Atmosfericas PoE Individual De 10\/100 Mbps"},"content":{"rendered":"<div style='width: 100%; max-width: 1200px; margin: 0 auto; font-family: sans-serif; line-height: 1.6; color: inherit; background-color: transparent;'> <!-- Imagen de marca --> <\/p>\n<div style='text-align: center; margin-bottom: 30px;'> <img style='width: auto; max-width: 100%; height: auto; border: 1px solid rgba(150&comma;150&comma;150&comma;0.3); border-radius: 8px;' src='http:\/\/www.transtector.com\/SiteMedia\/SiteResources\/Brands\/Transtector\/Logos\/transtector_3.png?width=268&#038;height=118&#038;ext=.png' alt='Transtector'> <\/div>\n<p> <!-- Secci\u00f3n principal --> <\/p>\n<div style='display: flex; flex-wrap: wrap; gap: 30px; margin-bottom: 30px;'>\n<div style='flex: 1 1 300px; min-width: 280px;'>\n<p style='font-size: 15px; color: inherit;'> Proteja su Access Point y equipo electr\u00f3nico como laptops&comma; NVRA&#8217;s&comma; Servidores&comma; etc. con los protectores de TRANSTECTOR&comma; que utilizan la m\u00e1s alta tecnolog\u00eda en sistemas de protecci\u00f3n desarrollada con diodos de avalancha de silicio (SASD). <\/p>\n<p style='font-size: 15px; color: inherit;'> A diferencia de otros fabricantes de protectores que utilizan varistores de oxido de metal (MOV) que se van degradando con el tiempo al oponerse a los transitorios o sobretensiones de voltaje que da\u00f1an sus equipos electr\u00f3nicos. Transtector utiliza la tecnolog\u00eda de diodos de avalancha de silicio (SASD) que no se degrada al oponerse a los transitorios&comma; cuentan con la m\u00e1s r\u00e1pida respuesta y el m\u00e1s alto rendimiento en sus protectores; manteniendo la mejor protecci\u00f3n y minimizando los costos de reparaci\u00f3n y reemplazo de equipo electr\u00f3nico. <\/p>\n<p style='font-size: 15px; color: inherit;'> Tambi\u00e9n ayuda a evitar costos por la renta de gracias para reemplazar sus Access Point. <\/p>\n<\/p><\/div>\n<\/p><\/div>\n<p> <!-- Secci\u00f3n de especificaciones --> <\/p>\n<div style='display: flex; flex-wrap: wrap; gap: 20px; margin-bottom: 30px;'>\n<div style='flex: 1 1 250px; border: 1px solid rgba(150&comma; 150&comma; 150&comma; 0.4); border-radius: 8px; overflow: hidden; display: flex; flex-direction: column;'>\n<div style='padding: 15px; border-bottom: 1px solid rgba(150&comma; 150&comma; 150&comma; 0.2); font-weight: bold; font-size: 18px; color: inherit;'>Especificaciones T\u00e9cnicas<\/div>\n<div style='padding: 15px; color: inherit;'>\n<ul style='padding-left: 20px; margin: 0; font-size: 14px; list-style-type: disc;'>\n<li style='margin-bottom: 5px;'><strong>Tecnolog\u00eda:<\/strong> Diodo de Avalancha de Silicio (SASD)<\/li>\n<li style='margin-bottom: 5px;'><strong>No se degrada:<\/strong> Por los transitorios<\/li>\n<li style='margin-bottom: 5px;'><strong>Protecci\u00f3n:<\/strong> Bidireccional en carga y l\u00ednea<\/li>\n<li style='margin-bottom: 5px;'><strong>Protocolo:<\/strong> Ethernet y Power over Ethernet<\/li>\n<li style='margin-bottom: 5px;'><strong>Velocidad de datos:<\/strong> 100 Mbps<\/li>\n<li style='margin-bottom: 5px;'><strong>Voltaje m\u00e1ximo de operaci\u00f3n:<\/strong> 90 Vdc<\/li>\n<li style='margin-bottom: 5px;'><strong>Pines Protegidos:<\/strong> (1&comma;2)(3&comma;6)(4&comma;5) y (7&comma;8)<\/li>\n<li style='margin-bottom: 5px;'><strong>Conectores:<\/strong> RJ45 met\u00e1licos<\/li>\n<li style='margin-bottom: 5px;'><strong>Tipo de montaje:<\/strong> Pared o poste<\/li>\n<li style='margin-bottom: 5px;'><strong>Gabinete:<\/strong> Tipo NEMA 3R<\/li>\n<li style='margin-bottom: 5px;'><strong>Temperatura:<\/strong> -40 a 75 \u00b0C<\/li>\n<li style='margin-bottom: 5px;'><strong>Requiere tierra f\u00edsica:<\/strong> Unidireccional independiente (dos por radio)<\/li>\n<\/ul><\/div>\n<\/p><\/div>\n<\/p><\/div>\n<p> <!-- Imagen del producto --> <\/p>\n<div style='text-align: center; margin-top: 30px;'> <img style='width: 100%; height: auto; border: 1px solid rgba(150&comma;150&comma;150&comma;0.3); border-radius: 8px; max-width: 850px;' src='http:\/\/ftp3.syscom.mx\/usuarios\/fotos\/TALP55100\/TALP55100_1.jpg' alt=''> <\/div>\n<p> <!-- Separador --> <\/p>\n<hr style='border: 0; border-top: 1px solid rgba(150&comma; 150&comma; 150&comma; 0.3); margin: 30px 0;'> <!-- Secci\u00f3n de aplicaci\u00f3n --> <\/p>\n<div style='margin-top: 30px;'>\n<p style='font-size: 15px; color: inherit; font-weight: bold;'> Ideal para proteger la l\u00ednea de equipos para exterior de Wavion base 100 Mbps <\/p>\n<\/p><\/div>\n<\/p><\/div>\n","protected":false},"excerpt":{"rendered":"<p>Protector Metalico Contra descargas Atmosfericas PoE Individual De 10\/100 Mbps<\/p>\n","protected":false},"featured_media":74249,"comment_status":"open","ping_status":"closed","template":"","meta":[],"product_brand":[],"product_cat":[953],"product_tag":[898,954,546],"class_list":{"0":"post-74250","1":"product","2":"type-product","3":"status-publish","4":"has-post-thumbnail","6":"product_cat-redes","7":"product_tag-proteccion-contra-descargas","8":"product_tag-redes","9":"product_tag-transtector","11":"first","12":"outofstock","13":"sale","14":"shipping-taxable","15":"purchasable","16":"product-type-simple"},"_links":{"self":[{"href":"https:\/\/soydeaqui.ddns.net\/pachuca\/index.php\/wp-json\/wp\/v2\/product\/74250","targetHints":{"allow":["GET"]}}],"collection":[{"href":"https:\/\/soydeaqui.ddns.net\/pachuca\/index.php\/wp-json\/wp\/v2\/product"}],"about":[{"href":"https:\/\/soydeaqui.ddns.net\/pachuca\/index.php\/wp-json\/wp\/v2\/types\/product"}],"replies":[{"embeddable":true,"href":"https:\/\/soydeaqui.ddns.net\/pachuca\/index.php\/wp-json\/wp\/v2\/comments?post=74250"}],"wp:featuredmedia":[{"embeddable":true,"href":"https:\/\/soydeaqui.ddns.net\/pachuca\/index.php\/wp-json\/wp\/v2\/media\/74249"}],"wp:attachment":[{"href":"https:\/\/soydeaqui.ddns.net\/pachuca\/index.php\/wp-json\/wp\/v2\/media?parent=74250"}],"wp:term":[{"taxonomy":"product_brand","embeddable":true,"href":"https:\/\/soydeaqui.ddns.net\/pachuca\/index.php\/wp-json\/wp\/v2\/product_brand?post=74250"},{"taxonomy":"product_cat","embeddable":true,"href":"https:\/\/soydeaqui.ddns.net\/pachuca\/index.php\/wp-json\/wp\/v2\/product_cat?post=74250"},{"taxonomy":"product_tag","embeddable":true,"href":"https:\/\/soydeaqui.ddns.net\/pachuca\/index.php\/wp-json\/wp\/v2\/product_tag?post=74250"}],"curies":[{"name":"wp","href":"https:\/\/api.w.org\/{rel}","templated":true}]}}