{"id":74229,"date":"2026-03-19T13:53:11","date_gmt":"2026-03-19T13:53:11","guid":{"rendered":"https:\/\/soydeaqui.ddns.net\/pachuca\/index.php\/producto\/estacion-base-omnidireccional-5725-5850-mhz-54-mbps-potencia-eirp-42-dbm-16-w-802-11a\/"},"modified":"2026-03-19T13:53:12","modified_gmt":"2026-03-19T13:53:12","slug":"estacion-base-omnidireccional-5725-5850-mhz-54-mbps-potencia-eirp-42-dbm-16-w-802-11a","status":"publish","type":"product","link":"https:\/\/soydeaqui.ddns.net\/pachuca\/index.php\/producto\/estacion-base-omnidireccional-5725-5850-mhz-54-mbps-potencia-eirp-42-dbm-16-w-802-11a\/","title":{"rendered":"Estaci\u00f3n Base Omnidireccional, 5725-5850 MHz, 54 Mbps, Potencia EIRP 42 dBm (16 W), 802.11a."},"content":{"rendered":"<div style='width: 100%; max-width: 1200px; margin: 0 auto; font-family: sans-serif; line-height: 1.6; color: inherit; background-color: transparent;'>\n<div style='display: flex; flex-wrap: wrap; gap: 30px; margin-bottom: 30px;'>\n<div style='flex: 1 1 300px; min-width: 280px;'>\n<h3 style='font-size: 22px; border-bottom: 2px solid currentColor; padding-bottom: 5px; margin-top: 0; color: inherit; opacity: 0.8;'>Aplicaciones<\/h3>\n<p style='font-size: 15px; color: inherit;'> Establezca una red inal\u00e1mbrica de alta cobertura y confiabilidad para comunicar su matriz con sus sucursales con el fin de compartir su base de datos&comma; enviar l\u00edneas telef\u00f3nicas&comma; monitoreo de c\u00e1maras de seguridad&comma; sistemas de alarma&comma; control de acceso&comma; compartir su servicio de Internet minimizando el costo de este servicio en cada sucursal y muchas aplicaciones m\u00e1s. <\/p>\n<\/p><\/div>\n<\/p><\/div>\n<div style='display: flex; flex-wrap: wrap; gap: 20px; margin-bottom: 30px;'>\n<div style='flex: 1 1 250px; border: 1px solid rgba(150&comma; 150&comma; 150&comma; 0.4); border-radius: 8px; overflow: hidden; display: flex; flex-direction: column;'>\n<div style='padding: 15px; border-bottom: 1px solid rgba(150&comma; 150&comma; 150&comma; 0.2); font-weight: bold; font-size: 18px; color: inherit;'>Caracter\u00edsticas T\u00e9cnicas<\/div>\n<div style='padding: 15px; color: inherit;'>\n<ul style='padding-left: 20px; margin: 0; font-size: 14px; list-style-type: disc;'>\n<li style='margin-bottom: 5px;'><strong>Rango de frecuencia:<\/strong> 5725-5850 MHz<\/li>\n<li style='margin-bottom: 5px;'><strong>Cobertura:<\/strong> 360\u00b0<\/li>\n<li style='margin-bottom: 5px;'><strong>Estructura:<\/strong> Basado en una matriz de 6 radios y 6 antenas omnidireccionales para Tx y Rx<\/li>\n<li style='margin-bottom: 5px;'><strong>Potencia radiada aparente (EIRP):<\/strong> 16W (42 dBm)<\/li>\n<li style='margin-bottom: 5px;'><strong>Capacidad:<\/strong> 240 clientes simult\u00e1neos de datos<\/li>\n<li style='margin-bottom: 5px;'><strong>Est\u00e1ndar:<\/strong> 802.11a<\/li>\n<li style='margin-bottom: 5px;'><strong>Norma:<\/strong> IP67 para intemperie<\/li>\n<\/ul><\/div>\n<\/p><\/div>\n<div style='flex: 1 1 250px; border: 1px solid rgba(150&comma; 150&comma; 150&comma; 0.4); border-radius: 8px; overflow: hidden; display: flex; flex-direction: column;'>\n<div style='padding: 15px; border-bottom: 1px solid rgba(150&comma; 150&comma; 150&comma; 0.2); font-weight: bold; font-size: 18px; color: inherit;'>Caracter\u00edsticas Adicionales<\/div>\n<div style='padding: 15px; color: inherit;'>\n<ul style='padding-left: 20px; margin: 0; font-size: 14px; list-style-type: disc;'>\n<li style='margin-bottom: 5px;'>16 SSID&#8217;s y 16 VLAN&#8217;s para crear grupos de trabajo independientes<\/li>\n<li style='margin-bottom: 5px;'>Backhaul integrado para intercomunicaci\u00f3n entre Estaciones Base<\/li>\n<li style='margin-bottom: 5px;'>Ancho de canal ajustable: 5&comma; 10 y 20 MHz<\/li>\n<li style='margin-bottom: 5px;'>Soporta 802.1q VLAN<\/li>\n<li style='margin-bottom: 5px;'>Soporta 802.1p&comma; ToS y DSCP QoS<\/li>\n<li style='margin-bottom: 5px;'>Soporta QoS 802.11e&comma; WMM<\/li>\n<li style='margin-bottom: 5px;'>Soporta VPN pass-through<\/li>\n<li style='margin-bottom: 5px;'>Compatible con cualquier cliente inal\u00e1mbrico dentro del est\u00e1ndar 802.11a<\/li>\n<li style='margin-bottom: 5px;'>Servicio de banda ancha inal\u00e1mbrico de alta capacidad<\/li>\n<li style='margin-bottom: 5px;'>Gran cobertura y alcance<\/li>\n<li style='margin-bottom: 5px;'>Rango de temperatura: -40 a 50\u00b0C<\/li>\n<li style='margin-bottom: 5px;'>Resistencia al viento: 265 Km\/hr<\/li>\n<li style='margin-bottom: 5px;'>Cobertura uniforme<\/li>\n<li style='margin-bottom: 5px;'>Mayor ancho de banda<\/li>\n<\/ul><\/div>\n<\/p><\/div>\n<div style='flex: 1 1 250px; border: 1px solid rgba(150&comma; 150&comma; 150&comma; 0.4); border-radius: 8px; overflow: hidden; display: flex; flex-direction: column;'>\n<div style='padding: 15px; border-bottom: 1px solid rgba(150&comma; 150&comma; 150&comma; 0.2); font-weight: bold; font-size: 18px; color: inherit;'>Tecnolog\u00edas<\/div>\n<div style='padding: 15px; color: inherit;'>\n<ul style='padding-left: 20px; margin: 0; font-size: 14px; list-style-type: disc;'>\n<li style='margin-bottom: 5px;'><strong>BEAMFORMING:<\/strong> Rebote de Se\u00f1al<\/li>\n<li style='margin-bottom: 5px;'><strong>DIH:<\/strong> Mitigaci\u00f3n Autom\u00e1tica de Interferencias<\/li>\n<li style='margin-bottom: 5px;'><strong>ACS:<\/strong> Selector de Canal Autom\u00e1tico<\/li>\n<\/ul><\/div>\n<\/p><\/div>\n<div style='flex: 1 1 250px; border: 1px solid rgba(150&comma; 150&comma; 150&comma; 0.4); border-radius: 8px; overflow: hidden; display: flex; flex-direction: column;'>\n<div style='padding: 15px; border-bottom: 1px solid rgba(150&comma; 150&comma; 150&comma; 0.2); font-weight: bold; font-size: 18px; color: inherit;'>Seguridad<\/div>\n<div style='padding: 15px; color: inherit;'>\n<ul style='padding-left: 20px; margin: 0; font-size: 14px; list-style-type: disc;'>\n<li style='margin-bottom: 5px;'>WEP 64 \u00f3 128 bits<\/li>\n<li style='margin-bottom: 5px;'>WPA<\/li>\n<li style='margin-bottom: 5px;'>WPA2 con logaritmos TKIP y AES<\/li>\n<\/ul><\/div>\n<\/p><\/div>\n<div style='flex: 1 1 250px; border: 1px solid rgba(150&comma; 150&comma; 150&comma; 0.4); border-radius: 8px; overflow: hidden; display: flex; flex-direction: column;'>\n<div style='padding: 15px; border-bottom: 1px solid rgba(150&comma; 150&comma; 150&comma; 0.2); font-weight: bold; font-size: 18px; color: inherit;'>Administraci\u00f3n<\/div>\n<div style='padding: 15px; color: inherit;'>\n<ul style='padding-left: 20px; margin: 0; font-size: 14px; list-style-type: disc;'>\n<li style='margin-bottom: 5px;'>Configuraci\u00f3n basada en Web<\/li>\n<li style='margin-bottom: 5px;'>Herramienta de administraci\u00f3n SNMP (opcional)<\/li>\n<\/ul><\/div>\n<\/p><\/div>\n<div style='flex: 1 1 250px; border: 1px solid rgba(150&comma; 150&comma; 150&comma; 0.4); border-radius: 8px; overflow: hidden; display: flex; flex-direction: column;'>\n<div style='padding: 15px; border-bottom: 1px solid rgba(150&comma; 150&comma; 150&comma; 0.2); font-weight: bold; font-size: 18px; color: inherit;'>Incluye<\/div>\n<div style='padding: 15px; color: inherit;'>\n<ul style='padding-left: 20px; margin: 0; font-size: 14px; list-style-type: disc;'>\n<li style='margin-bottom: 5px;'>Montaje<\/li>\n<li style='margin-bottom: 5px;'>Antenas<\/li>\n<li style='margin-bottom: 5px;'>POE (WPOE55V)<\/li>\n<\/ul><\/div>\n<\/p><\/div>\n<div style='flex: 1 1 250px; border: 1px solid rgba(150&comma; 150&comma; 150&comma; 0.4); border-radius: 8px; overflow: hidden; display: flex; flex-direction: column;'>\n<div style='padding: 15px; border-bottom: 1px solid rgba(150&comma; 150&comma; 150&comma; 0.2); font-weight: bold; font-size: 18px; color: inherit;'>Aplicaciones Espec\u00edficas<\/div>\n<div style='padding: 15px; color: inherit;'>\n<ul style='padding-left: 20px; margin: 0; font-size: 14px; list-style-type: disc;'>\n<li style='margin-bottom: 5px;'>Ideal para enlazar sucursales o aplicaciones punto a multipunto para servicios de voz y datos<\/li>\n<li style='margin-bottom: 5px;'>Soluci\u00f3n ideal para condiciones SIN LINEA DE VISTA (NLOS) con la tecnolog\u00eda de Beamforming para voz y datos<\/li>\n<\/ul><\/div>\n<\/p><\/div>\n<\/p><\/div>\n<div style='display: flex; flex-wrap: wrap; gap: 30px; margin-bottom: 30px;'>\n<div style='flex: 1 1 300px; min-width: 280px;'>\n<h3 style='font-size: 22px; border-bottom: 2px solid currentColor; padding-bottom: 5px; margin-top: 0; color: inherit; opacity: 0.8;'>Informaci\u00f3n Adicional<\/h3>\n<p style='font-size: 15px; color: inherit;'> Pregunte por tiempo de entrega. <\/p>\n<\/p><\/div>\n<\/p><\/div>\n<hr style='border: 0; border-top: 1px solid rgba(150&comma; 150&comma; 150&comma; 0.3); margin: 30px 0;'> <\/div>\n","protected":false},"excerpt":{"rendered":"<p>Estaci\u00f3n Base Omnidireccional, 5725-5850 MHz, 54 Mbps, Potencia EIRP 42 dBm (16 W), 802.11a.<\/p>\n","protected":false},"featured_media":74228,"comment_status":"open","ping_status":"closed","template":"","meta":[],"product_brand":[],"product_cat":[1794],"product_tag":[2096,1795,1479],"class_list":{"0":"post-74229","1":"product","2":"type-product","3":"status-publish","4":"has-post-thumbnail","6":"product_cat-puntos-de-acceso","7":"product_tag-alvarion","8":"product_tag-puntos-de-acceso","9":"product_tag-redes-wifi","11":"first","12":"outofstock","13":"sale","14":"shipping-taxable","15":"purchasable","16":"product-type-simple"},"_links":{"self":[{"href":"https:\/\/soydeaqui.ddns.net\/pachuca\/index.php\/wp-json\/wp\/v2\/product\/74229","targetHints":{"allow":["GET"]}}],"collection":[{"href":"https:\/\/soydeaqui.ddns.net\/pachuca\/index.php\/wp-json\/wp\/v2\/product"}],"about":[{"href":"https:\/\/soydeaqui.ddns.net\/pachuca\/index.php\/wp-json\/wp\/v2\/types\/product"}],"replies":[{"embeddable":true,"href":"https:\/\/soydeaqui.ddns.net\/pachuca\/index.php\/wp-json\/wp\/v2\/comments?post=74229"}],"wp:featuredmedia":[{"embeddable":true,"href":"https:\/\/soydeaqui.ddns.net\/pachuca\/index.php\/wp-json\/wp\/v2\/media\/74228"}],"wp:attachment":[{"href":"https:\/\/soydeaqui.ddns.net\/pachuca\/index.php\/wp-json\/wp\/v2\/media?parent=74229"}],"wp:term":[{"taxonomy":"product_brand","embeddable":true,"href":"https:\/\/soydeaqui.ddns.net\/pachuca\/index.php\/wp-json\/wp\/v2\/product_brand?post=74229"},{"taxonomy":"product_cat","embeddable":true,"href":"https:\/\/soydeaqui.ddns.net\/pachuca\/index.php\/wp-json\/wp\/v2\/product_cat?post=74229"},{"taxonomy":"product_tag","embeddable":true,"href":"https:\/\/soydeaqui.ddns.net\/pachuca\/index.php\/wp-json\/wp\/v2\/product_tag?post=74229"}],"curies":[{"name":"wp","href":"https:\/\/api.w.org\/{rel}","templated":true}]}}